{"id":8173,"date":"2026-02-21T14:37:26","date_gmt":"2026-02-21T14:37:26","guid":{"rendered":"https:\/\/saphirsmaragd.com\/?post_type=product&#038;p=8173"},"modified":"2026-02-21T14:45:25","modified_gmt":"2026-02-21T14:45:25","slug":"zirkon-gruen-oval-5-00-karat","status":"publish","type":"product","link":"https:\/\/saphirsmaragd.com\/lt\/produktas\/zirkon-gruen-oval-5-00-karat\/","title":{"rendered":"Zirkon Gr\u00fcn Oval 5.00 Karat \u2013 Nat\u00fcrlicher Sri Lanka Edelstein"},"content":{"rendered":"<div id=\"ez-toc-container\" class=\"ez-toc-v2_0_82_2 counter-hierarchy ez-toc-counter ez-toc-grey ez-toc-container-direction\">\n<div class=\"ez-toc-title-container\">\n<p class=\"ez-toc-title\" style=\"cursor:inherit\">Turinys<\/p>\n<span class=\"ez-toc-title-toggle\"><a href=\"#\" class=\"ez-toc-pull-right ez-toc-btn ez-toc-btn-xs ez-toc-btn-default ez-toc-toggle\" aria-label=\"Toggle Table of Content\"><span class=\"ez-toc-js-icon-con\"><span class=\"\"><span class=\"eztoc-hide\" style=\"display:none;\">Perjungti<\/span><span class=\"ez-toc-icon-toggle-span\"><svg style=\"fill: #999;color:#999\" xmlns=\"http:\/\/www.w3.org\/2000\/svg\" class=\"list-377408\" width=\"20px\" height=\"20px\" viewbox=\"0 0 24 24\" fill=\"none\"><path d=\"M6 6H4v2h2V6zm14 0H8v2h12V6zM4 11h2v2H4v-2zm16 0H8v2h12v-2zM4 16h2v2H4v-2zm16 0H8v2h12v-2z\" fill=\"currentColor\"><\/path><\/svg><svg style=\"fill: #999;color:#999\" class=\"arrow-unsorted-368013\" xmlns=\"http:\/\/www.w3.org\/2000\/svg\" width=\"10px\" height=\"10px\" viewbox=\"0 0 24 24\" version=\"1.2\" baseprofile=\"tiny\"><path d=\"M18.2 9.3l-6.2-6.3-6.2 6.3c-.2.2-.3.4-.3.7s.1.5.3.7c.2.2.4.3.7.3h11c.3 0 .5-.1.7-.3.2-.2.3-.5.3-.7s-.1-.5-.3-.7zM5.8 14.7l6.2 6.3 6.2-6.3c.2-.2.3-.5.3-.7s-.1-.5-.3-.7c-.2-.2-.4-.3-.7-.3h-11c-.3 0-.5.1-.7.3-.2.2-.3.5-.3.7s.1.5.3.7z\"\/><\/svg><\/span><\/span><\/span><\/a><\/span><\/div>\n<nav><ul class='ez-toc-list ez-toc-list-level-1' ><li class='ez-toc-page-1 ez-toc-heading-level-4'><a class=\"ez-toc-link ez-toc-heading-1\" href=\"https:\/\/saphirsmaragd.com\/lt\/produktas\/zirkon-gruen-oval-5-00-karat\/#Zirkon_Grun_Oval_500_Karat_%E2%80%93_Naturlicher_Sri_Lanka_Edelstein\" >Zirkon Gr\u00fcn Oval 5.00 Karat \u2013 Nat\u00fcrlicher Sri Lanka Edelstein<\/a><\/li><li class='ez-toc-page-1 ez-toc-heading-level-4'><a class=\"ez-toc-link ez-toc-heading-2\" href=\"https:\/\/saphirsmaragd.com\/lt\/produktas\/zirkon-gruen-oval-5-00-karat\/#Merkmale_Herkunft\" >Savyb\u0117s ir kilm\u0117<\/a><\/li><li class='ez-toc-page-1 ez-toc-heading-level-4'><a class=\"ez-toc-link ez-toc-heading-3\" href=\"https:\/\/saphirsmaragd.com\/lt\/produktas\/zirkon-gruen-oval-5-00-karat\/#Besonderheiten\" >Specialiosios funkcijos<\/a><\/li><li class='ez-toc-page-1 ez-toc-heading-level-4'><a class=\"ez-toc-link ez-toc-heading-4\" href=\"https:\/\/saphirsmaragd.com\/lt\/produktas\/zirkon-gruen-oval-5-00-karat\/#Weitere_Inspiration_entdecken\" >Weitere Inspiration entdecken<\/a><\/li><\/ul><\/nav><\/div>\n<h4 data-start=\"419\" data-end=\"483\"><span class=\"ez-toc-section\" id=\"Zirkon_Grun_Oval_500_Karat_%E2%80%93_Naturlicher_Sri_Lanka_Edelstein\"><\/span>Zirkon Gr\u00fcn Oval 5.00 Karat \u2013 Nat\u00fcrlicher Sri Lanka Edelstein<span class=\"ez-toc-section-end\"><\/span><\/h4>\n<p data-start=\"485\" data-end=\"620\">Zirkon Gr\u00fcn Oval 5.00 ct ist ein nat\u00fcrlicher Edelstein aus Sri Lanka mit beeindruckender Brillanz und seltener gr\u00fcner Farbintensit\u00e4t.<\/p>\n<hr data-start=\"1429\" data-end=\"1432\" \/>\n<h4 data-start=\"1434\" data-end=\"1463\"><span class=\"ez-toc-section\" id=\"Merkmale_Herkunft\"><\/span>Savyb\u0117s ir kilm\u0117<span class=\"ez-toc-section-end\"><\/span><\/h4>\n<p data-start=\"1464\" data-end=\"1786\">Farbe: Intensives Gr\u00fcn<br data-start=\"669\" data-end=\"672\" \/>Forma: Ovalus<br data-start=\"682\" data-end=\"685\" \/>Herkunft: Sri Lanka<br data-start=\"704\" data-end=\"707\" \/>Gewicht: 5.00 Karat<br data-start=\"723\" data-end=\"726\" \/>Ma\u00dfe: 11.1 \u00d7 8.9 mm<br data-start=\"745\" data-end=\"748\" \/>Reinheit: Augenrein<br data-start=\"767\" data-end=\"770\" \/>Behandlung:\u00a0 unbehandelt<br data-start=\"822\" data-end=\"825\" \/>B\u016bkl\u0117: nauja<br data-start=\"837\" data-end=\"840\" \/>Steinart: Nat\u00fcrlicher Gr\u00fcner Zirkon<br data-start=\"875\" data-end=\"878\" \/>Mohsh\u00e4rte: 6 \u2013 7.5<\/p>\n<hr data-start=\"1788\" data-end=\"1791\" \/>\n<h4 data-start=\"1793\" data-end=\"1817\"><span class=\"ez-toc-section\" id=\"Besonderheiten\"><\/span>Specialiosios funkcijos<span class=\"ez-toc-section-end\"><\/span><\/h4>\n<p data-start=\"900\" data-end=\"1128\">Dieser hochwertige gr\u00fcne Zirkon \u00fcberzeugt durch seine au\u00dfergew\u00f6hnliche Lichtbrechung und sein lebendiges Funkeln. Der ovale Schliff verst\u00e4rkt die Brillanz und sorgt f\u00fcr eine elegante, ausgewogene Erscheinung.<\/p>\n<p data-start=\"1130\" data-end=\"1387\">Gr\u00fcne Zirkone aus Sri Lanka sind besonders begehrt, da sie intensive Farbtiefe mit starker Transparenz kombinieren. Mit einem Gewicht von 5.00 ct eignet sich dieser Edelstein ideal f\u00fcr auff\u00e4llige Ringe, luxuri\u00f6se Anh\u00e4nger oder exklusive Einzelanfertigungen.<\/p>\n<hr data-start=\"1926\" data-end=\"1929\" \/>\n<h4 data-start=\"413\" data-end=\"449\"><span class=\"ez-toc-section\" id=\"Weitere_Inspiration_entdecken\"><\/span>Weitere Inspiration entdecken<span class=\"ez-toc-section-end\"><\/span><\/h4>\n<p data-start=\"450\" data-end=\"582\">Suchen Sie weitere besondere Produkte? Entdecken Sie zus\u00e4tzliche Highlights in unserem Sortiment oder besuchen Sie unsere Partnerprojekte:<\/p>\n<ul data-start=\"584\" data-end=\"920\">\n<li data-start=\"584\" data-end=\"656\"><a href=\"https:\/\/saphirsmaragd.com\/lt\/shop\/\">Weitere Edelsteine &amp; Schmuckst\u00fccke bei Saphir &amp; Smaragd entdecken<\/a><\/li>\n<li data-start=\"657\" data-end=\"783\">\n<p data-start=\"659\" data-end=\"783\"><a href=\"https:\/\/honigbee.com\/shop\/\" target=\"_blank\" rel=\"noopener\">Nat\u00fcrliche Produkte bei Honigbee ansehen<br \/>\n<\/a><\/p>\n<\/li>\n<li data-start=\"784\" data-end=\"920\">\n<p data-start=\"786\" data-end=\"920\"><a href=\"https:\/\/matvana.com\/shop\/\" target=\"_blank\" rel=\"noopener\">Stilvolle Wohnideen bei Matvana erkunden<\/a><\/p>\n<\/li>\n<\/ul>","protected":false},"excerpt":{"rendered":"<p data-start=\"419\" data-end=\"483\"><em>Zirkon Gr\u00fcn Oval 5.00 Karat aus Sri Lanka. Nat\u00fcrlicher Edelstein mit intensiver Brillanz und au\u00dfergew\u00f6hnlicher Leuchtkraft.<\/em><\/p>\n<h2 data-start=\"523\" data-end=\"548\"><\/h2>","protected":false},"featured_media":8174,"comment_status":"open","ping_status":"closed","template":"","meta":{"_glsr_average":0,"_glsr_ranking":0,"_glsr_reviews":0},"product_brand":[],"product_cat":[301],"product_tag":[],"class_list":{"0":"post-8173","1":"product","2":"type-product","3":"status-publish","4":"has-post-thumbnail","6":"product_cat-zirkon","7":"pa_edelsteinart-zirkon","8":"pa_farbe-gruen","9":"pa_form-oval","10":"pa_gewicht-karat-3-0-5-0-karat","11":"pa_herkunft-sri-lanka","12":"pa_reinheit-augenrein","13":"pa_veredelung-behandlung-unbehandelt","14":"pa_zustand-neu","16":"first","17":"instock","18":"featured","19":"sold-individually","20":"shipping-taxable","21":"purchasable","22":"product-type-simple","23":"add-to-wishlist-before_image"},"jetpack_sharing_enabled":true,"_links":{"self":[{"href":"https:\/\/saphirsmaragd.com\/lt\/wp-json\/wp\/v2\/product\/8173","targetHints":{"allow":["GET"]}}],"collection":[{"href":"https:\/\/saphirsmaragd.com\/lt\/wp-json\/wp\/v2\/product"}],"about":[{"href":"https:\/\/saphirsmaragd.com\/lt\/wp-json\/wp\/v2\/types\/product"}],"replies":[{"embeddable":true,"href":"https:\/\/saphirsmaragd.com\/lt\/wp-json\/wp\/v2\/comments?post=8173"}],"version-history":[{"count":2,"href":"https:\/\/saphirsmaragd.com\/lt\/wp-json\/wp\/v2\/product\/8173\/revisions"}],"predecessor-version":[{"id":8176,"href":"https:\/\/saphirsmaragd.com\/lt\/wp-json\/wp\/v2\/product\/8173\/revisions\/8176"}],"wp:featuredmedia":[{"embeddable":true,"href":"https:\/\/saphirsmaragd.com\/lt\/wp-json\/wp\/v2\/media\/8174"}],"wp:attachment":[{"href":"https:\/\/saphirsmaragd.com\/lt\/wp-json\/wp\/v2\/media?parent=8173"}],"wp:term":[{"taxonomy":"product_brand","embeddable":true,"href":"https:\/\/saphirsmaragd.com\/lt\/wp-json\/wp\/v2\/product_brand?post=8173"},{"taxonomy":"product_cat","embeddable":true,"href":"https:\/\/saphirsmaragd.com\/lt\/wp-json\/wp\/v2\/product_cat?post=8173"},{"taxonomy":"product_tag","embeddable":true,"href":"https:\/\/saphirsmaragd.com\/lt\/wp-json\/wp\/v2\/product_tag?post=8173"}],"curies":[{"name":"wp","href":"https:\/\/api.w.org\/{rel}","templated":true}]}}