{"id":8610,"date":"2026-04-19T16:46:00","date_gmt":"2026-04-19T16:46:00","guid":{"rendered":"https:\/\/saphirsmaragd.com\/?post_type=product&#038;p=8610"},"modified":"2026-04-19T18:08:41","modified_gmt":"2026-04-19T18:08:41","slug":"smaragd-tropfen-gruen-0-90-karat","status":"publish","type":"product","link":"https:\/\/saphirsmaragd.com\/lt\/produktas\/smaragd-tropfen-gruen-0-90-karat\/","title":{"rendered":"Smaragd Tropfen Gr\u00fcn 0.90 Karat aus Sambia \u2013 Eleganter Edelstein im klassischen Tropfenschliff"},"content":{"rendered":"<p data-start=\"755\" data-end=\"1025\">Der Smaragd Tropfen Gr\u00fcn 0.90 Karat aus Sambia besticht durch seine elegante Tropfenform und seine lebendige gr\u00fcne Farbintensit\u00e4t. Der fein geschliffene Tropfenschliff sorgt f\u00fcr eine harmonische Lichtreflexion und verleiht dem Edelstein eine besonders edle Ausstrahlung.<\/p>\n<hr data-start=\"1027\" data-end=\"1030\" \/>\n<div id=\"ez-toc-container\" class=\"ez-toc-v2_0_82_2 counter-hierarchy ez-toc-counter ez-toc-grey ez-toc-container-direction\">\n<div class=\"ez-toc-title-container\">\n<p class=\"ez-toc-title\" style=\"cursor:inherit\">Turinys<\/p>\n<span class=\"ez-toc-title-toggle\"><a href=\"#\" class=\"ez-toc-pull-right ez-toc-btn ez-toc-btn-xs ez-toc-btn-default ez-toc-toggle\" aria-label=\"Toggle Table of Content\"><span class=\"ez-toc-js-icon-con\"><span class=\"\"><span class=\"eztoc-hide\" style=\"display:none;\">Perjungti<\/span><span class=\"ez-toc-icon-toggle-span\"><svg style=\"fill: #999;color:#999\" xmlns=\"http:\/\/www.w3.org\/2000\/svg\" class=\"list-377408\" width=\"20px\" height=\"20px\" viewbox=\"0 0 24 24\" fill=\"none\"><path d=\"M6 6H4v2h2V6zm14 0H8v2h12V6zM4 11h2v2H4v-2zm16 0H8v2h12v-2zM4 16h2v2H4v-2zm16 0H8v2h12v-2z\" fill=\"currentColor\"><\/path><\/svg><svg style=\"fill: #999;color:#999\" class=\"arrow-unsorted-368013\" xmlns=\"http:\/\/www.w3.org\/2000\/svg\" width=\"10px\" height=\"10px\" viewbox=\"0 0 24 24\" version=\"1.2\" baseprofile=\"tiny\"><path d=\"M18.2 9.3l-6.2-6.3-6.2 6.3c-.2.2-.3.4-.3.7s.1.5.3.7c.2.2.4.3.7.3h11c.3 0 .5-.1.7-.3.2-.2.3-.5.3-.7s-.1-.5-.3-.7zM5.8 14.7l6.2 6.3 6.2-6.3c.2-.2.3-.5.3-.7s-.1-.5-.3-.7c-.2-.2-.4-.3-.7-.3h-11c-.3 0-.5.1-.7.3-.2.2-.3.5-.3.7s.1.5.3.7z\"\/><\/svg><\/span><\/span><\/span><\/a><\/span><\/div>\n<nav><ul class='ez-toc-list ez-toc-list-level-1' ><li class='ez-toc-page-1 ez-toc-heading-level-4'><a class=\"ez-toc-link ez-toc-heading-1\" href=\"https:\/\/saphirsmaragd.com\/lt\/produktas\/smaragd-tropfen-gruen-0-90-karat\/#Merkmale_Herkunft\" >Savyb\u0117s ir kilm\u0117<\/a><\/li><li class='ez-toc-page-1 ez-toc-heading-level-4'><a class=\"ez-toc-link ez-toc-heading-2\" href=\"https:\/\/saphirsmaragd.com\/lt\/produktas\/smaragd-tropfen-gruen-0-90-karat\/#Besonderheiten\" >Specialiosios funkcijos<\/a><\/li><li class='ez-toc-page-1 ez-toc-heading-level-4'><a class=\"ez-toc-link ez-toc-heading-3\" href=\"https:\/\/saphirsmaragd.com\/lt\/produktas\/smaragd-tropfen-gruen-0-90-karat\/#Mehr_uber_Heilsteine_Kristalle\" >Mehr \u00fcber Heilsteine &amp; Kristalle<\/a><\/li><li class='ez-toc-page-1 ez-toc-heading-level-4'><a class=\"ez-toc-link ez-toc-heading-4\" href=\"https:\/\/saphirsmaragd.com\/lt\/produktas\/smaragd-tropfen-gruen-0-90-karat\/#Weitere_Infos\" >Daugiau informacijos<\/a><\/li><\/ul><\/nav><\/div>\n<h4 data-start=\"1032\" data-end=\"1058\"><span class=\"ez-toc-section\" id=\"Merkmale_Herkunft\"><\/span>Savyb\u0117s ir kilm\u0117<span class=\"ez-toc-section-end\"><\/span><\/h4>\n<p data-start=\"1060\" data-end=\"1289\">Steinart: Smaragd<br data-start=\"1077\" data-end=\"1080\" \/>Spalva: \u017ealia<br data-start=\"1091\" data-end=\"1094\" \/>Forma: La\u0161eliai<br data-start=\"1107\" data-end=\"1110\" \/>Gewicht: 0.90 Karat<br data-start=\"1129\" data-end=\"1132\" \/>Abmessungen: 8.0 x 5.9 mm<br data-start=\"1157\" data-end=\"1160\" \/>Herkunft: Sambia<br data-start=\"1176\" data-end=\"1179\" \/>Reinheit: Starke Einschl\u00fcsse<br data-start=\"1207\" data-end=\"1210\" \/>Behandlung: Ge\u00f6lt<br data-start=\"1227\" data-end=\"1230\" \/>Beobachtung: Nat\u00fcrlich<br data-start=\"1252\" data-end=\"1255\" \/>Mohs-H\u00e4rte: 7.5\u20138<br data-start=\"1272\" data-end=\"1275\" \/>B\u016bkl\u0117: nauja<\/p>\n<hr data-start=\"1291\" data-end=\"1294\" \/>\n<h4 data-start=\"1296\" data-end=\"1317\"><span class=\"ez-toc-section\" id=\"Besonderheiten\"><\/span>Specialiosios funkcijos<span class=\"ez-toc-section-end\"><\/span><\/h4>\n<p data-start=\"1319\" data-end=\"1602\">Der Smaragd Tropfen Gr\u00fcn 0.90 Karat \u00fcberzeugt durch seine elegante Form, die besonders h\u00e4ufig f\u00fcr hochwertige Anh\u00e4nger und exklusive Schmuckst\u00fccke verwendet wird. Der Tropfenschliff verleiht dem Stein eine flie\u00dfende, feminine Optik und betont die nat\u00fcrliche Tiefe der gr\u00fcnen Farbe.<\/p>\n<p data-start=\"1604\" data-end=\"1835\">Smaragde aus Sambia sind bekannt f\u00fcr ihre intensive Farbgebung und ihre hohe Qualit\u00e4t. Sie gelten als eine der gefragtesten Herkunftsregionen weltweit und bieten eine hervorragende Kombination aus Sch\u00f6nheit und Wertbest\u00e4ndigkeit.<\/p>\n<p data-start=\"1837\" data-end=\"2075\">Mit nahezu einem Karat bietet dieser Smaragd eine ideale Gr\u00f6\u00dfe f\u00fcr Schmuckst\u00fccke, die sowohl im Alltag als auch zu besonderen Anl\u00e4ssen getragen werden k\u00f6nnen. Die nat\u00fcrlichen Einschl\u00fcsse machen jeden Stein zu einem einzigartigen Unikat.<\/p>\n<hr data-start=\"1670\" data-end=\"1673\" \/>\n<h4 data-start=\"1448\" data-end=\"1473\"><span class=\"ez-toc-section\" id=\"Mehr_uber_Heilsteine_Kristalle\"><\/span>Mehr \u00fcber Heilsteine &amp; Kristalle<span class=\"ez-toc-section-end\"><\/span><\/h4>\n<p data-start=\"1475\" data-end=\"1668\"><a class=\"\" href=\"https:\/\/saphirsmaragd.com\/lt\/product-category\/heilsteine-kristalle-kaufen\/\" target=\"_new\" rel=\"noopener\" data-start=\"1571\" data-end=\"1668\">Gydomieji akmenys ir kristalai<\/a><\/p>\n<hr data-start=\"1670\" data-end=\"1673\" \/>\n<h4 data-start=\"1675\" data-end=\"1695\"><span class=\"ez-toc-section\" id=\"Weitere_Infos\"><\/span>Daugiau informacijos<span class=\"ez-toc-section-end\"><\/span><\/h4>\n<p data-start=\"1697\" data-end=\"1801\"><a class=\"\" href=\"https:\/\/de.wikipedia.org\/wiki\/Smaragd\" target=\"_new\" rel=\"noopener\" data-start=\"1741\" data-end=\"1801\">Wikipedia \u2013 Smaragd<\/a><\/p>","protected":false},"excerpt":{"rendered":"<p data-start=\"440\" data-end=\"561\"><em>Smaragd Tropfen Gr\u00fcn 0.90 Karat aus Sambia, ge\u00f6lt. Eleganter Edelstein im Tropfenschliff mit intensiver gr\u00fcner Farbe.<\/em><\/p>","protected":false},"featured_media":8611,"comment_status":"open","ping_status":"closed","template":"","meta":{"_glsr_average":0,"_glsr_ranking":0,"_glsr_reviews":0},"product_brand":[],"product_cat":[262],"product_tag":[],"class_list":{"0":"post-8610","1":"product","2":"type-product","3":"status-publish","4":"has-post-thumbnail","6":"product_cat-smaragd","7":"pa_edelsteinart-smaragd","8":"pa_farbe-gruen","9":"pa_form-tropfen","10":"pa_gewicht-karat-0-5-1-0-karat","11":"pa_herkunft-sambia","12":"pa_reinheit-starke-einschluesse","13":"pa_veredelung-behandlung-geoelt","14":"pa_zustand-neu","16":"first","17":"instock","18":"sold-individually","19":"taxable","20":"shipping-taxable","21":"purchasable","22":"product-type-simple","23":"add-to-wishlist-before_image"},"jetpack_sharing_enabled":true,"_links":{"self":[{"href":"https:\/\/saphirsmaragd.com\/lt\/wp-json\/wp\/v2\/product\/8610","targetHints":{"allow":["GET"]}}],"collection":[{"href":"https:\/\/saphirsmaragd.com\/lt\/wp-json\/wp\/v2\/product"}],"about":[{"href":"https:\/\/saphirsmaragd.com\/lt\/wp-json\/wp\/v2\/types\/product"}],"replies":[{"embeddable":true,"href":"https:\/\/saphirsmaragd.com\/lt\/wp-json\/wp\/v2\/comments?post=8610"}],"version-history":[{"count":1,"href":"https:\/\/saphirsmaragd.com\/lt\/wp-json\/wp\/v2\/product\/8610\/revisions"}],"predecessor-version":[{"id":8612,"href":"https:\/\/saphirsmaragd.com\/lt\/wp-json\/wp\/v2\/product\/8610\/revisions\/8612"}],"wp:featuredmedia":[{"embeddable":true,"href":"https:\/\/saphirsmaragd.com\/lt\/wp-json\/wp\/v2\/media\/8611"}],"wp:attachment":[{"href":"https:\/\/saphirsmaragd.com\/lt\/wp-json\/wp\/v2\/media?parent=8610"}],"wp:term":[{"taxonomy":"product_brand","embeddable":true,"href":"https:\/\/saphirsmaragd.com\/lt\/wp-json\/wp\/v2\/product_brand?post=8610"},{"taxonomy":"product_cat","embeddable":true,"href":"https:\/\/saphirsmaragd.com\/lt\/wp-json\/wp\/v2\/product_cat?post=8610"},{"taxonomy":"product_tag","embeddable":true,"href":"https:\/\/saphirsmaragd.com\/lt\/wp-json\/wp\/v2\/product_tag?post=8610"}],"curies":[{"name":"wp","href":"https:\/\/api.w.org\/{rel}","templated":true}]}}