{"id":8757,"date":"2026-05-04T12:41:44","date_gmt":"2026-05-04T12:41:44","guid":{"rendered":"https:\/\/saphirsmaragd.com\/?post_type=product&#038;p=8757"},"modified":"2026-05-04T12:47:46","modified_gmt":"2026-05-04T12:47:46","slug":"smaragd-tropfen-gruen-0-77-karat","status":"publish","type":"product","link":"https:\/\/saphirsmaragd.com\/lt\/produktas\/smaragd-tropfen-gruen-0-77-karat\/","title":{"rendered":"Smaragd Tropfen Gr\u00fcn 0.77 Karat aus Sambia \u2013 Eleganter Tropfenschliff Edelstein"},"content":{"rendered":"<p data-start=\"1026\" data-end=\"1269\">Der Smaragd Tropfen Gr\u00fcn 0.77 Karat aus Sambia \u00fcberzeugt durch seine elegante Form und seine intensive gr\u00fcne Farbwirkung. Der Tropfenschliff verleiht dem Edelstein eine besonders edle Ausstrahlung und sorgt f\u00fcr eine harmonische Lichtreflexion.<\/p>\n<hr data-start=\"1271\" data-end=\"1274\" \/>\n<div id=\"ez-toc-container\" class=\"ez-toc-v2_0_82_2 counter-hierarchy ez-toc-counter ez-toc-grey ez-toc-container-direction\">\n<div class=\"ez-toc-title-container\">\n<p class=\"ez-toc-title\" style=\"cursor:inherit\">Turinys<\/p>\n<span class=\"ez-toc-title-toggle\"><a href=\"#\" class=\"ez-toc-pull-right ez-toc-btn ez-toc-btn-xs ez-toc-btn-default ez-toc-toggle\" aria-label=\"Toggle Table of Content\"><span class=\"ez-toc-js-icon-con\"><span class=\"\"><span class=\"eztoc-hide\" style=\"display:none;\">Perjungti<\/span><span class=\"ez-toc-icon-toggle-span\"><svg style=\"fill: #999;color:#999\" xmlns=\"http:\/\/www.w3.org\/2000\/svg\" class=\"list-377408\" width=\"20px\" height=\"20px\" viewbox=\"0 0 24 24\" fill=\"none\"><path d=\"M6 6H4v2h2V6zm14 0H8v2h12V6zM4 11h2v2H4v-2zm16 0H8v2h12v-2zM4 16h2v2H4v-2zm16 0H8v2h12v-2z\" fill=\"currentColor\"><\/path><\/svg><svg style=\"fill: #999;color:#999\" class=\"arrow-unsorted-368013\" xmlns=\"http:\/\/www.w3.org\/2000\/svg\" width=\"10px\" height=\"10px\" viewbox=\"0 0 24 24\" version=\"1.2\" baseprofile=\"tiny\"><path d=\"M18.2 9.3l-6.2-6.3-6.2 6.3c-.2.2-.3.4-.3.7s.1.5.3.7c.2.2.4.3.7.3h11c.3 0 .5-.1.7-.3.2-.2.3-.5.3-.7s-.1-.5-.3-.7zM5.8 14.7l6.2 6.3 6.2-6.3c.2-.2.3-.5.3-.7s-.1-.5-.3-.7c-.2-.2-.4-.3-.7-.3h-11c-.3 0-.5.1-.7.3-.2.2-.3.5-.3.7s.1.5.3.7z\"\/><\/svg><\/span><\/span><\/span><\/a><\/span><\/div>\n<nav><ul class='ez-toc-list ez-toc-list-level-1' ><li class='ez-toc-page-1 ez-toc-heading-level-4'><a class=\"ez-toc-link ez-toc-heading-1\" href=\"https:\/\/saphirsmaragd.com\/lt\/produktas\/smaragd-tropfen-gruen-0-77-karat\/#Merkmale_Herkunft\" >Savyb\u0117s ir kilm\u0117<\/a><\/li><li class='ez-toc-page-1 ez-toc-heading-level-4'><a class=\"ez-toc-link ez-toc-heading-2\" href=\"https:\/\/saphirsmaragd.com\/lt\/produktas\/smaragd-tropfen-gruen-0-77-karat\/#Besonderheiten\" >Specialiosios funkcijos<\/a><\/li><li class='ez-toc-page-1 ez-toc-heading-level-4'><a class=\"ez-toc-link ez-toc-heading-3\" href=\"https:\/\/saphirsmaragd.com\/lt\/produktas\/smaragd-tropfen-gruen-0-77-karat\/#Mehr_uber_Heilsteine_Kristalle\" >Daugiau apie gydomuosius akmenis ir kristalus<\/a><\/li><li class='ez-toc-page-1 ez-toc-heading-level-4'><a class=\"ez-toc-link ez-toc-heading-4\" href=\"https:\/\/saphirsmaragd.com\/lt\/produktas\/smaragd-tropfen-gruen-0-77-karat\/#Weitere_Infos\" >Daugiau informacijos<\/a><\/li><\/ul><\/nav><\/div>\n<h4 data-start=\"1276\" data-end=\"1302\"><span class=\"ez-toc-section\" id=\"Merkmale_Herkunft\"><\/span>Savyb\u0117s ir kilm\u0117<span class=\"ez-toc-section-end\"><\/span><\/h4>\n<p data-start=\"1304\" data-end=\"1537\">Steinart: Smaragd<br data-start=\"1321\" data-end=\"1324\" \/>Spalva: \u017ealia<br data-start=\"1335\" data-end=\"1338\" \/>Forma: La\u0161eliai<br data-start=\"1351\" data-end=\"1354\" \/>Gewicht: 0.77 Karat<br data-start=\"1373\" data-end=\"1376\" \/>Abmessungen: ca. 7.2 x 5.1 mm<br data-start=\"1405\" data-end=\"1408\" \/>Herkunft: Sambia<br data-start=\"1424\" data-end=\"1427\" \/>Grynumas: ma\u017ei intarpai<br data-start=\"1455\" data-end=\"1458\" \/>Behandlung: Ge\u00f6lt<br data-start=\"1475\" data-end=\"1478\" \/>Beobachtung: Nat\u00fcrlich<br data-start=\"1500\" data-end=\"1503\" \/>Mohs-H\u00e4rte: 7.5\u20138<br data-start=\"1520\" data-end=\"1523\" \/>B\u016bkl\u0117: nauja<\/p>\n<hr data-start=\"1539\" data-end=\"1542\" \/>\n<h4 data-start=\"1544\" data-end=\"1565\"><span class=\"ez-toc-section\" id=\"Besonderheiten\"><\/span>Specialiosios funkcijos<span class=\"ez-toc-section-end\"><\/span><\/h4>\n<p data-start=\"1567\" data-end=\"1720\">Der Smaragd Tropfen Gr\u00fcn 0.77 Karat geh\u00f6rt zu den klassischen Edelsteinformen und eignet sich ideal f\u00fcr elegante Schmuckst\u00fccke wie Anh\u00e4nger oder Ringe.<\/p>\n<p data-start=\"1722\" data-end=\"1863\">Seine ausgewogenen Proportionen lassen den Edelstein gr\u00f6\u00dfer wirken, w\u00e4hrend die nat\u00fcrliche Farbintensit\u00e4t f\u00fcr eine hochwertige Optik sorgt.<\/p>\n<p data-start=\"1865\" data-end=\"2016\">Smaragde aus Sambia sind f\u00fcr ihre intensive gr\u00fcne Farbe bekannt. Die nat\u00fcrlichen Einschl\u00fcsse sind typisch und unterstreichen die Echtheit des Steins.<\/p>\n<hr data-start=\"1670\" data-end=\"1673\" \/>\n<h4 data-start=\"1448\" data-end=\"1473\"><span class=\"ez-toc-section\" id=\"Mehr_uber_Heilsteine_Kristalle\"><\/span>Daugiau apie gydomuosius akmenis ir kristalus<span class=\"ez-toc-section-end\"><\/span><\/h4>\n<p data-start=\"1475\" data-end=\"1668\"><a class=\"\" href=\"https:\/\/saphirsmaragd.com\/lt\/product-category\/heilsteine-kristalle-kaufen\/\" target=\"_new\" rel=\"noopener\" data-start=\"1571\" data-end=\"1668\">Gydomieji akmenys ir kristalai<\/a><\/p>\n<hr data-start=\"1670\" data-end=\"1673\" \/>\n<h4 data-start=\"1675\" data-end=\"1695\"><span class=\"ez-toc-section\" id=\"Weitere_Infos\"><\/span>Daugiau informacijos<span class=\"ez-toc-section-end\"><\/span><\/h4>\n<p data-start=\"1697\" data-end=\"1801\"><a class=\"\" href=\"https:\/\/de.wikipedia.org\/wiki\/Smaragd\" target=\"_new\" rel=\"noopener\" data-start=\"1741\" data-end=\"1801\">Wikipedia \u2013 Smaragd<\/a><\/p>","protected":false},"excerpt":{"rendered":"<p data-start=\"713\" data-end=\"849\"><em>Smaragd Tropfen Gr\u00fcn 0.77 Karat aus Sambia, ge\u00f6lt. Eleganter Tropfenschliff mit intensiver gr\u00fcner Farbe f\u00fcr stilvolle Schmuckst\u00fccke.<\/em><\/p>","protected":false},"featured_media":8758,"comment_status":"open","ping_status":"closed","template":"","meta":{"_glsr_average":0,"_glsr_ranking":0,"_glsr_reviews":0},"product_brand":[],"product_cat":[262],"product_tag":[],"class_list":{"0":"post-8757","1":"product","2":"type-product","3":"status-publish","4":"has-post-thumbnail","6":"product_cat-smaragd","7":"pa_edelsteinart-smaragd","8":"pa_farbe-gruen","9":"pa_form-tropfen","10":"pa_gewicht-karat-0-5-1-0-karat","11":"pa_herkunft-sambia","12":"pa_reinheit-kleine-einschluesse","13":"pa_veredelung-behandlung-geoelt","14":"pa_zustand-neu","16":"first","17":"instock","18":"sold-individually","19":"taxable","20":"shipping-taxable","21":"purchasable","22":"product-type-simple","23":"add-to-wishlist-before_image"},"jetpack_sharing_enabled":true,"_links":{"self":[{"href":"https:\/\/saphirsmaragd.com\/lt\/wp-json\/wp\/v2\/product\/8757","targetHints":{"allow":["GET"]}}],"collection":[{"href":"https:\/\/saphirsmaragd.com\/lt\/wp-json\/wp\/v2\/product"}],"about":[{"href":"https:\/\/saphirsmaragd.com\/lt\/wp-json\/wp\/v2\/types\/product"}],"replies":[{"embeddable":true,"href":"https:\/\/saphirsmaragd.com\/lt\/wp-json\/wp\/v2\/comments?post=8757"}],"version-history":[{"count":1,"href":"https:\/\/saphirsmaragd.com\/lt\/wp-json\/wp\/v2\/product\/8757\/revisions"}],"predecessor-version":[{"id":8759,"href":"https:\/\/saphirsmaragd.com\/lt\/wp-json\/wp\/v2\/product\/8757\/revisions\/8759"}],"wp:featuredmedia":[{"embeddable":true,"href":"https:\/\/saphirsmaragd.com\/lt\/wp-json\/wp\/v2\/media\/8758"}],"wp:attachment":[{"href":"https:\/\/saphirsmaragd.com\/lt\/wp-json\/wp\/v2\/media?parent=8757"}],"wp:term":[{"taxonomy":"product_brand","embeddable":true,"href":"https:\/\/saphirsmaragd.com\/lt\/wp-json\/wp\/v2\/product_brand?post=8757"},{"taxonomy":"product_cat","embeddable":true,"href":"https:\/\/saphirsmaragd.com\/lt\/wp-json\/wp\/v2\/product_cat?post=8757"},{"taxonomy":"product_tag","embeddable":true,"href":"https:\/\/saphirsmaragd.com\/lt\/wp-json\/wp\/v2\/product_tag?post=8757"}],"curies":[{"name":"wp","href":"https:\/\/api.w.org\/{rel}","templated":true}]}}