{"id":8760,"date":"2026-05-04T12:49:45","date_gmt":"2026-05-04T12:49:45","guid":{"rendered":"https:\/\/saphirsmaragd.com\/?post_type=product&#038;p=8760"},"modified":"2026-05-04T12:53:46","modified_gmt":"2026-05-04T12:53:46","slug":"smaragd-oval-gruen-0-67-karat","status":"publish","type":"product","link":"https:\/\/saphirsmaragd.com\/lt\/produktas\/smaragd-oval-gruen-0-67-karat\/","title":{"rendered":"Smaragd Oval Gr\u00fcn 0.67 Karat aus Sambia \u2013 Klassischer ovaler Edelstein"},"content":{"rendered":"<div id=\"ez-toc-container\" class=\"ez-toc-v2_0_83 counter-hierarchy ez-toc-counter ez-toc-grey ez-toc-container-direction\">\n<div class=\"ez-toc-title-container\">\n<p class=\"ez-toc-title\" style=\"cursor:inherit\">Turinys<\/p>\n<span class=\"ez-toc-title-toggle\"><a href=\"#\" class=\"ez-toc-pull-right ez-toc-btn ez-toc-btn-xs ez-toc-btn-default ez-toc-toggle\" aria-label=\"Toggle Table of Content\"><span class=\"ez-toc-js-icon-con\"><span class=\"\"><span class=\"eztoc-hide\" style=\"display:none;\">Perjungti<\/span><span class=\"ez-toc-icon-toggle-span\"><svg style=\"fill: #999;color:#999\" xmlns=\"http:\/\/www.w3.org\/2000\/svg\" class=\"list-377408\" width=\"20px\" height=\"20px\" viewbox=\"0 0 24 24\" fill=\"none\"><path d=\"M6 6H4v2h2V6zm14 0H8v2h12V6zM4 11h2v2H4v-2zm16 0H8v2h12v-2zM4 16h2v2H4v-2zm16 0H8v2h12v-2z\" fill=\"currentColor\"><\/path><\/svg><svg style=\"fill: #999;color:#999\" class=\"arrow-unsorted-368013\" xmlns=\"http:\/\/www.w3.org\/2000\/svg\" width=\"10px\" height=\"10px\" viewbox=\"0 0 24 24\" version=\"1.2\" baseprofile=\"tiny\"><path d=\"M18.2 9.3l-6.2-6.3-6.2 6.3c-.2.2-.3.4-.3.7s.1.5.3.7c.2.2.4.3.7.3h11c.3 0 .5-.1.7-.3.2-.2.3-.5.3-.7s-.1-.5-.3-.7zM5.8 14.7l6.2 6.3 6.2-6.3c.2-.2.3-.5.3-.7s-.1-.5-.3-.7c-.2-.2-.4-.3-.7-.3h-11c-.3 0-.5.1-.7.3-.2.2-.3.5-.3.7s.1.5.3.7z\"\/><\/svg><\/span><\/span><\/span><\/a><\/span><\/div>\n<nav><ul class='ez-toc-list ez-toc-list-level-1' ><li class='ez-toc-page-1 ez-toc-heading-level-4'><a class=\"ez-toc-link ez-toc-heading-1\" href=\"https:\/\/saphirsmaragd.com\/lt\/produktas\/smaragd-oval-gruen-0-67-karat\/#Merkmale_Herkunft\" >Savyb\u0117s ir kilm\u0117<\/a><\/li><li class='ez-toc-page-1 ez-toc-heading-level-4'><a class=\"ez-toc-link ez-toc-heading-2\" href=\"https:\/\/saphirsmaragd.com\/lt\/produktas\/smaragd-oval-gruen-0-67-karat\/#Besonderheiten\" >Specialiosios funkcijos<\/a><\/li><li class='ez-toc-page-1 ez-toc-heading-level-4'><a class=\"ez-toc-link ez-toc-heading-3\" href=\"https:\/\/saphirsmaragd.com\/lt\/produktas\/smaragd-oval-gruen-0-67-karat\/#Mehr_uber_Heilsteine_Kristalle\" >Daugiau apie gydomuosius akmenis ir kristalus<\/a><\/li><li class='ez-toc-page-1 ez-toc-heading-level-4'><a class=\"ez-toc-link ez-toc-heading-4\" href=\"https:\/\/saphirsmaragd.com\/lt\/produktas\/smaragd-oval-gruen-0-67-karat\/#Weitere_Infos\" >Daugiau informacijos<\/a><\/li><\/ul><\/nav><\/div>\n<p data-start=\"937\" data-end=\"1156\">Der Smaragd Oval Gr\u00fcn 0.67 Karat aus Sambia \u00fcberzeugt durch seine klassische Form und seine lebendige gr\u00fcne Farbwirkung. Der ovale Schliff bringt die nat\u00fcrliche Sch\u00f6nheit des Edelsteins besonders harmonisch zur Geltung.<\/p>\n<hr data-start=\"1158\" data-end=\"1161\" \/>\n<h4 data-start=\"1163\" data-end=\"1189\"><span class=\"ez-toc-section\" id=\"Merkmale_Herkunft\"><\/span>Savyb\u0117s ir kilm\u0117<span class=\"ez-toc-section-end\"><\/span><\/h4>\n<p data-start=\"1191\" data-end=\"1419\">Steinart: Smaragd<br data-start=\"1208\" data-end=\"1211\" \/>Spalva: \u017ealia<br data-start=\"1222\" data-end=\"1225\" \/>Forma: Ovalus<br data-start=\"1235\" data-end=\"1238\" \/>Gewicht: 0.67 Karat<br data-start=\"1257\" data-end=\"1260\" \/>Abmessungen: ca. 6.9 x 5 mm<br data-start=\"1287\" data-end=\"1290\" \/>Herkunft: Sambia<br data-start=\"1306\" data-end=\"1309\" \/>Grynumas: ma\u017ei intarpai<br data-start=\"1337\" data-end=\"1340\" \/>Behandlung: Ge\u00f6lt<br data-start=\"1357\" data-end=\"1360\" \/>Beobachtung: Nat\u00fcrlich<br data-start=\"1382\" data-end=\"1385\" \/>Mohs-H\u00e4rte: 7.5\u20138<br data-start=\"1402\" data-end=\"1405\" \/>B\u016bkl\u0117: nauja<\/p>\n<hr data-start=\"1421\" data-end=\"1424\" \/>\n<h4 data-start=\"1426\" data-end=\"1447\"><span class=\"ez-toc-section\" id=\"Besonderheiten\"><\/span>Specialiosios funkcijos<span class=\"ez-toc-section-end\"><\/span><\/h4>\n<p data-start=\"1449\" data-end=\"1622\">Der Smaragd Oval Gr\u00fcn 0.67 Karat geh\u00f6rt zu den zeitlosen Klassikern unter den Edelsteinen und eignet sich hervorragend f\u00fcr Ringe, Anh\u00e4nger oder individuelle Schmuckst\u00fccke.<\/p>\n<p data-start=\"1624\" data-end=\"1738\">Durch den ovalen Schliff wirkt der Edelstein optisch gr\u00f6\u00dfer und sorgt f\u00fcr eine elegante Linienf\u00fchrung im Design.<\/p>\n<p data-start=\"1740\" data-end=\"1909\">Smaragde aus Sambia sind bekannt f\u00fcr ihre kr\u00e4ftige gr\u00fcne Farbe und ihre hohe Qualit\u00e4t. Nat\u00fcrliche Einschl\u00fcsse sind charakteristisch und machen jeden Stein einzigartig.<\/p>\n<hr data-start=\"1670\" data-end=\"1673\" \/>\n<h4 data-start=\"1448\" data-end=\"1473\"><span class=\"ez-toc-section\" id=\"Mehr_uber_Heilsteine_Kristalle\"><\/span>Daugiau apie gydomuosius akmenis ir kristalus<span class=\"ez-toc-section-end\"><\/span><\/h4>\n<p data-start=\"1475\" data-end=\"1668\"><a class=\"\" href=\"https:\/\/saphirsmaragd.com\/lt\/product-category\/heilsteine-kristalle-kaufen\/\" target=\"_new\" rel=\"noopener\" data-start=\"1571\" data-end=\"1668\">Gydomieji akmenys ir kristalai<\/a><\/p>\n<hr data-start=\"1670\" data-end=\"1673\" \/>\n<h4 data-start=\"1675\" data-end=\"1695\"><span class=\"ez-toc-section\" id=\"Weitere_Infos\"><\/span>Daugiau informacijos<span class=\"ez-toc-section-end\"><\/span><\/h4>\n<p data-start=\"1697\" data-end=\"1801\"><a class=\"\" href=\"https:\/\/de.wikipedia.org\/wiki\/Smaragd\" target=\"_new\" rel=\"noopener\" data-start=\"1741\" data-end=\"1801\">Wikipedia \u2013 Smaragd<\/a><\/p>","protected":false},"excerpt":{"rendered":"<p data-start=\"636\" data-end=\"772\"><em>Smaragd Oval Gr\u00fcn 0.67 Karat aus Sambia, ge\u00f6lt. Klassischer ovaler Schliff mit intensiver gr\u00fcner Farbe und nat\u00fcrlicher Ausstrahlung.<\/em><\/p>","protected":false},"featured_media":8761,"comment_status":"open","ping_status":"closed","template":"","meta":{"_glsr_average":0,"_glsr_ranking":0,"_glsr_reviews":0},"product_brand":[],"product_cat":[262],"product_tag":[],"class_list":{"0":"post-8760","1":"product","2":"type-product","3":"status-publish","4":"has-post-thumbnail","6":"product_cat-smaragd","7":"pa_edelsteinart-smaragd","8":"pa_farbe-gruen","9":"pa_form-oval","10":"pa_gewicht-karat-0-5-1-0-karat","11":"pa_herkunft-sambia","12":"pa_reinheit-kleine-einschluesse","13":"pa_veredelung-behandlung-geoelt","14":"pa_zustand-neu","16":"first","17":"instock","18":"sold-individually","19":"shipping-taxable","20":"purchasable","21":"product-type-simple","22":"add-to-wishlist-before_image"},"jetpack_sharing_enabled":true,"_links":{"self":[{"href":"https:\/\/saphirsmaragd.com\/lt\/wp-json\/wp\/v2\/product\/8760","targetHints":{"allow":["GET"]}}],"collection":[{"href":"https:\/\/saphirsmaragd.com\/lt\/wp-json\/wp\/v2\/product"}],"about":[{"href":"https:\/\/saphirsmaragd.com\/lt\/wp-json\/wp\/v2\/types\/product"}],"replies":[{"embeddable":true,"href":"https:\/\/saphirsmaragd.com\/lt\/wp-json\/wp\/v2\/comments?post=8760"}],"version-history":[{"count":1,"href":"https:\/\/saphirsmaragd.com\/lt\/wp-json\/wp\/v2\/product\/8760\/revisions"}],"predecessor-version":[{"id":8762,"href":"https:\/\/saphirsmaragd.com\/lt\/wp-json\/wp\/v2\/product\/8760\/revisions\/8762"}],"wp:featuredmedia":[{"embeddable":true,"href":"https:\/\/saphirsmaragd.com\/lt\/wp-json\/wp\/v2\/media\/8761"}],"wp:attachment":[{"href":"https:\/\/saphirsmaragd.com\/lt\/wp-json\/wp\/v2\/media?parent=8760"}],"wp:term":[{"taxonomy":"product_brand","embeddable":true,"href":"https:\/\/saphirsmaragd.com\/lt\/wp-json\/wp\/v2\/product_brand?post=8760"},{"taxonomy":"product_cat","embeddable":true,"href":"https:\/\/saphirsmaragd.com\/lt\/wp-json\/wp\/v2\/product_cat?post=8760"},{"taxonomy":"product_tag","embeddable":true,"href":"https:\/\/saphirsmaragd.com\/lt\/wp-json\/wp\/v2\/product_tag?post=8760"}],"curies":[{"name":"wp","href":"https:\/\/api.w.org\/{rel}","templated":true}]}}