{"id":8787,"date":"2026-05-14T18:41:06","date_gmt":"2026-05-14T18:41:06","guid":{"rendered":"https:\/\/saphirsmaragd.com\/?post_type=product&#038;p=8787"},"modified":"2026-05-14T18:43:06","modified_gmt":"2026-05-14T18:43:06","slug":"smaragd-tropfen-gruen-0-69-karat-aus-sambia","status":"publish","type":"product","link":"https:\/\/saphirsmaragd.com\/lt\/produktas\/smaragd-tropfen-gruen-0-69-karat-aus-sambia\/","title":{"rendered":"Smaragd Tropfen Gr\u00fcn 0.69 Karat aus Sambia \u2013 Nat\u00fcrlicher Tropfenschliff Edelstein"},"content":{"rendered":"<div id=\"ez-toc-container\" class=\"ez-toc-v2_0_83 counter-hierarchy ez-toc-counter ez-toc-grey ez-toc-container-direction\">\n<div class=\"ez-toc-title-container\">\n<p class=\"ez-toc-title\" style=\"cursor:inherit\">Turinys<\/p>\n<span class=\"ez-toc-title-toggle\"><a href=\"#\" class=\"ez-toc-pull-right ez-toc-btn ez-toc-btn-xs ez-toc-btn-default ez-toc-toggle\" aria-label=\"Toggle Table of Content\"><span class=\"ez-toc-js-icon-con\"><span class=\"\"><span class=\"eztoc-hide\" style=\"display:none;\">Perjungti<\/span><span class=\"ez-toc-icon-toggle-span\"><svg style=\"fill: #999;color:#999\" xmlns=\"http:\/\/www.w3.org\/2000\/svg\" class=\"list-377408\" width=\"20px\" height=\"20px\" viewbox=\"0 0 24 24\" fill=\"none\"><path d=\"M6 6H4v2h2V6zm14 0H8v2h12V6zM4 11h2v2H4v-2zm16 0H8v2h12v-2zM4 16h2v2H4v-2zm16 0H8v2h12v-2z\" fill=\"currentColor\"><\/path><\/svg><svg style=\"fill: #999;color:#999\" class=\"arrow-unsorted-368013\" xmlns=\"http:\/\/www.w3.org\/2000\/svg\" width=\"10px\" height=\"10px\" viewbox=\"0 0 24 24\" version=\"1.2\" baseprofile=\"tiny\"><path d=\"M18.2 9.3l-6.2-6.3-6.2 6.3c-.2.2-.3.4-.3.7s.1.5.3.7c.2.2.4.3.7.3h11c.3 0 .5-.1.7-.3.2-.2.3-.5.3-.7s-.1-.5-.3-.7zM5.8 14.7l6.2 6.3 6.2-6.3c.2-.2.3-.5.3-.7s-.1-.5-.3-.7c-.2-.2-.4-.3-.7-.3h-11c-.3 0-.5.1-.7.3-.2.2-.3.5-.3.7s.1.5.3.7z\"\/><\/svg><\/span><\/span><\/span><\/a><\/span><\/div>\n<nav><ul class='ez-toc-list ez-toc-list-level-1' ><li class='ez-toc-page-1 ez-toc-heading-level-4'><a class=\"ez-toc-link ez-toc-heading-1\" href=\"https:\/\/saphirsmaragd.com\/lt\/produktas\/smaragd-tropfen-gruen-0-69-karat-aus-sambia\/#Merkmale_Herkunft\" >Savyb\u0117s ir kilm\u0117<\/a><\/li><li class='ez-toc-page-1 ez-toc-heading-level-4'><a class=\"ez-toc-link ez-toc-heading-2\" href=\"https:\/\/saphirsmaragd.com\/lt\/produktas\/smaragd-tropfen-gruen-0-69-karat-aus-sambia\/#Besonderheiten\" >Specialiosios funkcijos<\/a><\/li><li class='ez-toc-page-1 ez-toc-heading-level-4'><a class=\"ez-toc-link ez-toc-heading-3\" href=\"https:\/\/saphirsmaragd.com\/lt\/produktas\/smaragd-tropfen-gruen-0-69-karat-aus-sambia\/#Mehr_uber_Heilsteine_Kristalle\" >Daugiau apie gydomuosius akmenis ir kristalus<\/a><\/li><li class='ez-toc-page-1 ez-toc-heading-level-4'><a class=\"ez-toc-link ez-toc-heading-4\" href=\"https:\/\/saphirsmaragd.com\/lt\/produktas\/smaragd-tropfen-gruen-0-69-karat-aus-sambia\/#Weitere_Infos\" >Daugiau informacijos<\/a><\/li><\/ul><\/nav><\/div>\n<p data-start=\"637\" data-end=\"890\">Der Smaragd Tropfen Gr\u00fcn 0.69 Karat aus Sambia \u00fcberzeugt durch seine elegante Tropfenform und seine intensive gr\u00fcne Farbwirkung. Der klassische Tropfenschliff z\u00e4hlt zu den beliebtesten Edelsteinformen und eignet sich perfekt f\u00fcr luxuri\u00f6se Schmuckst\u00fccke.<\/p>\n<hr data-start=\"892\" data-end=\"895\" \/>\n<h4 data-start=\"897\" data-end=\"923\"><span class=\"ez-toc-section\" id=\"Merkmale_Herkunft\"><\/span>Savyb\u0117s ir kilm\u0117<span class=\"ez-toc-section-end\"><\/span><\/h4>\n<p data-start=\"925\" data-end=\"1158\">Steinart: Smaragd<br data-start=\"942\" data-end=\"945\" \/>Spalva: \u017ealia<br data-start=\"956\" data-end=\"959\" \/>Forma: La\u0161eliai<br data-start=\"972\" data-end=\"975\" \/>Gewicht: 0.69 Karat<br data-start=\"994\" data-end=\"997\" \/>Abmessungen: ca. 7.2 x 5.2 mm<br data-start=\"1026\" data-end=\"1029\" \/>Herkunft: Sambia<br data-start=\"1045\" data-end=\"1048\" \/>Grynumas: ma\u017ei intarpai<br data-start=\"1076\" data-end=\"1079\" \/>Behandlung: Ge\u00f6lt<br data-start=\"1096\" data-end=\"1099\" \/>Beobachtung: Nat\u00fcrlich<br data-start=\"1121\" data-end=\"1124\" \/>Mohs-H\u00e4rte: 7.5\u20138<br data-start=\"1141\" data-end=\"1144\" \/>B\u016bkl\u0117: nauja<\/p>\n<hr data-start=\"1160\" data-end=\"1163\" \/>\n<h4 data-start=\"1165\" data-end=\"1186\"><span class=\"ez-toc-section\" id=\"Besonderheiten\"><\/span>Specialiosios funkcijos<span class=\"ez-toc-section-end\"><\/span><\/h4>\n<p data-start=\"1188\" data-end=\"1371\">Der Smaragd Tropfen Gr\u00fcn 0.69 Karat bietet eine elegante Silhouette mit harmonischen Proportionen und eignet sich besonders f\u00fcr Anh\u00e4nger, Ringe oder hochwertige Einzelanfertigungen.<\/p>\n<p data-start=\"1373\" data-end=\"1593\">Smaragde aus Sambia werden weltweit f\u00fcr ihre kr\u00e4ftige gr\u00fcne Farbe gesch\u00e4tzt. Die feinen nat\u00fcrlichen Einschl\u00fcsse verleihen dem Edelstein seinen individuellen Charakter und machen ihn zu einem einzigartigen Naturprodukt.<\/p>\n<p data-start=\"1595\" data-end=\"1716\">Der Tropfenschliff verbindet klassische Eleganz mit moderner Schmuck\u00e4sthetik und sorgt f\u00fcr eine besonders edle Wirkung.<\/p>\n<hr data-start=\"1670\" data-end=\"1673\" \/>\n<h4 data-start=\"1448\" data-end=\"1473\"><span class=\"ez-toc-section\" id=\"Mehr_uber_Heilsteine_Kristalle\"><\/span>Daugiau apie gydomuosius akmenis ir kristalus<span class=\"ez-toc-section-end\"><\/span><\/h4>\n<p data-start=\"1475\" data-end=\"1668\"><a class=\"\" href=\"https:\/\/saphirsmaragd.com\/lt\/product-category\/heilsteine-kristalle-kaufen\/\" target=\"_new\" rel=\"noopener\" data-start=\"1571\" data-end=\"1668\">Gydomieji akmenys ir kristalai<\/a><\/p>\n<hr data-start=\"1670\" data-end=\"1673\" \/>\n<h4 data-start=\"1675\" data-end=\"1695\"><span class=\"ez-toc-section\" id=\"Weitere_Infos\"><\/span>Daugiau informacijos<span class=\"ez-toc-section-end\"><\/span><\/h4>\n<p data-start=\"1697\" data-end=\"1801\"><a class=\"\" href=\"https:\/\/de.wikipedia.org\/wiki\/Smaragd\" target=\"_new\" rel=\"noopener\" data-start=\"1741\" data-end=\"1801\">Wikipedia \u2013 Smaragd<\/a><\/p>","protected":false},"excerpt":{"rendered":"<p data-start=\"289\" data-end=\"458\"><em>Smaragd Tropfen Gr\u00fcn 0.69 Karat aus Sambia mit ge\u00f6lter Veredelung. Eleganter tropfenf\u00f6rmiger Edelstein mit nat\u00fcrlicher gr\u00fcner Farbintensit\u00e4t und klassischem Schliff.<\/em><\/p>","protected":false},"featured_media":8788,"comment_status":"open","ping_status":"closed","template":"","meta":{"_glsr_average":0,"_glsr_ranking":0,"_glsr_reviews":0},"product_brand":[],"product_cat":[262],"product_tag":[],"class_list":{"0":"post-8787","1":"product","2":"type-product","3":"status-publish","4":"has-post-thumbnail","6":"product_cat-smaragd","7":"pa_edelsteinart-smaragd","8":"pa_farbe-gruen","9":"pa_form-tropfen","10":"pa_gewicht-karat-0-5-1-0-karat","11":"pa_herkunft-sambia","12":"pa_reinheit-kleine-einschluesse","13":"pa_veredelung-behandlung-geoelt","14":"pa_zustand-neu","16":"first","17":"instock","18":"sold-individually","19":"shipping-taxable","20":"purchasable","21":"product-type-simple","22":"add-to-wishlist-before_image"},"jetpack_sharing_enabled":true,"_links":{"self":[{"href":"https:\/\/saphirsmaragd.com\/lt\/wp-json\/wp\/v2\/product\/8787","targetHints":{"allow":["GET"]}}],"collection":[{"href":"https:\/\/saphirsmaragd.com\/lt\/wp-json\/wp\/v2\/product"}],"about":[{"href":"https:\/\/saphirsmaragd.com\/lt\/wp-json\/wp\/v2\/types\/product"}],"replies":[{"embeddable":true,"href":"https:\/\/saphirsmaragd.com\/lt\/wp-json\/wp\/v2\/comments?post=8787"}],"version-history":[{"count":1,"href":"https:\/\/saphirsmaragd.com\/lt\/wp-json\/wp\/v2\/product\/8787\/revisions"}],"predecessor-version":[{"id":8789,"href":"https:\/\/saphirsmaragd.com\/lt\/wp-json\/wp\/v2\/product\/8787\/revisions\/8789"}],"wp:featuredmedia":[{"embeddable":true,"href":"https:\/\/saphirsmaragd.com\/lt\/wp-json\/wp\/v2\/media\/8788"}],"wp:attachment":[{"href":"https:\/\/saphirsmaragd.com\/lt\/wp-json\/wp\/v2\/media?parent=8787"}],"wp:term":[{"taxonomy":"product_brand","embeddable":true,"href":"https:\/\/saphirsmaragd.com\/lt\/wp-json\/wp\/v2\/product_brand?post=8787"},{"taxonomy":"product_cat","embeddable":true,"href":"https:\/\/saphirsmaragd.com\/lt\/wp-json\/wp\/v2\/product_cat?post=8787"},{"taxonomy":"product_tag","embeddable":true,"href":"https:\/\/saphirsmaragd.com\/lt\/wp-json\/wp\/v2\/product_tag?post=8787"}],"curies":[{"name":"wp","href":"https:\/\/api.w.org\/{rel}","templated":true}]}}