{"id":8825,"date":"2026-05-15T19:38:41","date_gmt":"2026-05-15T19:38:41","guid":{"rendered":"https:\/\/saphirsmaragd.com\/?post_type=product&#038;p=8825"},"modified":"2026-05-15T19:41:28","modified_gmt":"2026-05-15T19:41:28","slug":"smaragd-oval-gruen-0-67-karat-sambia","status":"publish","type":"product","link":"https:\/\/saphirsmaragd.com\/lt\/produktas\/smaragd-oval-gruen-0-67-karat-sambia\/","title":{"rendered":"Smaragd Oval Gr\u00fcn 0.67 Karat aus Sambia \u2013 Eleganter nat\u00fcrlicher Edelstein mit Ovalschliff"},"content":{"rendered":"<div id=\"ez-toc-container\" class=\"ez-toc-v2_0_83 counter-hierarchy ez-toc-counter ez-toc-grey ez-toc-container-direction\">\n<div class=\"ez-toc-title-container\">\n<p class=\"ez-toc-title\" style=\"cursor:inherit\">Turinys<\/p>\n<span class=\"ez-toc-title-toggle\"><a href=\"#\" class=\"ez-toc-pull-right ez-toc-btn ez-toc-btn-xs ez-toc-btn-default ez-toc-toggle\" aria-label=\"Toggle Table of Content\"><span class=\"ez-toc-js-icon-con\"><span class=\"\"><span class=\"eztoc-hide\" style=\"display:none;\">Perjungti<\/span><span class=\"ez-toc-icon-toggle-span\"><svg style=\"fill: #999;color:#999\" xmlns=\"http:\/\/www.w3.org\/2000\/svg\" class=\"list-377408\" width=\"20px\" height=\"20px\" viewbox=\"0 0 24 24\" fill=\"none\"><path d=\"M6 6H4v2h2V6zm14 0H8v2h12V6zM4 11h2v2H4v-2zm16 0H8v2h12v-2zM4 16h2v2H4v-2zm16 0H8v2h12v-2z\" fill=\"currentColor\"><\/path><\/svg><svg style=\"fill: #999;color:#999\" class=\"arrow-unsorted-368013\" xmlns=\"http:\/\/www.w3.org\/2000\/svg\" width=\"10px\" height=\"10px\" viewbox=\"0 0 24 24\" version=\"1.2\" baseprofile=\"tiny\"><path d=\"M18.2 9.3l-6.2-6.3-6.2 6.3c-.2.2-.3.4-.3.7s.1.5.3.7c.2.2.4.3.7.3h11c.3 0 .5-.1.7-.3.2-.2.3-.5.3-.7s-.1-.5-.3-.7zM5.8 14.7l6.2 6.3 6.2-6.3c.2-.2.3-.5.3-.7s-.1-.5-.3-.7c-.2-.2-.4-.3-.7-.3h-11c-.3 0-.5.1-.7.3-.2.2-.3.5-.3.7s.1.5.3.7z\"\/><\/svg><\/span><\/span><\/span><\/a><\/span><\/div>\n<nav><ul class='ez-toc-list ez-toc-list-level-1' ><li class='ez-toc-page-1 ez-toc-heading-level-4'><a class=\"ez-toc-link ez-toc-heading-1\" href=\"https:\/\/saphirsmaragd.com\/lt\/produktas\/smaragd-oval-gruen-0-67-karat-sambia\/#Smaragd_Oval_Grun_067_Karat\" >Smaragd Oval Gr\u00fcn 0.67 Karat<\/a><\/li><li class='ez-toc-page-1 ez-toc-heading-level-4'><a class=\"ez-toc-link ez-toc-heading-2\" href=\"https:\/\/saphirsmaragd.com\/lt\/produktas\/smaragd-oval-gruen-0-67-karat-sambia\/#Merkmale_Herkunft\" >Savyb\u0117s ir kilm\u0117<\/a><\/li><li class='ez-toc-page-1 ez-toc-heading-level-4'><a class=\"ez-toc-link ez-toc-heading-3\" href=\"https:\/\/saphirsmaragd.com\/lt\/produktas\/smaragd-oval-gruen-0-67-karat-sambia\/#Besonderheiten_zu_Smaragd_Oval_Grun_067_Karat\" >Besonderheiten zu Smaragd Oval Gr\u00fcn 0.67 Karat<\/a><\/li><li class='ez-toc-page-1 ez-toc-heading-level-4'><a class=\"ez-toc-link ez-toc-heading-4\" href=\"https:\/\/saphirsmaragd.com\/lt\/produktas\/smaragd-oval-gruen-0-67-karat-sambia\/#Mehr_uber_Heilsteine_Kristalle\" >Daugiau apie gydomuosius akmenis ir kristalus<\/a><\/li><li class='ez-toc-page-1 ez-toc-heading-level-4'><a class=\"ez-toc-link ez-toc-heading-5\" href=\"https:\/\/saphirsmaragd.com\/lt\/produktas\/smaragd-oval-gruen-0-67-karat-sambia\/#Weitere_Infos\" >Daugiau informacijos<\/a><\/li><\/ul><\/nav><\/div>\n<h4 data-start=\"545\" data-end=\"578\"><span class=\"ez-toc-section\" id=\"Smaragd_Oval_Grun_067_Karat\"><\/span>Smaragd Oval Gr\u00fcn 0.67 Karat<span class=\"ez-toc-section-end\"><\/span><\/h4>\n<p data-start=\"580\" data-end=\"811\">Dieser nat\u00fcrliche Edelstein aus Sambia \u00fcberzeugt durch seine kr\u00e4ftige gr\u00fcne Farbwirkung und seine harmonische ovale Form. Der klassische Schliff bietet eine elegante Ausstrahlung und eignet sich ideal f\u00fcr hochwertige Schmuckst\u00fccke.<\/p>\n<hr data-start=\"813\" data-end=\"816\" \/>\n<h4 data-start=\"818\" data-end=\"842\"><span class=\"ez-toc-section\" id=\"Merkmale_Herkunft\"><\/span>Savyb\u0117s ir kilm\u0117<span class=\"ez-toc-section-end\"><\/span><\/h4>\n<p data-start=\"844\" data-end=\"1073\">Steinart: Smaragd<br data-start=\"861\" data-end=\"864\" \/>Spalva: \u017ealia<br data-start=\"875\" data-end=\"878\" \/>Forma: Ovalus<br data-start=\"888\" data-end=\"891\" \/>Gewicht: 0.67 Karat<br data-start=\"910\" data-end=\"913\" \/>Abmessungen: 6.9 x 4.8 mm<br data-start=\"938\" data-end=\"941\" \/>Herkunft: Sambia<br data-start=\"957\" data-end=\"960\" \/>Reinheit: Deutliche Einschl\u00fcsse<br data-start=\"991\" data-end=\"994\" \/>Behandlung: Ge\u00f6lt<br data-start=\"1011\" data-end=\"1014\" \/>Beobachtung: Nat\u00fcrlich<br data-start=\"1036\" data-end=\"1039\" \/>Mohs-H\u00e4rte: 7.5\u20138<br data-start=\"1056\" data-end=\"1059\" \/>B\u016bkl\u0117: nauja<\/p>\n<hr data-start=\"1075\" data-end=\"1078\" \/>\n<h4 data-start=\"1080\" data-end=\"1131\"><span class=\"ez-toc-section\" id=\"Besonderheiten_zu_Smaragd_Oval_Grun_067_Karat\"><\/span>Besonderheiten zu Smaragd Oval Gr\u00fcn 0.67 Karat<span class=\"ez-toc-section-end\"><\/span><\/h4>\n<p data-start=\"1133\" data-end=\"1349\">Der Ovalschliff geh\u00f6rt zu den beliebtesten Formen f\u00fcr hochwertige Edelsteine. Seine ausgewogene Proportion erm\u00f6glicht eine harmonische Lichtreflexion und sorgt f\u00fcr eine besonders elegante Wirkung in Schmuckfassungen.<\/p>\n<p data-start=\"1351\" data-end=\"1589\">Smaragde aus Sambia sind international f\u00fcr ihre intensive gr\u00fcne Farbgebung und ihre nat\u00fcrliche Struktur bekannt. Die ge\u00f6lte Behandlung unterst\u00fctzt zus\u00e4tzlich die optische Tiefe und hebt die nat\u00fcrlichen Eigenschaften des Edelsteins hervor.<\/p>\n<p data-start=\"1591\" data-end=\"1748\">Der Smaragd Oval Gr\u00fcn 0.67 Karat eignet sich hervorragend f\u00fcr exklusive Ringfassungen, Anh\u00e4nger oder individuelle Schmuckanfertigungen mit zeitloser Eleganz.<\/p>\n<hr data-start=\"1670\" data-end=\"1673\" \/>\n<h4 data-start=\"1448\" data-end=\"1473\"><span class=\"ez-toc-section\" id=\"Mehr_uber_Heilsteine_Kristalle\"><\/span>Daugiau apie gydomuosius akmenis ir kristalus<span class=\"ez-toc-section-end\"><\/span><\/h4>\n<p data-start=\"1475\" data-end=\"1668\"><a class=\"\" href=\"https:\/\/saphirsmaragd.com\/lt\/product-category\/heilsteine-kristalle-kaufen\/\" target=\"_new\" rel=\"noopener\" data-start=\"1571\" data-end=\"1668\">Gydomieji akmenys ir kristalai<\/a><\/p>\n<hr data-start=\"1670\" data-end=\"1673\" \/>\n<h4 data-start=\"1675\" data-end=\"1695\"><span class=\"ez-toc-section\" id=\"Weitere_Infos\"><\/span>Daugiau informacijos<span class=\"ez-toc-section-end\"><\/span><\/h4>\n<p data-start=\"1697\" data-end=\"1801\"><a class=\"\" href=\"https:\/\/de.wikipedia.org\/wiki\/Smaragd\" target=\"_new\" rel=\"noopener\" data-start=\"1741\" data-end=\"1801\">Wikipedia \u2013 Smaragd<\/a><\/p>","protected":false},"excerpt":{"rendered":"<p data-start=\"242\" data-end=\"417\"><em>Smaragd Oval Gr\u00fcn 0.67 Karat aus Sambia mit ge\u00f6lter Veredelung. Nat\u00fcrlicher Edelstein mit intensiver gr\u00fcner Farbe und harmonischem Ovalschliff f\u00fcr exklusive Schmuckkreationen.<\/em><\/p>","protected":false},"featured_media":8826,"comment_status":"open","ping_status":"closed","template":"","meta":{"_glsr_average":0,"_glsr_ranking":0,"_glsr_reviews":0},"product_brand":[],"product_cat":[262],"product_tag":[],"class_list":{"0":"post-8825","1":"product","2":"type-product","3":"status-publish","4":"has-post-thumbnail","6":"product_cat-smaragd","7":"pa_edelsteinart-smaragd","8":"pa_farbe-gruen","9":"pa_form-oval","10":"pa_gewicht-karat-0-5-1-0-karat","11":"pa_herkunft-sambia","12":"pa_reinheit-deutliche-einschluesse","13":"pa_veredelung-behandlung-geoelt","14":"pa_zustand-neu","16":"first","17":"instock","18":"sold-individually","19":"shipping-taxable","20":"purchasable","21":"product-type-simple","22":"add-to-wishlist-before_image"},"jetpack_sharing_enabled":true,"_links":{"self":[{"href":"https:\/\/saphirsmaragd.com\/lt\/wp-json\/wp\/v2\/product\/8825","targetHints":{"allow":["GET"]}}],"collection":[{"href":"https:\/\/saphirsmaragd.com\/lt\/wp-json\/wp\/v2\/product"}],"about":[{"href":"https:\/\/saphirsmaragd.com\/lt\/wp-json\/wp\/v2\/types\/product"}],"replies":[{"embeddable":true,"href":"https:\/\/saphirsmaragd.com\/lt\/wp-json\/wp\/v2\/comments?post=8825"}],"version-history":[{"count":1,"href":"https:\/\/saphirsmaragd.com\/lt\/wp-json\/wp\/v2\/product\/8825\/revisions"}],"predecessor-version":[{"id":8827,"href":"https:\/\/saphirsmaragd.com\/lt\/wp-json\/wp\/v2\/product\/8825\/revisions\/8827"}],"wp:featuredmedia":[{"embeddable":true,"href":"https:\/\/saphirsmaragd.com\/lt\/wp-json\/wp\/v2\/media\/8826"}],"wp:attachment":[{"href":"https:\/\/saphirsmaragd.com\/lt\/wp-json\/wp\/v2\/media?parent=8825"}],"wp:term":[{"taxonomy":"product_brand","embeddable":true,"href":"https:\/\/saphirsmaragd.com\/lt\/wp-json\/wp\/v2\/product_brand?post=8825"},{"taxonomy":"product_cat","embeddable":true,"href":"https:\/\/saphirsmaragd.com\/lt\/wp-json\/wp\/v2\/product_cat?post=8825"},{"taxonomy":"product_tag","embeddable":true,"href":"https:\/\/saphirsmaragd.com\/lt\/wp-json\/wp\/v2\/product_tag?post=8825"}],"curies":[{"name":"wp","href":"https:\/\/api.w.org\/{rel}","templated":true}]}}