{"id":888,"date":"2025-06-16T14:20:52","date_gmt":"2025-06-16T14:20:52","guid":{"rendered":"https:\/\/saphirsmaragd.com\/?page_id=888"},"modified":"2026-04-10T14:15:36","modified_gmt":"2026-04-10T14:15:36","slug":"impressum","status":"publish","type":"page","link":"https:\/\/saphirsmaragd.com\/lv\/impressum\/","title":{"rendered":"nospiedums"},"content":{"rendered":"<p><strong>Inform\u0101cija saska\u0146\u0101 ar E-komercijas likuma (ECG) 5. pantu un Pla\u0161sazi\u0146as l\u012bdzek\u013cu likuma 25. pantu<\/strong><\/p>\n\n\n\n<p><strong>Saphirsmaragd.com<br><\/strong>Ibrahim Elghonami e.U.<br>Individu\u0101lais komersants<\/p>\n\n\n\n<p>Augarten\u0161tr\u0101ses iela 4\/15<br>1020 V\u012bne<br>Austrija<\/p>\n\n\n\n<p>\ud83d\udce7 E-pasts: <a>customer@saphirsmaragd.com<\/a><\/p>\n\n\n\n<p><strong>GISA numurs:<\/strong> 37772260<br><strong>PVN numurs:<\/strong> ATU81490637<br><strong>Tirdzniec\u012bbas iest\u0101de:<\/strong> V\u012bnes 2.\/20. rajona pa\u0161vald\u012bbas birojs<br><strong>Uz\u0146\u0113muma m\u0113r\u0137is:<\/strong> Komercuz\u0146\u0113mumi, iz\u0146emot regul\u0113tus komercuz\u0146\u0113mumus<\/p>\n\n\n\n<p>V\u012bnes Tirdzniec\u012bbas pal\u0101tas biedrs<\/p>\n\n\n\n<p><strong>Maz\u0101 uz\u0146\u0113muma \u012bpa\u0161nieks saska\u0146\u0101 ar UStG 6. panta 1. punkta 27. apak\u0161punktu<\/strong>&nbsp;\u2013 PVN netiek nor\u0101d\u012bts.<\/p>\n\n\n\n<hr class=\"wp-block-separator has-alpha-channel-opacity\"\/>\n\n\n\n<p><strong>ES Komisijas platforma tie\u0161saistes str\u012bdu iz\u0161\u0137ir\u0161anai:<\/strong><br><a class=\"\" href=\"https:\/\/ec.europa.eu\/consumers\/odr\" target=\"_blank\" rel=\"noopener\">https:\/\/ec.europa.eu\/consumers\/odr<\/a><br>Pat\u0113r\u0113t\u0101jiem ir iesp\u0113ja iesniegt s\u016bdz\u012bbas iepriek\u0161min\u0113taj\u0101 tie\u0161saistes str\u012bdu risin\u0101\u0161anas platform\u0101.<\/p>","protected":false},"excerpt":{"rendered":"<p>Angaben gem\u00e4\u00df \u00a7 5 E-Commerce-Gesetz (ECG) und \u00a7 25 Mediengesetz Saphirsmaragd.comIbrahim Elghonami e.U.Einzelunternehmen Untere Augartenstra\u00dfe 4\/151020 Wien\u00d6sterreich \ud83d\udce7 E-Mail: customer@saphirsmaragd.com GISA-Zahl: 37772260UID-Nummer: ATU81490637Gewerbebeh\u00f6rde: Magistratisches Bezirksamt f\u00fcr den 2.\/20. Bezirk WienUnternehmensgegenstand:<\/p>","protected":false},"author":1,"featured_media":0,"parent":0,"menu_order":0,"comment_status":"closed","ping_status":"closed","template":"","meta":{"_glsr_average":0,"_glsr_ranking":0,"_glsr_reviews":0,"footnotes":""},"class_list":["post-888","page","type-page","status-publish","hentry"],"jetpack_sharing_enabled":true,"_links":{"self":[{"href":"https:\/\/saphirsmaragd.com\/lv\/wp-json\/wp\/v2\/pages\/888","targetHints":{"allow":["GET"]}}],"collection":[{"href":"https:\/\/saphirsmaragd.com\/lv\/wp-json\/wp\/v2\/pages"}],"about":[{"href":"https:\/\/saphirsmaragd.com\/lv\/wp-json\/wp\/v2\/types\/page"}],"author":[{"embeddable":true,"href":"https:\/\/saphirsmaragd.com\/lv\/wp-json\/wp\/v2\/users\/1"}],"replies":[{"embeddable":true,"href":"https:\/\/saphirsmaragd.com\/lv\/wp-json\/wp\/v2\/comments?post=888"}],"version-history":[{"count":5,"href":"https:\/\/saphirsmaragd.com\/lv\/wp-json\/wp\/v2\/pages\/888\/revisions"}],"predecessor-version":[{"id":8458,"href":"https:\/\/saphirsmaragd.com\/lv\/wp-json\/wp\/v2\/pages\/888\/revisions\/8458"}],"wp:attachment":[{"href":"https:\/\/saphirsmaragd.com\/lv\/wp-json\/wp\/v2\/media?parent=888"}],"curies":[{"name":"wp","href":"https:\/\/api.w.org\/{rel}","templated":true}]}}