{"id":1354,"date":"2025-07-07T13:08:10","date_gmt":"2025-07-07T13:08:10","guid":{"rendered":"https:\/\/saphirsmaragd.com\/?post_type=product&#038;p=1354"},"modified":"2025-12-29T19:06:02","modified_gmt":"2025-12-29T19:06:02","slug":"smaragd-cabochon-1-87-karat-kaufen","status":"publish","type":"product","link":"https:\/\/saphirsmaragd.com\/lv\/products\/smaragd-cabochon-1-87-karat-kaufen\/","title":{"rendered":"Pirkt Smaragda kabo\u0161ons 1,87 kar\u0101tu - Dab\u012bgs ov\u0101ls d\u0101rgakmens no Braz\u012blijas"},"content":{"rendered":"<div id=\"ez-toc-container\" class=\"ez-toc-v2_0_82_2 counter-hierarchy ez-toc-counter ez-toc-grey ez-toc-container-direction\">\n<div class=\"ez-toc-title-container\">\n<p class=\"ez-toc-title\" style=\"cursor:inherit\">Satura r\u0101d\u012bt\u0101js<\/p>\n<span class=\"ez-toc-title-toggle\"><a href=\"#\" class=\"ez-toc-pull-right ez-toc-btn ez-toc-btn-xs ez-toc-btn-default ez-toc-toggle\" aria-label=\"Toggle Table of Content\"><span class=\"ez-toc-js-icon-con\"><span class=\"\"><span class=\"eztoc-hide\" style=\"display:none;\">P\u0101rsl\u0113gt<\/span><span class=\"ez-toc-icon-toggle-span\"><svg style=\"fill: #999;color:#999\" xmlns=\"http:\/\/www.w3.org\/2000\/svg\" class=\"list-377408\" width=\"20px\" height=\"20px\" viewbox=\"0 0 24 24\" fill=\"none\"><path d=\"M6 6H4v2h2V6zm14 0H8v2h12V6zM4 11h2v2H4v-2zm16 0H8v2h12v-2zM4 16h2v2H4v-2zm16 0H8v2h12v-2z\" fill=\"currentColor\"><\/path><\/svg><svg style=\"fill: #999;color:#999\" class=\"arrow-unsorted-368013\" xmlns=\"http:\/\/www.w3.org\/2000\/svg\" width=\"10px\" height=\"10px\" viewbox=\"0 0 24 24\" version=\"1.2\" baseprofile=\"tiny\"><path d=\"M18.2 9.3l-6.2-6.3-6.2 6.3c-.2.2-.3.4-.3.7s.1.5.3.7c.2.2.4.3.7.3h11c.3 0 .5-.1.7-.3.2-.2.3-.5.3-.7s-.1-.5-.3-.7zM5.8 14.7l6.2 6.3 6.2-6.3c.2-.2.3-.5.3-.7s-.1-.5-.3-.7c-.2-.2-.4-.3-.7-.3h-11c-.3 0-.5.1-.7.3-.2.2-.3.5-.3.7s.1.5.3.7z\"\/><\/svg><\/span><\/span><\/span><\/a><\/span><\/div>\n<nav><ul class='ez-toc-list ez-toc-list-level-1' ><li class='ez-toc-page-1 ez-toc-heading-level-4'><a class=\"ez-toc-link ez-toc-heading-1\" href=\"https:\/\/saphirsmaragd.com\/lv\/products\/smaragd-cabochon-1-87-karat-kaufen\/#Smaragd_Cabochon_187_Karat_kaufen\" >Smaragd Cabochon 1.87 Karat kaufen<\/a><\/li><li class='ez-toc-page-1 ez-toc-heading-level-4'><a class=\"ez-toc-link ez-toc-heading-2\" href=\"https:\/\/saphirsmaragd.com\/lv\/products\/smaragd-cabochon-1-87-karat-kaufen\/#Merkmale_Herkunft\" >Raksturojums un izcelsme<\/a><\/li><li class='ez-toc-page-1 ez-toc-heading-level-4'><a class=\"ez-toc-link ez-toc-heading-3\" href=\"https:\/\/saphirsmaragd.com\/lv\/products\/smaragd-cabochon-1-87-karat-kaufen\/#Besonderheiten\" >\u012apa\u0161as funkcijas<\/a><\/li><li class='ez-toc-page-1 ez-toc-heading-level-4'><a class=\"ez-toc-link ez-toc-heading-4\" href=\"https:\/\/saphirsmaragd.com\/lv\/products\/smaragd-cabochon-1-87-karat-kaufen\/#Mehr_uber_Smaragde_Heilsteine\" >Mehr \u00fcber Smaragde &amp; Heilsteine<\/a><\/li><li class='ez-toc-page-1 ez-toc-heading-level-4'><a class=\"ez-toc-link ez-toc-heading-5\" href=\"https:\/\/saphirsmaragd.com\/lv\/products\/smaragd-cabochon-1-87-karat-kaufen\/#Weitere_Infos\" >Papildinform\u0101cija<\/a><\/li><\/ul><\/nav><\/div>\n<h4 data-start=\"908\" data-end=\"979\"><span class=\"ez-toc-section\" id=\"Smaragd_Cabochon_187_Karat_kaufen\"><\/span>Smaragd Cabochon 1.87 Karat kaufen<span class=\"ez-toc-section-end\"><\/span><\/h4>\n<p data-start=\"981\" data-end=\"1328\">Jetzt Smaragd Cabochon 1.87 Karat kaufen und einen echten, nat\u00fcrlichen Edelstein mit starker Ausstrahlung sichern. Dieser ovale Smaragd im Cabochon-Schliff stammt aus Brasilien und \u00fcberzeugt durch seine intensive gr\u00fcne Farbe, sch\u00f6ne Transparenz und Echtheitszertifizierung.<\/p>\n<hr data-start=\"1330\" data-end=\"1333\" \/>\n<h4 data-start=\"723\" data-end=\"749\"><span class=\"ez-toc-section\" id=\"Merkmale_Herkunft\"><\/span>Raksturojums un izcelsme<span class=\"ez-toc-section-end\"><\/span><\/h4>\n<p data-start=\"751\" data-end=\"1092\">Steinart: Smaragd<br data-start=\"223\" data-end=\"226\" \/>Gewicht: 1.87 Karat<br data-start=\"242\" data-end=\"245\" \/>Ma\u00dfe: 8 \u00d7 7 mm<br data-start=\"259\" data-end=\"262\" \/>Dicke: 4.28 mm<br data-start=\"276\" data-end=\"279\" data-is-only-node=\"\" \/>Form: Ovaler Cabochon<br data-start=\"300\" data-end=\"303\" \/>Farbe: Intensivgr\u00fcn<br data-start=\"322\" data-end=\"325\" \/>Reinheit: Deutliche Einschl\u00fcsse (mit blo\u00dfem Auge sichtbar)<br data-start=\"383\" data-end=\"386\" \/>\u0100rst\u0113\u0161ana: neapstr\u0101d\u0101ts<br data-start=\"409\" data-end=\"412\" \/>Izcelsme: Braz\u012blija<br data-start=\"431\" data-end=\"434\" \/>H\u00e4rte: 7.5 auf der Mohs-Skala<br data-start=\"463\" data-end=\"466\" \/>Zertifikat: Ja \u2013 erstellt von einem zertifizierten Gemmologen<br data-start=\"527\" data-end=\"530\" \/>St\u0101voklis: Jauns<\/p>\n<hr data-start=\"1094\" data-end=\"1097\" \/>\n<h4 data-start=\"1099\" data-end=\"1120\"><span class=\"ez-toc-section\" id=\"Besonderheiten\"><\/span>\u012apa\u0161as funkcijas<span class=\"ez-toc-section-end\"><\/span><\/h4>\n<p data-start=\"1122\" data-end=\"1425\">Dieser Smaragd Cabochon mit 1.87 Karat \u00fcberzeugt durch seine intensive gr\u00fcne Farbe, nat\u00fcrliche Transparenz und deutliche Einschl\u00fcsse, die seine Echtheit betonen. Der unbehandelte Zustand und die Herkunft aus Brasilien machen ihn zu einem seltenen, authentischen Sammlerst\u00fcck oder hochwertigen Schmuckstein.<\/p>\n<hr data-start=\"1427\" data-end=\"1430\" \/>\n<h4 data-start=\"1432\" data-end=\"1470\"><span class=\"ez-toc-section\" id=\"Mehr_uber_Smaragde_Heilsteine\"><\/span>Mehr \u00fcber Smaragde &amp; Heilsteine<span class=\"ez-toc-section-end\"><\/span><\/h4>\n<p data-start=\"1472\" data-end=\"1669\"><a class=\"\" href=\"https:\/\/saphirsmaragd.com\/lv\/product-category\/heilsteine-kristalle-kaufen\/\" target=\"_new\" rel=\"noopener\" data-start=\"1568\" data-end=\"1669\"><strong data-start=\"1569\" data-end=\"1595\">Dziedino\u0161ie akme\u0146i un krist\u0101li<\/strong><\/a><\/p>\n<hr data-start=\"1671\" data-end=\"1674\" \/>\n<h4 data-start=\"1676\" data-end=\"1696\"><span class=\"ez-toc-section\" id=\"Weitere_Infos\"><\/span>Papildinform\u0101cija<span class=\"ez-toc-section-end\"><\/span><\/h4>\n<p data-start=\"1698\" data-end=\"1793\"><a class=\"\" href=\"https:\/\/de.wikipedia.org\/wiki\/Smaragd\" target=\"_new\" rel=\"noopener\" data-start=\"1739\" data-end=\"1793\"><strong data-start=\"1740\" data-end=\"1753\">Wikipedia<\/strong><\/a><\/p>","protected":false},"excerpt":{"rendered":"<p data-start=\"653\" data-end=\"851\"><em>Smaragd Cabochon 1.87 Karat kaufen \u2013 Dieser ovale, unbehandelte Smaragd aus Brasilien \u00fcberzeugt mit intensiver gr\u00fcner Farbe und kommt inklusive Zertifikat. Ideal f\u00fcr Sammler oder zur Anfertigung von Edelsteinschmuck.<\/em><\/p>","protected":false},"featured_media":1355,"comment_status":"open","ping_status":"closed","template":"","meta":{"_glsr_average":0,"_glsr_ranking":0,"_glsr_reviews":0},"product_brand":[],"product_cat":[262],"product_tag":[],"class_list":{"0":"post-1354","1":"product","2":"type-product","3":"status-publish","4":"has-post-thumbnail","6":"product_cat-smaragd","7":"pa_edelsteinart-smaragd","8":"pa_farbe-gruen","9":"pa_form-cabochon","10":"pa_gewicht-karat-1-0-3-0-karat","11":"pa_herkunft-brasilien","12":"pa_reinheit-deutliche-einschluesse","13":"pa_veredelung-behandlung-unbehandelt","14":"pa_zertifikat-ja","15":"pa_zustand-neu","17":"first","18":"instock","19":"sold-individually","20":"shipping-taxable","21":"purchasable","22":"product-type-simple","23":"add-to-wishlist-before_image"},"jetpack_sharing_enabled":true,"_links":{"self":[{"href":"https:\/\/saphirsmaragd.com\/lv\/wp-json\/wp\/v2\/product\/1354","targetHints":{"allow":["GET"]}}],"collection":[{"href":"https:\/\/saphirsmaragd.com\/lv\/wp-json\/wp\/v2\/product"}],"about":[{"href":"https:\/\/saphirsmaragd.com\/lv\/wp-json\/wp\/v2\/types\/product"}],"replies":[{"embeddable":true,"href":"https:\/\/saphirsmaragd.com\/lv\/wp-json\/wp\/v2\/comments?post=1354"}],"version-history":[{"count":8,"href":"https:\/\/saphirsmaragd.com\/lv\/wp-json\/wp\/v2\/product\/1354\/revisions"}],"predecessor-version":[{"id":4424,"href":"https:\/\/saphirsmaragd.com\/lv\/wp-json\/wp\/v2\/product\/1354\/revisions\/4424"}],"wp:featuredmedia":[{"embeddable":true,"href":"https:\/\/saphirsmaragd.com\/lv\/wp-json\/wp\/v2\/media\/1355"}],"wp:attachment":[{"href":"https:\/\/saphirsmaragd.com\/lv\/wp-json\/wp\/v2\/media?parent=1354"}],"wp:term":[{"taxonomy":"product_brand","embeddable":true,"href":"https:\/\/saphirsmaragd.com\/lv\/wp-json\/wp\/v2\/product_brand?post=1354"},{"taxonomy":"product_cat","embeddable":true,"href":"https:\/\/saphirsmaragd.com\/lv\/wp-json\/wp\/v2\/product_cat?post=1354"},{"taxonomy":"product_tag","embeddable":true,"href":"https:\/\/saphirsmaragd.com\/lv\/wp-json\/wp\/v2\/product_tag?post=1354"}],"curies":[{"name":"wp","href":"https:\/\/api.w.org\/{rel}","templated":true}]}}