{"id":1505,"date":"2025-07-09T16:31:39","date_gmt":"2025-07-09T16:31:39","guid":{"rendered":"https:\/\/saphirsmaragd.com\/?post_type=product&#038;p=1505"},"modified":"2025-12-29T19:05:37","modified_gmt":"2025-12-29T19:05:37","slug":"saphir-0-27-karat-blau-gruen-dreieck-kaufen","status":"publish","type":"product","link":"https:\/\/saphirsmaragd.com\/lv\/products\/saphir-0-27-karat-blau-gruen-dreieck-kaufen\/","title":{"rendered":"Saphir 0.27 Karat blau-gr\u00fcn dreieck kaufen \u2013 naturbelassener Edelstein aus Frankreich"},"content":{"rendered":"<div id=\"ez-toc-container\" class=\"ez-toc-v2_0_82_2 counter-hierarchy ez-toc-counter ez-toc-grey ez-toc-container-direction\">\n<div class=\"ez-toc-title-container\">\n<p class=\"ez-toc-title\" style=\"cursor:inherit\">Satura r\u0101d\u012bt\u0101js<\/p>\n<span class=\"ez-toc-title-toggle\"><a href=\"#\" class=\"ez-toc-pull-right ez-toc-btn ez-toc-btn-xs ez-toc-btn-default ez-toc-toggle\" aria-label=\"Toggle Table of Content\"><span class=\"ez-toc-js-icon-con\"><span class=\"\"><span class=\"eztoc-hide\" style=\"display:none;\">P\u0101rsl\u0113gt<\/span><span class=\"ez-toc-icon-toggle-span\"><svg style=\"fill: #999;color:#999\" xmlns=\"http:\/\/www.w3.org\/2000\/svg\" class=\"list-377408\" width=\"20px\" height=\"20px\" viewbox=\"0 0 24 24\" fill=\"none\"><path d=\"M6 6H4v2h2V6zm14 0H8v2h12V6zM4 11h2v2H4v-2zm16 0H8v2h12v-2zM4 16h2v2H4v-2zm16 0H8v2h12v-2z\" fill=\"currentColor\"><\/path><\/svg><svg style=\"fill: #999;color:#999\" class=\"arrow-unsorted-368013\" xmlns=\"http:\/\/www.w3.org\/2000\/svg\" width=\"10px\" height=\"10px\" viewbox=\"0 0 24 24\" version=\"1.2\" baseprofile=\"tiny\"><path d=\"M18.2 9.3l-6.2-6.3-6.2 6.3c-.2.2-.3.4-.3.7s.1.5.3.7c.2.2.4.3.7.3h11c.3 0 .5-.1.7-.3.2-.2.3-.5.3-.7s-.1-.5-.3-.7zM5.8 14.7l6.2 6.3 6.2-6.3c.2-.2.3-.5.3-.7s-.1-.5-.3-.7c-.2-.2-.4-.3-.7-.3h-11c-.3 0-.5.1-.7.3-.2.2-.3.5-.3.7s.1.5.3.7z\"\/><\/svg><\/span><\/span><\/span><\/a><\/span><\/div>\n<nav><ul class='ez-toc-list ez-toc-list-level-1' ><li class='ez-toc-page-1 ez-toc-heading-level-4'><a class=\"ez-toc-link ez-toc-heading-1\" href=\"https:\/\/saphirsmaragd.com\/lv\/products\/saphir-0-27-karat-blau-gruen-dreieck-kaufen\/#Saphir_027_Karat_blau-grun_dreieck-kaufen\" >Saphir 0.27 Karat blau-gr\u00fcn dreieck-kaufen<\/a><\/li><li class='ez-toc-page-1 ez-toc-heading-level-4'><a class=\"ez-toc-link ez-toc-heading-2\" href=\"https:\/\/saphirsmaragd.com\/lv\/products\/saphir-0-27-karat-blau-gruen-dreieck-kaufen\/#Merkmale_Herkunft\" >Raksturojums un izcelsme<\/a><\/li><li class='ez-toc-page-1 ez-toc-heading-level-4'><a class=\"ez-toc-link ez-toc-heading-3\" href=\"https:\/\/saphirsmaragd.com\/lv\/products\/saphir-0-27-karat-blau-gruen-dreieck-kaufen\/#Besonderheiten\" >\u012apa\u0161as funkcijas<\/a><\/li><li class='ez-toc-page-1 ez-toc-heading-level-4'><a class=\"ez-toc-link ez-toc-heading-4\" href=\"https:\/\/saphirsmaragd.com\/lv\/products\/saphir-0-27-karat-blau-gruen-dreieck-kaufen\/#Mehr_uber_Smaragde_und_Heilsteine\" >Mehr \u00fcber Smaragde und Heilsteine<\/a><\/li><li class='ez-toc-page-1 ez-toc-heading-level-4'><a class=\"ez-toc-link ez-toc-heading-5\" href=\"https:\/\/saphirsmaragd.com\/lv\/products\/saphir-0-27-karat-blau-gruen-dreieck-kaufen\/#Weitere_Infos\" >Papildinform\u0101cija<\/a><\/li><\/ul><\/nav><\/div>\n<h4 data-start=\"634\" data-end=\"683\"><span class=\"ez-toc-section\" id=\"Saphir_027_Karat_blau-grun_dreieck-kaufen\"><\/span>Saphir 0.27 Karat blau-gr\u00fcn dreieck-kaufen<span class=\"ez-toc-section-end\"><\/span><\/h4>\n<p data-start=\"684\" data-end=\"878\">Dieser seltene, naturbelassene Edelstein stammt aus Frankreich und beeindruckt mit einer au\u00dfergew\u00f6hnlichen Farbgebung und seltener dreieckiger Form. Ideal f\u00fcr Sammler oder kreative Schmuckideen.<\/p>\n<hr data-start=\"880\" data-end=\"883\" \/>\n<h4 data-start=\"885\" data-end=\"912\"><span class=\"ez-toc-section\" id=\"Merkmale_Herkunft\"><\/span>Raksturojums un izcelsme<span class=\"ez-toc-section-end\"><\/span><\/h4>\n<p>Farbe: Blaugr\u00fcn<br data-start=\"720\" data-end=\"723\" \/>Gewicht: 0.27 Karat <br data-start=\"738\" data-end=\"741\" \/>Form: Dreieck<br data-start=\"754\" data-end=\"757\" \/>Ma\u00dfe: 415 \u00d7 386 mm<br data-start=\"791\" data-end=\"794\" \/>Herkunft: Frankreich (Auvergne)<br data-start=\"825\" data-end=\"828\" \/>Reinheit: Lupenrein<br data-start=\"847\" data-end=\"850\" \/>\u0100rst\u0113\u0161ana: neapstr\u0101d\u0101ts<br data-start=\"873\" data-end=\"876\" \/>St\u0101voklis: Jauns<br data-start=\"894\" data-end=\"897\" \/>Sertifik\u0101ts: J\u0101<\/p>\n<hr data-start=\"1201\" data-end=\"1204\" \/>\n<h4 data-start=\"1206\" data-end=\"1230\"><span class=\"ez-toc-section\" id=\"Besonderheiten\"><\/span>\u012apa\u0161as funkcijas<span class=\"ez-toc-section-end\"><\/span><\/h4>\n<p data-start=\"1231\" data-end=\"1526\">Der Saphir 0.27 Karat blau-gr\u00fcn dreieck kaufen stammt aus der franz\u00f6sischen Region Auvergne und ist zu 100\u202f% nat\u00fcrlich, unbehandelt und einzigartig geschliffen. Die dreieckige Form und das intensive Blau-Gr\u00fcn machen diesen Edelstein zu einem besonderen St\u00fcck \u2013 perfekt f\u00fcr hochwertige Einzelst\u00fccke.<\/p>\n<hr data-start=\"1528\" data-end=\"1531\" \/>\n<h4 data-start=\"1533\" data-end=\"1576\"><span class=\"ez-toc-section\" id=\"Mehr_uber_Smaragde_und_Heilsteine\"><\/span>Mehr \u00fcber Smaragde und Heilsteine<span class=\"ez-toc-section-end\"><\/span><\/h4>\n<p data-start=\"1577\" data-end=\"1738\"><a class=\"\" href=\"https:\/\/saphirsmaragd.com\/lv\/product-category\/heilsteine-kristalle-kaufen\/\" target=\"_new\" rel=\"noopener\" data-start=\"1640\" data-end=\"1737\">Dziedino\u0161ie akme\u0146i un krist\u0101li<\/a>.<\/p>\n<hr data-start=\"1740\" data-end=\"1743\" \/>\n<h4 data-start=\"1745\" data-end=\"1768\"><span class=\"ez-toc-section\" id=\"Weitere_Infos\"><\/span>Papildinform\u0101cija<span class=\"ez-toc-section-end\"><\/span><\/h4>\n<p data-start=\"1769\" data-end=\"1852\"><a class=\"\" href=\"https:\/\/de.wikipedia.org\/wiki\/Saphir\" target=\"_new\" rel=\"noopener\" data-start=\"1794\" data-end=\"1852\">Wikipedia \u2013 Saphir<\/a><\/p>","protected":false},"excerpt":{"rendered":"<p data-start=\"386\" data-end=\"510\"><em>Saphir 0.27 Karat blau-gr\u00fcn dreieck kaufen \u2013 naturbelassener Edelstein aus Frankreich mit einzigartigem Farbspiel &amp; Zertifikat.<\/em><\/p>\n<p data-start=\"378\" data-end=\"474\">","protected":false},"featured_media":1508,"comment_status":"open","ping_status":"closed","template":"","meta":{"_glsr_average":0,"_glsr_ranking":0,"_glsr_reviews":0},"product_brand":[],"product_cat":[74],"product_tag":[],"class_list":{"0":"post-1505","1":"product","2":"type-product","3":"status-publish","4":"has-post-thumbnail","6":"product_cat-saphire-kaufen","7":"pa_edelsteinart-saphir","8":"pa_farbe-blau","9":"pa_form-dreieck","10":"pa_gewicht-karat-0-1-0-5-karat","11":"pa_herkunft-frankreich","12":"pa_reinheit-lupenrein","13":"pa_veredelung-behandlung-unbehandelt","14":"pa_zertifikat-ja","15":"pa_zustand-neu","17":"first","18":"instock","19":"sold-individually","20":"shipping-taxable","21":"purchasable","22":"product-type-simple","23":"add-to-wishlist-before_image"},"jetpack_sharing_enabled":true,"_links":{"self":[{"href":"https:\/\/saphirsmaragd.com\/lv\/wp-json\/wp\/v2\/product\/1505","targetHints":{"allow":["GET"]}}],"collection":[{"href":"https:\/\/saphirsmaragd.com\/lv\/wp-json\/wp\/v2\/product"}],"about":[{"href":"https:\/\/saphirsmaragd.com\/lv\/wp-json\/wp\/v2\/types\/product"}],"replies":[{"embeddable":true,"href":"https:\/\/saphirsmaragd.com\/lv\/wp-json\/wp\/v2\/comments?post=1505"}],"version-history":[{"count":8,"href":"https:\/\/saphirsmaragd.com\/lv\/wp-json\/wp\/v2\/product\/1505\/revisions"}],"predecessor-version":[{"id":4415,"href":"https:\/\/saphirsmaragd.com\/lv\/wp-json\/wp\/v2\/product\/1505\/revisions\/4415"}],"wp:featuredmedia":[{"embeddable":true,"href":"https:\/\/saphirsmaragd.com\/lv\/wp-json\/wp\/v2\/media\/1508"}],"wp:attachment":[{"href":"https:\/\/saphirsmaragd.com\/lv\/wp-json\/wp\/v2\/media?parent=1505"}],"wp:term":[{"taxonomy":"product_brand","embeddable":true,"href":"https:\/\/saphirsmaragd.com\/lv\/wp-json\/wp\/v2\/product_brand?post=1505"},{"taxonomy":"product_cat","embeddable":true,"href":"https:\/\/saphirsmaragd.com\/lv\/wp-json\/wp\/v2\/product_cat?post=1505"},{"taxonomy":"product_tag","embeddable":true,"href":"https:\/\/saphirsmaragd.com\/lv\/wp-json\/wp\/v2\/product_tag?post=1505"}],"curies":[{"name":"wp","href":"https:\/\/api.w.org\/{rel}","templated":true}]}}