{"id":1511,"date":"2025-07-09T16:41:09","date_gmt":"2025-07-09T16:41:09","guid":{"rendered":"https:\/\/saphirsmaragd.com\/?post_type=product&#038;p=1511"},"modified":"2025-12-29T19:05:36","modified_gmt":"2025-12-29T19:05:36","slug":"saphir-0-59-karat-padparadscha-birne-kaufen","status":"publish","type":"product","link":"https:\/\/saphirsmaragd.com\/lv\/products\/saphir-0-59-karat-padparadscha-birne-kaufen\/","title":{"rendered":"Nopirkt Saf\u012brs 0,59 kar\u0101tu kr\u0113mkr\u016bsa - neapstr\u0101d\u0101ts un spilgti persik\u012bgi roz\u0101 no Madagaskaras"},"content":{"rendered":"<div id=\"ez-toc-container\" class=\"ez-toc-v2_0_82_2 counter-hierarchy ez-toc-counter ez-toc-grey ez-toc-container-direction\">\n<div class=\"ez-toc-title-container\">\n<p class=\"ez-toc-title\" style=\"cursor:inherit\">Satura r\u0101d\u012bt\u0101js<\/p>\n<span class=\"ez-toc-title-toggle\"><a href=\"#\" class=\"ez-toc-pull-right ez-toc-btn ez-toc-btn-xs ez-toc-btn-default ez-toc-toggle\" aria-label=\"Toggle Table of Content\"><span class=\"ez-toc-js-icon-con\"><span class=\"\"><span class=\"eztoc-hide\" style=\"display:none;\">P\u0101rsl\u0113gt<\/span><span class=\"ez-toc-icon-toggle-span\"><svg style=\"fill: #999;color:#999\" xmlns=\"http:\/\/www.w3.org\/2000\/svg\" class=\"list-377408\" width=\"20px\" height=\"20px\" viewbox=\"0 0 24 24\" fill=\"none\"><path d=\"M6 6H4v2h2V6zm14 0H8v2h12V6zM4 11h2v2H4v-2zm16 0H8v2h12v-2zM4 16h2v2H4v-2zm16 0H8v2h12v-2z\" fill=\"currentColor\"><\/path><\/svg><svg style=\"fill: #999;color:#999\" class=\"arrow-unsorted-368013\" xmlns=\"http:\/\/www.w3.org\/2000\/svg\" width=\"10px\" height=\"10px\" viewbox=\"0 0 24 24\" version=\"1.2\" baseprofile=\"tiny\"><path d=\"M18.2 9.3l-6.2-6.3-6.2 6.3c-.2.2-.3.4-.3.7s.1.5.3.7c.2.2.4.3.7.3h11c.3 0 .5-.1.7-.3.2-.2.3-.5.3-.7s-.1-.5-.3-.7zM5.8 14.7l6.2 6.3 6.2-6.3c.2-.2.3-.5.3-.7s-.1-.5-.3-.7c-.2-.2-.4-.3-.7-.3h-11c-.3 0-.5.1-.7.3-.2.2-.3.5-.3.7s.1.5.3.7z\"\/><\/svg><\/span><\/span><\/span><\/a><\/span><\/div>\n<nav><ul class='ez-toc-list ez-toc-list-level-1' ><li class='ez-toc-page-1 ez-toc-heading-level-4'><a class=\"ez-toc-link ez-toc-heading-1\" href=\"https:\/\/saphirsmaragd.com\/lv\/products\/saphir-0-59-karat-padparadscha-birne-kaufen\/#Saphir_059_Karat_padparadscha_birne_kaufen\" >Saphir 0.59 Karat padparadscha birne kaufen<\/a><\/li><li class='ez-toc-page-1 ez-toc-heading-level-4'><a class=\"ez-toc-link ez-toc-heading-2\" href=\"https:\/\/saphirsmaragd.com\/lv\/products\/saphir-0-59-karat-padparadscha-birne-kaufen\/#Merkmale_Herkunft\" >Raksturojums un izcelsme<\/a><\/li><li class='ez-toc-page-1 ez-toc-heading-level-4'><a class=\"ez-toc-link ez-toc-heading-3\" href=\"https:\/\/saphirsmaragd.com\/lv\/products\/saphir-0-59-karat-padparadscha-birne-kaufen\/#Besonderheiten\" >\u012apa\u0161as funkcijas<\/a><\/li><li class='ez-toc-page-1 ez-toc-heading-level-4'><a class=\"ez-toc-link ez-toc-heading-4\" href=\"https:\/\/saphirsmaragd.com\/lv\/products\/saphir-0-59-karat-padparadscha-birne-kaufen\/#Mehr_uber_Saphire_Heilsteine\" >Mehr \u00fcber Saphire &amp; Heilsteine<\/a><\/li><li class='ez-toc-page-1 ez-toc-heading-level-4'><a class=\"ez-toc-link ez-toc-heading-5\" href=\"https:\/\/saphirsmaragd.com\/lv\/products\/saphir-0-59-karat-padparadscha-birne-kaufen\/#Weitere_Infos\" >Papildinform\u0101cija<\/a><\/li><\/ul><\/nav><\/div>\n<h4 data-start=\"821\" data-end=\"887\"><span class=\"ez-toc-section\" id=\"Saphir_059_Karat_padparadscha_birne_kaufen\"><\/span>Saphir 0.59 Karat padparadscha birne kaufen<span class=\"ez-toc-section-end\"><\/span><\/h4>\n<p data-start=\"888\" data-end=\"1085\">Entdecke diesen einzigartigen Padparadscha-Saphir mit einem Gewicht von 0.59 Karat Die edle Birnenform und das sanfte Pfirsichrosa machen ihn zu einem gefragten St\u00fcck f\u00fcr Liebhaber feiner Edelsteine.<\/p>\n<hr data-start=\"1087\" data-end=\"1090\" \/>\n<h4 data-start=\"1092\" data-end=\"1121\"><span class=\"ez-toc-section\" id=\"Merkmale_Herkunft\"><\/span>Raksturojums un izcelsme<span class=\"ez-toc-section-end\"><\/span><\/h4>\n<p>Edelsteinart: Padparadscha Saphir<br data-start=\"958\" data-end=\"961\" \/>Gewicht: 0.59 Karat <br data-start=\"976\" data-end=\"979\" \/>Farbe: Helles Pfirsichrosa<br data-start=\"1005\" data-end=\"1008\" \/>Form: Birne<br data-start=\"1019\" data-end=\"1022\" \/>Ma\u00dfe: ca 592 \u00d7 492 mm<br data-start=\"1064\" data-end=\"1067\" \/>Herkunft: Madagaskar<br data-start=\"1087\" data-end=\"1090\" \/>Skaidr\u012bba: Nelieli iesl\u0113gumi<br data-start=\"1118\" data-end=\"1121\" \/>\u0100rst\u0113\u0161ana: neapstr\u0101d\u0101ts<br data-start=\"1144\" data-end=\"1147\" \/>St\u0101voklis: Jauns<br data-start=\"1159\" data-end=\"1162\" \/>Sertifik\u0101ts: J\u0101<\/p>\n<hr data-start=\"1489\" data-end=\"1492\" \/>\n<h4 data-start=\"1494\" data-end=\"1518\"><span class=\"ez-toc-section\" id=\"Besonderheiten\"><\/span>\u012apa\u0161as funkcijas<span class=\"ez-toc-section-end\"><\/span><\/h4>\n<p data-start=\"1519\" data-end=\"1775\">Der Saphir 0.59 Karat padparadscha birne kaufen besticht durch seine nat\u00fcrliche Sch\u00f6nheit ohne jegliche Behandlung. Der Padparadscha ist eine besonders seltene Variet\u00e4t, die zwischen Orange und Rosa schimmert \u2013 ein begehrter Farbton f\u00fcr luxuri\u00f6se Designs.<\/p>\n<hr data-start=\"1777\" data-end=\"1780\" \/>\n<h4 data-start=\"1782\" data-end=\"1822\"><span class=\"ez-toc-section\" id=\"Mehr_uber_Saphire_Heilsteine\"><\/span>Mehr \u00fcber Saphire &amp; Heilsteine<span class=\"ez-toc-section-end\"><\/span><\/h4>\n<p data-start=\"1823\" data-end=\"2001\"><a class=\"\" href=\"https:\/\/saphirsmaragd.com\/lv\/product-category\/heilsteine-kristalle-kaufen\/\" target=\"_new\" rel=\"noopener\" data-start=\"1903\" data-end=\"2000\">Dziedino\u0161ie akme\u0146i un krist\u0101li<\/a>.<\/p>\n<hr data-start=\"2003\" data-end=\"2006\" \/>\n<h4 data-start=\"2008\" data-end=\"2031\"><span class=\"ez-toc-section\" id=\"Weitere_Infos\"><\/span>Papildinform\u0101cija<span class=\"ez-toc-section-end\"><\/span><\/h4>\n<p data-start=\"2032\" data-end=\"2276\"><a class=\"\" href=\"https:\/\/de.wikipedia.org\/wiki\/Saphir\" target=\"_new\" rel=\"noopener\" data-start=\"2206\" data-end=\"2276\">Saphir bei Wikipedia<\/a><\/p>","protected":false},"excerpt":{"rendered":"<p data-start=\"515\" data-end=\"669\"><em>Saphir 0.59 Karat padparadscha birne kaufen \u2013 ein seltener, unbehandelter Edelstein mit zartem Pfirsichrosa-Ton aus Madagaskar. Ideal f\u00fcr Sammler &amp; Designer.<\/em><\/p>\n<p data-start=\"378\" data-end=\"474\">","protected":false},"featured_media":1514,"comment_status":"open","ping_status":"closed","template":"","meta":{"_glsr_average":0,"_glsr_ranking":0,"_glsr_reviews":0},"product_brand":[],"product_cat":[74],"product_tag":[],"class_list":{"0":"post-1511","1":"product","2":"type-product","3":"status-publish","4":"has-post-thumbnail","6":"product_cat-saphire-kaufen","7":"pa_edelsteinart-saphir","8":"pa_farbe-rosa","9":"pa_form-birne","10":"pa_gewicht-karat-0-5-1-0-karat","11":"pa_herkunft-madagaskar","12":"pa_reinheit-kleine-einschluesse","13":"pa_veredelung-behandlung-unbehandelt","14":"pa_zertifikat-ja","15":"pa_zustand-neu","17":"first","18":"instock","19":"sold-individually","20":"shipping-taxable","21":"purchasable","22":"product-type-simple","23":"add-to-wishlist-before_image"},"jetpack_sharing_enabled":true,"_links":{"self":[{"href":"https:\/\/saphirsmaragd.com\/lv\/wp-json\/wp\/v2\/product\/1511","targetHints":{"allow":["GET"]}}],"collection":[{"href":"https:\/\/saphirsmaragd.com\/lv\/wp-json\/wp\/v2\/product"}],"about":[{"href":"https:\/\/saphirsmaragd.com\/lv\/wp-json\/wp\/v2\/types\/product"}],"replies":[{"embeddable":true,"href":"https:\/\/saphirsmaragd.com\/lv\/wp-json\/wp\/v2\/comments?post=1511"}],"version-history":[{"count":4,"href":"https:\/\/saphirsmaragd.com\/lv\/wp-json\/wp\/v2\/product\/1511\/revisions"}],"predecessor-version":[{"id":4414,"href":"https:\/\/saphirsmaragd.com\/lv\/wp-json\/wp\/v2\/product\/1511\/revisions\/4414"}],"wp:featuredmedia":[{"embeddable":true,"href":"https:\/\/saphirsmaragd.com\/lv\/wp-json\/wp\/v2\/media\/1514"}],"wp:attachment":[{"href":"https:\/\/saphirsmaragd.com\/lv\/wp-json\/wp\/v2\/media?parent=1511"}],"wp:term":[{"taxonomy":"product_brand","embeddable":true,"href":"https:\/\/saphirsmaragd.com\/lv\/wp-json\/wp\/v2\/product_brand?post=1511"},{"taxonomy":"product_cat","embeddable":true,"href":"https:\/\/saphirsmaragd.com\/lv\/wp-json\/wp\/v2\/product_cat?post=1511"},{"taxonomy":"product_tag","embeddable":true,"href":"https:\/\/saphirsmaragd.com\/lv\/wp-json\/wp\/v2\/product_tag?post=1511"}],"curies":[{"name":"wp","href":"https:\/\/api.w.org\/{rel}","templated":true}]}}