{"id":1718,"date":"2025-07-12T16:09:16","date_gmt":"2025-07-12T16:09:16","guid":{"rendered":"https:\/\/saphirsmaragd.com\/?post_type=product&#038;p=1718"},"modified":"2025-12-29T19:03:34","modified_gmt":"2025-12-29T19:03:34","slug":"saphir-1-50-karat-blaugruen-navette","status":"publish","type":"product","link":"https:\/\/saphirsmaragd.com\/lv\/products\/saphir-1-50-karat-blaugruen-navette\/","title":{"rendered":"Saphir 1.50 Karat Blaugr\u00fcn Navette \u2013 Dunkler Naturstein im seltenen Navette-Schliff"},"content":{"rendered":"<div id=\"ez-toc-container\" class=\"ez-toc-v2_0_82_2 counter-hierarchy ez-toc-counter ez-toc-grey ez-toc-container-direction\">\n<div class=\"ez-toc-title-container\">\n<p class=\"ez-toc-title\" style=\"cursor:inherit\">Table of Contents<\/p>\n<span class=\"ez-toc-title-toggle\"><a href=\"#\" class=\"ez-toc-pull-right ez-toc-btn ez-toc-btn-xs ez-toc-btn-default ez-toc-toggle\" aria-label=\"Toggle Table of Content\"><span class=\"ez-toc-js-icon-con\"><span class=\"\"><span class=\"eztoc-hide\" style=\"display:none;\">Toggle<\/span><span class=\"ez-toc-icon-toggle-span\"><svg style=\"fill: #999;color:#999\" xmlns=\"http:\/\/www.w3.org\/2000\/svg\" class=\"list-377408\" width=\"20px\" height=\"20px\" viewBox=\"0 0 24 24\" fill=\"none\"><path d=\"M6 6H4v2h2V6zm14 0H8v2h12V6zM4 11h2v2H4v-2zm16 0H8v2h12v-2zM4 16h2v2H4v-2zm16 0H8v2h12v-2z\" fill=\"currentColor\"><\/path><\/svg><svg style=\"fill: #999;color:#999\" class=\"arrow-unsorted-368013\" xmlns=\"http:\/\/www.w3.org\/2000\/svg\" width=\"10px\" height=\"10px\" viewBox=\"0 0 24 24\" version=\"1.2\" baseProfile=\"tiny\"><path d=\"M18.2 9.3l-6.2-6.3-6.2 6.3c-.2.2-.3.4-.3.7s.1.5.3.7c.2.2.4.3.7.3h11c.3 0 .5-.1.7-.3.2-.2.3-.5.3-.7s-.1-.5-.3-.7zM5.8 14.7l6.2 6.3 6.2-6.3c.2-.2.3-.5.3-.7s-.1-.5-.3-.7c-.2-.2-.4-.3-.7-.3h-11c-.3 0-.5.1-.7.3-.2.2-.3.5-.3.7s.1.5.3.7z\"\/><\/svg><\/span><\/span><\/span><\/a><\/span><\/div>\n<nav><ul class='ez-toc-list ez-toc-list-level-1 ' ><li class='ez-toc-page-1 ez-toc-heading-level-4'><a class=\"ez-toc-link ez-toc-heading-1\" href=\"https:\/\/saphirsmaragd.com\/lv\/products\/saphir-1-50-karat-blaugruen-navette\/#Saphir_150_Karat_Blaugrun_Navette\" >Saphir 1.50 Karat Blaugr\u00fcn Navette<\/a><\/li><li class='ez-toc-page-1 ez-toc-heading-level-4'><a class=\"ez-toc-link ez-toc-heading-2\" href=\"https:\/\/saphirsmaragd.com\/lv\/products\/saphir-1-50-karat-blaugruen-navette\/#Merkmale_Herkunft\" >Merkmale &amp; Herkunft<\/a><\/li><li class='ez-toc-page-1 ez-toc-heading-level-4'><a class=\"ez-toc-link ez-toc-heading-3\" href=\"https:\/\/saphirsmaragd.com\/lv\/products\/saphir-1-50-karat-blaugruen-navette\/#Besonderheiten\" >Besonderheiten<\/a><\/li><li class='ez-toc-page-1 ez-toc-heading-level-4'><a class=\"ez-toc-link ez-toc-heading-4\" href=\"https:\/\/saphirsmaragd.com\/lv\/products\/saphir-1-50-karat-blaugruen-navette\/#Mehr_uber_Heilsteine\" >Mehr \u00fcber Heilsteine<\/a><\/li><li class='ez-toc-page-1 ez-toc-heading-level-4'><a class=\"ez-toc-link ez-toc-heading-5\" href=\"https:\/\/saphirsmaragd.com\/lv\/products\/saphir-1-50-karat-blaugruen-navette\/#Weitere_Infos\" >Weitere Infos<\/a><\/li><\/ul><\/nav><\/div>\n<h4 data-start=\"44\" data-end=\"131\"><span class=\"ez-toc-section\" id=\"Saphir_150_Karat_Blaugrun_Navette\"><\/span>Saphir 1.50 Karat Blaugr\u00fcn Navette<span class=\"ez-toc-section-end\"><\/span><\/h4>\n<p data-start=\"132\" data-end=\"169\"><span class=\"relative -mx-px my-[-0.2rem] rounded px-px py-[0.2rem] transition-colors duration-100 ease-in-out\">Ein au\u00dfergew\u00f6hnlicher dunkelblau-gr\u00fcner Saphir im eleganten Navette\u2011Schliff \u2013 ideal f\u00fcr hochwertige Schmuckkreationen.<\/span><\/p>\n<hr data-start=\"171\" data-end=\"174\" \/>\n<h4 data-start=\"176\" data-end=\"202\"><span class=\"ez-toc-section\" id=\"Merkmale_Herkunft\"><\/span>Merkmale &amp; Herkunft<span class=\"ez-toc-section-end\"><\/span><\/h4>\n<p data-start=\"203\" data-end=\"553\"><span class=\"relative -mx-px my-[-0.2rem] rounded px-px py-[0.2rem] transition-colors duration-100 ease-in-out\">Gewicht: 1.50\u202f Karat<\/span><br data-start=\"240\" data-end=\"243\" \/>Farbe: Blaugr\u00fcn<br data-start=\"258\" data-end=\"261\" \/><span class=\"relative -mx-px my-[-0.2rem] rounded px-px py-[0.2rem] transition-colors duration-100 ease-in-out\">Form: Navette (Marquise)<\/span><br data-start=\"298\" data-end=\"301\" \/><span class=\"relative -mx-px my-[-0.2rem] rounded px-px py-[0.2rem] transition-colors duration-100 ease-in-out\">Gr\u00f6\u00dfe: 12\u202f\u00d7\u202f4.5\u202fmm<\/span><br data-start=\"338\" data-end=\"341\" \/><span class=\"relative -mx-px my-[-0.2rem] rounded px-px py-[0.2rem] transition-colors duration-100 ease-in-out\">Reinheit: Sehr kleine Einschl\u00fcsse<\/span><br data-start=\"458\" data-end=\"461\" \/><span class=\"relative -mx-px my-[-0.2rem] rounded px-px py-[0.2rem] transition-colors duration-100 ease-in-out\">Zertifikat: Ja, durch Gemmologin (Gem\u2011A)<\/span><br data-start=\"538\" data-end=\"541\" \/>Zustand: Neu<\/p>\n<hr data-start=\"555\" data-end=\"558\" \/>\n<h4 data-start=\"560\" data-end=\"581\"><span class=\"ez-toc-section\" id=\"Besonderheiten\"><\/span>Besonderheiten<span class=\"ez-toc-section-end\"><\/span><\/h4>\n<p data-start=\"582\" data-end=\"621\"><span class=\"relative -mx-px my-[-0.2rem] rounded px-px py-[0.2rem] transition-colors duration-100 ease-in-out\">Navette\u2011Saphire sind selten und verk\u00f6rpern Luxus durch ihre spitz zulaufende elegante Form. Die tiefdunkle Blaugr\u00fcn\u2011F\u00e4rbung verleiht diesem Exemplar eine mystische Ausstrahlung \u2013 perfekt als charaktervoller Ring oder Anh\u00e4nger.<\/span><\/p>\n<hr data-start=\"623\" data-end=\"626\" \/>\n<h4 data-start=\"628\" data-end=\"655\"><span class=\"ez-toc-section\" id=\"Mehr_uber_Heilsteine\"><\/span>Mehr \u00fcber Heilsteine<span class=\"ez-toc-section-end\"><\/span><\/h4>\n<p data-start=\"656\" data-end=\"695\"><span class=\"relative -mx-px my-[-0.2rem] rounded px-px py-[0.2rem] transition-colors duration-100 ease-in-out\"><a href=\"https:\/\/saphirsmaragd.com\/product-category\/heilsteine-kristalle-kaufen\/\" target=\"_new\" rel=\"noopener noreferrer\" data-start=\"0\" data-end=\"85\" data-is-last-node=\"\" data-is-only-node=\"\">Heilsteine<\/a><\/span><\/p>\n<hr data-start=\"697\" data-end=\"700\" \/>\n<h4 data-start=\"702\" data-end=\"722\"><span class=\"ez-toc-section\" id=\"Weitere_Infos\"><\/span>Weitere Infos<span class=\"ez-toc-section-end\"><\/span><\/h4>\n<p data-start=\"723\" data-end=\"762\"><span class=\"relative -mx-px my-[-0.2rem] rounded px-px py-[0.2rem] transition-colors duration-100 ease-in-out\"><a href=\"https:\/\/de.wikipedia.org\/wiki\/Saphir\" target=\"_new\" rel=\"noopener noreferrer\" data-start=\"0\" data-end=\"49\" data-is-last-node=\"\" data-is-only-node=\"\">Wikipedia<\/a><\/span><\/p>\n","protected":false},"excerpt":{"rendered":"<p data-start=\"520\" data-end=\"692\"><em>Dieser Saphir 1.50 Karat Blaugr\u00fcn Navette besticht durch seine seltene Schliffform, dunkle Farbe und zertifizierte Herkunft. Ein ausgefallener Edelstein f\u00fcr besondere Designs.<\/em><\/p>\n<p data-start=\"378\" data-end=\"474\">","protected":false},"featured_media":1721,"comment_status":"open","ping_status":"closed","template":"","meta":{"_glsr_average":0,"_glsr_ranking":0,"_glsr_reviews":0},"product_brand":[],"product_cat":[74],"product_tag":[],"class_list":{"0":"post-1718","1":"product","2":"type-product","3":"status-publish","4":"has-post-thumbnail","6":"product_cat-saphire-kaufen","7":"pa_edelsteinart-saphir","8":"pa_farbe-gruen","9":"pa_form-navette","10":"pa_gewicht-karat-1-0-3-0-karat","11":"pa_reinheit-sehr-kleine-einschluesse","12":"pa_zertifikat-ja","13":"pa_zustand-neu","15":"first","16":"instock","17":"featured","18":"sold-individually","19":"shipping-taxable","20":"purchasable","21":"product-type-simple","22":"add-to-wishlist-before_image"},"jetpack_sharing_enabled":true,"_links":{"self":[{"href":"https:\/\/saphirsmaragd.com\/lv\/wp-json\/wp\/v2\/product\/1718","targetHints":{"allow":["GET"]}}],"collection":[{"href":"https:\/\/saphirsmaragd.com\/lv\/wp-json\/wp\/v2\/product"}],"about":[{"href":"https:\/\/saphirsmaragd.com\/lv\/wp-json\/wp\/v2\/types\/product"}],"replies":[{"embeddable":true,"href":"https:\/\/saphirsmaragd.com\/lv\/wp-json\/wp\/v2\/comments?post=1718"}],"version-history":[{"count":4,"href":"https:\/\/saphirsmaragd.com\/lv\/wp-json\/wp\/v2\/product\/1718\/revisions"}],"predecessor-version":[{"id":4465,"href":"https:\/\/saphirsmaragd.com\/lv\/wp-json\/wp\/v2\/product\/1718\/revisions\/4465"}],"wp:featuredmedia":[{"embeddable":true,"href":"https:\/\/saphirsmaragd.com\/lv\/wp-json\/wp\/v2\/media\/1721"}],"wp:attachment":[{"href":"https:\/\/saphirsmaragd.com\/lv\/wp-json\/wp\/v2\/media?parent=1718"}],"wp:term":[{"taxonomy":"product_brand","embeddable":true,"href":"https:\/\/saphirsmaragd.com\/lv\/wp-json\/wp\/v2\/product_brand?post=1718"},{"taxonomy":"product_cat","embeddable":true,"href":"https:\/\/saphirsmaragd.com\/lv\/wp-json\/wp\/v2\/product_cat?post=1718"},{"taxonomy":"product_tag","embeddable":true,"href":"https:\/\/saphirsmaragd.com\/lv\/wp-json\/wp\/v2\/product_tag?post=1718"}],"curies":[{"name":"wp","href":"https:\/\/api.w.org\/{rel}","templated":true}]}}