{"id":2244,"date":"2025-10-08T17:30:48","date_gmt":"2025-10-08T17:30:48","guid":{"rendered":"https:\/\/saphirsmaragd.com\/?post_type=product&#038;p=2244"},"modified":"2025-12-29T19:02:54","modified_gmt":"2025-12-29T19:02:54","slug":"aquamarin-rechteck-0-60-karat","status":"publish","type":"product","link":"https:\/\/saphirsmaragd.com\/lv\/products\/aquamarin-rechteck-0-60-karat\/","title":{"rendered":"Akvamar\u012bns taisnst\u016bris 0,60 kar\u0101ta - Sl\u012bp\u0113ts bagetes formas akmens ar acs t\u012br\u012bbu"},"content":{"rendered":"<div id=\"ez-toc-container\" class=\"ez-toc-v2_0_82_2 counter-hierarchy ez-toc-counter ez-toc-grey ez-toc-container-direction\">\n<div class=\"ez-toc-title-container\">\n<p class=\"ez-toc-title\" style=\"cursor:inherit\">Satura r\u0101d\u012bt\u0101js<\/p>\n<span class=\"ez-toc-title-toggle\"><a href=\"#\" class=\"ez-toc-pull-right ez-toc-btn ez-toc-btn-xs ez-toc-btn-default ez-toc-toggle\" aria-label=\"Toggle Table of Content\"><span class=\"ez-toc-js-icon-con\"><span class=\"\"><span class=\"eztoc-hide\" style=\"display:none;\">P\u0101rsl\u0113gt<\/span><span class=\"ez-toc-icon-toggle-span\"><svg style=\"fill: #999;color:#999\" xmlns=\"http:\/\/www.w3.org\/2000\/svg\" class=\"list-377408\" width=\"20px\" height=\"20px\" viewbox=\"0 0 24 24\" fill=\"none\"><path d=\"M6 6H4v2h2V6zm14 0H8v2h12V6zM4 11h2v2H4v-2zm16 0H8v2h12v-2zM4 16h2v2H4v-2zm16 0H8v2h12v-2z\" fill=\"currentColor\"><\/path><\/svg><svg style=\"fill: #999;color:#999\" class=\"arrow-unsorted-368013\" xmlns=\"http:\/\/www.w3.org\/2000\/svg\" width=\"10px\" height=\"10px\" viewbox=\"0 0 24 24\" version=\"1.2\" baseprofile=\"tiny\"><path d=\"M18.2 9.3l-6.2-6.3-6.2 6.3c-.2.2-.3.4-.3.7s.1.5.3.7c.2.2.4.3.7.3h11c.3 0 .5-.1.7-.3.2-.2.3-.5.3-.7s-.1-.5-.3-.7zM5.8 14.7l6.2 6.3 6.2-6.3c.2-.2.3-.5.3-.7s-.1-.5-.3-.7c-.2-.2-.4-.3-.7-.3h-11c-.3 0-.5.1-.7.3-.2.2-.3.5-.3.7s.1.5.3.7z\"\/><\/svg><\/span><\/span><\/span><\/a><\/span><\/div>\n<nav><ul class='ez-toc-list ez-toc-list-level-1' ><li class='ez-toc-page-1 ez-toc-heading-level-4'><a class=\"ez-toc-link ez-toc-heading-1\" href=\"https:\/\/saphirsmaragd.com\/lv\/products\/aquamarin-rechteck-0-60-karat\/#Aquamarin_Rechteck_060_Karat_%E2%80%93_Eleganter_Baguette-Edelstein\" >Aquamarin Rechteck 0.60 Karat \u2013 Eleganter Baguette-Edelstein<\/a><\/li><li class='ez-toc-page-1 ez-toc-heading-level-4'><a class=\"ez-toc-link ez-toc-heading-2\" href=\"https:\/\/saphirsmaragd.com\/lv\/products\/aquamarin-rechteck-0-60-karat\/#Merkmale_Herkunft\" >Raksturojums un izcelsme<\/a><\/li><li class='ez-toc-page-1 ez-toc-heading-level-4'><a class=\"ez-toc-link ez-toc-heading-3\" href=\"https:\/\/saphirsmaragd.com\/lv\/products\/aquamarin-rechteck-0-60-karat\/#Besonderheiten\" >\u012apa\u0161as funkcijas<\/a><\/li><li class='ez-toc-page-1 ez-toc-heading-level-4'><a class=\"ez-toc-link ez-toc-heading-4\" href=\"https:\/\/saphirsmaragd.com\/lv\/products\/aquamarin-rechteck-0-60-karat\/#Mehr_uber_unsere_Edelsteine\" >Vair\u0101k par m\u016bsu d\u0101rgakme\u0146iem<\/a><\/li><li class='ez-toc-page-1 ez-toc-heading-level-4'><a class=\"ez-toc-link ez-toc-heading-5\" href=\"https:\/\/saphirsmaragd.com\/lv\/products\/aquamarin-rechteck-0-60-karat\/#Weitere_Infos\" >Papildinform\u0101cija<\/a><\/li><\/ul><\/nav><\/div>\n<h4 data-start=\"187\" data-end=\"250\"><span class=\"ez-toc-section\" id=\"Aquamarin_Rechteck_060_Karat_%E2%80%93_Eleganter_Baguette-Edelstein\"><\/span>Aquamarin Rechteck 0.60 Karat \u2013 Eleganter Baguette-Edelstein<span class=\"ez-toc-section-end\"><\/span><\/h4>\n<p data-start=\"251\" data-end=\"459\">Dieser Aquamarin 0.60 Karat besticht durch seinen facettierten Schliff und seine au\u00dfergew\u00f6hnliche Klarheit. Mit einer L\u00e4nge von 11 x 3 mm eignet er sich ideal f\u00fcr feine Schmuckfassungen oder Sammlungen.<\/p>\n<hr data-start=\"461\" data-end=\"464\" \/>\n<h4 data-start=\"466\" data-end=\"492\"><span class=\"ez-toc-section\" id=\"Merkmale_Herkunft\"><\/span>Raksturojums un izcelsme<span class=\"ez-toc-section-end\"><\/span><\/h4>\n<p data-start=\"493\" data-end=\"722\">Akmens: akvamar\u012bns<br data-start=\"509\" data-end=\"512\" \/>Kr\u0101sa: zila<br data-start=\"523\" data-end=\"526\" \/>Form: Rechteck (Baguette facettiert)<br data-start=\"562\" data-end=\"565\" \/>Ciet\u012bba: 7 p\u0113c Mosa skalas<br data-start=\"592\" data-end=\"595\" \/>Gewicht: 0.60 Karat<br data-start=\"611\" data-end=\"614\" \/>Gr\u00f6\u00dfe: 11.2 \u00d7 3.2 mm<br data-start=\"634\" data-end=\"637\" \/>T\u012br\u012bba: T\u012bra ac\u012bm<br data-start=\"656\" data-end=\"659\" \/>Zertifikat: Val\u00e9rie Duraffourg (Gem-A Diplom)<br data-start=\"704\" data-end=\"707\" \/>\u0122imene: Beryl<\/p>\n<hr data-start=\"724\" data-end=\"727\" \/>\n<h4 data-start=\"729\" data-end=\"750\"><span class=\"ez-toc-section\" id=\"Besonderheiten\"><\/span>\u012apa\u0161as funkcijas<span class=\"ez-toc-section-end\"><\/span><\/h4>\n<p data-start=\"751\" data-end=\"976\">Der Aquamarin Rechteck 0.60 Karat stammt aus der Beryll-Gruppe und zeichnet sich durch seine klare Transparenz und seinen feinen Blauton aus. Der pr\u00e4zise Baguette-Schliff unterstreicht die Reinheit und Lichtreflexion des Steins.<\/p>\n<hr data-start=\"1926\" data-end=\"1929\" \/>\n<h4 data-start=\"1931\" data-end=\"1971\"><span class=\"ez-toc-section\" id=\"Mehr_uber_unsere_Edelsteine\"><\/span>Vair\u0101k par m\u016bsu d\u0101rgakme\u0146iem<span class=\"ez-toc-section-end\"><\/span><\/h4>\n<p data-start=\"1972\" data-end=\"2069\"><a href=\"https:\/\/saphirsmaragd.com\/lv\/product-category\/edelsteine-kaufen\/\">d\u0101rgakme\u0146i<\/a><\/p>\n<hr data-start=\"2071\" data-end=\"2074\" \/>\n<h4 data-start=\"2076\" data-end=\"2096\"><span class=\"ez-toc-section\" id=\"Weitere_Infos\"><\/span>Papildinform\u0101cija<span class=\"ez-toc-section-end\"><\/span><\/h4>\n<p data-start=\"2097\" data-end=\"2160\"><a class=\"decorated-link cursor-pointer\" href=\"https:\/\/de.wikipedia.org\/wiki\/Aquamarin\" target=\"_new\" rel=\"noopener\" data-start=\"2097\" data-end=\"2160\">Vikip\u0113dija: Akvamar\u012bns<\/a><\/p>","protected":false},"excerpt":{"rendered":"<p data-start=\"462\" data-end=\"594\"><em>Aquamarin Rechteck 0.60 Karat mit Augenreinheit und Zertifikat. Facettiert, rechteckig geschliffen und ideal f\u00fcr Schmuck oder Sammlung.<\/em><\/p>\n<p data-start=\"378\" data-end=\"474\">","protected":false},"featured_media":2247,"comment_status":"open","ping_status":"closed","template":"","meta":{"_glsr_average":0,"_glsr_ranking":0,"_glsr_reviews":0},"product_brand":[],"product_cat":[77],"product_tag":[],"class_list":{"0":"post-2244","1":"product","2":"type-product","3":"status-publish","4":"has-post-thumbnail","6":"product_cat-aquamarin-kaufen","7":"pa_edelsteinart-aquamarin","8":"pa_farbe-blau","9":"pa_form-rechteck","10":"pa_gewicht-karat-0-5-1-0-karat","11":"pa_reinheit-augenrein","12":"pa_zertifikat-ja","13":"pa_zustand-neu","15":"first","16":"instock","17":"featured","18":"sold-individually","19":"shipping-taxable","20":"purchasable","21":"product-type-simple","22":"add-to-wishlist-before_image"},"jetpack_sharing_enabled":true,"_links":{"self":[{"href":"https:\/\/saphirsmaragd.com\/lv\/wp-json\/wp\/v2\/product\/2244","targetHints":{"allow":["GET"]}}],"collection":[{"href":"https:\/\/saphirsmaragd.com\/lv\/wp-json\/wp\/v2\/product"}],"about":[{"href":"https:\/\/saphirsmaragd.com\/lv\/wp-json\/wp\/v2\/types\/product"}],"replies":[{"embeddable":true,"href":"https:\/\/saphirsmaragd.com\/lv\/wp-json\/wp\/v2\/comments?post=2244"}],"version-history":[{"count":3,"href":"https:\/\/saphirsmaragd.com\/lv\/wp-json\/wp\/v2\/product\/2244\/revisions"}],"predecessor-version":[{"id":4536,"href":"https:\/\/saphirsmaragd.com\/lv\/wp-json\/wp\/v2\/product\/2244\/revisions\/4536"}],"wp:featuredmedia":[{"embeddable":true,"href":"https:\/\/saphirsmaragd.com\/lv\/wp-json\/wp\/v2\/media\/2247"}],"wp:attachment":[{"href":"https:\/\/saphirsmaragd.com\/lv\/wp-json\/wp\/v2\/media?parent=2244"}],"wp:term":[{"taxonomy":"product_brand","embeddable":true,"href":"https:\/\/saphirsmaragd.com\/lv\/wp-json\/wp\/v2\/product_brand?post=2244"},{"taxonomy":"product_cat","embeddable":true,"href":"https:\/\/saphirsmaragd.com\/lv\/wp-json\/wp\/v2\/product_cat?post=2244"},{"taxonomy":"product_tag","embeddable":true,"href":"https:\/\/saphirsmaragd.com\/lv\/wp-json\/wp\/v2\/product_tag?post=2244"}],"curies":[{"name":"wp","href":"https:\/\/api.w.org\/{rel}","templated":true}]}}