{"id":2786,"date":"2025-10-12T21:09:43","date_gmt":"2025-10-12T21:09:43","guid":{"rendered":"https:\/\/saphirsmaragd.com\/?post_type=product&#038;p=2786"},"modified":"2025-12-05T10:11:52","modified_gmt":"2025-12-05T10:11:52","slug":"angel-aura-cluster-66-gramm","status":"publish","type":"product","link":"https:\/\/saphirsmaragd.com\/lv\/products\/angel-aura-cluster-66-gramm\/","title":{"rendered":"E\u0146\u0123e\u013cu auras klasteris 66 grami - varav\u012bksnes krist\u0101ls nomierin\u0101\u0161anai un att\u012br\u012b\u0161anai"},"content":{"rendered":"<div id=\"ez-toc-container\" class=\"ez-toc-v2_0_82_2 counter-hierarchy ez-toc-counter ez-toc-grey ez-toc-container-direction\">\n<div class=\"ez-toc-title-container\">\n<p class=\"ez-toc-title\" style=\"cursor:inherit\">Satura r\u0101d\u012bt\u0101js<\/p>\n<span class=\"ez-toc-title-toggle\"><a href=\"#\" class=\"ez-toc-pull-right ez-toc-btn ez-toc-btn-xs ez-toc-btn-default ez-toc-toggle\" aria-label=\"Toggle Table of Content\"><span class=\"ez-toc-js-icon-con\"><span class=\"\"><span class=\"eztoc-hide\" style=\"display:none;\">P\u0101rsl\u0113gt<\/span><span class=\"ez-toc-icon-toggle-span\"><svg style=\"fill: #999;color:#999\" xmlns=\"http:\/\/www.w3.org\/2000\/svg\" class=\"list-377408\" width=\"20px\" height=\"20px\" viewbox=\"0 0 24 24\" fill=\"none\"><path d=\"M6 6H4v2h2V6zm14 0H8v2h12V6zM4 11h2v2H4v-2zm16 0H8v2h12v-2zM4 16h2v2H4v-2zm16 0H8v2h12v-2z\" fill=\"currentColor\"><\/path><\/svg><svg style=\"fill: #999;color:#999\" class=\"arrow-unsorted-368013\" xmlns=\"http:\/\/www.w3.org\/2000\/svg\" width=\"10px\" height=\"10px\" viewbox=\"0 0 24 24\" version=\"1.2\" baseprofile=\"tiny\"><path d=\"M18.2 9.3l-6.2-6.3-6.2 6.3c-.2.2-.3.4-.3.7s.1.5.3.7c.2.2.4.3.7.3h11c.3 0 .5-.1.7-.3.2-.2.3-.5.3-.7s-.1-.5-.3-.7zM5.8 14.7l6.2 6.3 6.2-6.3c.2-.2.3-.5.3-.7s-.1-.5-.3-.7c-.2-.2-.4-.3-.7-.3h-11c-.3 0-.5.1-.7.3-.2.2-.3.5-.3.7s.1.5.3.7z\"\/><\/svg><\/span><\/span><\/span><\/a><\/span><\/div>\n<nav><ul class='ez-toc-list ez-toc-list-level-1' ><li class='ez-toc-page-1 ez-toc-heading-level-4'><a class=\"ez-toc-link ez-toc-heading-1\" href=\"https:\/\/saphirsmaragd.com\/lv\/products\/angel-aura-cluster-66-gramm\/#Angel_Aura_Cluster_66_Gramm_%E2%80%93_Regenbogen-Kristall_fur_Ruhe_Reinigung\" >E\u0146\u0123e\u013cu auras klasteris 66 grami - varav\u012bksnes krist\u0101ls nomierin\u0101\u0161anai un att\u012br\u012b\u0161anai<\/a><\/li><li class='ez-toc-page-1 ez-toc-heading-level-4'><a class=\"ez-toc-link ez-toc-heading-2\" href=\"https:\/\/saphirsmaragd.com\/lv\/products\/angel-aura-cluster-66-gramm\/#_Merkmale_Herkunft\" >\u00a0Raksturojums un izcelsme<\/a><\/li><li class='ez-toc-page-1 ez-toc-heading-level-4'><a class=\"ez-toc-link ez-toc-heading-3\" href=\"https:\/\/saphirsmaragd.com\/lv\/products\/angel-aura-cluster-66-gramm\/#_Besonderheiten\" >\u00a0\u012apa\u0161as funkcijas<\/a><\/li><li class='ez-toc-page-1 ez-toc-heading-level-4'><a class=\"ez-toc-link ez-toc-heading-4\" href=\"https:\/\/saphirsmaragd.com\/lv\/products\/angel-aura-cluster-66-gramm\/#_Mehr_uber_Heilsteine_Kristalle\" >\u00a0Vair\u0101k par dziedino\u0161iem akme\u0146iem un krist\u0101liem<\/a><\/li><li class='ez-toc-page-1 ez-toc-heading-level-4'><a class=\"ez-toc-link ez-toc-heading-5\" href=\"https:\/\/saphirsmaragd.com\/lv\/products\/angel-aura-cluster-66-gramm\/#_Weitere_Infos\" >\u00a0Papildinform\u0101cija<\/a><\/li><\/ul><\/nav><\/div>\n<h4 data-start=\"304\" data-end=\"381\"><span class=\"ez-toc-section\" id=\"Angel_Aura_Cluster_66_Gramm_%E2%80%93_Regenbogen-Kristall_fur_Ruhe_Reinigung\"><\/span><strong data-start=\"307\" data-end=\"381\">E\u0146\u0123e\u013cu auras klasteris 66 grami - varav\u012bksnes krist\u0101ls nomierin\u0101\u0161anai un att\u012br\u012b\u0161anai<\/strong><span class=\"ez-toc-section-end\"><\/span><\/h4>\n<p data-start=\"383\" data-end=\"697\">Der Angel Aura Cluster 66 Gramm ist ein au\u00dfergew\u00f6hnlicher Naturstein aus den USA, der durch die Behandlung von Bergkristall mit Platin und Silber entsteht. Die Oberfl\u00e4che zeigt einen schillernden, regenbogenfarbenen Glanz und verleiht diesem Kristall eine himmlische Aura, die Harmonie und innere Ruhe f\u00f6rdert.<\/p>\n<hr data-start=\"699\" data-end=\"702\" \/>\n<h4 data-start=\"704\" data-end=\"732\"><span class=\"ez-toc-section\" id=\"_Merkmale_Herkunft\"><\/span>\u00a0Raksturojums un izcelsme<span class=\"ez-toc-section-end\"><\/span><\/h4>\n<p data-start=\"733\" data-end=\"1051\">Farbe: Regenbogenfarben mit silbrigem Schimmer<br data-start=\"779\" data-end=\"782\" \/>Form: Cluster (Kristallgruppe)<br data-start=\"812\" data-end=\"815\" \/>Herkunft: Vereinigte Staaten<br data-start=\"843\" data-end=\"846\" \/>Gewicht: 66 Gramm<br data-start=\"863\" data-end=\"866\" \/>Ma\u00dfe: ca. 5,5 \u00d7 4,5 \u00d7 4 cm<br data-start=\"892\" data-end=\"895\" \/>Reinheit: Transparent bis leicht milchig<br data-start=\"935\" data-end=\"938\" \/>Behandlung: Aura-Beschichtung mit Platin und Silber<br data-start=\"1020\" data-end=\"1023\" \/>Steinart: Angel Aura Quarz<\/p>\n<hr data-start=\"1053\" data-end=\"1056\" \/>\n<h4 data-start=\"1058\" data-end=\"1081\"><span class=\"ez-toc-section\" id=\"_Besonderheiten\"><\/span>\u00a0\u012apa\u0161as funkcijas<span class=\"ez-toc-section-end\"><\/span><\/h4>\n<p data-start=\"1083\" data-end=\"1329\">Der Angel Aura Cluster 66 Gramm vereint die Energie von Bergkristall, Platin und Silber zu einer sanften und lichtvollen Schwingung. Diese harmonische Kombination vermittelt ein tiefes Gef\u00fchl von Frieden, Ausgeglichenheit und Zufriedenheit.<\/p>\n<p data-start=\"1331\" data-end=\"1581\">Der Stein steht in enger Verbindung zur Engelenergie und unterst\u00fctzt Sie dabei, Botschaften aus h\u00f6heren Bewusstseinsebenen zu empfangen. Er f\u00f6rdert spirituelle Erkenntnis, st\u00e4rkt die Intuition und hilft, die eigene Lebensaufgabe klarer zu erkennen.<\/p>\n<p data-start=\"1583\" data-end=\"1865\">Als kraftvoller Reiniger von K\u00f6rper, Geist und Seele befreit der Angel Aura Cluster 66 Gramm von negativen Energien und wirkt beruhigend bei Stress, Anspannung und innerer Unruhe. Aufgrund seiner empfindlichen Oberfl\u00e4che sollte er nicht unter flie\u00dfendem Wasser gereinigt werden.<\/p>\n<hr data-start=\"1867\" data-end=\"1870\" \/>\n<h4 data-start=\"1872\" data-end=\"1913\"><span class=\"ez-toc-section\" id=\"_Mehr_uber_Heilsteine_Kristalle\"><\/span>\u00a0Vair\u0101k par dziedino\u0161iem akme\u0146iem un krist\u0101liem<span class=\"ez-toc-section-end\"><\/span><\/h4>\n<p data-start=\"1915\" data-end=\"2120\">Erkunden Sie weitere <a href=\"https:\/\/saphirsmaragd.com\/lv\/product-category\/heilsteine-kristalle-kaufen\/\"><strong data-start=\"1936\" data-end=\"2037\">Dziedino\u0161ie akme\u0146i un krist\u0101li<\/strong>,<\/a> die K\u00f6rper und Geist ins Gleichgewicht bringen und Ihr Energiefeld harmonisieren.<\/p>\n<hr data-start=\"2122\" data-end=\"2125\" \/>\n<h4 data-start=\"2127\" data-end=\"2149\"><span class=\"ez-toc-section\" id=\"_Weitere_Infos\"><\/span>\u00a0Papildinform\u0101cija<span class=\"ez-toc-section-end\"><\/span><\/h4>\n<p data-start=\"2151\" data-end=\"2220\"><a class=\"decorated-link cursor-pointer\" href=\"https:\/\/de.wikipedia.org\/wiki\/Bergkristall\" target=\"_new\" rel=\"noopener\" data-start=\"2151\" data-end=\"2220\">Wikipedia: Bergkristall<\/a><\/p>","protected":false},"excerpt":{"rendered":"<p><em>Angel Aura Cluster 66 Gramm \u2013 schillernder Quarz mit Platin &amp; Silber f\u00fcr innere Ruhe, Reinigung und Harmonie. Heilstein mit Engelsenergie.<\/em><\/p>","protected":false},"featured_media":2787,"comment_status":"open","ping_status":"closed","template":"","meta":{"_glsr_average":0,"_glsr_ranking":0,"_glsr_reviews":0},"product_brand":[],"product_cat":[84],"product_tag":[],"class_list":{"0":"post-2786","1":"product","2":"type-product","3":"status-publish","4":"has-post-thumbnail","6":"product_cat-rohsteine-kaufen","8":"first","9":"instock","10":"taxable","11":"shipping-taxable","12":"purchasable","13":"product-type-simple","14":"add-to-wishlist-before_image"},"jetpack_sharing_enabled":true,"_links":{"self":[{"href":"https:\/\/saphirsmaragd.com\/lv\/wp-json\/wp\/v2\/product\/2786","targetHints":{"allow":["GET"]}}],"collection":[{"href":"https:\/\/saphirsmaragd.com\/lv\/wp-json\/wp\/v2\/product"}],"about":[{"href":"https:\/\/saphirsmaragd.com\/lv\/wp-json\/wp\/v2\/types\/product"}],"replies":[{"embeddable":true,"href":"https:\/\/saphirsmaragd.com\/lv\/wp-json\/wp\/v2\/comments?post=2786"}],"version-history":[{"count":1,"href":"https:\/\/saphirsmaragd.com\/lv\/wp-json\/wp\/v2\/product\/2786\/revisions"}],"predecessor-version":[{"id":2790,"href":"https:\/\/saphirsmaragd.com\/lv\/wp-json\/wp\/v2\/product\/2786\/revisions\/2790"}],"wp:featuredmedia":[{"embeddable":true,"href":"https:\/\/saphirsmaragd.com\/lv\/wp-json\/wp\/v2\/media\/2787"}],"wp:attachment":[{"href":"https:\/\/saphirsmaragd.com\/lv\/wp-json\/wp\/v2\/media?parent=2786"}],"wp:term":[{"taxonomy":"product_brand","embeddable":true,"href":"https:\/\/saphirsmaragd.com\/lv\/wp-json\/wp\/v2\/product_brand?post=2786"},{"taxonomy":"product_cat","embeddable":true,"href":"https:\/\/saphirsmaragd.com\/lv\/wp-json\/wp\/v2\/product_cat?post=2786"},{"taxonomy":"product_tag","embeddable":true,"href":"https:\/\/saphirsmaragd.com\/lv\/wp-json\/wp\/v2\/product_tag?post=2786"}],"curies":[{"name":"wp","href":"https:\/\/api.w.org\/{rel}","templated":true}]}}