{"id":2811,"date":"2025-10-12T22:09:59","date_gmt":"2025-10-12T22:09:59","guid":{"rendered":"https:\/\/saphirsmaragd.com\/?post_type=product&#038;p=2811"},"modified":"2025-12-05T10:11:42","modified_gmt":"2025-12-05T10:11:42","slug":"achat-auf-stand-balance-1325g","status":"publish","type":"product","link":"https:\/\/saphirsmaragd.com\/lv\/products\/achat-auf-stand-balance-1325g\/","title":{"rendered":"Ag\u0101ts uz stat\u012bva L\u012bdzsvars 13 x 11,5 x 3 cm - 1325 grami"},"content":{"rendered":"<div id=\"ez-toc-container\" class=\"ez-toc-v2_0_83 counter-hierarchy ez-toc-counter ez-toc-grey ez-toc-container-direction\">\n<div class=\"ez-toc-title-container\">\n<p class=\"ez-toc-title\" style=\"cursor:inherit\">Satura r\u0101d\u012bt\u0101js<\/p>\n<span class=\"ez-toc-title-toggle\"><a href=\"#\" class=\"ez-toc-pull-right ez-toc-btn ez-toc-btn-xs ez-toc-btn-default ez-toc-toggle\" aria-label=\"Toggle Table of Content\"><span class=\"ez-toc-js-icon-con\"><span class=\"\"><span class=\"eztoc-hide\" style=\"display:none;\">P\u0101rsl\u0113gt<\/span><span class=\"ez-toc-icon-toggle-span\"><svg style=\"fill: #999;color:#999\" xmlns=\"http:\/\/www.w3.org\/2000\/svg\" class=\"list-377408\" width=\"20px\" height=\"20px\" viewbox=\"0 0 24 24\" fill=\"none\"><path d=\"M6 6H4v2h2V6zm14 0H8v2h12V6zM4 11h2v2H4v-2zm16 0H8v2h12v-2zM4 16h2v2H4v-2zm16 0H8v2h12v-2z\" fill=\"currentColor\"><\/path><\/svg><svg style=\"fill: #999;color:#999\" class=\"arrow-unsorted-368013\" xmlns=\"http:\/\/www.w3.org\/2000\/svg\" width=\"10px\" height=\"10px\" viewbox=\"0 0 24 24\" version=\"1.2\" baseprofile=\"tiny\"><path d=\"M18.2 9.3l-6.2-6.3-6.2 6.3c-.2.2-.3.4-.3.7s.1.5.3.7c.2.2.4.3.7.3h11c.3 0 .5-.1.7-.3.2-.2.3-.5.3-.7s-.1-.5-.3-.7zM5.8 14.7l6.2 6.3 6.2-6.3c.2-.2.3-.5.3-.7s-.1-.5-.3-.7c-.2-.2-.4-.3-.7-.3h-11c-.3 0-.5.1-.7.3-.2.2-.3.5-.3.7s.1.5.3.7z\"\/><\/svg><\/span><\/span><\/span><\/a><\/span><\/div>\n<nav><ul class='ez-toc-list ez-toc-list-level-1' ><li class='ez-toc-page-1 ez-toc-heading-level-4'><a class=\"ez-toc-link ez-toc-heading-1\" href=\"https:\/\/saphirsmaragd.com\/lv\/products\/achat-auf-stand-balance-1325g\/#Achat_auf_Stand_Balance_13_x_115_x_3_cm_%E2%80%93_1325_grams\" >Achat auf Stand Balance\u00a013 x 11.5 x 3 cm \u2013 1325 grams<\/a><\/li><li class='ez-toc-page-1 ez-toc-heading-level-4'><a class=\"ez-toc-link ez-toc-heading-2\" href=\"https:\/\/saphirsmaragd.com\/lv\/products\/achat-auf-stand-balance-1325g\/#Merkmale_Herkunft\" >Raksturojums un izcelsme<\/a><\/li><li class='ez-toc-page-1 ez-toc-heading-level-4'><a class=\"ez-toc-link ez-toc-heading-3\" href=\"https:\/\/saphirsmaragd.com\/lv\/products\/achat-auf-stand-balance-1325g\/#Besonderheiten\" >\u012apa\u0161as funkcijas<\/a><\/li><li class='ez-toc-page-1 ez-toc-heading-level-4'><a class=\"ez-toc-link ez-toc-heading-4\" href=\"https:\/\/saphirsmaragd.com\/lv\/products\/achat-auf-stand-balance-1325g\/#Mehr_uber_Heilsteine_Kristalle\" >Vair\u0101k par dziedino\u0161iem akme\u0146iem un krist\u0101liem<\/a><\/li><li class='ez-toc-page-1 ez-toc-heading-level-4'><a class=\"ez-toc-link ez-toc-heading-5\" href=\"https:\/\/saphirsmaragd.com\/lv\/products\/achat-auf-stand-balance-1325g\/#Weitere_Infos\" >Papildinform\u0101cija<\/a><\/li><\/ul><\/nav><\/div>\n<h4 data-start=\"290\" data-end=\"340\"><span class=\"ez-toc-section\" id=\"Achat_auf_Stand_Balance_13_x_115_x_3_cm_%E2%80%93_1325_grams\"><\/span><strong data-start=\"292\" data-end=\"340\">Achat auf Stand Balance\u00a013 x 11.5 x 3 cm \u2013 1325 grams<\/strong><span class=\"ez-toc-section-end\"><\/span><\/h4>\n<p data-start=\"342\" data-end=\"681\">Der <strong data-start=\"346\" data-end=\"394\">Agate on stand 13 x 11.5 x 3 cm \u2013 1325 grams<\/strong> ist ein au\u00dfergew\u00f6hnliches Einzelst\u00fcck aus Brasilien. Dieser Naturstein auf Metallstand vereint Stabilit\u00e4t, Erdung und innere Balance. Seine sanften Farbt\u00f6ne und seine beruhigende Energie machen ihn zu einem idealen Begleiter f\u00fcr Meditation, Wohnraumharmonie und pers\u00f6nliche Entwicklung.<\/p>\n<hr data-start=\"683\" data-end=\"686\" \/>\n<h4 data-start=\"688\" data-end=\"717\"><span class=\"ez-toc-section\" id=\"Merkmale_Herkunft\"><\/span><strong data-start=\"694\" data-end=\"717\">Raksturojums un izcelsme<\/strong><span class=\"ez-toc-section-end\"><\/span><\/h4>\n<p data-start=\"719\" data-end=\"968\">Farbe: Grau \/ Wei\u00df \/ Braun<br data-start=\"745\" data-end=\"748\" \/>Form: Freie Form auf Stand<br data-start=\"774\" data-end=\"777\" \/>Izcelsme: Braz\u012blija<br data-start=\"796\" data-end=\"799\" \/>Gewicht: 1325 g (inkl. Stand)<br data-start=\"828\" data-end=\"831\" \/>Ma\u00dfe: 13 \u00d7 11.5 \u00d7 3 cm<br data-start=\"853\" data-end=\"856\" \/>Reinheit: Teilweise transluzent<br data-start=\"887\" data-end=\"890\" \/>Behandlung: Keine<br data-start=\"948\" data-end=\"951\" \/>Steinart: Achat<\/p>\n<hr data-start=\"970\" data-end=\"973\" \/>\n<h4 data-start=\"975\" data-end=\"999\"><span class=\"ez-toc-section\" id=\"Besonderheiten\"><\/span><strong data-start=\"981\" data-end=\"999\">\u012apa\u0161as funkcijas<\/strong><span class=\"ez-toc-section-end\"><\/span><\/h4>\n<p data-start=\"1001\" data-end=\"1218\">Der Achat auf Stand Balance 13 x 11.5 x 3 cm \u2013 1325 gramm besticht durch seine nat\u00fcrliche Maserung und harmonische Farbverl\u00e4ufe. Auf einem stabilen Metallfu\u00df montiert, erreicht das Gesamtst\u00fcck eine H\u00f6he von etwa 21.5 cm.<\/p>\n<p data-start=\"1220\" data-end=\"1482\">Achat gilt als einer der wichtigsten Heilsteine f\u00fcr Erdung, Schutz und emotionale Stabilit\u00e4t. Seine Energie wirkt ausgleichend auf K\u00f6rper, Geist und Seele. Der Stein hilft, Stress und Unruhe zu l\u00f6sen, und f\u00f6rdert gleichzeitig Selbstvertrauen und innere St\u00e4rke.<\/p>\n<p data-start=\"1484\" data-end=\"1738\">Besonders bei pers\u00f6nlicher Weiterentwicklung unterst\u00fctzt der Achat auf Stand Balance 13 x 11.5 x 3 cm \u2013 1325 gramm<\/p>\n<p data-start=\"1484\" data-end=\"1738\">\u00a0dabei, Klarheit und Fokus zu bewahren. Durch seine ruhige Schwingung hilft er, Ziele systematisch zu verfolgen und emotionale Balance zu finden.<\/p>\n<hr data-start=\"1740\" data-end=\"1743\" \/>\n<h4 data-start=\"1745\" data-end=\"1787\"><span class=\"ez-toc-section\" id=\"Mehr_uber_Heilsteine_Kristalle\"><\/span><strong data-start=\"1751\" data-end=\"1787\">Vair\u0101k par dziedino\u0161iem akme\u0146iem un krist\u0101liem<\/strong><span class=\"ez-toc-section-end\"><\/span><\/h4>\n<p data-start=\"1789\" data-end=\"2020\">Erkunden Sie weitere <a class=\"decorated-link cursor-pointer\" href=\"https:\/\/saphirsmaragd.com\/lv\/product-category\/heilsteine-kristalle-kaufen\/\" target=\"_new\" rel=\"noopener\" data-start=\"1810\" data-end=\"1907\">Dziedino\u0161ie akme\u0146i un krist\u0101li<\/a><\/p>\n<hr data-start=\"2022\" data-end=\"2025\" \/>\n<h4 data-start=\"2027\" data-end=\"2050\"><span class=\"ez-toc-section\" id=\"Weitere_Infos\"><\/span><strong data-start=\"2033\" data-end=\"2050\">Papildinform\u0101cija<\/strong><span class=\"ez-toc-section-end\"><\/span><\/h4>\n<p data-start=\"2052\" data-end=\"2107\"><a class=\"decorated-link cursor-pointer\" href=\"https:\/\/de.wikipedia.org\/wiki\/Achat\" target=\"_new\" rel=\"noopener\" data-start=\"2052\" data-end=\"2107\">Wikipedia: Achat<\/a><\/p>","protected":false},"excerpt":{"rendered":"<p><em>Der Achat auf Stand Balance 13 x 11.5 x 3 cm \u2013 1325 gramm\u00a0 aus Brasilien bringt Erdung, Schutz und innere Ruhe \u2013 ein handverlesenes Unikat auf Metallstandfu\u00df.<\/em><\/p>","protected":false},"featured_media":2812,"comment_status":"open","ping_status":"closed","template":"","meta":{"_glsr_average":0,"_glsr_ranking":0,"_glsr_reviews":0},"product_brand":[],"product_cat":[84],"product_tag":[],"class_list":{"0":"post-2811","1":"product","2":"type-product","3":"status-publish","4":"has-post-thumbnail","6":"product_cat-rohsteine-kaufen","8":"first","9":"instock","10":"shipping-taxable","11":"purchasable","12":"product-type-simple","13":"add-to-wishlist-before_image"},"jetpack_sharing_enabled":true,"_links":{"self":[{"href":"https:\/\/saphirsmaragd.com\/lv\/wp-json\/wp\/v2\/product\/2811","targetHints":{"allow":["GET"]}}],"collection":[{"href":"https:\/\/saphirsmaragd.com\/lv\/wp-json\/wp\/v2\/product"}],"about":[{"href":"https:\/\/saphirsmaragd.com\/lv\/wp-json\/wp\/v2\/types\/product"}],"replies":[{"embeddable":true,"href":"https:\/\/saphirsmaragd.com\/lv\/wp-json\/wp\/v2\/comments?post=2811"}],"version-history":[{"count":1,"href":"https:\/\/saphirsmaragd.com\/lv\/wp-json\/wp\/v2\/product\/2811\/revisions"}],"predecessor-version":[{"id":2814,"href":"https:\/\/saphirsmaragd.com\/lv\/wp-json\/wp\/v2\/product\/2811\/revisions\/2814"}],"wp:featuredmedia":[{"embeddable":true,"href":"https:\/\/saphirsmaragd.com\/lv\/wp-json\/wp\/v2\/media\/2812"}],"wp:attachment":[{"href":"https:\/\/saphirsmaragd.com\/lv\/wp-json\/wp\/v2\/media?parent=2811"}],"wp:term":[{"taxonomy":"product_brand","embeddable":true,"href":"https:\/\/saphirsmaragd.com\/lv\/wp-json\/wp\/v2\/product_brand?post=2811"},{"taxonomy":"product_cat","embeddable":true,"href":"https:\/\/saphirsmaragd.com\/lv\/wp-json\/wp\/v2\/product_cat?post=2811"},{"taxonomy":"product_tag","embeddable":true,"href":"https:\/\/saphirsmaragd.com\/lv\/wp-json\/wp\/v2\/product_tag?post=2811"}],"curies":[{"name":"wp","href":"https:\/\/api.w.org\/{rel}","templated":true}]}}