{"id":2900,"date":"2025-10-13T09:01:21","date_gmt":"2025-10-13T09:01:21","guid":{"rendered":"https:\/\/saphirsmaragd.com\/?post_type=product&#038;p=2900"},"modified":"2025-12-29T18:59:33","modified_gmt":"2025-12-29T18:59:33","slug":"iolith-3-51-karat-blau-violett-oval","status":"publish","type":"product","link":"https:\/\/saphirsmaragd.com\/lv\/products\/iolith-3-51-karat-blau-violett-oval\/","title":{"rendered":"Iol\u012bta 3,51 kar\u0101tu zili violets ov\u0101ls \u2013 faset\u0113ts, dab\u012bgs un sertific\u0113ts"},"content":{"rendered":"<div id=\"ez-toc-container\" class=\"ez-toc-v2_0_82_2 counter-hierarchy ez-toc-counter ez-toc-grey ez-toc-container-direction\">\n<div class=\"ez-toc-title-container\">\n<p class=\"ez-toc-title\" style=\"cursor:inherit\">Satura r\u0101d\u012bt\u0101js<\/p>\n<span class=\"ez-toc-title-toggle\"><a href=\"#\" class=\"ez-toc-pull-right ez-toc-btn ez-toc-btn-xs ez-toc-btn-default ez-toc-toggle\" aria-label=\"Toggle Table of Content\"><span class=\"ez-toc-js-icon-con\"><span class=\"\"><span class=\"eztoc-hide\" style=\"display:none;\">P\u0101rsl\u0113gt<\/span><span class=\"ez-toc-icon-toggle-span\"><svg style=\"fill: #999;color:#999\" xmlns=\"http:\/\/www.w3.org\/2000\/svg\" class=\"list-377408\" width=\"20px\" height=\"20px\" viewbox=\"0 0 24 24\" fill=\"none\"><path d=\"M6 6H4v2h2V6zm14 0H8v2h12V6zM4 11h2v2H4v-2zm16 0H8v2h12v-2zM4 16h2v2H4v-2zm16 0H8v2h12v-2z\" fill=\"currentColor\"><\/path><\/svg><svg style=\"fill: #999;color:#999\" class=\"arrow-unsorted-368013\" xmlns=\"http:\/\/www.w3.org\/2000\/svg\" width=\"10px\" height=\"10px\" viewbox=\"0 0 24 24\" version=\"1.2\" baseprofile=\"tiny\"><path d=\"M18.2 9.3l-6.2-6.3-6.2 6.3c-.2.2-.3.4-.3.7s.1.5.3.7c.2.2.4.3.7.3h11c.3 0 .5-.1.7-.3.2-.2.3-.5.3-.7s-.1-.5-.3-.7zM5.8 14.7l6.2 6.3 6.2-6.3c.2-.2.3-.5.3-.7s-.1-.5-.3-.7c-.2-.2-.4-.3-.7-.3h-11c-.3 0-.5.1-.7.3-.2.2-.3.5-.3.7s.1.5.3.7z\"\/><\/svg><\/span><\/span><\/span><\/a><\/span><\/div>\n<nav><ul class='ez-toc-list ez-toc-list-level-1' ><li class='ez-toc-page-1 ez-toc-heading-level-4'><a class=\"ez-toc-link ez-toc-heading-1\" href=\"https:\/\/saphirsmaragd.com\/lv\/products\/iolith-3-51-karat-blau-violett-oval\/#Iolith_351_Karat_Blau-Violett_Oval_%E2%80%93_facettiert_naturlich_zertifiziert\" >Iolith 3.51 Karat Blau-Violett Oval \u2013 facettiert, nat\u00fcrlich &amp; zertifiziert<\/a><\/li><li class='ez-toc-page-1 ez-toc-heading-level-4'><a class=\"ez-toc-link ez-toc-heading-2\" href=\"https:\/\/saphirsmaragd.com\/lv\/products\/iolith-3-51-karat-blau-violett-oval\/#Merkmale_Herkunft\" >Raksturojums un izcelsme<\/a><\/li><li class='ez-toc-page-1 ez-toc-heading-level-4'><a class=\"ez-toc-link ez-toc-heading-3\" href=\"https:\/\/saphirsmaragd.com\/lv\/products\/iolith-3-51-karat-blau-violett-oval\/#Besonderheiten\" >\u012apa\u0161as funkcijas<\/a><\/li><li class='ez-toc-page-1 ez-toc-heading-level-4'><a class=\"ez-toc-link ez-toc-heading-4\" href=\"https:\/\/saphirsmaragd.com\/lv\/products\/iolith-3-51-karat-blau-violett-oval\/#Mehr_uber_unsere_Edelsteine\" >Vair\u0101k par m\u016bsu d\u0101rgakme\u0146iem<\/a><\/li><li class='ez-toc-page-1 ez-toc-heading-level-4'><a class=\"ez-toc-link ez-toc-heading-5\" href=\"https:\/\/saphirsmaragd.com\/lv\/products\/iolith-3-51-karat-blau-violett-oval\/#Weitere_Infos\" >Papildinform\u0101cija<\/a><\/li><\/ul><\/nav><\/div>\n<h4 data-start=\"788\" data-end=\"867\"><span class=\"ez-toc-section\" id=\"Iolith_351_Karat_Blau-Violett_Oval_%E2%80%93_facettiert_naturlich_zertifiziert\"><\/span>Iolith 3.51 Karat Blau-Violett Oval \u2013 facettiert, nat\u00fcrlich &amp; zertifiziert<span class=\"ez-toc-section-end\"><\/span><\/h4>\n<p data-start=\"868\" data-end=\"1174\">Ein lebendiger, oval facettierter Iolith (Cordierit) mit charakteristischem Blau-Violett und feinem Dichroismus, der je nach Blickrichtung Nuancen von Blau, Violett und Grau zeigt. Unbehandelt, mit sch\u00f6ner Brillanz und Schmuckqualit\u00e4t \u2013 ideal f\u00fcr Ringe oder Anh\u00e4nger; geliefert mit unabh\u00e4ngigem Zertifikat.<\/p>\n<hr data-start=\"1176\" data-end=\"1179\" \/>\n<h4 data-start=\"1181\" data-end=\"1205\"><span class=\"ez-toc-section\" id=\"Merkmale_Herkunft\"><\/span>Raksturojums un izcelsme<span class=\"ez-toc-section-end\"><\/span><\/h4>\n<p data-start=\"1206\" data-end=\"1554\">Stein: Iolith (Cordierit)<br data-start=\"1231\" data-end=\"1234\" \/>Farbe: Blau-Violett (dichroitisch)<br data-start=\"1268\" data-end=\"1271\" \/>Form: Oval (facettiert)<br data-start=\"1294\" data-end=\"1297\" \/>Gr\u00f6\u00dfe: ca. 12 \u00d7 10 mm<br data-start=\"1318\" data-end=\"1321\" \/>Gewicht: 3.51 Karat<br data-start=\"1340\" data-end=\"1343\" \/>Reinheit: Kleine Einschl\u00fcsse (unter 10\u00d7 sichtbar)<br data-start=\"1392\" data-end=\"1395\" \/>\u0100rst\u0113\u0161ana: neapstr\u0101d\u0101ts<br data-start=\"1418\" data-end=\"1421\" \/>Ciet\u012bba: 7 p\u0113c Mosa skalas<br data-start=\"1448\" data-end=\"1451\" \/>Herkunft: Madagaskar<br data-start=\"1471\" data-end=\"1474\" \/>Zertifikat: Val\u00e9rie DURAFFOURG (Gem-A) \u2013 Lieferung mit Zertifikat<br data-start=\"1539\" data-end=\"1542\" \/>St\u0101voklis: Jauns<\/p>\n<hr data-start=\"1556\" data-end=\"1559\" \/>\n<h4 data-start=\"1561\" data-end=\"1580\"><span class=\"ez-toc-section\" id=\"Besonderheiten\"><\/span>\u012apa\u0161as funkcijas<span class=\"ez-toc-section-end\"><\/span><\/h4>\n<p data-start=\"1581\" data-end=\"1869\">Ausgepr\u00e4gter Dichroismus sorgt f\u00fcr wandelbare Blau- bis Violettt\u00f6ne mit eleganter Brillanz \u2013 besonders eindrucksvoll in ovaler Facettierung. Unbehandelte Qualit\u00e4t mit verl\u00e4sslichem Gem-A-Zertifikat bietet maximale Sicherheit und eine attraktive, nat\u00fcrliche Farbwirkung f\u00fcr feinen Schmuck.<\/p>\n<hr data-start=\"1926\" data-end=\"1929\" \/>\n<h4 data-start=\"1931\" data-end=\"1971\"><span class=\"ez-toc-section\" id=\"Mehr_uber_unsere_Edelsteine\"><\/span>Vair\u0101k par m\u016bsu d\u0101rgakme\u0146iem<span class=\"ez-toc-section-end\"><\/span><\/h4>\n<p data-start=\"1972\" data-end=\"2069\"><a href=\"https:\/\/saphirsmaragd.com\/lv\/product-category\/edelsteine-kaufen\/\">d\u0101rgakme\u0146i<\/a><\/p>\n<hr data-start=\"2071\" data-end=\"2074\" \/>\n<h4 data-start=\"2076\" data-end=\"2096\"><span class=\"ez-toc-section\" id=\"Weitere_Infos\"><\/span>Papildinform\u0101cija<span class=\"ez-toc-section-end\"><\/span><\/h4>\n<p><a href=\"https:\/\/de.wikipedia.org\/wiki\/Cordierit\" target=\"_blank\" rel=\"noopener\">Wikipedia: Cordierit<\/a><\/p>","protected":false},"excerpt":{"rendered":"<p data-start=\"404\" data-end=\"680\"><em>Iolith 3.51 Karat Blau-Violett Oval &#8211; Nat\u00fcrlicher Cordierit aus Madagaskar, oval facettiert, blau-violette Dichroismus-Farben, unbehandelt, kleine Einschl\u00fcsse (unter 10\u00d7), H\u00e4rte 7, inkl. Zertifikat von Val\u00e9rie DURAFFOURG (Gem-A).<\/em><\/p>\n<h3 data-start=\"660\" data-end=\"684\"><\/h3>\n<p data-start=\"575\" data-end=\"606\">","protected":false},"featured_media":2903,"comment_status":"open","ping_status":"closed","template":"","meta":{"_glsr_average":0,"_glsr_ranking":0,"_glsr_reviews":0},"product_brand":[],"product_cat":[277],"product_tag":[],"class_list":{"0":"post-2900","1":"product","2":"type-product","3":"status-publish","4":"has-post-thumbnail","6":"product_cat-iolith-cordierit","7":"pa_edelsteinart-iolith-cordierit","8":"pa_farbe-violett","9":"pa_form-oval","10":"pa_gewicht-karat-3-0-5-0-karat","11":"pa_herkunft-madagaskar","12":"pa_reinheit-kleine-einschluesse","13":"pa_veredelung-behandlung-unbehandelt","14":"pa_zertifikat-ja","15":"pa_zustand-neu","17":"first","18":"instock","19":"featured","20":"sold-individually","21":"shipping-taxable","22":"purchasable","23":"product-type-simple","24":"add-to-wishlist-before_image"},"jetpack_sharing_enabled":true,"_links":{"self":[{"href":"https:\/\/saphirsmaragd.com\/lv\/wp-json\/wp\/v2\/product\/2900","targetHints":{"allow":["GET"]}}],"collection":[{"href":"https:\/\/saphirsmaragd.com\/lv\/wp-json\/wp\/v2\/product"}],"about":[{"href":"https:\/\/saphirsmaragd.com\/lv\/wp-json\/wp\/v2\/types\/product"}],"replies":[{"embeddable":true,"href":"https:\/\/saphirsmaragd.com\/lv\/wp-json\/wp\/v2\/comments?post=2900"}],"version-history":[{"count":2,"href":"https:\/\/saphirsmaragd.com\/lv\/wp-json\/wp\/v2\/product\/2900\/revisions"}],"predecessor-version":[{"id":2905,"href":"https:\/\/saphirsmaragd.com\/lv\/wp-json\/wp\/v2\/product\/2900\/revisions\/2905"}],"wp:featuredmedia":[{"embeddable":true,"href":"https:\/\/saphirsmaragd.com\/lv\/wp-json\/wp\/v2\/media\/2903"}],"wp:attachment":[{"href":"https:\/\/saphirsmaragd.com\/lv\/wp-json\/wp\/v2\/media?parent=2900"}],"wp:term":[{"taxonomy":"product_brand","embeddable":true,"href":"https:\/\/saphirsmaragd.com\/lv\/wp-json\/wp\/v2\/product_brand?post=2900"},{"taxonomy":"product_cat","embeddable":true,"href":"https:\/\/saphirsmaragd.com\/lv\/wp-json\/wp\/v2\/product_cat?post=2900"},{"taxonomy":"product_tag","embeddable":true,"href":"https:\/\/saphirsmaragd.com\/lv\/wp-json\/wp\/v2\/product_tag?post=2900"}],"curies":[{"name":"wp","href":"https:\/\/api.w.org\/{rel}","templated":true}]}}