{"id":3282,"date":"2025-10-15T13:15:24","date_gmt":"2025-10-15T13:15:24","guid":{"rendered":"https:\/\/saphirsmaragd.com\/?post_type=product&#038;p=3282"},"modified":"2025-12-29T18:56:54","modified_gmt":"2025-12-29T18:56:54","slug":"spinell-0-10-karat-blau-rund","status":"publish","type":"product","link":"https:\/\/saphirsmaragd.com\/lv\/products\/spinell-0-10-karat-blau-rund\/","title":{"rendered":"Spinelis 0,10 kar\u0101tu zils apa\u013c\u0161 - rets kobalta kr\u0101sas d\u0101rgakmens no Tanz\u0101nijas"},"content":{"rendered":"<div id=\"ez-toc-container\" class=\"ez-toc-v2_0_82_2 counter-hierarchy ez-toc-counter ez-toc-grey ez-toc-container-direction\">\n<div class=\"ez-toc-title-container\">\n<p class=\"ez-toc-title\" style=\"cursor:inherit\">Satura r\u0101d\u012bt\u0101js<\/p>\n<span class=\"ez-toc-title-toggle\"><a href=\"#\" class=\"ez-toc-pull-right ez-toc-btn ez-toc-btn-xs ez-toc-btn-default ez-toc-toggle\" aria-label=\"Toggle Table of Content\"><span class=\"ez-toc-js-icon-con\"><span class=\"\"><span class=\"eztoc-hide\" style=\"display:none;\">P\u0101rsl\u0113gt<\/span><span class=\"ez-toc-icon-toggle-span\"><svg style=\"fill: #999;color:#999\" xmlns=\"http:\/\/www.w3.org\/2000\/svg\" class=\"list-377408\" width=\"20px\" height=\"20px\" viewbox=\"0 0 24 24\" fill=\"none\"><path d=\"M6 6H4v2h2V6zm14 0H8v2h12V6zM4 11h2v2H4v-2zm16 0H8v2h12v-2zM4 16h2v2H4v-2zm16 0H8v2h12v-2z\" fill=\"currentColor\"><\/path><\/svg><svg style=\"fill: #999;color:#999\" class=\"arrow-unsorted-368013\" xmlns=\"http:\/\/www.w3.org\/2000\/svg\" width=\"10px\" height=\"10px\" viewbox=\"0 0 24 24\" version=\"1.2\" baseprofile=\"tiny\"><path d=\"M18.2 9.3l-6.2-6.3-6.2 6.3c-.2.2-.3.4-.3.7s.1.5.3.7c.2.2.4.3.7.3h11c.3 0 .5-.1.7-.3.2-.2.3-.5.3-.7s-.1-.5-.3-.7zM5.8 14.7l6.2 6.3 6.2-6.3c.2-.2.3-.5.3-.7s-.1-.5-.3-.7c-.2-.2-.4-.3-.7-.3h-11c-.3 0-.5.1-.7.3-.2.2-.3.5-.3.7s.1.5.3.7z\"\/><\/svg><\/span><\/span><\/span><\/a><\/span><\/div>\n<nav><ul class='ez-toc-list ez-toc-list-level-1' ><li class='ez-toc-page-1 ez-toc-heading-level-4'><a class=\"ez-toc-link ez-toc-heading-1\" href=\"https:\/\/saphirsmaragd.com\/lv\/products\/spinell-0-10-karat-blau-rund\/#Spinell_010_Karat_Blau_Rund_%E2%80%93_Naturlicher_Edelstein_in_seltener_Farbe\" >Spinell 0.10 Karat Blau Rund \u2013 Nat\u00fcrlicher Edelstein in seltener Farbe<\/a><\/li><li class='ez-toc-page-1 ez-toc-heading-level-4'><a class=\"ez-toc-link ez-toc-heading-2\" href=\"https:\/\/saphirsmaragd.com\/lv\/products\/spinell-0-10-karat-blau-rund\/#Merkmale_Herkunft\" >Raksturojums un izcelsme<\/a><\/li><li class='ez-toc-page-1 ez-toc-heading-level-4'><a class=\"ez-toc-link ez-toc-heading-3\" href=\"https:\/\/saphirsmaragd.com\/lv\/products\/spinell-0-10-karat-blau-rund\/#Besonderheiten\" >\u012apa\u0161as funkcijas<\/a><\/li><li class='ez-toc-page-1 ez-toc-heading-level-4'><a class=\"ez-toc-link ez-toc-heading-4\" href=\"https:\/\/saphirsmaragd.com\/lv\/products\/spinell-0-10-karat-blau-rund\/#Mehr_uber_unsere_Edelsteine\" >Vair\u0101k par m\u016bsu d\u0101rgakme\u0146iem<\/a><\/li><li class='ez-toc-page-1 ez-toc-heading-level-4'><a class=\"ez-toc-link ez-toc-heading-5\" href=\"https:\/\/saphirsmaragd.com\/lv\/products\/spinell-0-10-karat-blau-rund\/#Weitere_Infos\" >Papildinform\u0101cija<\/a><\/li><\/ul><\/nav><\/div>\n<h4 data-start=\"541\" data-end=\"615\"><span class=\"ez-toc-section\" id=\"Spinell_010_Karat_Blau_Rund_%E2%80%93_Naturlicher_Edelstein_in_seltener_Farbe\"><\/span><strong data-start=\"541\" data-end=\"615\">Spinell 0.10 Karat Blau Rund \u2013 Nat\u00fcrlicher Edelstein in seltener Farbe<\/strong><span class=\"ez-toc-section-end\"><\/span><\/h4>\n<p data-start=\"617\" data-end=\"843\">Ein intensiver kobaltblauer Edelstein mit nat\u00fcrlichem Ursprung und hervorragender Reinheit. Dieser Spinell 0.10 Karat Blau Rund besticht durch seine Seltenheit und eignet sich ideal f\u00fcr feine Schmuckkreationen oder Sammlungen.<\/p>\n<hr data-start=\"1311\" data-end=\"1314\" \/>\n<h4 data-start=\"1040\" data-end=\"1066\"><span class=\"ez-toc-section\" id=\"Merkmale_Herkunft\"><\/span>Raksturojums un izcelsme<span class=\"ez-toc-section-end\"><\/span><\/h4>\n<p data-start=\"1067\" data-end=\"1309\">Stein: Spinell<br data-start=\"892\" data-end=\"895\" \/>Kr\u0101sa: zila<br data-start=\"906\" data-end=\"909\" \/>Forma: Apa\u013ca<br data-start=\"919\" data-end=\"922\" \/>Gewicht: 0.10 Karat<br data-start=\"941\" data-end=\"944\" \/>Gr\u00f6\u00dfe: 2,7 mm<br data-start=\"957\" data-end=\"960\" \/>Ciet\u012bba: 8 p\u0113c Mosa skalas<br data-start=\"987\" data-end=\"990\" \/>Reinheit: Augenrein \u2013 sehr feine Einschl\u00fcsse nur unter 10x sichtbar<br data-start=\"1057\" data-end=\"1060\" \/>Izcelsme: Tanz\u0101nija<br data-start=\"1078\" data-end=\"1081\" \/>\u0100rst\u0113\u0161ana: neapstr\u0101d\u0101ts<br data-start=\"1104\" data-end=\"1107\" \/>Zertifikat: Val\u00e9rie DURRAFFOURG (Gem-A, London)<\/p>\n<hr data-start=\"1311\" data-end=\"1314\" \/>\n<h4 data-start=\"1316\" data-end=\"1337\"><span class=\"ez-toc-section\" id=\"Besonderheiten\"><\/span>\u012apa\u0161as funkcijas<span class=\"ez-toc-section-end\"><\/span><\/h4>\n<p data-start=\"1184\" data-end=\"1517\">Dieser nat\u00fcrliche Spinell 0.10 Karat Blau-Rund zeichnet sich durch seine au\u00dfergew\u00f6hnlich lebendige Farbe und hohe Transparenz aus. Die seltene kobaltblaue T\u00f6nung ist rein nat\u00fcrlich und stammt nicht aus einer Behandlung. Die klare Facettierung sorgt f\u00fcr ein brillantes Lichtspiel, das den Stein trotz seiner Gr\u00f6\u00dfe hervorstechen l\u00e4sst.<\/p>\n<hr data-start=\"1926\" data-end=\"1929\" \/>\n<h4 data-start=\"1931\" data-end=\"1971\"><span class=\"ez-toc-section\" id=\"Mehr_uber_unsere_Edelsteine\"><\/span>Vair\u0101k par m\u016bsu d\u0101rgakme\u0146iem<span class=\"ez-toc-section-end\"><\/span><\/h4>\n<p data-start=\"1972\" data-end=\"2069\"><a href=\"https:\/\/saphirsmaragd.com\/lv\/product-category\/edelsteine-kaufen\/\">d\u0101rgakme\u0146i<\/a><\/p>\n<hr data-start=\"2071\" data-end=\"2074\" \/>\n<h4 data-start=\"2076\" data-end=\"2096\"><span class=\"ez-toc-section\" id=\"Weitere_Infos\"><\/span>Papildinform\u0101cija<span class=\"ez-toc-section-end\"><\/span><\/h4>\n<p><a href=\"https:\/\/de.wikipedia.org\/wiki\/Spinell\" target=\"_blank\" rel=\"noopener\">Vikip\u0113dija: Spinels<\/a><\/p>","protected":false},"excerpt":{"rendered":"<p data-start=\"226\" data-end=\"395\"><em>Edler Spinell 0.10 Karat Blau Rund mit nat\u00fcrlicher Farbe und Zertifikat. Ideal f\u00fcr feine Schmuckfassungen. Jetzt entdecken.<\/em><\/p>\n<h3 data-start=\"466\" data-end=\"497\"><\/h3>\n<h3 data-start=\"660\" data-end=\"684\"><\/h3>\n<p data-start=\"575\" data-end=\"606\">","protected":false},"featured_media":3285,"comment_status":"open","ping_status":"closed","template":"","meta":{"_glsr_average":0,"_glsr_ranking":0,"_glsr_reviews":0},"product_brand":[],"product_cat":[290],"product_tag":[],"class_list":{"0":"post-3282","1":"product","2":"type-product","3":"status-publish","4":"has-post-thumbnail","6":"product_cat-spinell","7":"pa_edelsteinart-spinell","8":"pa_farbe-blau","9":"pa_form-quadrat","10":"pa_gewicht-karat-0-1-0-5-karat","11":"pa_herkunft-tansania","12":"pa_reinheit-augenrein","13":"pa_veredelung-behandlung-unbehandelt","14":"pa_zertifikat-ja","15":"pa_zustand-neu","17":"first","18":"instock","19":"featured","20":"sold-individually","21":"shipping-taxable","22":"purchasable","23":"product-type-simple","24":"add-to-wishlist-before_image"},"jetpack_sharing_enabled":true,"_links":{"self":[{"href":"https:\/\/saphirsmaragd.com\/lv\/wp-json\/wp\/v2\/product\/3282","targetHints":{"allow":["GET"]}}],"collection":[{"href":"https:\/\/saphirsmaragd.com\/lv\/wp-json\/wp\/v2\/product"}],"about":[{"href":"https:\/\/saphirsmaragd.com\/lv\/wp-json\/wp\/v2\/types\/product"}],"replies":[{"embeddable":true,"href":"https:\/\/saphirsmaragd.com\/lv\/wp-json\/wp\/v2\/comments?post=3282"}],"version-history":[{"count":2,"href":"https:\/\/saphirsmaragd.com\/lv\/wp-json\/wp\/v2\/product\/3282\/revisions"}],"predecessor-version":[{"id":3287,"href":"https:\/\/saphirsmaragd.com\/lv\/wp-json\/wp\/v2\/product\/3282\/revisions\/3287"}],"wp:featuredmedia":[{"embeddable":true,"href":"https:\/\/saphirsmaragd.com\/lv\/wp-json\/wp\/v2\/media\/3285"}],"wp:attachment":[{"href":"https:\/\/saphirsmaragd.com\/lv\/wp-json\/wp\/v2\/media?parent=3282"}],"wp:term":[{"taxonomy":"product_brand","embeddable":true,"href":"https:\/\/saphirsmaragd.com\/lv\/wp-json\/wp\/v2\/product_brand?post=3282"},{"taxonomy":"product_cat","embeddable":true,"href":"https:\/\/saphirsmaragd.com\/lv\/wp-json\/wp\/v2\/product_cat?post=3282"},{"taxonomy":"product_tag","embeddable":true,"href":"https:\/\/saphirsmaragd.com\/lv\/wp-json\/wp\/v2\/product_tag?post=3282"}],"curies":[{"name":"wp","href":"https:\/\/api.w.org\/{rel}","templated":true}]}}