{"id":3522,"date":"2025-10-18T14:10:34","date_gmt":"2025-10-18T14:10:34","guid":{"rendered":"https:\/\/saphirsmaragd.com\/?post_type=product&#038;p=3522"},"modified":"2025-12-29T18:56:12","modified_gmt":"2025-12-29T18:56:12","slug":"turmalin-0-60-karat-rund-gruen-rosa","status":"publish","type":"product","link":"https:\/\/saphirsmaragd.com\/lv\/products\/turmalin-0-60-karat-rund-gruen-rosa\/","title":{"rendered":"Turmal\u012bns 0,60 kar\u0101tu apa\u013c\u0161 za\u013ci roz\u0101 \u2013 divto\u0146u arb\u016bza efekts ar dabisku sp\u012bdumu"},"content":{"rendered":"<div id=\"ez-toc-container\" class=\"ez-toc-v2_0_82_2 counter-hierarchy ez-toc-counter ez-toc-grey ez-toc-container-direction\">\n<div class=\"ez-toc-title-container\">\n<p class=\"ez-toc-title\" style=\"cursor:inherit\">Satura r\u0101d\u012bt\u0101js<\/p>\n<span class=\"ez-toc-title-toggle\"><a href=\"#\" class=\"ez-toc-pull-right ez-toc-btn ez-toc-btn-xs ez-toc-btn-default ez-toc-toggle\" aria-label=\"Toggle Table of Content\"><span class=\"ez-toc-js-icon-con\"><span class=\"\"><span class=\"eztoc-hide\" style=\"display:none;\">P\u0101rsl\u0113gt<\/span><span class=\"ez-toc-icon-toggle-span\"><svg style=\"fill: #999;color:#999\" xmlns=\"http:\/\/www.w3.org\/2000\/svg\" class=\"list-377408\" width=\"20px\" height=\"20px\" viewbox=\"0 0 24 24\" fill=\"none\"><path d=\"M6 6H4v2h2V6zm14 0H8v2h12V6zM4 11h2v2H4v-2zm16 0H8v2h12v-2zM4 16h2v2H4v-2zm16 0H8v2h12v-2z\" fill=\"currentColor\"><\/path><\/svg><svg style=\"fill: #999;color:#999\" class=\"arrow-unsorted-368013\" xmlns=\"http:\/\/www.w3.org\/2000\/svg\" width=\"10px\" height=\"10px\" viewbox=\"0 0 24 24\" version=\"1.2\" baseprofile=\"tiny\"><path d=\"M18.2 9.3l-6.2-6.3-6.2 6.3c-.2.2-.3.4-.3.7s.1.5.3.7c.2.2.4.3.7.3h11c.3 0 .5-.1.7-.3.2-.2.3-.5.3-.7s-.1-.5-.3-.7zM5.8 14.7l6.2 6.3 6.2-6.3c.2-.2.3-.5.3-.7s-.1-.5-.3-.7c-.2-.2-.4-.3-.7-.3h-11c-.3 0-.5.1-.7.3-.2.2-.3.5-.3.7s.1.5.3.7z\"\/><\/svg><\/span><\/span><\/span><\/a><\/span><\/div>\n<nav><ul class='ez-toc-list ez-toc-list-level-1' ><li class='ez-toc-page-1 ez-toc-heading-level-4'><a class=\"ez-toc-link ez-toc-heading-1\" href=\"https:\/\/saphirsmaragd.com\/lv\/products\/turmalin-0-60-karat-rund-gruen-rosa\/#Turmalin_060_Karat_Rund_Grun_Rosa_%E2%80%93_Einzigartige_Zweifarbigkeit_in_naturlichem_Glanz\" >Turmalin 0.60 Karat Rund Gr\u00fcn Rosa \u2013 Einzigartige Zweifarbigkeit in nat\u00fcrlichem Glanz<\/a><\/li><li class='ez-toc-page-1 ez-toc-heading-level-4'><a class=\"ez-toc-link ez-toc-heading-2\" href=\"https:\/\/saphirsmaragd.com\/lv\/products\/turmalin-0-60-karat-rund-gruen-rosa\/#_Merkmale_Herkunft\" >\u00a0Raksturojums un izcelsme<\/a><\/li><li class='ez-toc-page-1 ez-toc-heading-level-4'><a class=\"ez-toc-link ez-toc-heading-3\" href=\"https:\/\/saphirsmaragd.com\/lv\/products\/turmalin-0-60-karat-rund-gruen-rosa\/#Besonderheiten\" >\u012apa\u0161as funkcijas<\/a><\/li><li class='ez-toc-page-1 ez-toc-heading-level-4'><a class=\"ez-toc-link ez-toc-heading-4\" href=\"https:\/\/saphirsmaragd.com\/lv\/products\/turmalin-0-60-karat-rund-gruen-rosa\/#Mehr_uber_unsere_Edelsteine\" >Vair\u0101k par m\u016bsu d\u0101rgakme\u0146iem<\/a><\/li><li class='ez-toc-page-1 ez-toc-heading-level-4'><a class=\"ez-toc-link ez-toc-heading-5\" href=\"https:\/\/saphirsmaragd.com\/lv\/products\/turmalin-0-60-karat-rund-gruen-rosa\/#Weitere_Infos\" >Papildinform\u0101cija<\/a><\/li><\/ul><\/nav><\/div>\n<h4 data-start=\"766\" data-end=\"1095\"><span class=\"ez-toc-section\" id=\"Turmalin_060_Karat_Rund_Grun_Rosa_%E2%80%93_Einzigartige_Zweifarbigkeit_in_naturlichem_Glanz\"><\/span><strong data-start=\"766\" data-end=\"855\">Turmalin 0.60 Karat Rund Gr\u00fcn Rosa \u2013 Einzigartige Zweifarbigkeit in nat\u00fcrlichem Glanz<\/strong><span class=\"ez-toc-section-end\"><\/span><\/h4>\n<p data-start=\"766\" data-end=\"1095\">Dieser seltene Watermelon-Turmalin besticht durch seinen nat\u00fcrlichen Farbverlauf von Gr\u00fcn zu Rosa und seine runde Schliffform. Mit 0.60 Karat und wundersch\u00f6ner Transparenz ist er ein perfekter Edelstein f\u00fcr individuelle Schmuckfassungen.<\/p>\n<hr data-start=\"1097\" data-end=\"1100\" \/>\n<h4 data-start=\"1102\" data-end=\"1131\"><span class=\"ez-toc-section\" id=\"_Merkmale_Herkunft\"><\/span>\u00a0Raksturojums un izcelsme<span class=\"ez-toc-section-end\"><\/span><\/h4>\n<p data-start=\"1132\" data-end=\"1357\">Steinart: Turmalin<br data-start=\"1150\" data-end=\"1153\" \/>Farbe: Gr\u00fcn Rosa<br data-start=\"1169\" data-end=\"1172\" \/>Forma: Apa\u013ca<br data-start=\"1182\" data-end=\"1185\" \/>Gewicht: 0.60 Karat<br data-start=\"1204\" data-end=\"1207\" \/>Ciet\u012bba: 7 Mohs<br data-start=\"1220\" data-end=\"1223\" \/>Gr\u00f6\u00dfe: 5 mm<br data-start=\"1234\" data-end=\"1237\" \/>Reinheit: Deutliche Einschl\u00fcsse sichtbar unter 10x Vergr\u00f6\u00dferung<br data-start=\"1290\" data-end=\"1293\" \/>\u0100rst\u0113\u0161ana: neapstr\u0101d\u0101ts<br data-start=\"1316\" data-end=\"1319\" \/>Zertifikat: Val\u00e9rie DURAFFOURG<br data-start=\"1335\" data-end=\"1338\" \/>Izcelsme: Braz\u012blija<\/p>\n<hr data-start=\"1359\" data-end=\"1362\" \/>\n<h4 data-start=\"1364\" data-end=\"1388\"><span class=\"ez-toc-section\" id=\"Besonderheiten\"><\/span>\u012apa\u0161as funkcijas<span class=\"ez-toc-section-end\"><\/span><\/h4>\n<p data-start=\"1389\" data-end=\"1626\">Dieser Turmalin 0.60 Karat Rund Gr\u00fcn-Rosa zeigt den begehrten Watermelon-Effekt, bei dem sich zwei Farben nat\u00fcrlich vereinen. Die facettierte Oberfl\u00e4che sorgt f\u00fcr Lichtspiel und Brillanz \u2013 ideal f\u00fcr feine Ringe, Anh\u00e4nger oder Sammlungen.<\/p>\n<hr data-start=\"1926\" data-end=\"1929\" \/>\n<h4 data-start=\"1931\" data-end=\"1971\"><span class=\"ez-toc-section\" id=\"Mehr_uber_unsere_Edelsteine\"><\/span>Vair\u0101k par m\u016bsu d\u0101rgakme\u0146iem<span class=\"ez-toc-section-end\"><\/span><\/h4>\n<p data-start=\"1972\" data-end=\"2069\"><a href=\"https:\/\/saphirsmaragd.com\/lv\/product-category\/edelsteine-kaufen\/\">d\u0101rgakme\u0146i<\/a><\/p>\n<hr data-start=\"2071\" data-end=\"2074\" \/>\n<h4 data-start=\"2076\" data-end=\"2096\"><span class=\"ez-toc-section\" id=\"Weitere_Infos\"><\/span>Papildinform\u0101cija<span class=\"ez-toc-section-end\"><\/span><\/h4>\n<p><a href=\"https:\/\/de.wikipedia.org\/wiki\/Turmalin\" target=\"_blank\" rel=\"noopener\">Wikipedia: Turmalin<\/a><\/p>","protected":false},"excerpt":{"rendered":"<p data-start=\"435\" data-end=\"591\"><em>Turmalin 0.60 Karat Rund Gr\u00fcn Rosa mit nat\u00fcrlichem Farbverlauf von Gr\u00fcn zu Rosa, rund facettiert und unbehandelt \u2013 ideal f\u00fcr individuelle Schmuckst\u00fccke.<\/em><\/p>","protected":false},"featured_media":3525,"comment_status":"open","ping_status":"closed","template":"","meta":{"_glsr_average":0,"_glsr_ranking":0,"_glsr_reviews":0},"product_brand":[],"product_cat":[109],"product_tag":[],"class_list":{"0":"post-3522","1":"product","2":"type-product","3":"status-publish","4":"has-post-thumbnail","6":"product_cat-turmalin-kaufen","7":"pa_edelsteinart-turmalin","8":"pa_farbe-gruen","9":"pa_farbe-rosa","10":"pa_form-rund","11":"pa_gewicht-karat-0-5-1-0-karat","12":"pa_herkunft-brasilien","13":"pa_reinheit-deutliche-einschluesse","14":"pa_veredelung-behandlung-unbehandelt","15":"pa_zertifikat-ja","16":"pa_zustand-neu","18":"first","19":"instock","20":"featured","21":"sold-individually","22":"shipping-taxable","23":"purchasable","24":"product-type-simple","25":"add-to-wishlist-before_image"},"jetpack_sharing_enabled":true,"_links":{"self":[{"href":"https:\/\/saphirsmaragd.com\/lv\/wp-json\/wp\/v2\/product\/3522","targetHints":{"allow":["GET"]}}],"collection":[{"href":"https:\/\/saphirsmaragd.com\/lv\/wp-json\/wp\/v2\/product"}],"about":[{"href":"https:\/\/saphirsmaragd.com\/lv\/wp-json\/wp\/v2\/types\/product"}],"replies":[{"embeddable":true,"href":"https:\/\/saphirsmaragd.com\/lv\/wp-json\/wp\/v2\/comments?post=3522"}],"version-history":[{"count":1,"href":"https:\/\/saphirsmaragd.com\/lv\/wp-json\/wp\/v2\/product\/3522\/revisions"}],"predecessor-version":[{"id":3527,"href":"https:\/\/saphirsmaragd.com\/lv\/wp-json\/wp\/v2\/product\/3522\/revisions\/3527"}],"wp:featuredmedia":[{"embeddable":true,"href":"https:\/\/saphirsmaragd.com\/lv\/wp-json\/wp\/v2\/media\/3525"}],"wp:attachment":[{"href":"https:\/\/saphirsmaragd.com\/lv\/wp-json\/wp\/v2\/media?parent=3522"}],"wp:term":[{"taxonomy":"product_brand","embeddable":true,"href":"https:\/\/saphirsmaragd.com\/lv\/wp-json\/wp\/v2\/product_brand?post=3522"},{"taxonomy":"product_cat","embeddable":true,"href":"https:\/\/saphirsmaragd.com\/lv\/wp-json\/wp\/v2\/product_cat?post=3522"},{"taxonomy":"product_tag","embeddable":true,"href":"https:\/\/saphirsmaragd.com\/lv\/wp-json\/wp\/v2\/product_tag?post=3522"}],"curies":[{"name":"wp","href":"https:\/\/api.w.org\/{rel}","templated":true}]}}