{"id":3544,"date":"2025-10-18T16:02:03","date_gmt":"2025-10-18T16:02:03","guid":{"rendered":"https:\/\/saphirsmaragd.com\/?post_type=product&#038;p=3544"},"modified":"2025-12-29T18:56:09","modified_gmt":"2025-12-29T18:56:09","slug":"turmalin-0-82-karat-rosa-oval","status":"publish","type":"product","link":"https:\/\/saphirsmaragd.com\/lv\/products\/turmalin-0-82-karat-rosa-oval\/","title":{"rendered":"Turmal\u012bns 0,82 kar\u0101tu roz\u0101 ov\u0101ls \u2013 faset\u0113ts d\u0101rgakmens ar mirdzumu un dzidrumu"},"content":{"rendered":"<div id=\"ez-toc-container\" class=\"ez-toc-v2_0_82_2 counter-hierarchy ez-toc-counter ez-toc-grey ez-toc-container-direction\">\n<div class=\"ez-toc-title-container\">\n<p class=\"ez-toc-title\" style=\"cursor:inherit\">Satura r\u0101d\u012bt\u0101js<\/p>\n<span class=\"ez-toc-title-toggle\"><a href=\"#\" class=\"ez-toc-pull-right ez-toc-btn ez-toc-btn-xs ez-toc-btn-default ez-toc-toggle\" aria-label=\"Toggle Table of Content\"><span class=\"ez-toc-js-icon-con\"><span class=\"\"><span class=\"eztoc-hide\" style=\"display:none;\">P\u0101rsl\u0113gt<\/span><span class=\"ez-toc-icon-toggle-span\"><svg style=\"fill: #999;color:#999\" xmlns=\"http:\/\/www.w3.org\/2000\/svg\" class=\"list-377408\" width=\"20px\" height=\"20px\" viewbox=\"0 0 24 24\" fill=\"none\"><path d=\"M6 6H4v2h2V6zm14 0H8v2h12V6zM4 11h2v2H4v-2zm16 0H8v2h12v-2zM4 16h2v2H4v-2zm16 0H8v2h12v-2z\" fill=\"currentColor\"><\/path><\/svg><svg style=\"fill: #999;color:#999\" class=\"arrow-unsorted-368013\" xmlns=\"http:\/\/www.w3.org\/2000\/svg\" width=\"10px\" height=\"10px\" viewbox=\"0 0 24 24\" version=\"1.2\" baseprofile=\"tiny\"><path d=\"M18.2 9.3l-6.2-6.3-6.2 6.3c-.2.2-.3.4-.3.7s.1.5.3.7c.2.2.4.3.7.3h11c.3 0 .5-.1.7-.3.2-.2.3-.5.3-.7s-.1-.5-.3-.7zM5.8 14.7l6.2 6.3 6.2-6.3c.2-.2.3-.5.3-.7s-.1-.5-.3-.7c-.2-.2-.4-.3-.7-.3h-11c-.3 0-.5.1-.7.3-.2.2-.3.5-.3.7s.1.5.3.7z\"\/><\/svg><\/span><\/span><\/span><\/a><\/span><\/div>\n<nav><ul class='ez-toc-list ez-toc-list-level-1' ><li class='ez-toc-page-1 ez-toc-heading-level-4'><a class=\"ez-toc-link ez-toc-heading-1\" href=\"https:\/\/saphirsmaragd.com\/lv\/products\/turmalin-0-82-karat-rosa-oval\/#Turmalin_082_Karat_Rosa_Oval_%E2%80%93_Eleganz_in_naturlicher_Farbe\" >Turmalin 0.82 Karat Rosa Oval \u2013 Eleganz in nat\u00fcrlicher Farbe<\/a><\/li><li class='ez-toc-page-1 ez-toc-heading-level-4'><a class=\"ez-toc-link ez-toc-heading-2\" href=\"https:\/\/saphirsmaragd.com\/lv\/products\/turmalin-0-82-karat-rosa-oval\/#Merkmale_Herkunft\" >Raksturojums un izcelsme<\/a><\/li><li class='ez-toc-page-1 ez-toc-heading-level-4'><a class=\"ez-toc-link ez-toc-heading-3\" href=\"https:\/\/saphirsmaragd.com\/lv\/products\/turmalin-0-82-karat-rosa-oval\/#Besonderheiten\" >\u012apa\u0161as funkcijas<\/a><\/li><li class='ez-toc-page-1 ez-toc-heading-level-4'><a class=\"ez-toc-link ez-toc-heading-4\" href=\"https:\/\/saphirsmaragd.com\/lv\/products\/turmalin-0-82-karat-rosa-oval\/#Mehr_uber_unsere_Edelsteine\" >Vair\u0101k par m\u016bsu d\u0101rgakme\u0146iem<\/a><\/li><li class='ez-toc-page-1 ez-toc-heading-level-4'><a class=\"ez-toc-link ez-toc-heading-5\" href=\"https:\/\/saphirsmaragd.com\/lv\/products\/turmalin-0-82-karat-rosa-oval\/#Weitere_Infos\" >Papildinform\u0101cija<\/a><\/li><\/ul><\/nav><\/div>\n<h4 data-start=\"652\" data-end=\"722\"><span class=\"ez-toc-section\" id=\"Turmalin_082_Karat_Rosa_Oval_%E2%80%93_Eleganz_in_naturlicher_Farbe\"><\/span><strong data-start=\"656\" data-end=\"720\">Turmalin 0.82 Karat Rosa Oval \u2013 Eleganz in nat\u00fcrlicher Farbe<\/strong><span class=\"ez-toc-section-end\"><\/span><\/h4>\n<p data-start=\"723\" data-end=\"851\">Ein zart rosafarbener Turmalin mit lebendiger Transparenz und feinem Glanz, ideal f\u00fcr hochwertige Schmuckst\u00fccke oder Sammlungen.<\/p>\n<hr data-start=\"853\" data-end=\"856\" \/>\n<h4 data-start=\"858\" data-end=\"887\"><span class=\"ez-toc-section\" id=\"Merkmale_Herkunft\"><\/span>Raksturojums un izcelsme<span class=\"ez-toc-section-end\"><\/span><\/h4>\n<p>Steinart: Turmalin<br data-start=\"899\" data-end=\"902\" \/>Farbe: Rosa<br data-start=\"899\" data-end=\"902\" \/>Form: Oval<br data-start=\"912\" data-end=\"915\" \/>Gewicht: 0.82 Karat<br data-start=\"934\" data-end=\"937\" \/>Gr\u00f6\u00dfe: 7 \u00d7 5 mm<br data-start=\"952\" data-end=\"955\" \/>Reinheit: Augenrein mit feinen Einschl\u00fcssen<br data-start=\"998\" data-end=\"1001\" \/>\u0100rst\u0113\u0161ana: neapstr\u0101d\u0101ts<br data-start=\"1018\" data-end=\"1021\" \/>Ciet\u012bba: 7 p\u0113c Mosa skalas<br data-start=\"1048\" data-end=\"1051\" \/>Zertifikat: Ja (Val\u00e9rie Duraffourg \u2013 Gem-A)<br data-start=\"1094\" data-end=\"1097\" \/>Izcelsme: Braz\u012blija<br data-start=\"1503\" data-end=\"1506\" \/>St\u0101voklis: Jauns<\/p>\n<hr data-start=\"1139\" data-end=\"1142\" \/>\n<h4 data-start=\"1144\" data-end=\"1168\"><span class=\"ez-toc-section\" id=\"Besonderheiten\"><\/span>\u012apa\u0161as funkcijas<span class=\"ez-toc-section-end\"><\/span><\/h4>\n<p data-start=\"1169\" data-end=\"1357\">Dieser Turmalin besticht durch seinen femininen Rosaton, die facettierte Brillanz und die nat\u00fcrliche Reinheit. Die ovale Form macht ihn ideal f\u00fcr Ringe, Anh\u00e4nger oder individuelle Designs.<\/p>\n<hr data-start=\"1926\" data-end=\"1929\" \/>\n<h4 data-start=\"1931\" data-end=\"1971\"><span class=\"ez-toc-section\" id=\"Mehr_uber_unsere_Edelsteine\"><\/span>Vair\u0101k par m\u016bsu d\u0101rgakme\u0146iem<span class=\"ez-toc-section-end\"><\/span><\/h4>\n<p data-start=\"1972\" data-end=\"2069\"><a href=\"https:\/\/saphirsmaragd.com\/lv\/product-category\/edelsteine-kaufen\/\">d\u0101rgakme\u0146i<\/a><\/p>\n<hr data-start=\"2071\" data-end=\"2074\" \/>\n<h4 data-start=\"2076\" data-end=\"2096\"><span class=\"ez-toc-section\" id=\"Weitere_Infos\"><\/span>Papildinform\u0101cija<span class=\"ez-toc-section-end\"><\/span><\/h4>\n<p><a href=\"https:\/\/de.wikipedia.org\/wiki\/Turmalin\" target=\"_blank\" rel=\"noopener\">Wikipedia: Turmalin<\/a><\/p>","protected":false},"excerpt":{"rendered":"<p data-start=\"354\" data-end=\"518\"><em>Ein nat\u00fcrlicher Turmalin 0.82 Karat Rosa Oval geschliffen (7\u00d75 mm), mit sichtbarer Reinheit und sch\u00f6ner Brillanz. Perfekt f\u00fcr individuelle Schmuckanfertigungen.<\/em><\/p>\n<h2 data-start=\"523\" data-end=\"548\"><\/h2>","protected":false},"featured_media":3547,"comment_status":"open","ping_status":"closed","template":"","meta":{"_glsr_average":0,"_glsr_ranking":0,"_glsr_reviews":0},"product_brand":[],"product_cat":[109],"product_tag":[],"class_list":{"0":"post-3544","1":"product","2":"type-product","3":"status-publish","4":"has-post-thumbnail","6":"product_cat-turmalin-kaufen","7":"pa_edelsteinart-turmalin","8":"pa_farbe-rosa","9":"pa_form-oval","10":"pa_gewicht-karat-0-5-1-0-karat","11":"pa_herkunft-brasilien","12":"pa_reinheit-augenrein","13":"pa_veredelung-behandlung-unbehandelt","14":"pa_zertifikat-ja","15":"pa_zustand-neu","17":"first","18":"instock","19":"featured","20":"sold-individually","21":"shipping-taxable","22":"purchasable","23":"product-type-simple","24":"add-to-wishlist-before_image"},"jetpack_sharing_enabled":true,"_links":{"self":[{"href":"https:\/\/saphirsmaragd.com\/lv\/wp-json\/wp\/v2\/product\/3544","targetHints":{"allow":["GET"]}}],"collection":[{"href":"https:\/\/saphirsmaragd.com\/lv\/wp-json\/wp\/v2\/product"}],"about":[{"href":"https:\/\/saphirsmaragd.com\/lv\/wp-json\/wp\/v2\/types\/product"}],"replies":[{"embeddable":true,"href":"https:\/\/saphirsmaragd.com\/lv\/wp-json\/wp\/v2\/comments?post=3544"}],"version-history":[{"count":1,"href":"https:\/\/saphirsmaragd.com\/lv\/wp-json\/wp\/v2\/product\/3544\/revisions"}],"predecessor-version":[{"id":3548,"href":"https:\/\/saphirsmaragd.com\/lv\/wp-json\/wp\/v2\/product\/3544\/revisions\/3548"}],"wp:featuredmedia":[{"embeddable":true,"href":"https:\/\/saphirsmaragd.com\/lv\/wp-json\/wp\/v2\/media\/3547"}],"wp:attachment":[{"href":"https:\/\/saphirsmaragd.com\/lv\/wp-json\/wp\/v2\/media?parent=3544"}],"wp:term":[{"taxonomy":"product_brand","embeddable":true,"href":"https:\/\/saphirsmaragd.com\/lv\/wp-json\/wp\/v2\/product_brand?post=3544"},{"taxonomy":"product_cat","embeddable":true,"href":"https:\/\/saphirsmaragd.com\/lv\/wp-json\/wp\/v2\/product_cat?post=3544"},{"taxonomy":"product_tag","embeddable":true,"href":"https:\/\/saphirsmaragd.com\/lv\/wp-json\/wp\/v2\/product_tag?post=3544"}],"curies":[{"name":"wp","href":"https:\/\/api.w.org\/{rel}","templated":true}]}}