{"id":4892,"date":"2025-11-12T15:38:40","date_gmt":"2025-11-12T15:38:40","guid":{"rendered":"https:\/\/saphirsmaragd.com\/?post_type=product&#038;p=4892"},"modified":"2025-12-29T18:49:36","modified_gmt":"2025-12-29T18:49:36","slug":"sphen-0-62-karat-rund-gelbgruen","status":"publish","type":"product","link":"https:\/\/saphirsmaragd.com\/lv\/products\/sphen-0-62-karat-rund-gelbgruen\/","title":{"rendered":"Sphen 0.62 Karat Rund Gelbgr\u00fcn \u2013 faszinierender Edelstein mit au\u00dfergew\u00f6hnlicher Brillanz"},"content":{"rendered":"<div id=\"ez-toc-container\" class=\"ez-toc-v2_0_82_2 counter-hierarchy ez-toc-counter ez-toc-grey ez-toc-container-direction\">\n<div class=\"ez-toc-title-container\">\n<p class=\"ez-toc-title\" style=\"cursor:inherit\">Satura r\u0101d\u012bt\u0101js<\/p>\n<span class=\"ez-toc-title-toggle\"><a href=\"#\" class=\"ez-toc-pull-right ez-toc-btn ez-toc-btn-xs ez-toc-btn-default ez-toc-toggle\" aria-label=\"Toggle Table of Content\"><span class=\"ez-toc-js-icon-con\"><span class=\"\"><span class=\"eztoc-hide\" style=\"display:none;\">P\u0101rsl\u0113gt<\/span><span class=\"ez-toc-icon-toggle-span\"><svg style=\"fill: #999;color:#999\" xmlns=\"http:\/\/www.w3.org\/2000\/svg\" class=\"list-377408\" width=\"20px\" height=\"20px\" viewbox=\"0 0 24 24\" fill=\"none\"><path d=\"M6 6H4v2h2V6zm14 0H8v2h12V6zM4 11h2v2H4v-2zm16 0H8v2h12v-2zM4 16h2v2H4v-2zm16 0H8v2h12v-2z\" fill=\"currentColor\"><\/path><\/svg><svg style=\"fill: #999;color:#999\" class=\"arrow-unsorted-368013\" xmlns=\"http:\/\/www.w3.org\/2000\/svg\" width=\"10px\" height=\"10px\" viewbox=\"0 0 24 24\" version=\"1.2\" baseprofile=\"tiny\"><path d=\"M18.2 9.3l-6.2-6.3-6.2 6.3c-.2.2-.3.4-.3.7s.1.5.3.7c.2.2.4.3.7.3h11c.3 0 .5-.1.7-.3.2-.2.3-.5.3-.7s-.1-.5-.3-.7zM5.8 14.7l6.2 6.3 6.2-6.3c.2-.2.3-.5.3-.7s-.1-.5-.3-.7c-.2-.2-.4-.3-.7-.3h-11c-.3 0-.5.1-.7.3-.2.2-.3.5-.3.7s.1.5.3.7z\"\/><\/svg><\/span><\/span><\/span><\/a><\/span><\/div>\n<nav><ul class='ez-toc-list ez-toc-list-level-1' ><li class='ez-toc-page-1 ez-toc-heading-level-4'><a class=\"ez-toc-link ez-toc-heading-1\" href=\"https:\/\/saphirsmaragd.com\/lv\/products\/sphen-0-62-karat-rund-gelbgruen\/#Sphen_062_Karat_Rund_Gelbgrun_%E2%80%93_Edelstein_mit_spektakularem_Feuer\" >Sphen 0.62 Karat Rund Gelbgr\u00fcn \u2013 Edelstein mit spektakul\u00e4rem Feuer<\/a><\/li><li class='ez-toc-page-1 ez-toc-heading-level-4'><a class=\"ez-toc-link ez-toc-heading-2\" href=\"https:\/\/saphirsmaragd.com\/lv\/products\/sphen-0-62-karat-rund-gelbgruen\/#Merkmale_Herkunft\" >Raksturojums un izcelsme<\/a><\/li><li class='ez-toc-page-1 ez-toc-heading-level-4'><a class=\"ez-toc-link ez-toc-heading-3\" href=\"https:\/\/saphirsmaragd.com\/lv\/products\/sphen-0-62-karat-rund-gelbgruen\/#Besonderheiten\" >\u012apa\u0161as funkcijas<\/a><\/li><li class='ez-toc-page-1 ez-toc-heading-level-4'><a class=\"ez-toc-link ez-toc-heading-4\" href=\"https:\/\/saphirsmaragd.com\/lv\/products\/sphen-0-62-karat-rund-gelbgruen\/#Mehr_uber_unsere_Edelsteine\" >Vair\u0101k par m\u016bsu d\u0101rgakme\u0146iem<\/a><\/li><li class='ez-toc-page-1 ez-toc-heading-level-4'><a class=\"ez-toc-link ez-toc-heading-5\" href=\"https:\/\/saphirsmaragd.com\/lv\/products\/sphen-0-62-karat-rund-gelbgruen\/#Weitere_Infos\" >Papildinform\u0101cija<\/a><\/li><\/ul><\/nav><\/div>\n<h4 data-start=\"773\" data-end=\"846\"><span class=\"ez-toc-section\" id=\"Sphen_062_Karat_Rund_Gelbgrun_%E2%80%93_Edelstein_mit_spektakularem_Feuer\"><\/span>Sphen 0.62 Karat Rund Gelbgr\u00fcn \u2013 Edelstein mit spektakul\u00e4rem Feuer<span class=\"ez-toc-section-end\"><\/span><\/h4>\n<p data-start=\"847\" data-end=\"1153\">Der <strong data-start=\"851\" data-end=\"885\">Sphen 0.62 Karat Rund Gelbgr\u00fcn<\/strong> ist ein au\u00dfergew\u00f6hnlich funkelnder Edelstein, der f\u00fcr seine intensive Lichtstreuung und sein beeindruckendes Farbenspiel bekannt ist. Mit seinem brillanten Rundschliff und der leuchtend gelbgr\u00fcnen Farbe z\u00e4hlt er zu den seltenen Sammlerst\u00fccken unter den Edelsteinen.<\/p>\n<p data-start=\"1155\" data-end=\"1498\">Dieser nat\u00fcrliche Sphen stammt aus Madagaskar und zeigt ein atemberaubendes Feuer, das an Diamanten erinnert. Seine hohe Dispersion sorgt f\u00fcr farbintensive Reflexe in Gr\u00fcn- und Goldt\u00f6nen. Jeder Stein wird von <strong data-start=\"1364\" data-end=\"1401\">Val\u00e9rie DURAFFOURG (Gem-A London)<\/strong> gepr\u00fcft und mit einem Echtheitszertifikat ausgeliefert \u2013 ein Garant f\u00fcr Qualit\u00e4t und Echtheit.<\/p>\n<p data-start=\"1500\" data-end=\"1637\">Ob als Sammlerst\u00fcck oder als zentrales Element f\u00fcr ein individuelles Schmuckdesign \u2013 dieser Sphen ist ein wahres Meisterwerk der Natur.<\/p>\n<hr data-start=\"1639\" data-end=\"1642\" \/>\n<h4 data-start=\"1644\" data-end=\"1670\"><span class=\"ez-toc-section\" id=\"Merkmale_Herkunft\"><\/span>Raksturojums un izcelsme<span class=\"ez-toc-section-end\"><\/span><\/h4>\n<p data-start=\"1671\" data-end=\"2059\">Steinart: Sphen (auch Titanit genannt)<br data-start=\"1709\" data-end=\"1712\" \/>Farbe: Gelbgr\u00fcn<br data-start=\"1727\" data-end=\"1730\" \/>Forma: Apa\u013ca \u0161\u0137aut\u0146aina forma<br data-start=\"1751\" data-end=\"1754\" \/>Gewicht: 0.62 Karat<br data-start=\"1773\" data-end=\"1776\" \/>Gr\u00f6\u00dfe: 5.37 mm<br data-start=\"1790\" data-end=\"1793\" \/>H\u00e4rte: 5 bis 5.5 auf der Mohs-Skala<br data-start=\"1828\" data-end=\"1831\" \/>Reinheit: Mit blo\u00dfem Auge klar, sehr feine Einschl\u00fcsse unter 10-facher Vergr\u00f6\u00dferung sichtbar<br data-start=\"1923\" data-end=\"1926\" \/>Transparenz: Transparent<br data-start=\"1950\" data-end=\"1953\" \/>Behandlung: Keine<br data-start=\"1970\" data-end=\"1973\" \/>Herkunft: Madagaskar<br data-start=\"1993\" data-end=\"1996\" \/>Zertifikat: Val\u00e9rie DURAFFOURG (Gem-A, London)<br data-start=\"2042\" data-end=\"2045\" \/>St\u0101voklis: Jauns<\/p>\n<hr data-start=\"2061\" data-end=\"2064\" \/>\n<h4 data-start=\"2066\" data-end=\"2087\"><span class=\"ez-toc-section\" id=\"Besonderheiten\"><\/span>\u012apa\u0161as funkcijas<span class=\"ez-toc-section-end\"><\/span><\/h4>\n<p data-start=\"2088\" data-end=\"2363\">Der <strong data-start=\"2092\" data-end=\"2126\">Sphen 0.62 Karat Rund Gelbgr\u00fcn<\/strong> \u00fcberzeugt durch seine enorme Brillanz und das intensive Farbspiel, das durch die starke Lichtstreuung entsteht. Aufgrund seiner hohen Dispersion wird er h\u00e4ufig mit Diamanten verglichen und fasziniert durch seine spektakul\u00e4ren Reflexe.<\/p>\n<p data-start=\"2365\" data-end=\"2650\">Sphen, auch Titanit genannt, ist ein seltener Edelstein, der von Sammlern aufgrund seines besonderen Glanzes gesch\u00e4tzt wird. Seine vergleichsweise geringe H\u00e4rte macht ihn zu einem Stein, der vor allem f\u00fcr Sammlungen oder kunstvolle Schmuckst\u00fccke mit gesch\u00fctzter Fassung geeignet ist.<\/p>\n<hr data-start=\"2070\" data-end=\"2073\" \/>\n<h4 data-start=\"1931\" data-end=\"1971\"><span class=\"ez-toc-section\" id=\"Mehr_uber_unsere_Edelsteine\"><\/span>Vair\u0101k par m\u016bsu d\u0101rgakme\u0146iem<span class=\"ez-toc-section-end\"><\/span><\/h4>\n<p data-start=\"1972\" data-end=\"2069\"><a href=\"https:\/\/saphirsmaragd.com\/lv\/product-category\/edelsteine-kaufen\/\">d\u0101rgakme\u0146i<\/a><\/p>\n<hr data-start=\"2744\" data-end=\"2747\" \/>\n<h4 data-start=\"2665\" data-end=\"2688\"><span class=\"ez-toc-section\" id=\"Weitere_Infos\"><\/span>Papildinform\u0101cija<span class=\"ez-toc-section-end\"><\/span><\/h4>\n<p data-start=\"2824\" data-end=\"2893\"><a class=\"decorated-link cursor-pointer\" href=\"https:\/\/de.wikipedia.org\/wiki\/Titanit\" target=\"_new\" rel=\"noopener\" data-start=\"2824\" data-end=\"2891\">Wikipedia: Titanit (Sphen)<\/a><\/p>","protected":false},"excerpt":{"rendered":"<p data-start=\"455\" data-end=\"636\"><em>Der Sphen 0.62 Karat Rund Gelbgr\u00fcn besticht durch intensiven Glanz, lebendige Lichtreflexe und seltene Farbbrillanz. Mit Echtheitszertifikat von Val\u00e9rie DURAFFOURG (Gem-A London).<\/em><\/p>","protected":false},"featured_media":4895,"comment_status":"open","ping_status":"closed","template":"","meta":{"_glsr_average":0,"_glsr_ranking":0,"_glsr_reviews":0},"product_brand":[],"product_cat":[305],"product_tag":[],"class_list":{"0":"post-4892","1":"product","2":"type-product","3":"status-publish","4":"has-post-thumbnail","6":"product_cat-seltene-edelsteine","7":"pa_edelsteinart-seltene-edelsteine","8":"pa_farbe-gelb","9":"pa_form-oval","10":"pa_gewicht-karat-0-5-1-0-karat","11":"pa_herkunft-madagaskar","12":"pa_reinheit-sehr-kleine-einschluesse","13":"pa_veredelung-behandlung-unbehandelt","14":"pa_zertifikat-ja","15":"pa_zustand-neu","17":"first","18":"instock","19":"featured","20":"sold-individually","21":"shipping-taxable","22":"purchasable","23":"product-type-simple","24":"add-to-wishlist-before_image"},"jetpack_sharing_enabled":true,"_links":{"self":[{"href":"https:\/\/saphirsmaragd.com\/lv\/wp-json\/wp\/v2\/product\/4892","targetHints":{"allow":["GET"]}}],"collection":[{"href":"https:\/\/saphirsmaragd.com\/lv\/wp-json\/wp\/v2\/product"}],"about":[{"href":"https:\/\/saphirsmaragd.com\/lv\/wp-json\/wp\/v2\/types\/product"}],"replies":[{"embeddable":true,"href":"https:\/\/saphirsmaragd.com\/lv\/wp-json\/wp\/v2\/comments?post=4892"}],"version-history":[{"count":1,"href":"https:\/\/saphirsmaragd.com\/lv\/wp-json\/wp\/v2\/product\/4892\/revisions"}],"predecessor-version":[{"id":4896,"href":"https:\/\/saphirsmaragd.com\/lv\/wp-json\/wp\/v2\/product\/4892\/revisions\/4896"}],"wp:featuredmedia":[{"embeddable":true,"href":"https:\/\/saphirsmaragd.com\/lv\/wp-json\/wp\/v2\/media\/4895"}],"wp:attachment":[{"href":"https:\/\/saphirsmaragd.com\/lv\/wp-json\/wp\/v2\/media?parent=4892"}],"wp:term":[{"taxonomy":"product_brand","embeddable":true,"href":"https:\/\/saphirsmaragd.com\/lv\/wp-json\/wp\/v2\/product_brand?post=4892"},{"taxonomy":"product_cat","embeddable":true,"href":"https:\/\/saphirsmaragd.com\/lv\/wp-json\/wp\/v2\/product_cat?post=4892"},{"taxonomy":"product_tag","embeddable":true,"href":"https:\/\/saphirsmaragd.com\/lv\/wp-json\/wp\/v2\/product_tag?post=4892"}],"curies":[{"name":"wp","href":"https:\/\/api.w.org\/{rel}","templated":true}]}}