{"id":5122,"date":"2025-11-14T13:17:06","date_gmt":"2025-11-14T13:17:06","guid":{"rendered":"https:\/\/saphirsmaragd.com\/?post_type=product&#038;p=5122"},"modified":"2025-12-29T18:49:22","modified_gmt":"2025-12-29T18:49:22","slug":"sphalerit-1-52-karat-farbe-orange","status":"publish","type":"product","link":"https:\/\/saphirsmaragd.com\/lv\/products\/sphalerit-1-52-karat-farbe-orange\/","title":{"rendered":"Sphalerit 1.52 Karat Farbe Orange \u2013 Kissenf\u00f6rmiger Cabochon mit warmem Glanz"},"content":{"rendered":"<div id=\"ez-toc-container\" class=\"ez-toc-v2_0_82_2 counter-hierarchy ez-toc-counter ez-toc-grey ez-toc-container-direction\">\n<div class=\"ez-toc-title-container\">\n<p class=\"ez-toc-title\" style=\"cursor:inherit\">Satura r\u0101d\u012bt\u0101js<\/p>\n<span class=\"ez-toc-title-toggle\"><a href=\"#\" class=\"ez-toc-pull-right ez-toc-btn ez-toc-btn-xs ez-toc-btn-default ez-toc-toggle\" aria-label=\"Toggle Table of Content\"><span class=\"ez-toc-js-icon-con\"><span class=\"\"><span class=\"eztoc-hide\" style=\"display:none;\">P\u0101rsl\u0113gt<\/span><span class=\"ez-toc-icon-toggle-span\"><svg style=\"fill: #999;color:#999\" xmlns=\"http:\/\/www.w3.org\/2000\/svg\" class=\"list-377408\" width=\"20px\" height=\"20px\" viewbox=\"0 0 24 24\" fill=\"none\"><path d=\"M6 6H4v2h2V6zm14 0H8v2h12V6zM4 11h2v2H4v-2zm16 0H8v2h12v-2zM4 16h2v2H4v-2zm16 0H8v2h12v-2z\" fill=\"currentColor\"><\/path><\/svg><svg style=\"fill: #999;color:#999\" class=\"arrow-unsorted-368013\" xmlns=\"http:\/\/www.w3.org\/2000\/svg\" width=\"10px\" height=\"10px\" viewbox=\"0 0 24 24\" version=\"1.2\" baseprofile=\"tiny\"><path d=\"M18.2 9.3l-6.2-6.3-6.2 6.3c-.2.2-.3.4-.3.7s.1.5.3.7c.2.2.4.3.7.3h11c.3 0 .5-.1.7-.3.2-.2.3-.5.3-.7s-.1-.5-.3-.7zM5.8 14.7l6.2 6.3 6.2-6.3c.2-.2.3-.5.3-.7s-.1-.5-.3-.7c-.2-.2-.4-.3-.7-.3h-11c-.3 0-.5.1-.7.3-.2.2-.3.5-.3.7s.1.5.3.7z\"\/><\/svg><\/span><\/span><\/span><\/a><\/span><\/div>\n<nav><ul class='ez-toc-list ez-toc-list-level-1' ><li class='ez-toc-page-1 ez-toc-heading-level-4'><a class=\"ez-toc-link ez-toc-heading-1\" href=\"https:\/\/saphirsmaragd.com\/lv\/products\/sphalerit-1-52-karat-farbe-orange\/#Sphalerit_152_Karat_Farbe_Orange_%E2%80%93_naturlicher_Cabochon_mit_intensiver_Farbtiefe\" >Sphalerit 1.52 Karat Farbe Orange \u2013 nat\u00fcrlicher Cabochon mit intensiver Farbtiefe<\/a><\/li><li class='ez-toc-page-1 ez-toc-heading-level-4'><a class=\"ez-toc-link ez-toc-heading-2\" href=\"https:\/\/saphirsmaragd.com\/lv\/products\/sphalerit-1-52-karat-farbe-orange\/#Merkmale_Herkunft\" >Raksturojums un izcelsme<\/a><\/li><li class='ez-toc-page-1 ez-toc-heading-level-4'><a class=\"ez-toc-link ez-toc-heading-3\" href=\"https:\/\/saphirsmaragd.com\/lv\/products\/sphalerit-1-52-karat-farbe-orange\/#Besonderheiten\" >\u012apa\u0161as funkcijas<\/a><\/li><li class='ez-toc-page-1 ez-toc-heading-level-4'><a class=\"ez-toc-link ez-toc-heading-4\" href=\"https:\/\/saphirsmaragd.com\/lv\/products\/sphalerit-1-52-karat-farbe-orange\/#Mehr_uber_unsere_Edelsteine\" >Vair\u0101k par m\u016bsu d\u0101rgakme\u0146iem<\/a><\/li><li class='ez-toc-page-1 ez-toc-heading-level-4'><a class=\"ez-toc-link ez-toc-heading-5\" href=\"https:\/\/saphirsmaragd.com\/lv\/products\/sphalerit-1-52-karat-farbe-orange\/#Weitere_Infos\" >Papildinform\u0101cija<\/a><\/li><\/ul><\/nav><\/div>\n<h4 data-start=\"1268\" data-end=\"1358\"><span class=\"ez-toc-section\" id=\"Sphalerit_152_Karat_Farbe_Orange_%E2%80%93_naturlicher_Cabochon_mit_intensiver_Farbtiefe\"><\/span><strong data-start=\"1271\" data-end=\"1356\">Sphalerit 1.52 Karat Farbe Orange \u2013 nat\u00fcrlicher Cabochon mit intensiver Farbtiefe<\/strong><span class=\"ez-toc-section-end\"><\/span><\/h4>\n<p data-start=\"1359\" data-end=\"1689\">Dieser elegante <strong data-start=\"1375\" data-end=\"1412\">Sphalerit 1.52 Karat Farbe Orange<\/strong> zeigt ein warmes, leuchtendes Orange mit nat\u00fcrlichem Glanz, das besonders im Cabochonschliff zur Geltung kommt. Der Stein besitzt eine hervorragende Transparenz f\u00fcr diese Mineralgruppe und zeigt nat\u00fcrliche Einschl\u00fcsse, die sein authentisches Erscheinungsbild unterstreichen.<\/p>\n<p data-start=\"1691\" data-end=\"1875\">Der Edelstein wird mit einem Echtheitszertifikat der Gemmologin Val\u00e9rie Duraffourg (Gem-A) geliefert und eignet sich ideal f\u00fcr feine Schmuckkreationen oder als besonderes Sammlerst\u00fcck.<\/p>\n<hr data-start=\"1877\" data-end=\"1880\" \/>\n<h4 data-start=\"1882\" data-end=\"1915\"><span class=\"ez-toc-section\" id=\"Merkmale_Herkunft\"><\/span><strong data-start=\"1887\" data-end=\"1913\">Raksturojums un izcelsme<\/strong><span class=\"ez-toc-section-end\"><\/span><\/h4>\n<p data-start=\"1916\" data-end=\"2232\">Steinart: Sphalerit<br data-start=\"1935\" data-end=\"1938\" \/>Farbe: Orange<br data-start=\"1951\" data-end=\"1954\" \/>Form: Kissenf\u00f6rmiger Cabochon<br data-start=\"1983\" data-end=\"1986\" \/>Gewicht: 1.52 Karat<br data-start=\"2005\" data-end=\"2008\" \/>Gr\u00f6\u00dfe: 6 \u00d7 6.2 mm<br data-start=\"2025\" data-end=\"2028\" \/>Reinheit: Deutliche Einschl\u00fcsse (sichtbar mit blo\u00dfem Auge)<br data-start=\"2086\" data-end=\"2089\" \/>H\u00e4rte: 4 auf der Mohs-Skala<br data-start=\"2144\" data-end=\"2147\" \/>\u0100rst\u0113\u0161ana: neapstr\u0101d\u0101ts<br data-start=\"2170\" data-end=\"2173\" \/>Zertifikat: Ja (Val\u00e9rie Duraffourg, Gem-A)<br data-start=\"2215\" data-end=\"2218\" \/>St\u0101voklis: Jauns<\/p>\n<hr data-start=\"2234\" data-end=\"2237\" \/>\n<h4 data-start=\"2239\" data-end=\"2267\"><span class=\"ez-toc-section\" id=\"Besonderheiten\"><\/span><strong data-start=\"2244\" data-end=\"2265\">\u012apa\u0161as funkcijas<\/strong><span class=\"ez-toc-section-end\"><\/span><\/h4>\n<p data-start=\"2268\" data-end=\"2640\">Dieser <strong data-start=\"2275\" data-end=\"2312\">Sphalerit 1.52 Karat Farbe Orange<\/strong> geh\u00f6rt zu den selteneren Sammlersteinen, da facettierter Sphalerit aufgrund seiner geringen H\u00e4rte sehr selten verarbeitet wird. Im Cabochonschliff kommt seine nat\u00fcrliche Leuchtkraft besonders sch\u00f6n zur Geltung. Die warmen orangefarbenen Einschl\u00fcsse verleihen dem Stein Tiefe, Charakter und ein naturbelassenes Erscheinungsbild.<\/p>\n<p data-start=\"2642\" data-end=\"2899\">Sphalerit besitzt einen au\u00dfergew\u00f6hnlich hohen Dispersionseffekt (st\u00e4rker als Diamant), weshalb sein Lichtspiel in glatten, gew\u00f6lbten Schliffen oft besonders reizvoll wirkt. In Schmuck empfiehlt sich eine sch\u00fctzende Fassung, da das Mineral empfindlicher ist.<\/p>\n<hr data-start=\"2070\" data-end=\"2073\" \/>\n<h4 data-start=\"1931\" data-end=\"1971\"><span class=\"ez-toc-section\" id=\"Mehr_uber_unsere_Edelsteine\"><\/span>Vair\u0101k par m\u016bsu d\u0101rgakme\u0146iem<span class=\"ez-toc-section-end\"><\/span><\/h4>\n<p data-start=\"1972\" data-end=\"2069\"><a href=\"https:\/\/saphirsmaragd.com\/lv\/product-category\/edelsteine-kaufen\/\">d\u0101rgakme\u0146i<\/a><\/p>\n<hr data-start=\"2744\" data-end=\"2747\" \/>\n<h4 data-start=\"2665\" data-end=\"2688\"><span class=\"ez-toc-section\" id=\"Weitere_Infos\"><\/span>Papildinform\u0101cija<span class=\"ez-toc-section-end\"><\/span><\/h4>\n<p><a href=\"https:\/\/de.wikipedia.org\/wiki\/Andesin\" target=\"_blank\" rel=\"noopener\">Wikipedia: Andesin<\/a><\/p>","protected":false},"excerpt":{"rendered":"<p data-start=\"801\" data-end=\"1076\"><em>Sphalerit 1.52 Karat Farbe Orange \u2013 ein leuchtend orangefarbener, kissenf\u00f6rmiger Cabochon mit warmem Glanz, nat\u00fcrlicher Transparenz und charakteristischen Einschl\u00fcssen. Mit Zertifikat von Val\u00e9rie Duraffourg (Gem-A). Ein seltener Sammlerstein mit faszinierendem Farbspiel.<\/em><\/p>\n<h2 data-start=\"523\" data-end=\"548\"><\/h2>","protected":false},"featured_media":5124,"comment_status":"open","ping_status":"closed","template":"","meta":{"_glsr_average":0,"_glsr_ranking":0,"_glsr_reviews":0},"product_brand":[],"product_cat":[305],"product_tag":[],"class_list":{"0":"post-5122","1":"product","2":"type-product","3":"status-publish","4":"has-post-thumbnail","6":"product_cat-seltene-edelsteine","7":"pa_edelsteinart-seltene-edelsteine","8":"pa_farbe-orange","9":"pa_form-kissen","10":"pa_gewicht-karat-1-0-3-0-karat","11":"pa_reinheit-deutliche-einschluesse","12":"pa_veredelung-behandlung-unbehandelt","13":"pa_zertifikat-ja","14":"pa_zustand-neu","16":"first","17":"instock","18":"featured","19":"sold-individually","20":"shipping-taxable","21":"purchasable","22":"product-type-simple","23":"add-to-wishlist-before_image"},"jetpack_sharing_enabled":true,"_links":{"self":[{"href":"https:\/\/saphirsmaragd.com\/lv\/wp-json\/wp\/v2\/product\/5122","targetHints":{"allow":["GET"]}}],"collection":[{"href":"https:\/\/saphirsmaragd.com\/lv\/wp-json\/wp\/v2\/product"}],"about":[{"href":"https:\/\/saphirsmaragd.com\/lv\/wp-json\/wp\/v2\/types\/product"}],"replies":[{"embeddable":true,"href":"https:\/\/saphirsmaragd.com\/lv\/wp-json\/wp\/v2\/comments?post=5122"}],"version-history":[{"count":2,"href":"https:\/\/saphirsmaragd.com\/lv\/wp-json\/wp\/v2\/product\/5122\/revisions"}],"predecessor-version":[{"id":5127,"href":"https:\/\/saphirsmaragd.com\/lv\/wp-json\/wp\/v2\/product\/5122\/revisions\/5127"}],"wp:featuredmedia":[{"embeddable":true,"href":"https:\/\/saphirsmaragd.com\/lv\/wp-json\/wp\/v2\/media\/5124"}],"wp:attachment":[{"href":"https:\/\/saphirsmaragd.com\/lv\/wp-json\/wp\/v2\/media?parent=5122"}],"wp:term":[{"taxonomy":"product_brand","embeddable":true,"href":"https:\/\/saphirsmaragd.com\/lv\/wp-json\/wp\/v2\/product_brand?post=5122"},{"taxonomy":"product_cat","embeddable":true,"href":"https:\/\/saphirsmaragd.com\/lv\/wp-json\/wp\/v2\/product_cat?post=5122"},{"taxonomy":"product_tag","embeddable":true,"href":"https:\/\/saphirsmaragd.com\/lv\/wp-json\/wp\/v2\/product_tag?post=5122"}],"curies":[{"name":"wp","href":"https:\/\/api.w.org\/{rel}","templated":true}]}}