{"id":5296,"date":"2025-11-17T03:25:12","date_gmt":"2025-11-17T03:25:12","guid":{"rendered":"https:\/\/saphirsmaragd.com\/?post_type=product&#038;p=5296"},"modified":"2025-12-05T10:21:21","modified_gmt":"2025-12-05T10:21:21","slug":"mondstein-schwarz-spitze","status":"publish","type":"product","link":"https:\/\/saphirsmaragd.com\/lv\/products\/mondstein-schwarz-spitze\/","title":{"rendered":"Mondstein (schwarz) Spitze \u2013 1699 g \u2013 Heilstein f\u00fcr Erdung und spirituelle Entwicklung"},"content":{"rendered":"<div id=\"ez-toc-container\" class=\"ez-toc-v2_0_82_2 counter-hierarchy ez-toc-counter ez-toc-grey ez-toc-container-direction\">\n<div class=\"ez-toc-title-container\">\n<p class=\"ez-toc-title\" style=\"cursor:inherit\">Satura r\u0101d\u012bt\u0101js<\/p>\n<span class=\"ez-toc-title-toggle\"><a href=\"#\" class=\"ez-toc-pull-right ez-toc-btn ez-toc-btn-xs ez-toc-btn-default ez-toc-toggle\" aria-label=\"Toggle Table of Content\"><span class=\"ez-toc-js-icon-con\"><span class=\"\"><span class=\"eztoc-hide\" style=\"display:none;\">P\u0101rsl\u0113gt<\/span><span class=\"ez-toc-icon-toggle-span\"><svg style=\"fill: #999;color:#999\" xmlns=\"http:\/\/www.w3.org\/2000\/svg\" class=\"list-377408\" width=\"20px\" height=\"20px\" viewbox=\"0 0 24 24\" fill=\"none\"><path d=\"M6 6H4v2h2V6zm14 0H8v2h12V6zM4 11h2v2H4v-2zm16 0H8v2h12v-2zM4 16h2v2H4v-2zm16 0H8v2h12v-2z\" fill=\"currentColor\"><\/path><\/svg><svg style=\"fill: #999;color:#999\" class=\"arrow-unsorted-368013\" xmlns=\"http:\/\/www.w3.org\/2000\/svg\" width=\"10px\" height=\"10px\" viewbox=\"0 0 24 24\" version=\"1.2\" baseprofile=\"tiny\"><path d=\"M18.2 9.3l-6.2-6.3-6.2 6.3c-.2.2-.3.4-.3.7s.1.5.3.7c.2.2.4.3.7.3h11c.3 0 .5-.1.7-.3.2-.2.3-.5.3-.7s-.1-.5-.3-.7zM5.8 14.7l6.2 6.3 6.2-6.3c.2-.2.3-.5.3-.7s-.1-.5-.3-.7c-.2-.2-.4-.3-.7-.3h-11c-.3 0-.5.1-.7.3-.2.2-.3.5-.3.7s.1.5.3.7z\"\/><\/svg><\/span><\/span><\/span><\/a><\/span><\/div>\n<nav><ul class='ez-toc-list ez-toc-list-level-1' ><li class='ez-toc-page-1 ez-toc-heading-level-4'><a class=\"ez-toc-link ez-toc-heading-1\" href=\"https:\/\/saphirsmaragd.com\/lv\/products\/mondstein-schwarz-spitze\/#Mondstein_schwarz_Spitze_%E2%80%93_1699_g_%E2%80%93_Heilstein_aus_Naturvorkommen\" >Mondstein (schwarz) Spitze \u2013 1699 g \u2013 Heilstein aus Naturvorkommen<\/a><\/li><li class='ez-toc-page-1 ez-toc-heading-level-4'><a class=\"ez-toc-link ez-toc-heading-2\" href=\"https:\/\/saphirsmaragd.com\/lv\/products\/mondstein-schwarz-spitze\/#_Merkmale_Herkunft\" >\u00a0Raksturojums un izcelsme<\/a><\/li><li class='ez-toc-page-1 ez-toc-heading-level-4'><a class=\"ez-toc-link ez-toc-heading-3\" href=\"https:\/\/saphirsmaragd.com\/lv\/products\/mondstein-schwarz-spitze\/#_Besonderheiten\" >\u00a0\u012apa\u0161as funkcijas<\/a><\/li><li class='ez-toc-page-1 ez-toc-heading-level-4'><a class=\"ez-toc-link ez-toc-heading-4\" href=\"https:\/\/saphirsmaragd.com\/lv\/products\/mondstein-schwarz-spitze\/#_Mehr_uber_Mondsteine_Heilsteine\" >\u00a0Mehr \u00fcber Mondsteine &amp; Heilsteine<\/a><\/li><li class='ez-toc-page-1 ez-toc-heading-level-4'><a class=\"ez-toc-link ez-toc-heading-5\" href=\"https:\/\/saphirsmaragd.com\/lv\/products\/mondstein-schwarz-spitze\/#_Weitere_Infos\" >\u00a0Papildinform\u0101cija<\/a><\/li><\/ul><\/nav><\/div>\n<h4 data-start=\"213\" data-end=\"287\"><span class=\"ez-toc-section\" id=\"Mondstein_schwarz_Spitze_%E2%80%93_1699_g_%E2%80%93_Heilstein_aus_Naturvorkommen\"><\/span><strong data-start=\"215\" data-end=\"285\">Mondstein (schwarz) Spitze \u2013 1699 g \u2013 Heilstein aus Naturvorkommen<\/strong><span class=\"ez-toc-section-end\"><\/span><\/h4>\n<p data-start=\"288\" data-end=\"447\">Der Mondstein (schwarz) Spitze ist ein kraftvoller Heilstein, der Erdung, spirituellen Schutz, spirituelle F\u00e4higkeiten und spirituelle Entwicklung f\u00f6rdert.<\/p>\n<hr data-start=\"449\" data-end=\"452\" \/>\n<h4 data-start=\"454\" data-end=\"479\"><span class=\"ez-toc-section\" id=\"_Merkmale_Herkunft\"><\/span>\u00a0Raksturojums un izcelsme<span class=\"ez-toc-section-end\"><\/span><\/h4>\n<p data-start=\"480\" data-end=\"804\">Farbe: Schwarz \/ naturbelassen<br data-start=\"510\" data-end=\"513\" \/>Form: Spitze \/ roh<br data-start=\"558\" data-end=\"561\" \/>Gewicht: 1699 g<br data-start=\"576\" data-end=\"579\" \/>Ma\u00dfe: ca. 21 \u00d7 7.7 \u00d7 6.8 cm<br data-start=\"606\" data-end=\"609\" \/>Reinheit: Nat\u00fcrlich mit kleinen Unebenheiten und Einschl\u00fcsse<br data-start=\"669\" data-end=\"672\" \/>\u0100rst\u0113\u0161ana: neapstr\u0101d\u0101ts<br data-start=\"729\" data-end=\"732\" \/>Steinart: Mondstein<br data-start=\"751\" data-end=\"754\" \/>Besonderheiten: Weiche und empfindliche Struktur<\/p>\n<hr data-start=\"806\" data-end=\"809\" \/>\n<h4 data-start=\"811\" data-end=\"833\"><span class=\"ez-toc-section\" id=\"_Besonderheiten\"><\/span>\u00a0\u012apa\u0161as funkcijas<span class=\"ez-toc-section-end\"><\/span><\/h4>\n<p data-start=\"834\" data-end=\"1306\">Der Mondstein (schwarz) Spitze ist eng mit der Energie des Mondes und der G\u00f6ttlichen Weiblichkeit verbunden. Er unterst\u00fctzt Erdung, spirituellen Schutz und spirituelle Entwicklung und harmonisiert die nat\u00fcrlichen Rhythmen und Zyklen. F\u00fcr Frauen f\u00f6rdert er die Entdeckung der inneren G\u00f6ttin und stimuliert sanft die weibliche Kraft. F\u00fcr M\u00e4nner unterst\u00fctzt er das Gleichgewicht zwischen weiblichen und m\u00e4nnlichen Aspekten (Yin-Yang) und hilft, Emotionen auszugleichen.<\/p>\n<p data-start=\"1308\" data-end=\"1592\">Physisch wirkt der Mondstein positiv auf Biorhythmen, hormonelle Zyklen, das Fortpflanzungssystem, die Bauchspeicheldr\u00fcse, die Zirbeldr\u00fcse, den Fl\u00fcssigkeitshaushalt und \u00d6deme. Er ist besonders hilfreich bei Fruchtbarkeitsproblemen, w\u00e4hrend der Schwangerschaft, Geburt und Stillzeit.<\/p>\n<hr data-start=\"2033\" data-end=\"2036\" \/>\n<h4 data-start=\"2038\" data-end=\"2079\"><span class=\"ez-toc-section\" id=\"_Mehr_uber_Mondsteine_Heilsteine\"><\/span>\u00a0Mehr \u00fcber Mondsteine &amp; Heilsteine<span class=\"ez-toc-section-end\"><\/span><\/h4>\n<p data-start=\"2080\" data-end=\"2123\"><a href=\"https:\/\/saphirsmaragd.com\/lv\/product-category\/heilsteine-kristalle-kaufen\/\">Dziedino\u0161ie akme\u0146i un krist\u0101li<\/a> | Saphir &amp; Smaragd<\/p>\n<hr data-start=\"2125\" data-end=\"2128\" \/>\n<h4 data-start=\"2130\" data-end=\"2151\"><span class=\"ez-toc-section\" id=\"_Weitere_Infos\"><\/span>\u00a0Papildinform\u0101cija<span class=\"ez-toc-section-end\"><\/span><\/h4>\n<p data-start=\"2152\" data-end=\"2218\"><a class=\"decorated-link cursor-pointer\" href=\"https:\/\/de.wikipedia.org\/wiki\/Mondstein\" target=\"_new\" rel=\"noopener\" data-start=\"2152\" data-end=\"2216\">Mondstein \u2013 Wikipedia<\/a><\/p>","protected":false},"excerpt":{"rendered":"<p><em>Der Mondstein (schwarz) Spitze f\u00f6rdert Erdung, spirituellen Schutz, spirituelle F\u00e4higkeiten und spirituelle Entwicklung. Ideal f\u00fcr Meditation, spirituelle Arbeit und energetische Unterst\u00fctzung.<\/em><\/p>","protected":false},"featured_media":5297,"comment_status":"open","ping_status":"closed","template":"","meta":{"_glsr_average":0,"_glsr_ranking":0,"_glsr_reviews":0},"product_brand":[],"product_cat":[84],"product_tag":[],"class_list":{"0":"post-5296","1":"product","2":"type-product","3":"status-publish","4":"has-post-thumbnail","6":"product_cat-rohsteine-kaufen","8":"first","9":"instock","10":"shipping-taxable","11":"purchasable","12":"product-type-simple","13":"add-to-wishlist-before_image"},"jetpack_sharing_enabled":true,"_links":{"self":[{"href":"https:\/\/saphirsmaragd.com\/lv\/wp-json\/wp\/v2\/product\/5296","targetHints":{"allow":["GET"]}}],"collection":[{"href":"https:\/\/saphirsmaragd.com\/lv\/wp-json\/wp\/v2\/product"}],"about":[{"href":"https:\/\/saphirsmaragd.com\/lv\/wp-json\/wp\/v2\/types\/product"}],"replies":[{"embeddable":true,"href":"https:\/\/saphirsmaragd.com\/lv\/wp-json\/wp\/v2\/comments?post=5296"}],"version-history":[{"count":1,"href":"https:\/\/saphirsmaragd.com\/lv\/wp-json\/wp\/v2\/product\/5296\/revisions"}],"predecessor-version":[{"id":5300,"href":"https:\/\/saphirsmaragd.com\/lv\/wp-json\/wp\/v2\/product\/5296\/revisions\/5300"}],"wp:featuredmedia":[{"embeddable":true,"href":"https:\/\/saphirsmaragd.com\/lv\/wp-json\/wp\/v2\/media\/5297"}],"wp:attachment":[{"href":"https:\/\/saphirsmaragd.com\/lv\/wp-json\/wp\/v2\/media?parent=5296"}],"wp:term":[{"taxonomy":"product_brand","embeddable":true,"href":"https:\/\/saphirsmaragd.com\/lv\/wp-json\/wp\/v2\/product_brand?post=5296"},{"taxonomy":"product_cat","embeddable":true,"href":"https:\/\/saphirsmaragd.com\/lv\/wp-json\/wp\/v2\/product_cat?post=5296"},{"taxonomy":"product_tag","embeddable":true,"href":"https:\/\/saphirsmaragd.com\/lv\/wp-json\/wp\/v2\/product_tag?post=5296"}],"curies":[{"name":"wp","href":"https:\/\/api.w.org\/{rel}","templated":true}]}}