{"id":5408,"date":"2025-11-18T20:26:23","date_gmt":"2025-11-18T20:26:23","guid":{"rendered":"https:\/\/saphirsmaragd.com\/?post_type=product&#038;p=5408"},"modified":"2025-11-18T20:26:25","modified_gmt":"2025-11-18T20:26:25","slug":"lapislazuli-obelisk-weisheit","status":"publish","type":"product","link":"https:\/\/saphirsmaragd.com\/lv\/products\/lapislazuli-obelisk-weisheit\/","title":{"rendered":"Lapislazuli Obelisk Weisheit \u2013 Geschliffener Heilstein 1080 g"},"content":{"rendered":"<div id=\"ez-toc-container\" class=\"ez-toc-v2_0_82_2 counter-hierarchy ez-toc-counter ez-toc-grey ez-toc-container-direction\">\n<div class=\"ez-toc-title-container\">\n<p class=\"ez-toc-title\" style=\"cursor:inherit\">Satura r\u0101d\u012bt\u0101js<\/p>\n<span class=\"ez-toc-title-toggle\"><a href=\"#\" class=\"ez-toc-pull-right ez-toc-btn ez-toc-btn-xs ez-toc-btn-default ez-toc-toggle\" aria-label=\"Toggle Table of Content\"><span class=\"ez-toc-js-icon-con\"><span class=\"\"><span class=\"eztoc-hide\" style=\"display:none;\">P\u0101rsl\u0113gt<\/span><span class=\"ez-toc-icon-toggle-span\"><svg style=\"fill: #999;color:#999\" xmlns=\"http:\/\/www.w3.org\/2000\/svg\" class=\"list-377408\" width=\"20px\" height=\"20px\" viewbox=\"0 0 24 24\" fill=\"none\"><path d=\"M6 6H4v2h2V6zm14 0H8v2h12V6zM4 11h2v2H4v-2zm16 0H8v2h12v-2zM4 16h2v2H4v-2zm16 0H8v2h12v-2z\" fill=\"currentColor\"><\/path><\/svg><svg style=\"fill: #999;color:#999\" class=\"arrow-unsorted-368013\" xmlns=\"http:\/\/www.w3.org\/2000\/svg\" width=\"10px\" height=\"10px\" viewbox=\"0 0 24 24\" version=\"1.2\" baseprofile=\"tiny\"><path d=\"M18.2 9.3l-6.2-6.3-6.2 6.3c-.2.2-.3.4-.3.7s.1.5.3.7c.2.2.4.3.7.3h11c.3 0 .5-.1.7-.3.2-.2.3-.5.3-.7s-.1-.5-.3-.7zM5.8 14.7l6.2 6.3 6.2-6.3c.2-.2.3-.5.3-.7s-.1-.5-.3-.7c-.2-.2-.4-.3-.7-.3h-11c-.3 0-.5.1-.7.3-.2.2-.3.5-.3.7s.1.5.3.7z\"\/><\/svg><\/span><\/span><\/span><\/a><\/span><\/div>\n<nav><ul class='ez-toc-list ez-toc-list-level-1' ><li class='ez-toc-page-1 ez-toc-heading-level-4'><a class=\"ez-toc-link ez-toc-heading-1\" href=\"https:\/\/saphirsmaragd.com\/lv\/products\/lapislazuli-obelisk-weisheit\/#Lapislazuli_Obelisk_Weisheit_%E2%80%93_Geschliffener_Heilstein_1080_g\" >Lapislazuli Obelisk Weisheit \u2013 Geschliffener Heilstein 1.080 g<\/a><\/li><li class='ez-toc-page-1 ez-toc-heading-level-4'><a class=\"ez-toc-link ez-toc-heading-2\" href=\"https:\/\/saphirsmaragd.com\/lv\/products\/lapislazuli-obelisk-weisheit\/#_Merkmale_Herkunft\" >\u00a0Raksturojums un izcelsme<\/a><\/li><li class='ez-toc-page-1 ez-toc-heading-level-4'><a class=\"ez-toc-link ez-toc-heading-3\" href=\"https:\/\/saphirsmaragd.com\/lv\/products\/lapislazuli-obelisk-weisheit\/#_Besonderheiten\" >\u00a0\u012apa\u0161as funkcijas<\/a><\/li><li class='ez-toc-page-1 ez-toc-heading-level-4'><a class=\"ez-toc-link ez-toc-heading-4\" href=\"https:\/\/saphirsmaragd.com\/lv\/products\/lapislazuli-obelisk-weisheit\/#_Mehr_uber_Lapislazuli_Heilsteine\" >\u00a0Mehr \u00fcber Lapislazuli &amp; Heilsteine<\/a><\/li><li class='ez-toc-page-1 ez-toc-heading-level-4'><a class=\"ez-toc-link ez-toc-heading-5\" href=\"https:\/\/saphirsmaragd.com\/lv\/products\/lapislazuli-obelisk-weisheit\/#_Weitere_Infos\" >\u00a0Papildinform\u0101cija<\/a><\/li><\/ul><\/nav><\/div>\n<h4 data-start=\"138\" data-end=\"206\"><span class=\"ez-toc-section\" id=\"Lapislazuli_Obelisk_Weisheit_%E2%80%93_Geschliffener_Heilstein_1080_g\"><\/span><strong data-start=\"140\" data-end=\"206\">Lapislazuli Obelisk Weisheit \u2013 Geschliffener Heilstein 1.080 g<\/strong><span class=\"ez-toc-section-end\"><\/span><\/h4>\n<p data-start=\"208\" data-end=\"339\">Der Lapislazuli Obelisk Weisheit ist ein geschliffenes Einzelst\u00fcck aus Madagaskar \u2013 Sie erhalten genau das abgebildete Produkt.<\/p>\n<hr data-start=\"341\" data-end=\"344\" \/>\n<h4 data-start=\"346\" data-end=\"371\"><span class=\"ez-toc-section\" id=\"_Merkmale_Herkunft\"><\/span>\u00a0Raksturojums un izcelsme<span class=\"ez-toc-section-end\"><\/span><\/h4>\n<p data-start=\"372\" data-end=\"663\">Farbe: Tiefblau mit goldfarbenen Pyrit-Einschl\u00fcssen<br data-start=\"423\" data-end=\"426\" \/>Form: Obelisk, geschliffen<br data-start=\"452\" data-end=\"455\" \/>Herkunft: Madagaskar<br data-start=\"475\" data-end=\"478\" \/>Gewicht: 1.080 g<br data-start=\"494\" data-end=\"497\" \/>Ma\u00dfe: 23 x 5 x 5 cm<br data-start=\"516\" data-end=\"519\" \/>Reinheit: Nat\u00fcrlich, mit typischen Einschl\u00fcssen<br data-start=\"566\" data-end=\"569\" \/>\u0100rst\u0113\u0161ana: neapstr\u0101d\u0101ts<br data-start=\"637\" data-end=\"640\" \/>Steinart: Lapislazuli<\/p>\n<hr data-start=\"665\" data-end=\"668\" \/>\n<h4 data-start=\"670\" data-end=\"690\"><span class=\"ez-toc-section\" id=\"_Besonderheiten\"><\/span>\u00a0\u012apa\u0161as funkcijas<span class=\"ez-toc-section-end\"><\/span><\/h4>\n<p data-start=\"691\" data-end=\"1093\">Der Lapislazuli Obelisk Weisheit ist ein kraftvoller Stein f\u00fcr geistige Klarheit, Weisheit und spirituelle Entwicklung. Er unterst\u00fctzt die Konzentration, f\u00f6rdert Lern- und Aufnahmef\u00e4higkeiten und hilft, Informationen effektiv zu verarbeiten. Zudem st\u00e4rkt Lapislazuli Selbstbewusstsein, soziale F\u00e4higkeiten und harmonische Beziehungen, reduziert Einsamkeit und f\u00f6rdert klare, ehrliche Kommunikation.<\/p>\n<p data-start=\"1095\" data-end=\"1403\">Spirituell aktiviert dieser Obelisk Intuition und die Entwicklung spiritueller F\u00e4higkeiten, unterst\u00fctzt astrale oder schamanische Reisen und die Verbindung zu spirituellen F\u00fchrern und Engeln. Sein beruhigendes, harmonisierendes Energiefeld hilft, innere Balance zu finden und emotionale Spannungen abzubauen.<\/p>\n<hr data-start=\"1726\" data-end=\"1729\" \/>\n<h4 data-start=\"1731\" data-end=\"1773\"><span class=\"ez-toc-section\" id=\"_Mehr_uber_Lapislazuli_Heilsteine\"><\/span>\u00a0Mehr \u00fcber Lapislazuli &amp; Heilsteine<span class=\"ez-toc-section-end\"><\/span><\/h4>\n<p data-start=\"1774\" data-end=\"1853\"><a href=\"https:\/\/saphirsmaragd.com\/lv\/product-category\/heilsteine-kristalle-kaufen\/\">Dziedino\u0161ie akme\u0146i un krist\u0101li<\/a> | Lapislazuli &amp; Sodalith<br data-start=\"1821\" data-end=\"1824\" \/>\n<\/p>\n<hr data-start=\"1855\" data-end=\"1858\" \/>\n<h4 data-start=\"1860\" data-end=\"1881\"><span class=\"ez-toc-section\" id=\"_Weitere_Infos\"><\/span>\u00a0Papildinform\u0101cija<span class=\"ez-toc-section-end\"><\/span><\/h4>\n<p data-start=\"1882\" data-end=\"1980\"><a href=\"https:\/\/de.wikipedia.org\/wiki\/Lapislazuli\" target=\"_blank\" rel=\"noopener\">Wikipedia \u2013 Lapislazuli<\/a><br data-start=\"1948\" data-end=\"1951\" \/><\/p>","protected":false},"excerpt":{"rendered":"<p data-start=\"2195\" data-end=\"2488\"><em>Der Lapislazuli Obelisk Weisheit ist ein 1.080 g schweres, geschliffenes Einzelst\u00fcck aus Madagaskar. Ein kraftvoller Stein f\u00fcr geistige Klarheit, Weisheit, harmonische Beziehungen und spirituelle Entwicklung \u2013 ideal f\u00fcr Meditation, Konzentration und Selbstentfaltung.<\/em><\/p>\n<p data-start=\"2490\" data-end=\"2580\">","protected":false},"featured_media":5409,"comment_status":"open","ping_status":"closed","template":"","meta":{"_glsr_average":0,"_glsr_ranking":0,"_glsr_reviews":0},"product_brand":[],"product_cat":[84],"product_tag":[],"class_list":{"0":"post-5408","1":"product","2":"type-product","3":"status-publish","4":"has-post-thumbnail","6":"product_cat-rohsteine-kaufen","8":"first","9":"instock","10":"taxable","11":"shipping-taxable","12":"purchasable","13":"product-type-simple","14":"add-to-wishlist-before_image"},"jetpack_sharing_enabled":true,"_links":{"self":[{"href":"https:\/\/saphirsmaragd.com\/lv\/wp-json\/wp\/v2\/product\/5408","targetHints":{"allow":["GET"]}}],"collection":[{"href":"https:\/\/saphirsmaragd.com\/lv\/wp-json\/wp\/v2\/product"}],"about":[{"href":"https:\/\/saphirsmaragd.com\/lv\/wp-json\/wp\/v2\/types\/product"}],"replies":[{"embeddable":true,"href":"https:\/\/saphirsmaragd.com\/lv\/wp-json\/wp\/v2\/comments?post=5408"}],"version-history":[{"count":1,"href":"https:\/\/saphirsmaragd.com\/lv\/wp-json\/wp\/v2\/product\/5408\/revisions"}],"predecessor-version":[{"id":5412,"href":"https:\/\/saphirsmaragd.com\/lv\/wp-json\/wp\/v2\/product\/5408\/revisions\/5412"}],"wp:featuredmedia":[{"embeddable":true,"href":"https:\/\/saphirsmaragd.com\/lv\/wp-json\/wp\/v2\/media\/5409"}],"wp:attachment":[{"href":"https:\/\/saphirsmaragd.com\/lv\/wp-json\/wp\/v2\/media?parent=5408"}],"wp:term":[{"taxonomy":"product_brand","embeddable":true,"href":"https:\/\/saphirsmaragd.com\/lv\/wp-json\/wp\/v2\/product_brand?post=5408"},{"taxonomy":"product_cat","embeddable":true,"href":"https:\/\/saphirsmaragd.com\/lv\/wp-json\/wp\/v2\/product_cat?post=5408"},{"taxonomy":"product_tag","embeddable":true,"href":"https:\/\/saphirsmaragd.com\/lv\/wp-json\/wp\/v2\/product_tag?post=5408"}],"curies":[{"name":"wp","href":"https:\/\/api.w.org\/{rel}","templated":true}]}}