{"id":5619,"date":"2025-11-23T20:51:52","date_gmt":"2025-11-23T20:51:52","guid":{"rendered":"https:\/\/saphirsmaragd.com\/?post_type=product&#038;p=5619"},"modified":"2025-11-23T20:51:54","modified_gmt":"2025-11-23T20:51:54","slug":"amethyst-chevron-punkt-poliert","status":"publish","type":"product","link":"https:\/\/saphirsmaragd.com\/lv\/products\/amethyst-chevron-punkt-poliert\/","title":{"rendered":"Amethyst Chevron Punkt Poliert \u2013 1809 g \u2013 Naturstein &#038; Unikat"},"content":{"rendered":"<div id=\"ez-toc-container\" class=\"ez-toc-v2_0_82_2 counter-hierarchy ez-toc-counter ez-toc-grey ez-toc-container-direction\">\n<div class=\"ez-toc-title-container\">\n<p class=\"ez-toc-title\" style=\"cursor:inherit\">Satura r\u0101d\u012bt\u0101js<\/p>\n<span class=\"ez-toc-title-toggle\"><a href=\"#\" class=\"ez-toc-pull-right ez-toc-btn ez-toc-btn-xs ez-toc-btn-default ez-toc-toggle\" aria-label=\"Toggle Table of Content\"><span class=\"ez-toc-js-icon-con\"><span class=\"\"><span class=\"eztoc-hide\" style=\"display:none;\">P\u0101rsl\u0113gt<\/span><span class=\"ez-toc-icon-toggle-span\"><svg style=\"fill: #999;color:#999\" xmlns=\"http:\/\/www.w3.org\/2000\/svg\" class=\"list-377408\" width=\"20px\" height=\"20px\" viewbox=\"0 0 24 24\" fill=\"none\"><path d=\"M6 6H4v2h2V6zm14 0H8v2h12V6zM4 11h2v2H4v-2zm16 0H8v2h12v-2zM4 16h2v2H4v-2zm16 0H8v2h12v-2z\" fill=\"currentColor\"><\/path><\/svg><svg style=\"fill: #999;color:#999\" class=\"arrow-unsorted-368013\" xmlns=\"http:\/\/www.w3.org\/2000\/svg\" width=\"10px\" height=\"10px\" viewbox=\"0 0 24 24\" version=\"1.2\" baseprofile=\"tiny\"><path d=\"M18.2 9.3l-6.2-6.3-6.2 6.3c-.2.2-.3.4-.3.7s.1.5.3.7c.2.2.4.3.7.3h11c.3 0 .5-.1.7-.3.2-.2.3-.5.3-.7s-.1-.5-.3-.7zM5.8 14.7l6.2 6.3 6.2-6.3c.2-.2.3-.5.3-.7s-.1-.5-.3-.7c-.2-.2-.4-.3-.7-.3h-11c-.3 0-.5.1-.7.3-.2.2-.3.5-.3.7s.1.5.3.7z\"\/><\/svg><\/span><\/span><\/span><\/a><\/span><\/div>\n<nav><ul class='ez-toc-list ez-toc-list-level-1' ><li class='ez-toc-page-1 ez-toc-heading-level-4'><a class=\"ez-toc-link ez-toc-heading-1\" href=\"https:\/\/saphirsmaragd.com\/lv\/products\/amethyst-chevron-punkt-poliert\/#Amethyst_Chevron_Punkt_Poliert_%E2%80%93_1809_g_%E2%80%93_Naturstein_Unikat\" >Amethyst Chevron Punkt Poliert \u2013 1809 g \u2013 Naturstein &amp; Unikat<\/a><\/li><li class='ez-toc-page-1 ez-toc-heading-level-4'><a class=\"ez-toc-link ez-toc-heading-2\" href=\"https:\/\/saphirsmaragd.com\/lv\/products\/amethyst-chevron-punkt-poliert\/#Merkmale_Herkunft\" >Raksturojums un izcelsme<\/a><\/li><li class='ez-toc-page-1 ez-toc-heading-level-4'><a class=\"ez-toc-link ez-toc-heading-3\" href=\"https:\/\/saphirsmaragd.com\/lv\/products\/amethyst-chevron-punkt-poliert\/#Besonderheiten_Wirkung\" >Besonderheiten &amp; Wirkung<\/a><\/li><li class='ez-toc-page-1 ez-toc-heading-level-4'><a class=\"ez-toc-link ez-toc-heading-4\" href=\"https:\/\/saphirsmaragd.com\/lv\/products\/amethyst-chevron-punkt-poliert\/#Mehr_uber_Amethyste_Heilsteine\" >Vair\u0101k par ametistiem un dziedino\u0161ajiem akme\u0146iem<\/a><\/li><\/ul><\/nav><\/div>\n<h4 data-start=\"769\" data-end=\"834\"><span class=\"ez-toc-section\" id=\"Amethyst_Chevron_Punkt_Poliert_%E2%80%93_1809_g_%E2%80%93_Naturstein_Unikat\"><\/span><strong data-start=\"769\" data-end=\"834\">Amethyst Chevron Punkt Poliert \u2013 1809 g \u2013 Naturstein &amp; Unikat<\/strong><span class=\"ez-toc-section-end\"><\/span><\/h4>\n<p data-start=\"836\" data-end=\"1188\">Dieser beeindruckende Amethyst Chevron Punkt aus Madagaskar ist ein stark schwingender Schutz- und Heilstein. Mit seiner klaren, harmonisierenden Energie unterst\u00fctzt er innere Ruhe, spirituelle Entwicklung und emotionale Balance.<br data-start=\"1065\" data-end=\"1068\" \/>Das St\u00fcck zeigt nat\u00fcrliche Vertiefungen und Imperfektionen, die seine Echtheit und nat\u00fcrliche Entstehung unterstreichen.<\/p>\n<hr data-start=\"1190\" data-end=\"1193\" \/>\n<h4 data-start=\"1195\" data-end=\"1224\"><span class=\"ez-toc-section\" id=\"Merkmale_Herkunft\"><\/span><strong data-start=\"1201\" data-end=\"1224\">Raksturojums un izcelsme<\/strong><span class=\"ez-toc-section-end\"><\/span><\/h4>\n<p data-start=\"1226\" data-end=\"1498\">Farbe: Violett, Lila, Wei\u00df<br data-start=\"1256\" data-end=\"1259\" \/>Form: Polierter Punkt<br data-start=\"1284\" data-end=\"1287\" \/>Herkunft: Madagaskar<br data-start=\"1311\" data-end=\"1314\" \/>Gewicht: 1809 g<br data-start=\"1333\" data-end=\"1336\" \/>Ma\u00dfe: 27 \u00d7 7 \u00d7 5.8 cm<br data-start=\"1361\" data-end=\"1364\" \/>T\u012br\u012bba: dabiska<br data-start=\"1387\" data-end=\"1390\" \/>Behandlung: Poliert<br data-start=\"1455\" data-end=\"1458\" \/>Steinart: Amethyst (Chevron \/ Quarz)<\/p>\n<hr data-start=\"1500\" data-end=\"1503\" \/>\n<h4 data-start=\"1505\" data-end=\"1539\"><span class=\"ez-toc-section\" id=\"Besonderheiten_Wirkung\"><\/span><strong data-start=\"1511\" data-end=\"1539\">Besonderheiten &amp; Wirkung<\/strong><span class=\"ez-toc-section-end\"><\/span><\/h4>\n<p data-start=\"1541\" data-end=\"2115\">Amethyst Chevron wirkt sch\u00fctzend, reinigend und harmonisierend. Er unterst\u00fctzt die Kl\u00e4rung des Geistes, bietet Einsicht in Verhalten und Gewohnheiten, hilft beim Loslassen negativer Muster und beim Verarbeiten emotionaler Erfahrungen.<br data-start=\"1775\" data-end=\"1778\" \/>Er \u00f6ffnet Kronen- und Stirnchakra, f\u00f6rdert spirituelle Entwicklung, Intuition und Verbindung zu h\u00f6heren Energien und Guides. Ideal f\u00fcr Meditation, Praxisr\u00e4ume oder zur energetischen Harmonisierung eines Raumes. Physisch kann Amethyst positiv auf Gehirn und Nervensystem, Kopfschmerzen, Schlafprobleme und allgemeines Wohlbefinden wirken.<\/p>\n<hr data-start=\"2117\" data-end=\"2120\" \/>\n<h4 data-start=\"2122\" data-end=\"2164\"><span class=\"ez-toc-section\" id=\"Mehr_uber_Amethyste_Heilsteine\"><\/span><strong data-start=\"2128\" data-end=\"2164\">Vair\u0101k par ametistiem un dziedino\u0161ajiem akme\u0146iem<\/strong><span class=\"ez-toc-section-end\"><\/span><\/h4>\n<p data-start=\"2166\" data-end=\"2211\"><a href=\"https:\/\/saphirsmaragd.com\/lv\/product-category\/heilsteine-kristalle-kaufen\/\">Dziedino\u0161ie akme\u0146i un krist\u0101li<\/a> | Amethyste &amp; Quarze<\/p>\n<hr data-start=\"2117\" data-end=\"2120\" \/>\n<p data-start=\"2213\" data-end=\"2281\"><strong data-start=\"2213\" data-end=\"2227\">Vikip\u0113dija:<\/strong><br data-start=\"2227\" data-end=\"2230\" \/><a class=\"decorated-link\" href=\"https:\/\/de.wikipedia.org\/wiki\/Amethyst\" target=\"_new\" rel=\"noopener\" data-start=\"2241\" data-end=\"2279\">wikipedia:Amethyst<\/a><\/p>","protected":false},"excerpt":{"rendered":"<p><em>Der Amethyst Chevron Punkt Poliert mit 1809 g ist ein kraftvoller Heilstein f\u00fcr Schutz, Harmonie, spirituelle Entwicklung und emotionale Balance. Ein poliertes Unikat aus Madagaskar \u2013 ideal f\u00fcr Meditation, Praxis- oder Therapier\u00e4ume.<\/em><\/p>","protected":false},"featured_media":5620,"comment_status":"open","ping_status":"closed","template":"","meta":{"_glsr_average":0,"_glsr_ranking":0,"_glsr_reviews":0},"product_brand":[],"product_cat":[84],"product_tag":[],"class_list":{"0":"post-5619","1":"product","2":"type-product","3":"status-publish","4":"has-post-thumbnail","6":"product_cat-rohsteine-kaufen","8":"first","9":"instock","10":"taxable","11":"shipping-taxable","12":"purchasable","13":"product-type-simple","14":"add-to-wishlist-before_image"},"jetpack_sharing_enabled":true,"_links":{"self":[{"href":"https:\/\/saphirsmaragd.com\/lv\/wp-json\/wp\/v2\/product\/5619","targetHints":{"allow":["GET"]}}],"collection":[{"href":"https:\/\/saphirsmaragd.com\/lv\/wp-json\/wp\/v2\/product"}],"about":[{"href":"https:\/\/saphirsmaragd.com\/lv\/wp-json\/wp\/v2\/types\/product"}],"replies":[{"embeddable":true,"href":"https:\/\/saphirsmaragd.com\/lv\/wp-json\/wp\/v2\/comments?post=5619"}],"version-history":[{"count":1,"href":"https:\/\/saphirsmaragd.com\/lv\/wp-json\/wp\/v2\/product\/5619\/revisions"}],"predecessor-version":[{"id":5622,"href":"https:\/\/saphirsmaragd.com\/lv\/wp-json\/wp\/v2\/product\/5619\/revisions\/5622"}],"wp:featuredmedia":[{"embeddable":true,"href":"https:\/\/saphirsmaragd.com\/lv\/wp-json\/wp\/v2\/media\/5620"}],"wp:attachment":[{"href":"https:\/\/saphirsmaragd.com\/lv\/wp-json\/wp\/v2\/media?parent=5619"}],"wp:term":[{"taxonomy":"product_brand","embeddable":true,"href":"https:\/\/saphirsmaragd.com\/lv\/wp-json\/wp\/v2\/product_brand?post=5619"},{"taxonomy":"product_cat","embeddable":true,"href":"https:\/\/saphirsmaragd.com\/lv\/wp-json\/wp\/v2\/product_cat?post=5619"},{"taxonomy":"product_tag","embeddable":true,"href":"https:\/\/saphirsmaragd.com\/lv\/wp-json\/wp\/v2\/product_tag?post=5619"}],"curies":[{"name":"wp","href":"https:\/\/api.w.org\/{rel}","templated":true}]}}