{"id":6201,"date":"2025-12-15T16:05:33","date_gmt":"2025-12-15T16:05:33","guid":{"rendered":"https:\/\/saphirsmaragd.com\/?post_type=product&#038;p=6201"},"modified":"2025-12-29T18:48:58","modified_gmt":"2025-12-29T18:48:58","slug":"paraiba-turmalin-1-97-karat-dreieck-neonblau","status":"publish","type":"product","link":"https:\/\/saphirsmaragd.com\/lv\/products\/paraiba-turmalin-1-97-karat-dreieck-neonblau\/","title":{"rendered":"Paraiba Turmalin 1.97 Karat Dreieck Neonblau \u2013 Seltener Neon-Turmalin mit intensiver Leuchtkraft"},"content":{"rendered":"<div id=\"ez-toc-container\" class=\"ez-toc-v2_0_82_2 counter-hierarchy ez-toc-counter ez-toc-grey ez-toc-container-direction\">\n<div class=\"ez-toc-title-container\">\n<p class=\"ez-toc-title\" style=\"cursor:inherit\">Satura r\u0101d\u012bt\u0101js<\/p>\n<span class=\"ez-toc-title-toggle\"><a href=\"#\" class=\"ez-toc-pull-right ez-toc-btn ez-toc-btn-xs ez-toc-btn-default ez-toc-toggle\" aria-label=\"Toggle Table of Content\"><span class=\"ez-toc-js-icon-con\"><span class=\"\"><span class=\"eztoc-hide\" style=\"display:none;\">P\u0101rsl\u0113gt<\/span><span class=\"ez-toc-icon-toggle-span\"><svg style=\"fill: #999;color:#999\" xmlns=\"http:\/\/www.w3.org\/2000\/svg\" class=\"list-377408\" width=\"20px\" height=\"20px\" viewbox=\"0 0 24 24\" fill=\"none\"><path d=\"M6 6H4v2h2V6zm14 0H8v2h12V6zM4 11h2v2H4v-2zm16 0H8v2h12v-2zM4 16h2v2H4v-2zm16 0H8v2h12v-2z\" fill=\"currentColor\"><\/path><\/svg><svg style=\"fill: #999;color:#999\" class=\"arrow-unsorted-368013\" xmlns=\"http:\/\/www.w3.org\/2000\/svg\" width=\"10px\" height=\"10px\" viewbox=\"0 0 24 24\" version=\"1.2\" baseprofile=\"tiny\"><path d=\"M18.2 9.3l-6.2-6.3-6.2 6.3c-.2.2-.3.4-.3.7s.1.5.3.7c.2.2.4.3.7.3h11c.3 0 .5-.1.7-.3.2-.2.3-.5.3-.7s-.1-.5-.3-.7zM5.8 14.7l6.2 6.3 6.2-6.3c.2-.2.3-.5.3-.7s-.1-.5-.3-.7c-.2-.2-.4-.3-.7-.3h-11c-.3 0-.5.1-.7.3-.2.2-.3.5-.3.7s.1.5.3.7z\"\/><\/svg><\/span><\/span><\/span><\/a><\/span><\/div>\n<nav><ul class='ez-toc-list ez-toc-list-level-1' ><li class='ez-toc-page-1 ez-toc-heading-level-4'><a class=\"ez-toc-link ez-toc-heading-1\" href=\"https:\/\/saphirsmaragd.com\/lv\/products\/paraiba-turmalin-1-97-karat-dreieck-neonblau\/#Paraiba_Turmalin_197_Karat_Dreieck_Neonblau\" >Paraiba Turmalin 1.97 Karat Dreieck Neonblau<\/a><\/li><li class='ez-toc-page-1 ez-toc-heading-level-4'><a class=\"ez-toc-link ez-toc-heading-2\" href=\"https:\/\/saphirsmaragd.com\/lv\/products\/paraiba-turmalin-1-97-karat-dreieck-neonblau\/#Merkmale_Herkunft\" >Raksturojums un izcelsme<\/a><\/li><li class='ez-toc-page-1 ez-toc-heading-level-4'><a class=\"ez-toc-link ez-toc-heading-3\" href=\"https:\/\/saphirsmaragd.com\/lv\/products\/paraiba-turmalin-1-97-karat-dreieck-neonblau\/#Besonderheiten\" >\u012apa\u0161as funkcijas<\/a><\/li><li class='ez-toc-page-1 ez-toc-heading-level-4'><a class=\"ez-toc-link ez-toc-heading-4\" href=\"https:\/\/saphirsmaragd.com\/lv\/products\/paraiba-turmalin-1-97-karat-dreieck-neonblau\/#Mehr_uber_unsere_Edelsteine\" >Vair\u0101k par m\u016bsu d\u0101rgakme\u0146iem<\/a><\/li><li class='ez-toc-page-1 ez-toc-heading-level-4'><a class=\"ez-toc-link ez-toc-heading-5\" href=\"https:\/\/saphirsmaragd.com\/lv\/products\/paraiba-turmalin-1-97-karat-dreieck-neonblau\/#Weitere_Infos\" >Papildinform\u0101cija<\/a><\/li><\/ul><\/nav><\/div>\n<h4 data-start=\"924\" data-end=\"972\"><span class=\"ez-toc-section\" id=\"Paraiba_Turmalin_197_Karat_Dreieck_Neonblau\"><\/span>Paraiba Turmalin 1.97 Karat Dreieck Neonblau<span class=\"ez-toc-section-end\"><\/span><\/h4>\n<p data-start=\"973\" data-end=\"1333\">Der <strong data-start=\"977\" data-end=\"1025\">Paraiba Turmalin 1.97 Karat Dreieck Neonblau<\/strong> geh\u00f6rt zu den seltensten und begehrtesten Farbsteinen der Welt. Seine au\u00dfergew\u00f6hnliche neonblaue Farbe mit intensiver Leuchtkraft ist typisch f\u00fcr Paraiba-Turmaline und hebt sich deutlich von klassischen Turmalinen ab. Der markante Dreieckschliff verleiht dem Edelstein eine moderne, ausdrucksstarke Pr\u00e4senz.<\/p>\n<hr data-start=\"1335\" data-end=\"1338\" \/>\n<h4 data-start=\"1340\" data-end=\"1364\"><span class=\"ez-toc-section\" id=\"Merkmale_Herkunft\"><\/span>Raksturojums un izcelsme<span class=\"ez-toc-section-end\"><\/span><\/h4>\n<p data-start=\"1365\" data-end=\"1609\">Steinart: Paraiba Turmalin<br data-start=\"1391\" data-end=\"1394\" \/>Farbe: Neonblau<br data-start=\"1409\" data-end=\"1412\" \/>Form: Dreieck<br data-start=\"1425\" data-end=\"1428\" \/>Gewicht: 1.97 Karat<br data-start=\"1447\" data-end=\"1450\" \/>Gr\u00f6\u00dfe: 8.5 \u00d7 5.3 mm<br data-start=\"1469\" data-end=\"1472\" \/>Herkunft: Afrika<br data-start=\"1488\" data-end=\"1491\" \/>Skaidr\u012bba: Nelieli iesl\u0113gumi<br data-start=\"1519\" data-end=\"1522\" \/>Apstr\u0101de: Apsild\u0101ma<br data-start=\"1541\" data-end=\"1544\" \/>H\u00e4rte (Mohs): 7\u20137.5<br data-start=\"1563\" data-end=\"1566\" \/>Zertifikat: Hauszertifikat<br data-start=\"1592\" data-end=\"1595\" \/>St\u0101voklis: Jauns<\/p>\n<hr data-start=\"1611\" data-end=\"1614\" \/>\n<h4 data-start=\"1616\" data-end=\"1635\"><span class=\"ez-toc-section\" id=\"Besonderheiten\"><\/span>\u012apa\u0161as funkcijas<span class=\"ez-toc-section-end\"><\/span><\/h4>\n<p data-start=\"1636\" data-end=\"2104\">Dieser <strong data-start=\"1643\" data-end=\"1691\">Paraiba Turmalin 1.97 Karat Dreieck Neonblau<\/strong> zeichnet sich durch seine intensive neonartige Farbwirkung aus, die Paraiba-Turmaline weltber\u00fchmt gemacht hat. Aufgrund der nat\u00fcrlichen Seltenheit dieser Edelsteinvariante z\u00e4hlen Paraiba-Turmaline zu den exklusivsten Farbsteinen am Markt. Der Dreieckschliff unterstreicht die au\u00dfergew\u00f6hnliche Optik und macht diesen Stein ideal f\u00fcr individuelle High-End-Schmuckanfertigungen oder als wertstabile Sammlerposition.<\/p>\n<hr data-start=\"1926\" data-end=\"1929\" \/>\n<h4 data-start=\"1931\" data-end=\"1971\"><span class=\"ez-toc-section\" id=\"Mehr_uber_unsere_Edelsteine\"><\/span>Vair\u0101k par m\u016bsu d\u0101rgakme\u0146iem<span class=\"ez-toc-section-end\"><\/span><\/h4>\n<p data-start=\"1972\" data-end=\"2069\"><a href=\"https:\/\/saphirsmaragd.com\/lv\/product-category\/edelsteine-kaufen\/\">d\u0101rgakme\u0146i<\/a><\/p>\n<hr data-start=\"2071\" data-end=\"2074\" \/>\n<h4 data-start=\"2076\" data-end=\"2096\"><span class=\"ez-toc-section\" id=\"Weitere_Infos\"><\/span>Papildinform\u0101cija<span class=\"ez-toc-section-end\"><\/span><\/h4>\n<p><a href=\"https:\/\/de.wikipedia.org\/wiki\/Turmalin\" target=\"_blank\" rel=\"noopener\">Wikipedia: Turmalin<\/a><\/p>","protected":false},"excerpt":{"rendered":"<p data-start=\"609\" data-end=\"758\"><em>Paraiba Turmalin 1.97 Karat Dreieck Neonblau \u2013 seltener Paraiba-Turmalin mit intensiver Neonfarbe, Dreieckschliff und au\u00dfergew\u00f6hnlicher Brillanz.<\/em><\/p>\n<h2 data-start=\"523\" data-end=\"548\"><\/h2>","protected":false},"featured_media":6204,"comment_status":"open","ping_status":"closed","template":"","meta":{"_glsr_average":0,"_glsr_ranking":0,"_glsr_reviews":0},"product_brand":[],"product_cat":[109],"product_tag":[],"class_list":{"0":"post-6201","1":"product","2":"type-product","3":"status-publish","4":"has-post-thumbnail","6":"product_cat-turmalin-kaufen","7":"pa_edelsteinart-turmalin","8":"pa_farbe-blau","9":"pa_form-dreieck","10":"pa_gewicht-karat-1-0-3-0-karat","11":"pa_reinheit-kleine-einschluesse","12":"pa_veredelung-behandlung-erhitzt","13":"pa_zertifikat-ja","14":"pa_zustand-neu","16":"first","17":"instock","18":"featured","19":"sold-individually","20":"shipping-taxable","21":"purchasable","22":"product-type-simple","23":"add-to-wishlist-before_image"},"jetpack_sharing_enabled":true,"_links":{"self":[{"href":"https:\/\/saphirsmaragd.com\/lv\/wp-json\/wp\/v2\/product\/6201","targetHints":{"allow":["GET"]}}],"collection":[{"href":"https:\/\/saphirsmaragd.com\/lv\/wp-json\/wp\/v2\/product"}],"about":[{"href":"https:\/\/saphirsmaragd.com\/lv\/wp-json\/wp\/v2\/types\/product"}],"replies":[{"embeddable":true,"href":"https:\/\/saphirsmaragd.com\/lv\/wp-json\/wp\/v2\/comments?post=6201"}],"version-history":[{"count":1,"href":"https:\/\/saphirsmaragd.com\/lv\/wp-json\/wp\/v2\/product\/6201\/revisions"}],"predecessor-version":[{"id":6205,"href":"https:\/\/saphirsmaragd.com\/lv\/wp-json\/wp\/v2\/product\/6201\/revisions\/6205"}],"wp:featuredmedia":[{"embeddable":true,"href":"https:\/\/saphirsmaragd.com\/lv\/wp-json\/wp\/v2\/media\/6204"}],"wp:attachment":[{"href":"https:\/\/saphirsmaragd.com\/lv\/wp-json\/wp\/v2\/media?parent=6201"}],"wp:term":[{"taxonomy":"product_brand","embeddable":true,"href":"https:\/\/saphirsmaragd.com\/lv\/wp-json\/wp\/v2\/product_brand?post=6201"},{"taxonomy":"product_cat","embeddable":true,"href":"https:\/\/saphirsmaragd.com\/lv\/wp-json\/wp\/v2\/product_cat?post=6201"},{"taxonomy":"product_tag","embeddable":true,"href":"https:\/\/saphirsmaragd.com\/lv\/wp-json\/wp\/v2\/product_tag?post=6201"}],"curies":[{"name":"wp","href":"https:\/\/api.w.org\/{rel}","templated":true}]}}