{"id":6255,"date":"2025-12-16T17:22:57","date_gmt":"2025-12-16T17:22:57","guid":{"rendered":"https:\/\/saphirsmaragd.com\/?post_type=product&#038;p=6255"},"modified":"2025-12-29T18:48:46","modified_gmt":"2025-12-29T18:48:46","slug":"diamant-ohrstecker-gelbgold-silene","status":"publish","type":"product","link":"https:\/\/saphirsmaragd.com\/lv\/products\/diamant-ohrstecker-gelbgold-silene\/","title":{"rendered":"Auskari ar dimantiem dzeltens zelts 18 kar\u0101tu - Sil\u0113na auskari ar dab\u012bgiem dimantiem"},"content":{"rendered":"<div id=\"ez-toc-container\" class=\"ez-toc-v2_0_82_2 counter-hierarchy ez-toc-counter ez-toc-grey ez-toc-container-direction\">\n<div class=\"ez-toc-title-container\">\n<p class=\"ez-toc-title\" style=\"cursor:inherit\">Satura r\u0101d\u012bt\u0101js<\/p>\n<span class=\"ez-toc-title-toggle\"><a href=\"#\" class=\"ez-toc-pull-right ez-toc-btn ez-toc-btn-xs ez-toc-btn-default ez-toc-toggle\" aria-label=\"Toggle Table of Content\"><span class=\"ez-toc-js-icon-con\"><span class=\"\"><span class=\"eztoc-hide\" style=\"display:none;\">P\u0101rsl\u0113gt<\/span><span class=\"ez-toc-icon-toggle-span\"><svg style=\"fill: #999;color:#999\" xmlns=\"http:\/\/www.w3.org\/2000\/svg\" class=\"list-377408\" width=\"20px\" height=\"20px\" viewbox=\"0 0 24 24\" fill=\"none\"><path d=\"M6 6H4v2h2V6zm14 0H8v2h12V6zM4 11h2v2H4v-2zm16 0H8v2h12v-2zM4 16h2v2H4v-2zm16 0H8v2h12v-2z\" fill=\"currentColor\"><\/path><\/svg><svg style=\"fill: #999;color:#999\" class=\"arrow-unsorted-368013\" xmlns=\"http:\/\/www.w3.org\/2000\/svg\" width=\"10px\" height=\"10px\" viewbox=\"0 0 24 24\" version=\"1.2\" baseprofile=\"tiny\"><path d=\"M18.2 9.3l-6.2-6.3-6.2 6.3c-.2.2-.3.4-.3.7s.1.5.3.7c.2.2.4.3.7.3h11c.3 0 .5-.1.7-.3.2-.2.3-.5.3-.7s-.1-.5-.3-.7zM5.8 14.7l6.2 6.3 6.2-6.3c.2-.2.3-.5.3-.7s-.1-.5-.3-.7c-.2-.2-.4-.3-.7-.3h-11c-.3 0-.5.1-.7.3-.2.2-.3.5-.3.7s.1.5.3.7z\"\/><\/svg><\/span><\/span><\/span><\/a><\/span><\/div>\n<nav><ul class='ez-toc-list ez-toc-list-level-1' ><li class='ez-toc-page-1 ez-toc-heading-level-4'><a class=\"ez-toc-link ez-toc-heading-1\" href=\"https:\/\/saphirsmaragd.com\/lv\/products\/diamant-ohrstecker-gelbgold-silene\/#Diamant_Ohrstecker_Gelbgold_%E2%80%93_zeitlose_Eleganz_in_reinem_Gold\" >Diamant Ohrstecker Gelbgold \u2013 zeitlose Eleganz in reinem Gold<\/a><\/li><li class='ez-toc-page-1 ez-toc-heading-level-4'><a class=\"ez-toc-link ez-toc-heading-2\" href=\"https:\/\/saphirsmaragd.com\/lv\/products\/diamant-ohrstecker-gelbgold-silene\/#Merkmale_Herkunft\" >Raksturojums un izcelsme<\/a><\/li><li class='ez-toc-page-1 ez-toc-heading-level-4'><a class=\"ez-toc-link ez-toc-heading-3\" href=\"https:\/\/saphirsmaragd.com\/lv\/products\/diamant-ohrstecker-gelbgold-silene\/#Schmuckdetails\" >Schmuckdetails<\/a><\/li><li class='ez-toc-page-1 ez-toc-heading-level-4'><a class=\"ez-toc-link ez-toc-heading-4\" href=\"https:\/\/saphirsmaragd.com\/lv\/products\/diamant-ohrstecker-gelbgold-silene\/#Besonderheiten\" >\u012apa\u0161as funkcijas<\/a><\/li><li class='ez-toc-page-1 ez-toc-heading-level-4'><a class=\"ez-toc-link ez-toc-heading-5\" href=\"https:\/\/saphirsmaragd.com\/lv\/products\/diamant-ohrstecker-gelbgold-silene\/#Mehr_uber_unsere_Edelsteine\" >Vair\u0101k par m\u016bsu d\u0101rgakme\u0146iem<\/a><\/li><li class='ez-toc-page-1 ez-toc-heading-level-4'><a class=\"ez-toc-link ez-toc-heading-6\" href=\"https:\/\/saphirsmaragd.com\/lv\/products\/diamant-ohrstecker-gelbgold-silene\/#Weitere_Infos\" >Papildinform\u0101cija<\/a><\/li><\/ul><\/nav><\/div>\n<h4 data-start=\"896\" data-end=\"963\"><span class=\"ez-toc-section\" id=\"Diamant_Ohrstecker_Gelbgold_%E2%80%93_zeitlose_Eleganz_in_reinem_Gold\"><\/span>Diamant Ohrstecker Gelbgold \u2013 zeitlose Eleganz in reinem Gold<span class=\"ez-toc-section-end\"><\/span><\/h4>\n<p data-start=\"964\" data-end=\"1252\">Diese edlen Diamant Ohrstecker Gelbgold vereinen minimalistisches Design mit hochwertiger Handwerkskunst. Zwei fein gefasste, nat\u00fcrliche Diamanten bilden das Zentrum dieser eleganten Ohrstecker und sorgen f\u00fcr ein dezentes, aber wirkungsvolles Funkeln im Alltag wie zu besonderen Anl\u00e4ssen.<\/p>\n<hr data-start=\"1254\" data-end=\"1257\" \/>\n<h4 data-start=\"1259\" data-end=\"1285\"><span class=\"ez-toc-section\" id=\"Merkmale_Herkunft\"><\/span>Raksturojums un izcelsme<span class=\"ez-toc-section-end\"><\/span><\/h4>\n<p data-start=\"1286\" data-end=\"1548\">Stein: Nat\u00fcrliche Diamanten<br data-start=\"1313\" data-end=\"1316\" \/>Anzahl Steine: 2<br data-start=\"1332\" data-end=\"1335\" \/>Schliff: Rund facettiert<br data-start=\"1359\" data-end=\"1362\" \/>Durchmesser: ca. 3 mm<br data-start=\"1383\" data-end=\"1386\" \/>Gesamtgewicht Diamanten: ca. 0.20 Karat<br data-start=\"1425\" data-end=\"1428\" \/>Farbe: GH<br data-start=\"1437\" data-end=\"1440\" \/>Reinheit: SI<br data-start=\"1452\" data-end=\"1455\" \/>Herkunft: Naturdiamanten<br data-start=\"1479\" data-end=\"1482\" \/>\u0100rst\u0113\u0161ana: neapstr\u0101d\u0101ts<br data-start=\"1505\" data-end=\"1508\" \/>Mohs-H\u00e4rte: 10<br data-start=\"1522\" data-end=\"1525\" \/>Form der Steine: Rund<\/p>\n<hr data-start=\"1550\" data-end=\"1553\" \/>\n<h4 data-start=\"1555\" data-end=\"1576\"><span class=\"ez-toc-section\" id=\"Schmuckdetails\"><\/span>Schmuckdetails<span class=\"ez-toc-section-end\"><\/span><\/h4>\n<p data-start=\"1577\" data-end=\"1815\">Schmuckart: Ohrstecker<br data-start=\"1599\" data-end=\"1602\" \/>Fassung: Zargenfassung<br data-start=\"1624\" data-end=\"1627\" \/>Verschluss: Steckverschluss (Kinderwagen)<br data-start=\"1668\" data-end=\"1671\" \/>Metall: 18 Karat Gelbgold (750\/1000)<br data-start=\"1707\" data-end=\"1710\" \/>Gesamtgewicht Schmuck: ca. 1.56 g<br data-start=\"1743\" data-end=\"1746\" \/>Herstellung: Frankreich<br data-start=\"1769\" data-end=\"1772\" \/>Zertifikat: Echtheitszertifikat beigelegt<\/p>\n<hr data-start=\"1817\" data-end=\"1820\" \/>\n<h4 data-start=\"1822\" data-end=\"1843\"><span class=\"ez-toc-section\" id=\"Besonderheiten\"><\/span>\u012apa\u0161as funkcijas<span class=\"ez-toc-section-end\"><\/span><\/h4>\n<p data-start=\"1844\" data-end=\"2151\">Die spiralf\u00f6rmig gestaltete Goldfassung der Silene-Ohrstecker verleiht dem klassischen Diamantdesign eine moderne, k\u00fcnstlerische Note. Durch die geschlossene Zargenfassung sitzen die Diamanten sicher und sind optimal vor \u00e4u\u00dferen Einfl\u00fcssen gesch\u00fctzt \u2013 ideal f\u00fcr den t\u00e4glichen Gebrauch bei maximaler Eleganz.<\/p>\n<hr data-start=\"1926\" data-end=\"1929\" \/>\n<h4 data-start=\"1931\" data-end=\"1971\"><span class=\"ez-toc-section\" id=\"Mehr_uber_unsere_Edelsteine\"><\/span>Vair\u0101k par m\u016bsu d\u0101rgakme\u0146iem<span class=\"ez-toc-section-end\"><\/span><\/h4>\n<p data-start=\"1972\" data-end=\"2069\"><a href=\"https:\/\/saphirsmaragd.com\/lv\/product-category\/edelsteine-kaufen\/\">d\u0101rgakme\u0146i<\/a><\/p>\n<hr data-start=\"2071\" data-end=\"2074\" \/>\n<h4 data-start=\"2076\" data-end=\"2096\"><span class=\"ez-toc-section\" id=\"Weitere_Infos\"><\/span>Papildinform\u0101cija<span class=\"ez-toc-section-end\"><\/span><\/h4>\n<p data-start=\"2097\" data-end=\"2160\"><a class=\"decorated-link cursor-pointer\" href=\"https:\/\/de.wikipedia.org\/wiki\/Diamant\" target=\"_new\" rel=\"noopener\" data-start=\"2097\" data-end=\"2160\">Wikipedia: Diamant<\/a><\/p>","protected":false},"excerpt":{"rendered":"<p data-start=\"617\" data-end=\"756\"><em>Elegante Diamant Ohrstecker Gelbgold mit zwei nat\u00fcrlichen Diamanten in hochwertiger Goldfassung. Zeitloses Design, franz\u00f6sische Handarbeit.<\/em><\/p>\n<p data-start=\"575\" data-end=\"606\">","protected":false},"featured_media":6258,"comment_status":"open","ping_status":"closed","template":"","meta":{"_glsr_average":0,"_glsr_ranking":0,"_glsr_reviews":0},"product_brand":[],"product_cat":[106,82],"product_tag":[],"class_list":{"0":"post-6255","1":"product","2":"type-product","3":"status-publish","4":"has-post-thumbnail","6":"product_cat-diamant-kaufen","7":"product_cat-ohrringe-kaufen","8":"pa_edelsteinart-diamant","9":"pa_farbe-weiss","10":"pa_form-rund","11":"pa_gewicht-karat-0-1-0-5-karat","12":"pa_reinheit-kleine-einschluesse","13":"pa_veredelung-behandlung-unbehandelt","14":"pa_zertifikat-ja","15":"pa_zustand-neu","17":"first","18":"instock","19":"featured","20":"sold-individually","21":"shipping-taxable","22":"purchasable","23":"product-type-simple","24":"add-to-wishlist-before_image"},"jetpack_sharing_enabled":true,"_links":{"self":[{"href":"https:\/\/saphirsmaragd.com\/lv\/wp-json\/wp\/v2\/product\/6255","targetHints":{"allow":["GET"]}}],"collection":[{"href":"https:\/\/saphirsmaragd.com\/lv\/wp-json\/wp\/v2\/product"}],"about":[{"href":"https:\/\/saphirsmaragd.com\/lv\/wp-json\/wp\/v2\/types\/product"}],"replies":[{"embeddable":true,"href":"https:\/\/saphirsmaragd.com\/lv\/wp-json\/wp\/v2\/comments?post=6255"}],"version-history":[{"count":1,"href":"https:\/\/saphirsmaragd.com\/lv\/wp-json\/wp\/v2\/product\/6255\/revisions"}],"predecessor-version":[{"id":6263,"href":"https:\/\/saphirsmaragd.com\/lv\/wp-json\/wp\/v2\/product\/6255\/revisions\/6263"}],"wp:featuredmedia":[{"embeddable":true,"href":"https:\/\/saphirsmaragd.com\/lv\/wp-json\/wp\/v2\/media\/6258"}],"wp:attachment":[{"href":"https:\/\/saphirsmaragd.com\/lv\/wp-json\/wp\/v2\/media?parent=6255"}],"wp:term":[{"taxonomy":"product_brand","embeddable":true,"href":"https:\/\/saphirsmaragd.com\/lv\/wp-json\/wp\/v2\/product_brand?post=6255"},{"taxonomy":"product_cat","embeddable":true,"href":"https:\/\/saphirsmaragd.com\/lv\/wp-json\/wp\/v2\/product_cat?post=6255"},{"taxonomy":"product_tag","embeddable":true,"href":"https:\/\/saphirsmaragd.com\/lv\/wp-json\/wp\/v2\/product_tag?post=6255"}],"curies":[{"name":"wp","href":"https:\/\/api.w.org\/{rel}","templated":true}]}}