{"id":6412,"date":"2025-12-19T22:13:43","date_gmt":"2025-12-19T22:13:43","guid":{"rendered":"https:\/\/saphirsmaragd.com\/?post_type=product&#038;p=6412"},"modified":"2025-12-19T22:13:44","modified_gmt":"2025-12-19T22:13:44","slug":"anhaenger-mit-moldavit-und-herkimer-diamant-roh","status":"publish","type":"product","link":"https:\/\/saphirsmaragd.com\/lv\/products\/anhaenger-mit-moldavit-und-herkimer-diamant-roh\/","title":{"rendered":"\u00a0Piekari\u0146\u0161 ar moldav\u012btu un Herkimera dimantu - neapstr\u0101d\u0101ta forma no 925 sudraba"},"content":{"rendered":"<div id=\"ez-toc-container\" class=\"ez-toc-v2_0_82_2 counter-hierarchy ez-toc-counter ez-toc-grey ez-toc-container-direction\">\n<div class=\"ez-toc-title-container\">\n<p class=\"ez-toc-title\" style=\"cursor:inherit\">Satura r\u0101d\u012bt\u0101js<\/p>\n<span class=\"ez-toc-title-toggle\"><a href=\"#\" class=\"ez-toc-pull-right ez-toc-btn ez-toc-btn-xs ez-toc-btn-default ez-toc-toggle\" aria-label=\"Toggle Table of Content\"><span class=\"ez-toc-js-icon-con\"><span class=\"\"><span class=\"eztoc-hide\" style=\"display:none;\">P\u0101rsl\u0113gt<\/span><span class=\"ez-toc-icon-toggle-span\"><svg style=\"fill: #999;color:#999\" xmlns=\"http:\/\/www.w3.org\/2000\/svg\" class=\"list-377408\" width=\"20px\" height=\"20px\" viewbox=\"0 0 24 24\" fill=\"none\"><path d=\"M6 6H4v2h2V6zm14 0H8v2h12V6zM4 11h2v2H4v-2zm16 0H8v2h12v-2zM4 16h2v2H4v-2zm16 0H8v2h12v-2z\" fill=\"currentColor\"><\/path><\/svg><svg style=\"fill: #999;color:#999\" class=\"arrow-unsorted-368013\" xmlns=\"http:\/\/www.w3.org\/2000\/svg\" width=\"10px\" height=\"10px\" viewbox=\"0 0 24 24\" version=\"1.2\" baseprofile=\"tiny\"><path d=\"M18.2 9.3l-6.2-6.3-6.2 6.3c-.2.2-.3.4-.3.7s.1.5.3.7c.2.2.4.3.7.3h11c.3 0 .5-.1.7-.3.2-.2.3-.5.3-.7s-.1-.5-.3-.7zM5.8 14.7l6.2 6.3 6.2-6.3c.2-.2.3-.5.3-.7s-.1-.5-.3-.7c-.2-.2-.4-.3-.7-.3h-11c-.3 0-.5.1-.7.3-.2.2-.3.5-.3.7s.1.5.3.7z\"\/><\/svg><\/span><\/span><\/span><\/a><\/span><\/div>\n<nav><ul class='ez-toc-list ez-toc-list-level-1' ><li class='ez-toc-page-1 ez-toc-heading-level-4'><a class=\"ez-toc-link ez-toc-heading-1\" href=\"https:\/\/saphirsmaragd.com\/lv\/products\/anhaenger-mit-moldavit-und-herkimer-diamant-roh\/#_Anhanger_mit_Moldavit_und_Herkimer_Diamant_%E2%80%93_Rohform_in_Silber_925\" >\u00a0Piekari\u0146\u0161 ar moldav\u012btu un Herkimera dimantu - neapstr\u0101d\u0101ta forma no 925 sudraba<\/a><\/li><li class='ez-toc-page-1 ez-toc-heading-level-4'><a class=\"ez-toc-link ez-toc-heading-2\" href=\"https:\/\/saphirsmaragd.com\/lv\/products\/anhaenger-mit-moldavit-und-herkimer-diamant-roh\/#_Merkmale_Herkunft\" >\u00a0Raksturojums un izcelsme<\/a><\/li><li class='ez-toc-page-1 ez-toc-heading-level-4'><a class=\"ez-toc-link ez-toc-heading-3\" href=\"https:\/\/saphirsmaragd.com\/lv\/products\/anhaenger-mit-moldavit-und-herkimer-diamant-roh\/#_Besonderheiten\" >\u00a0\u012apa\u0161as funkcijas<\/a><\/li><li class='ez-toc-page-1 ez-toc-heading-level-4'><a class=\"ez-toc-link ez-toc-heading-4\" href=\"https:\/\/saphirsmaragd.com\/lv\/products\/anhaenger-mit-moldavit-und-herkimer-diamant-roh\/#_Mehr_uber_Moldavite_Herkimer_Diamanten_Heilsteine\" >\u00a0Mehr \u00fcber Moldavite, Herkimer Diamanten &amp; Heilsteine<\/a><\/li><li class='ez-toc-page-1 ez-toc-heading-level-4'><a class=\"ez-toc-link ez-toc-heading-5\" href=\"https:\/\/saphirsmaragd.com\/lv\/products\/anhaenger-mit-moldavit-und-herkimer-diamant-roh\/#_Weitere_Infos\" >\u00a0Papildinform\u0101cija<\/a><\/li><\/ul><\/nav><\/div>\n<h4 data-start=\"655\" data-end=\"728\"><span class=\"ez-toc-section\" id=\"_Anhanger_mit_Moldavit_und_Herkimer_Diamant_%E2%80%93_Rohform_in_Silber_925\"><\/span>\u00a0Piekari\u0146\u0161 ar moldav\u012btu un Herkimera dimantu - neapstr\u0101d\u0101ta forma no 925 sudraba<span class=\"ez-toc-section-end\"><\/span><\/h4>\n<p data-start=\"729\" data-end=\"953\">Der Anh\u00e4nger mit Moldavit und Herkimer Diamant vereint kosmische Transformationsenergie mit reinem, kristallisiertem Licht und eignet sich ideal f\u00fcr tiefgehende spirituelle Arbeit, Meditation und Bewusstseinserweiterung.<\/p>\n<hr data-start=\"2865\" data-end=\"2868\" \/>\n<h4 data-start=\"955\" data-end=\"981\"><span class=\"ez-toc-section\" id=\"_Merkmale_Herkunft\"><\/span>\u00a0Raksturojums un izcelsme<span class=\"ez-toc-section-end\"><\/span><\/h4>\n<p data-start=\"982\" data-end=\"1314\">Farbe: Gr\u00fcn &amp; Klar<br data-start=\"1000\" data-end=\"1003\" \/>Form: Roh \/ naturbelassen<br data-start=\"1028\" data-end=\"1031\" \/>Moldavit Gr\u00f6\u00dfe: ca. 1.9 x 1.4 cm<br data-start=\"1063\" data-end=\"1066\" \/>Herkimer Diamant Gr\u00f6\u00dfe: ca. 1.4 x 0.7 cm<br data-start=\"1106\" data-end=\"1109\" \/>Gesamtl\u00e4nge Anh\u00e4nger: ca. 4 cm (inklusive \u00d6se)<br data-start=\"1155\" data-end=\"1158\" \/>Material: Sterlingsilber (925)<br data-start=\"1188\" data-end=\"1191\" \/>Reinheit: Natursteine<br data-start=\"1212\" data-end=\"1215\" \/>\u0100rst\u0113\u0161ana: neapstr\u0101d\u0101ts<br data-start=\"1272\" data-end=\"1275\" \/>Steinart: Moldavit &amp; Herkimer Diamant<\/p>\n<hr data-start=\"2865\" data-end=\"2868\" \/>\n<h4 data-start=\"1316\" data-end=\"1382\"><span class=\"ez-toc-section\" id=\"_Besonderheiten\"><\/span>\u00a0\u012apa\u0161as funkcijas<span class=\"ez-toc-section-end\"><\/span><\/h4>\n<p data-start=\"1383\" data-end=\"1804\">Der Anh\u00e4nger mit Moldavit und Herkimer Diamant besitzt eine au\u00dfergew\u00f6hnlich hohe Schwingung. Moldavit ist ein seltener Tektit, entstanden durch einen Meteoriteneinschlag, und gilt als einer der st\u00e4rksten Transformationssteine. Er f\u00f6rdert pers\u00f6nliches und spirituelles Wachstum, \u00f6ffnet das Bewusstsein f\u00fcr andere Dimensionen und unterst\u00fctzt den Kontakt zu fr\u00fcheren und zuk\u00fcnftigen Leben sowie zu au\u00dferirdischen Ebenen.<\/p>\n<p data-start=\"1806\" data-end=\"2100\">Mental wirkt Moldavit befreiend und erkenntnisf\u00f6rdernd. Er hilft dabei, \u00fcber gewohnte Grenzen hinauszudenken, kreative L\u00f6sungen zu finden und einschr\u00e4nkende Muster, Sorgen und \u00c4ngste loszulassen. Gleichzeitig reinigt und harmonisiert er die Chakren und verst\u00e4rkt die Wirkung anderer Heilsteine.<\/p>\n<p data-start=\"2102\" data-end=\"2574\">Der Herkimer Diamant steht f\u00fcr extrem reines, kristallisiertes Licht. Er ist ein hochfrequenter, leicht programmierbarer Kristall, der besonders in Meditation, Energiearbeit, Lichtarbeit, Traum- und Schamanenarbeit eingesetzt wird. Er unterst\u00fctzt astrale und interdimensionale Reisen, f\u00f6rdert Hellsichtigkeit und Telepathie und st\u00e4rkt die Verbindung zu Intuition, Engeln und h\u00f6heren spirituellen Ebenen. Zus\u00e4tzlich wirkt er stark reinigend auf Aura und energetische R\u00e4ume.<\/p>\n<hr data-start=\"2865\" data-end=\"2868\" \/>\n<h4 data-start=\"2576\" data-end=\"2635\"><span class=\"ez-toc-section\" id=\"_Mehr_uber_Moldavite_Herkimer_Diamanten_Heilsteine\"><\/span>\u00a0Mehr \u00fcber Moldavite, Herkimer Diamanten &amp; Heilsteine<span class=\"ez-toc-section-end\"><\/span><\/h4>\n<p data-start=\"2636\" data-end=\"2684\">\u0100rstnieciskie akme\u0146i un krist\u0101li | <a href=\"https:\/\/saphirsmaragd.com\/lv\/product-category\/heilsteine-kristalle-kaufen\/\">Saf\u012brs un smaragds<\/a><strong><br \/>\n<\/strong><\/p>\n<hr data-start=\"2865\" data-end=\"2868\" \/>\n<h4 data-start=\"2686\" data-end=\"2706\"><span class=\"ez-toc-section\" id=\"_Weitere_Infos\"><\/span>\u00a0Papildinform\u0101cija<span class=\"ez-toc-section-end\"><\/span><\/h4>\n<p data-start=\"2707\" data-end=\"2777\"><strong data-start=\"2710\" data-end=\"2734\">Wikipedia \u2013 <a href=\"https:\/\/de.wikipedia.org\/wiki\/Moldavit\" target=\"_blank\" rel=\"noopener\">Moldavit<\/a><\/strong><\/p>","protected":false},"excerpt":{"rendered":"<p><em>Der Anh\u00e4nger mit Moldavit und Herkimer Diamant kombiniert zwei hochschwingende Kristalle f\u00fcr spirituelles Wachstum, Meditation und energetische Reinigung. Ein kraftvolles Einzelst\u00fcck aus Sterlingsilber (925).<\/em><\/p>","protected":false},"featured_media":6413,"comment_status":"open","ping_status":"closed","template":"","meta":{"_glsr_average":0,"_glsr_ranking":0,"_glsr_reviews":0},"product_brand":[],"product_cat":[87],"product_tag":[],"class_list":{"0":"post-6412","1":"product","2":"type-product","3":"status-publish","4":"has-post-thumbnail","6":"product_cat-edelstein-anhaenger","8":"first","9":"instock","10":"shipping-taxable","11":"purchasable","12":"product-type-simple","13":"add-to-wishlist-before_image"},"jetpack_sharing_enabled":true,"_links":{"self":[{"href":"https:\/\/saphirsmaragd.com\/lv\/wp-json\/wp\/v2\/product\/6412","targetHints":{"allow":["GET"]}}],"collection":[{"href":"https:\/\/saphirsmaragd.com\/lv\/wp-json\/wp\/v2\/product"}],"about":[{"href":"https:\/\/saphirsmaragd.com\/lv\/wp-json\/wp\/v2\/types\/product"}],"replies":[{"embeddable":true,"href":"https:\/\/saphirsmaragd.com\/lv\/wp-json\/wp\/v2\/comments?post=6412"}],"version-history":[{"count":1,"href":"https:\/\/saphirsmaragd.com\/lv\/wp-json\/wp\/v2\/product\/6412\/revisions"}],"predecessor-version":[{"id":6416,"href":"https:\/\/saphirsmaragd.com\/lv\/wp-json\/wp\/v2\/product\/6412\/revisions\/6416"}],"wp:featuredmedia":[{"embeddable":true,"href":"https:\/\/saphirsmaragd.com\/lv\/wp-json\/wp\/v2\/media\/6413"}],"wp:attachment":[{"href":"https:\/\/saphirsmaragd.com\/lv\/wp-json\/wp\/v2\/media?parent=6412"}],"wp:term":[{"taxonomy":"product_brand","embeddable":true,"href":"https:\/\/saphirsmaragd.com\/lv\/wp-json\/wp\/v2\/product_brand?post=6412"},{"taxonomy":"product_cat","embeddable":true,"href":"https:\/\/saphirsmaragd.com\/lv\/wp-json\/wp\/v2\/product_cat?post=6412"},{"taxonomy":"product_tag","embeddable":true,"href":"https:\/\/saphirsmaragd.com\/lv\/wp-json\/wp\/v2\/product_tag?post=6412"}],"curies":[{"name":"wp","href":"https:\/\/api.w.org\/{rel}","templated":true}]}}