{"id":6604,"date":"2025-12-21T15:55:22","date_gmt":"2025-12-21T15:55:22","guid":{"rendered":"https:\/\/saphirsmaragd.com\/?post_type=product&#038;p=6604"},"modified":"2025-12-29T18:47:06","modified_gmt":"2025-12-29T18:47:06","slug":"peridot-ohrstecker-gelbgold-oval","status":"publish","type":"product","link":"https:\/\/saphirsmaragd.com\/lv\/products\/peridot-ohrstecker-gelbgold-oval\/","title":{"rendered":"Peridota ausu kniedes dzeltena zelta ov\u0101ls - dabiskais peridots 18k zelt\u0101"},"content":{"rendered":"<div id=\"ez-toc-container\" class=\"ez-toc-v2_0_82_2 counter-hierarchy ez-toc-counter ez-toc-grey ez-toc-container-direction\">\n<div class=\"ez-toc-title-container\">\n<p class=\"ez-toc-title\" style=\"cursor:inherit\">Satura r\u0101d\u012bt\u0101js<\/p>\n<span class=\"ez-toc-title-toggle\"><a href=\"#\" class=\"ez-toc-pull-right ez-toc-btn ez-toc-btn-xs ez-toc-btn-default ez-toc-toggle\" aria-label=\"Toggle Table of Content\"><span class=\"ez-toc-js-icon-con\"><span class=\"\"><span class=\"eztoc-hide\" style=\"display:none;\">P\u0101rsl\u0113gt<\/span><span class=\"ez-toc-icon-toggle-span\"><svg style=\"fill: #999;color:#999\" xmlns=\"http:\/\/www.w3.org\/2000\/svg\" class=\"list-377408\" width=\"20px\" height=\"20px\" viewbox=\"0 0 24 24\" fill=\"none\"><path d=\"M6 6H4v2h2V6zm14 0H8v2h12V6zM4 11h2v2H4v-2zm16 0H8v2h12v-2zM4 16h2v2H4v-2zm16 0H8v2h12v-2z\" fill=\"currentColor\"><\/path><\/svg><svg style=\"fill: #999;color:#999\" class=\"arrow-unsorted-368013\" xmlns=\"http:\/\/www.w3.org\/2000\/svg\" width=\"10px\" height=\"10px\" viewbox=\"0 0 24 24\" version=\"1.2\" baseprofile=\"tiny\"><path d=\"M18.2 9.3l-6.2-6.3-6.2 6.3c-.2.2-.3.4-.3.7s.1.5.3.7c.2.2.4.3.7.3h11c.3 0 .5-.1.7-.3.2-.2.3-.5.3-.7s-.1-.5-.3-.7zM5.8 14.7l6.2 6.3 6.2-6.3c.2-.2.3-.5.3-.7s-.1-.5-.3-.7c-.2-.2-.4-.3-.7-.3h-11c-.3 0-.5.1-.7.3-.2.2-.3.5-.3.7s.1.5.3.7z\"\/><\/svg><\/span><\/span><\/span><\/a><\/span><\/div>\n<nav><ul class='ez-toc-list ez-toc-list-level-1' ><li class='ez-toc-page-1 ez-toc-heading-level-4'><a class=\"ez-toc-link ez-toc-heading-1\" href=\"https:\/\/saphirsmaragd.com\/lv\/products\/peridot-ohrstecker-gelbgold-oval\/#Peridot_Ohrstecker_Gelbgold_Oval\" >Peridot Ohrstecker Gelbgold Oval<\/a><\/li><li class='ez-toc-page-1 ez-toc-heading-level-4'><a class=\"ez-toc-link ez-toc-heading-2\" href=\"https:\/\/saphirsmaragd.com\/lv\/products\/peridot-ohrstecker-gelbgold-oval\/#Merkmale_Herkunft\" >Raksturojums un izcelsme<\/a><\/li><li class='ez-toc-page-1 ez-toc-heading-level-4'><a class=\"ez-toc-link ez-toc-heading-3\" href=\"https:\/\/saphirsmaragd.com\/lv\/products\/peridot-ohrstecker-gelbgold-oval\/#Besonderheiten\" >\u012apa\u0161as funkcijas<\/a><\/li><li class='ez-toc-page-1 ez-toc-heading-level-4'><a class=\"ez-toc-link ez-toc-heading-4\" href=\"https:\/\/saphirsmaragd.com\/lv\/products\/peridot-ohrstecker-gelbgold-oval\/#Mehr_uber_unsere_Edelsteine\" >Vair\u0101k par m\u016bsu d\u0101rgakme\u0146iem<\/a><\/li><li class='ez-toc-page-1 ez-toc-heading-level-4'><a class=\"ez-toc-link ez-toc-heading-5\" href=\"https:\/\/saphirsmaragd.com\/lv\/products\/peridot-ohrstecker-gelbgold-oval\/#Weitere_Infos\" >Papildinform\u0101cija<\/a><\/li><\/ul><\/nav><\/div>\n<h4 data-start=\"1256\" data-end=\"1296\"><span class=\"ez-toc-section\" id=\"Peridot_Ohrstecker_Gelbgold_Oval\"><\/span><strong data-start=\"1260\" data-end=\"1296\">Peridot Ohrstecker Gelbgold Oval<\/strong><span class=\"ez-toc-section-end\"><\/span><\/h4>\n<p data-start=\"1298\" data-end=\"1603\">Diese <strong data-start=\"1304\" data-end=\"1340\">Peridot Ohrstecker Gelbgold Oval<\/strong> \u00fcberzeugen durch ihre frische, leuchtend gr\u00fcne Farbwirkung und ihr zeitloses Design. Die nat\u00fcrlichen Peridote sind oval facettiert und harmonieren perfekt mit dem warmen Ton des 18-kar\u00e4tigen Gelbgolds. Ein elegantes Schmuckst\u00fcck f\u00fcr Alltag und besondere Anl\u00e4sse.<\/p>\n<hr data-start=\"1605\" data-end=\"1608\" \/>\n<h4 data-start=\"1610\" data-end=\"1634\"><span class=\"ez-toc-section\" id=\"Merkmale_Herkunft\"><\/span>Raksturojums un izcelsme<span class=\"ez-toc-section-end\"><\/span><\/h4>\n<p data-start=\"1636\" data-end=\"1909\">Schmuckart: Ohrstecker<br data-start=\"1658\" data-end=\"1661\" \/>Edelsteinart: Peridot<br data-start=\"1682\" data-end=\"1685\" \/>Anzahl Steine: 2<br data-start=\"1701\" data-end=\"1704\" \/>Form: Oval<br data-start=\"1714\" data-end=\"1717\" \/>Farbe: Leuchtendes Gelbgr\u00fcn<br data-start=\"1744\" data-end=\"1747\" \/>Gewicht Edelsteine (gesamt): 1.54 Karat<br data-start=\"1786\" data-end=\"1789\" \/>Abmessungen Steine: 7 \u00d7 5 mm<br data-start=\"1817\" data-end=\"1820\" \/>Herkunft: Nat\u00fcrlich<br data-start=\"1839\" data-end=\"1842\" \/>T\u012br\u012bba: T\u012bra ac\u012bm<br data-start=\"1861\" data-end=\"1864\" \/>\u0100rst\u0113\u0161ana: neapstr\u0101d\u0101ts<br data-start=\"1887\" data-end=\"1890\" \/>Mohs-H\u00e4rte: 6.5\u20137<\/p>\n<p data-start=\"1911\" data-end=\"2116\">Metall: 18-kar\u00e4tiges Gelbgold (750\/1000)<br data-start=\"1951\" data-end=\"1954\" \/>Gewicht Schmuckst\u00fcck: 1.55 g<br data-start=\"1982\" data-end=\"1985\" \/>Verschluss: Stecker (Kinderwagen-Sicherung)<br data-start=\"2028\" data-end=\"2031\" \/>Herstellung: Frankreich<br data-start=\"2054\" data-end=\"2057\" \/>Zertifikat: Echtheitszertifikat (Val\u00e9rie DURAFFOURG, Gem-A)<\/p>\n<hr data-start=\"2118\" data-end=\"2121\" \/>\n<h4 data-start=\"2123\" data-end=\"2142\"><span class=\"ez-toc-section\" id=\"Besonderheiten\"><\/span>\u012apa\u0161as funkcijas<span class=\"ez-toc-section-end\"><\/span><\/h4>\n<p data-start=\"2144\" data-end=\"2504\">Die <strong data-start=\"2148\" data-end=\"2184\">Peridot Ohrstecker Gelbgold Oval<\/strong> stehen f\u00fcr schlichte Eleganz und nat\u00fcrliche Frische. Peridot ist bekannt f\u00fcr seine lebendige gr\u00fcne Farbe und seine positive Ausstrahlung. In Kombination mit hochwertigem Gelbgold entstehen Ohrstecker, die sowohl dezent als auch edel wirken. Ideal als stilvolles Geschenk oder als klassisches Schmuckst\u00fcck f\u00fcr jeden Tag.<\/p>\n<hr data-start=\"1926\" data-end=\"1929\" \/>\n<h4 data-start=\"1931\" data-end=\"1971\"><span class=\"ez-toc-section\" id=\"Mehr_uber_unsere_Edelsteine\"><\/span>Vair\u0101k par m\u016bsu d\u0101rgakme\u0146iem<span class=\"ez-toc-section-end\"><\/span><\/h4>\n<p data-start=\"1972\" data-end=\"2069\"><a href=\"https:\/\/saphirsmaragd.com\/lv\/product-category\/edelsteine-kaufen\/\">d\u0101rgakme\u0146i<\/a><\/p>\n<hr data-start=\"2071\" data-end=\"2074\" \/>\n<h4 data-start=\"2076\" data-end=\"2096\"><span class=\"ez-toc-section\" id=\"Weitere_Infos\"><\/span>Papildinform\u0101cija<span class=\"ez-toc-section-end\"><\/span><\/h4>\n<p data-start=\"2097\" data-end=\"2160\"><a class=\"decorated-link cursor-pointer\" href=\"https:\/\/de.wikipedia.org\/wiki\/Citrin\" target=\"_new\" rel=\"noopener\" data-start=\"2097\" data-end=\"2160\">Wikipedia: Citrin<\/a><\/p>","protected":false},"excerpt":{"rendered":"<p data-start=\"528\" data-end=\"680\"><em>Peridot Ohrstecker aus 18-kar\u00e4tigem Gelbgold mit nat\u00fcrlichen ovalen Peridoten. Eleganter franz\u00f6sischer Schmuck mit zertifizierter Edelsteinqualit\u00e4t.<\/em><\/p>\n<p data-start=\"575\" data-end=\"606\">","protected":false},"featured_media":6605,"comment_status":"open","ping_status":"closed","template":"","meta":{"_glsr_average":0,"_glsr_ranking":0,"_glsr_reviews":0},"product_brand":[],"product_cat":[82,305],"product_tag":[],"class_list":{"0":"post-6604","1":"product","2":"type-product","3":"status-publish","4":"has-post-thumbnail","6":"product_cat-ohrringe-kaufen","7":"product_cat-seltene-edelsteine","8":"pa_edelsteinart-seltene-edelsteine","9":"pa_farbe-gruen","10":"pa_form-rund","11":"pa_gewicht-karat-0-1-0-5-karat","12":"pa_reinheit-augenrein","13":"pa_veredelung-behandlung-unbehandelt","14":"pa_zertifikat-ja","15":"pa_zustand-neu","17":"first","18":"instock","19":"featured","20":"sold-individually","21":"shipping-taxable","22":"purchasable","23":"product-type-simple","24":"add-to-wishlist-before_image"},"jetpack_sharing_enabled":true,"_links":{"self":[{"href":"https:\/\/saphirsmaragd.com\/lv\/wp-json\/wp\/v2\/product\/6604","targetHints":{"allow":["GET"]}}],"collection":[{"href":"https:\/\/saphirsmaragd.com\/lv\/wp-json\/wp\/v2\/product"}],"about":[{"href":"https:\/\/saphirsmaragd.com\/lv\/wp-json\/wp\/v2\/types\/product"}],"replies":[{"embeddable":true,"href":"https:\/\/saphirsmaragd.com\/lv\/wp-json\/wp\/v2\/comments?post=6604"}],"version-history":[{"count":1,"href":"https:\/\/saphirsmaragd.com\/lv\/wp-json\/wp\/v2\/product\/6604\/revisions"}],"predecessor-version":[{"id":6606,"href":"https:\/\/saphirsmaragd.com\/lv\/wp-json\/wp\/v2\/product\/6604\/revisions\/6606"}],"wp:featuredmedia":[{"embeddable":true,"href":"https:\/\/saphirsmaragd.com\/lv\/wp-json\/wp\/v2\/media\/6605"}],"wp:attachment":[{"href":"https:\/\/saphirsmaragd.com\/lv\/wp-json\/wp\/v2\/media?parent=6604"}],"wp:term":[{"taxonomy":"product_brand","embeddable":true,"href":"https:\/\/saphirsmaragd.com\/lv\/wp-json\/wp\/v2\/product_brand?post=6604"},{"taxonomy":"product_cat","embeddable":true,"href":"https:\/\/saphirsmaragd.com\/lv\/wp-json\/wp\/v2\/product_cat?post=6604"},{"taxonomy":"product_tag","embeddable":true,"href":"https:\/\/saphirsmaragd.com\/lv\/wp-json\/wp\/v2\/product_tag?post=6604"}],"curies":[{"name":"wp","href":"https:\/\/api.w.org\/{rel}","templated":true}]}}