{"id":6748,"date":"2025-12-25T13:02:29","date_gmt":"2025-12-25T13:02:29","guid":{"rendered":"https:\/\/saphirsmaragd.com\/?post_type=product&#038;p=6748"},"modified":"2025-12-29T18:46:49","modified_gmt":"2025-12-29T18:46:49","slug":"spessartin-granat-oval-6-67-karat","status":"publish","type":"product","link":"https:\/\/saphirsmaragd.com\/lv\/products\/spessartin-granat-oval-6-67-karat\/","title":{"rendered":"Spessartin-Granat oval 6.67 Karat \u2013 nat\u00fcrlicher Edelstein aus Nigeria"},"content":{"rendered":"<div id=\"ez-toc-container\" class=\"ez-toc-v2_0_82_2 counter-hierarchy ez-toc-counter ez-toc-grey ez-toc-container-direction\">\n<div class=\"ez-toc-title-container\">\n<p class=\"ez-toc-title\" style=\"cursor:inherit\">Satura r\u0101d\u012bt\u0101js<\/p>\n<span class=\"ez-toc-title-toggle\"><a href=\"#\" class=\"ez-toc-pull-right ez-toc-btn ez-toc-btn-xs ez-toc-btn-default ez-toc-toggle\" aria-label=\"Toggle Table of Content\"><span class=\"ez-toc-js-icon-con\"><span class=\"\"><span class=\"eztoc-hide\" style=\"display:none;\">P\u0101rsl\u0113gt<\/span><span class=\"ez-toc-icon-toggle-span\"><svg style=\"fill: #999;color:#999\" xmlns=\"http:\/\/www.w3.org\/2000\/svg\" class=\"list-377408\" width=\"20px\" height=\"20px\" viewbox=\"0 0 24 24\" fill=\"none\"><path d=\"M6 6H4v2h2V6zm14 0H8v2h12V6zM4 11h2v2H4v-2zm16 0H8v2h12v-2zM4 16h2v2H4v-2zm16 0H8v2h12v-2z\" fill=\"currentColor\"><\/path><\/svg><svg style=\"fill: #999;color:#999\" class=\"arrow-unsorted-368013\" xmlns=\"http:\/\/www.w3.org\/2000\/svg\" width=\"10px\" height=\"10px\" viewbox=\"0 0 24 24\" version=\"1.2\" baseprofile=\"tiny\"><path d=\"M18.2 9.3l-6.2-6.3-6.2 6.3c-.2.2-.3.4-.3.7s.1.5.3.7c.2.2.4.3.7.3h11c.3 0 .5-.1.7-.3.2-.2.3-.5.3-.7s-.1-.5-.3-.7zM5.8 14.7l6.2 6.3 6.2-6.3c.2-.2.3-.5.3-.7s-.1-.5-.3-.7c-.2-.2-.4-.3-.7-.3h-11c-.3 0-.5.1-.7.3-.2.2-.3.5-.3.7s.1.5.3.7z\"\/><\/svg><\/span><\/span><\/span><\/a><\/span><\/div>\n<nav><ul class='ez-toc-list ez-toc-list-level-1' ><li class='ez-toc-page-1 ez-toc-heading-level-4'><a class=\"ez-toc-link ez-toc-heading-1\" href=\"https:\/\/saphirsmaragd.com\/lv\/products\/spessartin-granat-oval-6-67-karat\/#Spessartin-Granat_oval_667_Karat\" >Spessartin-Granat oval 6.67 Karat<\/a><\/li><li class='ez-toc-page-1 ez-toc-heading-level-4'><a class=\"ez-toc-link ez-toc-heading-2\" href=\"https:\/\/saphirsmaragd.com\/lv\/products\/spessartin-granat-oval-6-67-karat\/#Merkmale_Herkunft\" >Raksturojums un izcelsme<\/a><\/li><li class='ez-toc-page-1 ez-toc-heading-level-4'><a class=\"ez-toc-link ez-toc-heading-3\" href=\"https:\/\/saphirsmaragd.com\/lv\/products\/spessartin-granat-oval-6-67-karat\/#Besonderheiten\" >\u012apa\u0161as funkcijas<\/a><\/li><li class='ez-toc-page-1 ez-toc-heading-level-4'><a class=\"ez-toc-link ez-toc-heading-4\" href=\"https:\/\/saphirsmaragd.com\/lv\/products\/spessartin-granat-oval-6-67-karat\/#Mehr_uber_unsere_Edelsteine\" >Vair\u0101k par m\u016bsu d\u0101rgakme\u0146iem<\/a><\/li><li class='ez-toc-page-1 ez-toc-heading-level-4'><a class=\"ez-toc-link ez-toc-heading-5\" href=\"https:\/\/saphirsmaragd.com\/lv\/products\/spessartin-granat-oval-6-67-karat\/#Weitere_Infos\" >Papildinform\u0101cija<\/a><\/li><\/ul><\/nav><\/div>\n<h4 data-start=\"948\" data-end=\"989\"><span class=\"ez-toc-section\" id=\"Spessartin-Granat_oval_667_Karat\"><\/span><strong data-start=\"952\" data-end=\"989\">Spessartin-Granat oval 6.67 Karat<\/strong><span class=\"ez-toc-section-end\"><\/span><\/h4>\n<p data-start=\"990\" data-end=\"1311\">Dieser hochwertige <strong data-start=\"1009\" data-end=\"1046\">Spessartin-Granat oval 6.67 Karat<\/strong> begeistert durch seine intensive orangefarbene bis mandarinfarbene Ausstrahlung und seine au\u00dfergew\u00f6hnliche Leuchtkraft. Spessartin-Granate z\u00e4hlen zu den lebhaftesten Granatvariet\u00e4ten und sind besonders bei Sammlern und Designern exklusiver Schmuckst\u00fccke gesch\u00e4tzt.<\/p>\n<hr data-start=\"1313\" data-end=\"1316\" \/>\n<h4 data-start=\"1318\" data-end=\"1346\"><span class=\"ez-toc-section\" id=\"Merkmale_Herkunft\"><\/span><strong data-start=\"1323\" data-end=\"1346\">Raksturojums un izcelsme<\/strong><span class=\"ez-toc-section-end\"><\/span><\/h4>\n<p data-start=\"1347\" data-end=\"1578\">Edelstein: Spessartin-Granat<br data-start=\"1375\" data-end=\"1378\" \/>Farbe: Orange<br data-start=\"1391\" data-end=\"1394\" \/>Form: Oval<br data-start=\"1404\" data-end=\"1407\" \/>Schliff: Facettiert<br data-start=\"1426\" data-end=\"1429\" \/>Gewicht: 6.67 Karat<br data-start=\"1448\" data-end=\"1451\" \/>Abmessungen: 10.7 \u00d7 9.9 mm<br data-start=\"1477\" data-end=\"1480\" \/>Herkunft: Nigeria<br data-start=\"1497\" data-end=\"1500\" \/>\u0100rst\u0113\u0161ana: neapstr\u0101d\u0101ts<br data-start=\"1523\" data-end=\"1526\" \/>Skaidr\u012bba: Nelieli iesl\u0113gumi<br data-start=\"1554\" data-end=\"1557\" \/>Mohs-H\u00e4rte: 6.5\u20137.5<\/p>\n<hr data-start=\"1580\" data-end=\"1583\" \/>\n<h4 data-start=\"1585\" data-end=\"1608\"><span class=\"ez-toc-section\" id=\"Besonderheiten\"><\/span><strong data-start=\"1590\" data-end=\"1608\">\u012apa\u0161as funkcijas<\/strong><span class=\"ez-toc-section-end\"><\/span><\/h4>\n<p data-start=\"1609\" data-end=\"1931\">Der <strong data-start=\"1613\" data-end=\"1650\">Spessartin-Granat oval 6.67 Karat<\/strong> \u00fcberzeugt durch seine kr\u00e4ftige, gleichm\u00e4\u00dfige Farbe und seine bemerkenswerte Gr\u00f6\u00dfe. Die nat\u00fcrliche, unbehandelte Qualit\u00e4t sowie der pr\u00e4zise Schliff sorgen f\u00fcr ein intensives Farbspiel und eine hohe Lichtreflexion \u2013 ideal f\u00fcr hochwertige Einzelanfertigungen wie Ringe oder Anh\u00e4nger.<\/p>\n<hr data-start=\"1926\" data-end=\"1929\" \/>\n<h4 data-start=\"1931\" data-end=\"1971\"><span class=\"ez-toc-section\" id=\"Mehr_uber_unsere_Edelsteine\"><\/span>Vair\u0101k par m\u016bsu d\u0101rgakme\u0146iem<span class=\"ez-toc-section-end\"><\/span><\/h4>\n<p data-start=\"1972\" data-end=\"2069\"><a href=\"https:\/\/saphirsmaragd.com\/lv\/product-category\/edelsteine-kaufen\/\">d\u0101rgakme\u0146i<\/a><\/p>\n<hr data-start=\"2071\" data-end=\"2074\" \/>\n<h4 data-start=\"2076\" data-end=\"2096\"><span class=\"ez-toc-section\" id=\"Weitere_Infos\"><\/span>Papildinform\u0101cija<span class=\"ez-toc-section-end\"><\/span><\/h4>\n<p data-start=\"2097\" data-end=\"2160\"><a class=\"decorated-link cursor-pointer\" href=\"https:\/\/de.wikipedia.org\/wiki\/Granat\" target=\"_new\" rel=\"noopener\" data-start=\"2097\" data-end=\"2160\">Vikip\u0113dija: Gran\u0101ts<\/a><\/p>","protected":false},"excerpt":{"rendered":"<p data-start=\"649\" data-end=\"808\"><em>Nat\u00fcrlicher Spessartin-Granat oval 6.67 Karat aus Nigeria. Intensiv orangefarbener Edelstein mit hoher Brillanz, sehr guter Reinheit und beeindruckender Gr\u00f6\u00dfe.<\/em><\/p>\n<h3 data-start=\"710\" data-end=\"734\"><\/h3>\n<p data-start=\"575\" data-end=\"606\">","protected":false},"featured_media":6749,"comment_status":"open","ping_status":"closed","template":"","meta":{"_glsr_average":0,"_glsr_ranking":0,"_glsr_reviews":0},"product_brand":[],"product_cat":[111],"product_tag":[],"class_list":{"0":"post-6748","1":"product","2":"type-product","3":"status-publish","4":"has-post-thumbnail","6":"product_cat-granat-kaufen","7":"pa_edelsteinart-granat","8":"pa_farbe-orange","9":"pa_form-oval","10":"pa_gewicht-karat-5-0-10-karat","11":"pa_herkunft-nigeria","12":"pa_reinheit-kleine-einschluesse","13":"pa_zustand-neu","15":"first","16":"instock","17":"featured","18":"sold-individually","19":"shipping-taxable","20":"purchasable","21":"product-type-simple","22":"add-to-wishlist-before_image"},"jetpack_sharing_enabled":true,"_links":{"self":[{"href":"https:\/\/saphirsmaragd.com\/lv\/wp-json\/wp\/v2\/product\/6748","targetHints":{"allow":["GET"]}}],"collection":[{"href":"https:\/\/saphirsmaragd.com\/lv\/wp-json\/wp\/v2\/product"}],"about":[{"href":"https:\/\/saphirsmaragd.com\/lv\/wp-json\/wp\/v2\/types\/product"}],"replies":[{"embeddable":true,"href":"https:\/\/saphirsmaragd.com\/lv\/wp-json\/wp\/v2\/comments?post=6748"}],"version-history":[{"count":1,"href":"https:\/\/saphirsmaragd.com\/lv\/wp-json\/wp\/v2\/product\/6748\/revisions"}],"predecessor-version":[{"id":6750,"href":"https:\/\/saphirsmaragd.com\/lv\/wp-json\/wp\/v2\/product\/6748\/revisions\/6750"}],"wp:featuredmedia":[{"embeddable":true,"href":"https:\/\/saphirsmaragd.com\/lv\/wp-json\/wp\/v2\/media\/6749"}],"wp:attachment":[{"href":"https:\/\/saphirsmaragd.com\/lv\/wp-json\/wp\/v2\/media?parent=6748"}],"wp:term":[{"taxonomy":"product_brand","embeddable":true,"href":"https:\/\/saphirsmaragd.com\/lv\/wp-json\/wp\/v2\/product_brand?post=6748"},{"taxonomy":"product_cat","embeddable":true,"href":"https:\/\/saphirsmaragd.com\/lv\/wp-json\/wp\/v2\/product_cat?post=6748"},{"taxonomy":"product_tag","embeddable":true,"href":"https:\/\/saphirsmaragd.com\/lv\/wp-json\/wp\/v2\/product_tag?post=6748"}],"curies":[{"name":"wp","href":"https:\/\/api.w.org\/{rel}","templated":true}]}}