{"id":6777,"date":"2025-12-25T14:06:25","date_gmt":"2025-12-25T14:06:25","guid":{"rendered":"https:\/\/saphirsmaragd.com\/?post_type=product&#038;p=6777"},"modified":"2025-12-29T18:46:41","modified_gmt":"2025-12-29T18:46:41","slug":"aquamarin-quadratisch-48-46-karat","status":"publish","type":"product","link":"https:\/\/saphirsmaragd.com\/lv\/products\/aquamarin-quadratisch-48-46-karat\/","title":{"rendered":"Aquamarin quadratisch 48.46 Karat \u2013 Nat\u00fcrlicher Edelstein aus Madagaskar"},"content":{"rendered":"<div id=\"ez-toc-container\" class=\"ez-toc-v2_0_83 counter-hierarchy ez-toc-counter ez-toc-grey ez-toc-container-direction\">\n<div class=\"ez-toc-title-container\">\n<p class=\"ez-toc-title\" style=\"cursor:inherit\">Satura r\u0101d\u012bt\u0101js<\/p>\n<span class=\"ez-toc-title-toggle\"><a href=\"#\" class=\"ez-toc-pull-right ez-toc-btn ez-toc-btn-xs ez-toc-btn-default ez-toc-toggle\" aria-label=\"Toggle Table of Content\"><span class=\"ez-toc-js-icon-con\"><span class=\"\"><span class=\"eztoc-hide\" style=\"display:none;\">P\u0101rsl\u0113gt<\/span><span class=\"ez-toc-icon-toggle-span\"><svg style=\"fill: #999;color:#999\" xmlns=\"http:\/\/www.w3.org\/2000\/svg\" class=\"list-377408\" width=\"20px\" height=\"20px\" viewbox=\"0 0 24 24\" fill=\"none\"><path d=\"M6 6H4v2h2V6zm14 0H8v2h12V6zM4 11h2v2H4v-2zm16 0H8v2h12v-2zM4 16h2v2H4v-2zm16 0H8v2h12v-2z\" fill=\"currentColor\"><\/path><\/svg><svg style=\"fill: #999;color:#999\" class=\"arrow-unsorted-368013\" xmlns=\"http:\/\/www.w3.org\/2000\/svg\" width=\"10px\" height=\"10px\" viewbox=\"0 0 24 24\" version=\"1.2\" baseprofile=\"tiny\"><path d=\"M18.2 9.3l-6.2-6.3-6.2 6.3c-.2.2-.3.4-.3.7s.1.5.3.7c.2.2.4.3.7.3h11c.3 0 .5-.1.7-.3.2-.2.3-.5.3-.7s-.1-.5-.3-.7zM5.8 14.7l6.2 6.3 6.2-6.3c.2-.2.3-.5.3-.7s-.1-.5-.3-.7c-.2-.2-.4-.3-.7-.3h-11c-.3 0-.5.1-.7.3-.2.2-.3.5-.3.7s.1.5.3.7z\"\/><\/svg><\/span><\/span><\/span><\/a><\/span><\/div>\n<nav><ul class='ez-toc-list ez-toc-list-level-1' ><li class='ez-toc-page-1 ez-toc-heading-level-4'><a class=\"ez-toc-link ez-toc-heading-1\" href=\"https:\/\/saphirsmaragd.com\/lv\/products\/aquamarin-quadratisch-48-46-karat\/#Aquamarin_quadratisch_4846_Karat\" >Aquamarin quadratisch 48.46 Karat<\/a><\/li><li class='ez-toc-page-1 ez-toc-heading-level-4'><a class=\"ez-toc-link ez-toc-heading-2\" href=\"https:\/\/saphirsmaragd.com\/lv\/products\/aquamarin-quadratisch-48-46-karat\/#Merkmale_Herkunft\" >Merkmale &amp; Herkunft:<\/a><\/li><li class='ez-toc-page-1 ez-toc-heading-level-4'><a class=\"ez-toc-link ez-toc-heading-3\" href=\"https:\/\/saphirsmaragd.com\/lv\/products\/aquamarin-quadratisch-48-46-karat\/#Besonderheiten\" >Besonderheiten:<\/a><\/li><li class='ez-toc-page-1 ez-toc-heading-level-4'><a class=\"ez-toc-link ez-toc-heading-4\" href=\"https:\/\/saphirsmaragd.com\/lv\/products\/aquamarin-quadratisch-48-46-karat\/#Mehr_uber_unsere_Edelsteine\" >Vair\u0101k par m\u016bsu d\u0101rgakme\u0146iem<\/a><\/li><li class='ez-toc-page-1 ez-toc-heading-level-4'><a class=\"ez-toc-link ez-toc-heading-5\" href=\"https:\/\/saphirsmaragd.com\/lv\/products\/aquamarin-quadratisch-48-46-karat\/#Weitere_Infos\" >Papildinform\u0101cija<\/a><\/li><\/ul><\/nav><\/div>\n<h4 data-start=\"679\" data-end=\"718\"><span class=\"ez-toc-section\" id=\"Aquamarin_quadratisch_4846_Karat\"><\/span>Aquamarin quadratisch 48.46 Karat<span class=\"ez-toc-section-end\"><\/span><\/h4>\n<p data-start=\"719\" data-end=\"971\">Dieser au\u00dfergew\u00f6hnlich gro\u00dfe <strong data-start=\"748\" data-end=\"785\">Aquamarin quadratisch 48.46 Karat<\/strong> ist ein echtes Statement-St\u00fcck. Der quadratische Schliff mit abgeschr\u00e4gten Ecken sorgt f\u00fcr eine moderne, kraftvolle Optik und maximiert zugleich die Lichtreflexion innerhalb des Steins.<\/p>\n<p data-start=\"973\" data-end=\"1201\">Die klare, helle blaue Farbe ist typisch f\u00fcr hochwertige Aquamarine aus Madagaskar. Aufgrund seiner Gr\u00f6\u00dfe eignet sich dieser Edelstein besonders f\u00fcr exklusive Einzelanfertigungen wie Cocktailringe oder au\u00dfergew\u00f6hnliche Anh\u00e4nger.<\/p>\n<hr data-start=\"1203\" data-end=\"1206\" \/>\n<h4 data-start=\"1208\" data-end=\"1233\"><span class=\"ez-toc-section\" id=\"Merkmale_Herkunft\"><\/span>Merkmale &amp; Herkunft:<span class=\"ez-toc-section-end\"><\/span><\/h4>\n<p data-start=\"1234\" data-end=\"1487\">Akmens: akvamar\u012bns<br data-start=\"1250\" data-end=\"1253\" \/>Form: Quadratisch (abgeschr\u00e4gte Ecken)<br data-start=\"1291\" data-end=\"1294\" \/>Farbe: Hellblau<br data-start=\"1309\" data-end=\"1312\" \/>Gewicht: 48.46 Karat<br data-start=\"1332\" data-end=\"1335\" \/>Abmessungen: 22 \u00d7 22 mm<br data-start=\"1358\" data-end=\"1361\" \/>Herkunft: Madagaskar<br data-start=\"1381\" data-end=\"1384\" \/>\u0100rst\u0113\u0161ana: neapstr\u0101d\u0101ts<br data-start=\"1407\" data-end=\"1410\" \/>T\u012br\u012bba: T\u012bra ac\u012bm<br data-start=\"1429\" data-end=\"1432\" \/>Mohs-H\u00e4rte: 7.5 \u2013 8<br data-start=\"1451\" data-end=\"1454\" \/>St\u0101voklis: Jauns<\/p>\n<hr data-start=\"1489\" data-end=\"1492\" \/>\n<h4 data-start=\"1494\" data-end=\"1514\"><span class=\"ez-toc-section\" id=\"Besonderheiten\"><\/span>Besonderheiten:<span class=\"ez-toc-section-end\"><\/span><\/h4>\n<p data-start=\"1515\" data-end=\"1756\">Die Kombination aus sehr gro\u00dfem Karatgewicht, pr\u00e4zisem Schliff und nat\u00fcrlicher Klarheit macht diesen Aquamarin zu einem seltenen Sammlerst\u00fcck. Trotz seiner Gr\u00f6\u00dfe wirkt der Stein elegant und ausgewogen \u2013 ein Merkmal hochwertiger Schleifkunst.<\/p>\n<hr data-start=\"1926\" data-end=\"1929\" \/>\n<h4 data-start=\"1931\" data-end=\"1971\"><span class=\"ez-toc-section\" id=\"Mehr_uber_unsere_Edelsteine\"><\/span>Vair\u0101k par m\u016bsu d\u0101rgakme\u0146iem<span class=\"ez-toc-section-end\"><\/span><\/h4>\n<p data-start=\"1972\" data-end=\"2069\"><a href=\"https:\/\/saphirsmaragd.com\/lv\/product-category\/edelsteine-kaufen\/\">d\u0101rgakme\u0146i<\/a><\/p>\n<hr data-start=\"2071\" data-end=\"2074\" \/>\n<h4 data-start=\"2076\" data-end=\"2096\"><span class=\"ez-toc-section\" id=\"Weitere_Infos\"><\/span>Papildinform\u0101cija<span class=\"ez-toc-section-end\"><\/span><\/h4>\n<p data-start=\"2097\" data-end=\"2160\"><a class=\"decorated-link cursor-pointer\" href=\"https:\/\/de.wikipedia.org\/wiki\/Aquamarin\" target=\"_new\" rel=\"noopener\" data-start=\"2097\" data-end=\"2160\">Vikip\u0113dija: Akvamar\u012bns<\/a><\/p>","protected":false},"excerpt":{"rendered":"<p data-start=\"388\" data-end=\"546\"><em>Nat\u00fcrlicher Aquamarin quadratisch 48.46 Karat aus Madagaskar. Gro\u00dfformatiger Edelstein mit klarer Farbe, beeindruckender Brillanz und exzellentem Schliff.<\/em><\/p>\n<p data-start=\"1627\" data-end=\"1707\">","protected":false},"featured_media":6778,"comment_status":"open","ping_status":"closed","template":"","meta":{"_glsr_average":0,"_glsr_ranking":0,"_glsr_reviews":0},"product_brand":[],"product_cat":[77],"product_tag":[],"class_list":{"0":"post-6777","1":"product","2":"type-product","3":"status-publish","4":"has-post-thumbnail","6":"product_cat-aquamarin-kaufen","7":"pa_edelsteinart-aquamarin","8":"pa_farbe-blau","9":"pa_form-quadrat","10":"pa_gewicht-karat-20-50-karat","11":"pa_herkunft-madagaskar","12":"pa_reinheit-augenrein","13":"pa_veredelung-behandlung-unbehandelt","14":"pa_zustand-neu","16":"first","17":"instock","18":"featured","19":"sold-individually","20":"shipping-taxable","21":"purchasable","22":"product-type-simple","23":"add-to-wishlist-before_image"},"jetpack_sharing_enabled":true,"_links":{"self":[{"href":"https:\/\/saphirsmaragd.com\/lv\/wp-json\/wp\/v2\/product\/6777","targetHints":{"allow":["GET"]}}],"collection":[{"href":"https:\/\/saphirsmaragd.com\/lv\/wp-json\/wp\/v2\/product"}],"about":[{"href":"https:\/\/saphirsmaragd.com\/lv\/wp-json\/wp\/v2\/types\/product"}],"replies":[{"embeddable":true,"href":"https:\/\/saphirsmaragd.com\/lv\/wp-json\/wp\/v2\/comments?post=6777"}],"version-history":[{"count":2,"href":"https:\/\/saphirsmaragd.com\/lv\/wp-json\/wp\/v2\/product\/6777\/revisions"}],"predecessor-version":[{"id":6780,"href":"https:\/\/saphirsmaragd.com\/lv\/wp-json\/wp\/v2\/product\/6777\/revisions\/6780"}],"wp:featuredmedia":[{"embeddable":true,"href":"https:\/\/saphirsmaragd.com\/lv\/wp-json\/wp\/v2\/media\/6778"}],"wp:attachment":[{"href":"https:\/\/saphirsmaragd.com\/lv\/wp-json\/wp\/v2\/media?parent=6777"}],"wp:term":[{"taxonomy":"product_brand","embeddable":true,"href":"https:\/\/saphirsmaragd.com\/lv\/wp-json\/wp\/v2\/product_brand?post=6777"},{"taxonomy":"product_cat","embeddable":true,"href":"https:\/\/saphirsmaragd.com\/lv\/wp-json\/wp\/v2\/product_cat?post=6777"},{"taxonomy":"product_tag","embeddable":true,"href":"https:\/\/saphirsmaragd.com\/lv\/wp-json\/wp\/v2\/product_tag?post=6777"}],"curies":[{"name":"wp","href":"https:\/\/api.w.org\/{rel}","templated":true}]}}