{"id":8111,"date":"2026-02-08T19:34:54","date_gmt":"2026-02-08T19:34:54","guid":{"rendered":"https:\/\/saphirsmaragd.com\/?post_type=product&#038;p=8111"},"modified":"2026-02-14T10:40:59","modified_gmt":"2026-02-14T10:40:59","slug":"demantoid-granat-rund-1-16-karat-gruen","status":"publish","type":"product","link":"https:\/\/saphirsmaragd.com\/lv\/products\/demantoid-granat-rund-1-16-karat-gruen\/","title":{"rendered":"Demantoid Granat Rund 1.16 Karat Gr\u00fcn \u2013 Naturstein aus Madagaskar"},"content":{"rendered":"<div id=\"ez-toc-container\" class=\"ez-toc-v2_0_82_2 counter-hierarchy ez-toc-counter ez-toc-grey ez-toc-container-direction\">\n<div class=\"ez-toc-title-container\">\n<p class=\"ez-toc-title\" style=\"cursor:inherit\">Satura r\u0101d\u012bt\u0101js<\/p>\n<span class=\"ez-toc-title-toggle\"><a href=\"#\" class=\"ez-toc-pull-right ez-toc-btn ez-toc-btn-xs ez-toc-btn-default ez-toc-toggle\" aria-label=\"Toggle Table of Content\"><span class=\"ez-toc-js-icon-con\"><span class=\"\"><span class=\"eztoc-hide\" style=\"display:none;\">P\u0101rsl\u0113gt<\/span><span class=\"ez-toc-icon-toggle-span\"><svg style=\"fill: #999;color:#999\" xmlns=\"http:\/\/www.w3.org\/2000\/svg\" class=\"list-377408\" width=\"20px\" height=\"20px\" viewbox=\"0 0 24 24\" fill=\"none\"><path d=\"M6 6H4v2h2V6zm14 0H8v2h12V6zM4 11h2v2H4v-2zm16 0H8v2h12v-2zM4 16h2v2H4v-2zm16 0H8v2h12v-2z\" fill=\"currentColor\"><\/path><\/svg><svg style=\"fill: #999;color:#999\" class=\"arrow-unsorted-368013\" xmlns=\"http:\/\/www.w3.org\/2000\/svg\" width=\"10px\" height=\"10px\" viewbox=\"0 0 24 24\" version=\"1.2\" baseprofile=\"tiny\"><path d=\"M18.2 9.3l-6.2-6.3-6.2 6.3c-.2.2-.3.4-.3.7s.1.5.3.7c.2.2.4.3.7.3h11c.3 0 .5-.1.7-.3.2-.2.3-.5.3-.7s-.1-.5-.3-.7zM5.8 14.7l6.2 6.3 6.2-6.3c.2-.2.3-.5.3-.7s-.1-.5-.3-.7c-.2-.2-.4-.3-.7-.3h-11c-.3 0-.5.1-.7.3-.2.2-.3.5-.3.7s.1.5.3.7z\"\/><\/svg><\/span><\/span><\/span><\/a><\/span><\/div>\n<nav><ul class='ez-toc-list ez-toc-list-level-1' ><li class='ez-toc-page-1 ez-toc-heading-level-4'><a class=\"ez-toc-link ez-toc-heading-1\" href=\"https:\/\/saphirsmaragd.com\/lv\/products\/demantoid-granat-rund-1-16-karat-gruen\/#Demantoid_Granat_Rund_116_Karat_Grun_%E2%80%93_Naturstein_aus_Madagaskar\" >Demantoid Granat Rund 1.16 Karat Gr\u00fcn \u2013 Naturstein aus Madagaskar<\/a><\/li><li class='ez-toc-page-1 ez-toc-heading-level-4'><a class=\"ez-toc-link ez-toc-heading-2\" href=\"https:\/\/saphirsmaragd.com\/lv\/products\/demantoid-granat-rund-1-16-karat-gruen\/#Merkmale_Herkunft\" >Raksturojums un izcelsme<\/a><\/li><li class='ez-toc-page-1 ez-toc-heading-level-4'><a class=\"ez-toc-link ez-toc-heading-3\" href=\"https:\/\/saphirsmaragd.com\/lv\/products\/demantoid-granat-rund-1-16-karat-gruen\/#Besonderheiten\" >\u012apa\u0161as funkcijas<\/a><\/li><li class='ez-toc-page-1 ez-toc-heading-level-4'><a class=\"ez-toc-link ez-toc-heading-4\" href=\"https:\/\/saphirsmaragd.com\/lv\/products\/demantoid-granat-rund-1-16-karat-gruen\/#Weitere_Inspiration_entdecken\" >Weitere Inspiration entdecken<\/a><\/li><\/ul><\/nav><\/div>\n<h4 data-start=\"506\" data-end=\"576\"><span class=\"ez-toc-section\" id=\"Demantoid_Granat_Rund_116_Karat_Grun_%E2%80%93_Naturstein_aus_Madagaskar\"><\/span>Demantoid Granat Rund 1.16 Karat Gr\u00fcn \u2013 Naturstein aus Madagaskar<span class=\"ez-toc-section-end\"><\/span><\/h4>\n<p data-start=\"578\" data-end=\"701\">Demantoid Granat Rund 1.16 ct Gr\u00fcn ist ein nat\u00fcrlicher Edelstein aus Madagaskar mit satter gr\u00fcner Farbe und rundem Schliff.<\/p>\n<hr data-start=\"901\" data-end=\"904\" \/>\n<h4 data-start=\"906\" data-end=\"960\"><span class=\"ez-toc-section\" id=\"Merkmale_Herkunft\"><\/span>Raksturojums un izcelsme<span class=\"ez-toc-section-end\"><\/span><\/h4>\n<p>Farbe: Gr\u00fcn<br data-start=\"743\" data-end=\"746\" \/>Forma: Apa\u013ca<br data-start=\"756\" data-end=\"759\" \/>Herkunft: Madagaskar<br data-start=\"779\" data-end=\"782\" \/>Gewicht: 1.16 Karat<br data-start=\"798\" data-end=\"801\" \/>Ma\u00dfe: 6.7 mm Durchmesser<br data-start=\"825\" data-end=\"828\" \/>T\u012br\u012bba: T\u012bra ac\u012bm<br data-start=\"859\" data-end=\"862\" \/>Behandlung:unbehandelt<br data-start=\"895\" data-end=\"898\" \/>Zertifikat: Nein<br data-start=\"914\" data-end=\"917\" \/>St\u0101voklis: Jauns<br data-start=\"929\" data-end=\"932\" \/>Steinart: Demantoid Granat<br data-start=\"958\" data-end=\"961\" data-is-only-node=\"\" \/>Mohsh\u00e4rte: 6.5 \u2013 7<\/p>\n<hr data-start=\"1266\" data-end=\"1269\" \/>\n<h4 data-start=\"1271\" data-end=\"1290\"><span class=\"ez-toc-section\" id=\"Besonderheiten\"><\/span>\u012apa\u0161as funkcijas<span class=\"ez-toc-section-end\"><\/span><\/h4>\n<p data-start=\"981\" data-end=\"1209\">Demantoid Granat Rund 1.16 Karat Gr\u00fcn besticht durch seine intensive gr\u00fcne Farbe, die selten in dieser Qualit\u00e4t vorkommt. Der runde Schliff verst\u00e4rkt die Brillanz und l\u00e4sst das Licht lebendig reflektieren.<\/p>\n<p data-start=\"1211\" data-end=\"1373\">Dieser Edelstein ist ideal f\u00fcr hochwertige Schmuckst\u00fccke und eignet sich besonders f\u00fcr Juweliere, die seltene Steine in einzigartigen Designs verarbeiten m\u00f6chten.<\/p>\n<hr data-start=\"1926\" data-end=\"1929\" \/>\n<h4 data-start=\"413\" data-end=\"449\"><span class=\"ez-toc-section\" id=\"Weitere_Inspiration_entdecken\"><\/span>Weitere Inspiration entdecken<span class=\"ez-toc-section-end\"><\/span><\/h4>\n<p data-start=\"450\" data-end=\"582\">Suchen Sie weitere besondere Produkte? Entdecken Sie zus\u00e4tzliche Highlights in unserem Sortiment oder besuchen Sie unsere Partnerprojekte:<\/p>\n<ul data-start=\"584\" data-end=\"920\">\n<li data-start=\"584\" data-end=\"656\"><a href=\"https:\/\/saphirsmaragd.com\/lv\/shop\/\">Weitere Edelsteine &amp; Schmuckst\u00fccke bei Saphir &amp; Smaragd entdecken<\/a><\/li>\n<li data-start=\"657\" data-end=\"783\">\n<p data-start=\"659\" data-end=\"783\"><a href=\"https:\/\/honigbee.com\/shop\/\" target=\"_blank\" rel=\"noopener\">Nat\u00fcrliche Produkte bei Honigbee ansehen<br \/>\n<\/a><\/p>\n<\/li>\n<li data-start=\"784\" data-end=\"920\">\n<p data-start=\"786\" data-end=\"920\"><a href=\"https:\/\/matvana.com\/shop\/\" target=\"_blank\" rel=\"noopener\">Stilvolle Wohnideen bei Matvana erkunden<\/a><\/p>\n<\/li>\n<\/ul>","protected":false},"excerpt":{"rendered":"<p data-start=\"660\" data-end=\"684\"><em>Demantoid Granat Rund 1.16 Karat Gr\u00fcn aus Madagaskar. Seltener Edelstein mit nat\u00fcrlicher Farbe und rundem Schliff.<\/em><\/p>\n<p data-start=\"575\" data-end=\"606\">","protected":false},"featured_media":8115,"comment_status":"open","ping_status":"closed","template":"","meta":{"_glsr_average":0,"_glsr_ranking":0,"_glsr_reviews":0},"product_brand":[],"product_cat":[111],"product_tag":[],"class_list":{"0":"post-8111","1":"product","2":"type-product","3":"status-publish","4":"has-post-thumbnail","6":"product_cat-granat-kaufen","7":"pa_edelsteinart-granat","8":"pa_farbe-gruen","9":"pa_form-rund","10":"pa_gewicht-karat-1-0-3-0-karat","11":"pa_herkunft-madagaskar","12":"pa_reinheit-augenrein","13":"pa_veredelung-behandlung-unbehandelt","14":"pa_zertifikat-ja","15":"pa_zustand-neu","17":"first","18":"instock","19":"featured","20":"sold-individually","21":"shipping-taxable","22":"purchasable","23":"product-type-simple","24":"add-to-wishlist-before_image"},"jetpack_sharing_enabled":true,"_links":{"self":[{"href":"https:\/\/saphirsmaragd.com\/lv\/wp-json\/wp\/v2\/product\/8111","targetHints":{"allow":["GET"]}}],"collection":[{"href":"https:\/\/saphirsmaragd.com\/lv\/wp-json\/wp\/v2\/product"}],"about":[{"href":"https:\/\/saphirsmaragd.com\/lv\/wp-json\/wp\/v2\/types\/product"}],"replies":[{"embeddable":true,"href":"https:\/\/saphirsmaragd.com\/lv\/wp-json\/wp\/v2\/comments?post=8111"}],"version-history":[{"count":1,"href":"https:\/\/saphirsmaragd.com\/lv\/wp-json\/wp\/v2\/product\/8111\/revisions"}],"predecessor-version":[{"id":8116,"href":"https:\/\/saphirsmaragd.com\/lv\/wp-json\/wp\/v2\/product\/8111\/revisions\/8116"}],"wp:featuredmedia":[{"embeddable":true,"href":"https:\/\/saphirsmaragd.com\/lv\/wp-json\/wp\/v2\/media\/8115"}],"wp:attachment":[{"href":"https:\/\/saphirsmaragd.com\/lv\/wp-json\/wp\/v2\/media?parent=8111"}],"wp:term":[{"taxonomy":"product_brand","embeddable":true,"href":"https:\/\/saphirsmaragd.com\/lv\/wp-json\/wp\/v2\/product_brand?post=8111"},{"taxonomy":"product_cat","embeddable":true,"href":"https:\/\/saphirsmaragd.com\/lv\/wp-json\/wp\/v2\/product_cat?post=8111"},{"taxonomy":"product_tag","embeddable":true,"href":"https:\/\/saphirsmaragd.com\/lv\/wp-json\/wp\/v2\/product_tag?post=8111"}],"curies":[{"name":"wp","href":"https:\/\/api.w.org\/{rel}","templated":true}]}}