{"id":8497,"date":"2026-04-11T13:35:28","date_gmt":"2026-04-11T13:35:28","guid":{"rendered":"https:\/\/saphirsmaragd.com\/?post_type=product&#038;p=8497"},"modified":"2026-04-11T13:37:43","modified_gmt":"2026-04-11T13:37:43","slug":"smaragd-tropfen-gruen-1-10-karat","status":"publish","type":"product","link":"https:\/\/saphirsmaragd.com\/lv\/products\/smaragd-tropfen-gruen-1-10-karat\/","title":{"rendered":"Smaragd Tropfen Gr\u00fcn 1.10 Karat aus Sambia \u2013 Eleganter Edelstein"},"content":{"rendered":"<p data-start=\"740\" data-end=\"1020\">\n<p data-start=\"734\" data-end=\"1011\">Dieser elegante Smaragd Tropfen Gr\u00fcn 1.10 Karat stammt aus Sambia und \u00fcberzeugt durch seine intensive gr\u00fcne Farbe sowie seine edle Tropfenform. Die besondere Form verleiht dem Edelstein eine flie\u00dfende, harmonische Optik und macht ihn zu einer stilvollen Wahl f\u00fcr Schmuckst\u00fccke.<\/p>\n<hr data-start=\"1013\" data-end=\"1016\" \/>\n<div id=\"ez-toc-container\" class=\"ez-toc-v2_0_82_2 counter-hierarchy ez-toc-counter ez-toc-grey ez-toc-container-direction\">\n<div class=\"ez-toc-title-container\">\n<p class=\"ez-toc-title\" style=\"cursor:inherit\">Satura r\u0101d\u012bt\u0101js<\/p>\n<span class=\"ez-toc-title-toggle\"><a href=\"#\" class=\"ez-toc-pull-right ez-toc-btn ez-toc-btn-xs ez-toc-btn-default ez-toc-toggle\" aria-label=\"Toggle Table of Content\"><span class=\"ez-toc-js-icon-con\"><span class=\"\"><span class=\"eztoc-hide\" style=\"display:none;\">P\u0101rsl\u0113gt<\/span><span class=\"ez-toc-icon-toggle-span\"><svg style=\"fill: #999;color:#999\" xmlns=\"http:\/\/www.w3.org\/2000\/svg\" class=\"list-377408\" width=\"20px\" height=\"20px\" viewbox=\"0 0 24 24\" fill=\"none\"><path d=\"M6 6H4v2h2V6zm14 0H8v2h12V6zM4 11h2v2H4v-2zm16 0H8v2h12v-2zM4 16h2v2H4v-2zm16 0H8v2h12v-2z\" fill=\"currentColor\"><\/path><\/svg><svg style=\"fill: #999;color:#999\" class=\"arrow-unsorted-368013\" xmlns=\"http:\/\/www.w3.org\/2000\/svg\" width=\"10px\" height=\"10px\" viewbox=\"0 0 24 24\" version=\"1.2\" baseprofile=\"tiny\"><path d=\"M18.2 9.3l-6.2-6.3-6.2 6.3c-.2.2-.3.4-.3.7s.1.5.3.7c.2.2.4.3.7.3h11c.3 0 .5-.1.7-.3.2-.2.3-.5.3-.7s-.1-.5-.3-.7zM5.8 14.7l6.2 6.3 6.2-6.3c.2-.2.3-.5.3-.7s-.1-.5-.3-.7c-.2-.2-.4-.3-.7-.3h-11c-.3 0-.5.1-.7.3-.2.2-.3.5-.3.7s.1.5.3.7z\"\/><\/svg><\/span><\/span><\/span><\/a><\/span><\/div>\n<nav><ul class='ez-toc-list ez-toc-list-level-1' ><li class='ez-toc-page-1 ez-toc-heading-level-4'><a class=\"ez-toc-link ez-toc-heading-1\" href=\"https:\/\/saphirsmaragd.com\/lv\/products\/smaragd-tropfen-gruen-1-10-karat\/#Merkmale_Herkunft\" >Raksturojums un izcelsme<\/a><\/li><li class='ez-toc-page-1 ez-toc-heading-level-4'><a class=\"ez-toc-link ez-toc-heading-2\" href=\"https:\/\/saphirsmaragd.com\/lv\/products\/smaragd-tropfen-gruen-1-10-karat\/#Besonderheiten\" >\u012apa\u0161as funkcijas<\/a><\/li><li class='ez-toc-page-1 ez-toc-heading-level-4'><a class=\"ez-toc-link ez-toc-heading-3\" href=\"https:\/\/saphirsmaragd.com\/lv\/products\/smaragd-tropfen-gruen-1-10-karat\/#Mehr_uber_Smaragde\" >Mehr \u00fcber Smaragde<\/a><\/li><li class='ez-toc-page-1 ez-toc-heading-level-4'><a class=\"ez-toc-link ez-toc-heading-4\" href=\"https:\/\/saphirsmaragd.com\/lv\/products\/smaragd-tropfen-gruen-1-10-karat\/#Weitere_Infos\" >Papildinform\u0101cija<\/a><\/li><\/ul><\/nav><\/div>\n<h4 data-start=\"1018\" data-end=\"1044\"><span class=\"ez-toc-section\" id=\"Merkmale_Herkunft\"><\/span>Raksturojums un izcelsme<span class=\"ez-toc-section-end\"><\/span><\/h4>\n<p data-start=\"1046\" data-end=\"1275\">Steinart: Smaragd<br data-start=\"1063\" data-end=\"1066\" \/>Farbe: Gr\u00fcn<br data-start=\"1077\" data-end=\"1080\" \/>Form: Tropfen<br data-start=\"1093\" data-end=\"1096\" \/>Gewicht: 1.10 Karat<br data-start=\"1115\" data-end=\"1118\" \/>Abmessungen: 8.1 x 6.1 mm<br data-start=\"1143\" data-end=\"1146\" \/>Herkunft: Sambia<br data-start=\"1162\" data-end=\"1165\" \/>Skaidr\u012bba: Nelieli iesl\u0113gumi<br data-start=\"1193\" data-end=\"1196\" \/>Behandlung: Ge\u00f6lt<br data-start=\"1213\" data-end=\"1216\" \/>Beobachtung: Nat\u00fcrlich<br data-start=\"1238\" data-end=\"1241\" \/>Mohs-H\u00e4rte: 7.5\u20138<br data-start=\"1258\" data-end=\"1261\" \/>St\u0101voklis: Jauns<\/p>\n<hr data-start=\"1277\" data-end=\"1280\" \/>\n<h4 data-start=\"1282\" data-end=\"1303\"><span class=\"ez-toc-section\" id=\"Besonderheiten\"><\/span>\u012apa\u0161as funkcijas<span class=\"ez-toc-section-end\"><\/span><\/h4>\n<p data-start=\"1305\" data-end=\"1579\">Der Smaragd Tropfen Gr\u00fcn 1.10 Karat weist die f\u00fcr Smaragde typischen nat\u00fcrlichen Einschl\u00fcsse auf, die als \u201eJardin\u201c bekannt sind und die Echtheit dieses Edelsteins unterstreichen. Die \u00d6lbehandlung verbessert die optische Klarheit, ohne die nat\u00fcrliche Struktur zu ver\u00e4ndern.<\/p>\n<p data-start=\"1581\" data-end=\"1819\">Die Tropfenform z\u00e4hlt zu den elegantesten Schliffen bei Edelsteinen und wird besonders h\u00e4ufig f\u00fcr Anh\u00e4nger oder filigrane Schmuckdesigns verwendet. Sie bringt die Farbe optimal zur Geltung und sorgt f\u00fcr eine edle, feminine Ausstrahlung.<\/p>\n<p data-start=\"1821\" data-end=\"1999\">Mit 1.10 Karat bietet dieser Smaragd eine ideale Balance zwischen Gr\u00f6\u00dfe und Tragbarkeit und eignet sich perfekt f\u00fcr stilvolle Schmuckst\u00fccke im Alltag oder zu besonderen Anl\u00e4ssen.<\/p>\n<hr data-start=\"1670\" data-end=\"1673\" \/>\n<h4 data-start=\"1448\" data-end=\"1473\"><span class=\"ez-toc-section\" id=\"Mehr_uber_Smaragde\"><\/span>Mehr \u00fcber Smaragde<span class=\"ez-toc-section-end\"><\/span><\/h4>\n<p data-start=\"1475\" data-end=\"1668\"><a class=\"\" href=\"https:\/\/saphirsmaragd.com\/lv\/product-category\/heilsteine-kristalle-kaufen\/\" target=\"_new\" rel=\"noopener\" data-start=\"1571\" data-end=\"1668\">Dziedino\u0161ie akme\u0146i un krist\u0101li<\/a><\/p>\n<hr data-start=\"1670\" data-end=\"1673\" \/>\n<h4 data-start=\"1675\" data-end=\"1695\"><span class=\"ez-toc-section\" id=\"Weitere_Infos\"><\/span>Papildinform\u0101cija<span class=\"ez-toc-section-end\"><\/span><\/h4>\n<p data-start=\"1697\" data-end=\"1801\"><a class=\"\" href=\"https:\/\/de.wikipedia.org\/wiki\/Smaragd\" target=\"_new\" rel=\"noopener\" data-start=\"1741\" data-end=\"1801\">Wikipedia \u2013 Smaragd<\/a><\/p>","protected":false},"excerpt":{"rendered":"<p data-start=\"417\" data-end=\"570\"><em>Smaragd Tropfen Gr\u00fcn 1.10 Karat aus Sambia, nat\u00fcrlich und ge\u00f6lt. Hochwertiger tropfenf\u00f6rmiger Smaragd mit intensiver gr\u00fcner Farbe und eleganter Form.<\/em><\/p>","protected":false},"featured_media":8498,"comment_status":"open","ping_status":"closed","template":"","meta":{"_glsr_average":0,"_glsr_ranking":0,"_glsr_reviews":0},"product_brand":[],"product_cat":[262],"product_tag":[],"class_list":{"0":"post-8497","1":"product","2":"type-product","3":"status-publish","4":"has-post-thumbnail","6":"product_cat-smaragd","7":"pa_edelsteinart-smaragd","8":"pa_farbe-gruen","9":"pa_form-tropfen","10":"pa_gewicht-karat-1-0-3-0-karat","11":"pa_herkunft-sambia","12":"pa_reinheit-kleine-einschluesse","13":"pa_veredelung-behandlung-geoelt","14":"pa_zustand-neu","16":"first","17":"instock","18":"sold-individually","19":"shipping-taxable","20":"purchasable","21":"product-type-simple","22":"add-to-wishlist-before_image"},"jetpack_sharing_enabled":true,"_links":{"self":[{"href":"https:\/\/saphirsmaragd.com\/lv\/wp-json\/wp\/v2\/product\/8497","targetHints":{"allow":["GET"]}}],"collection":[{"href":"https:\/\/saphirsmaragd.com\/lv\/wp-json\/wp\/v2\/product"}],"about":[{"href":"https:\/\/saphirsmaragd.com\/lv\/wp-json\/wp\/v2\/types\/product"}],"replies":[{"embeddable":true,"href":"https:\/\/saphirsmaragd.com\/lv\/wp-json\/wp\/v2\/comments?post=8497"}],"version-history":[{"count":2,"href":"https:\/\/saphirsmaragd.com\/lv\/wp-json\/wp\/v2\/product\/8497\/revisions"}],"predecessor-version":[{"id":8500,"href":"https:\/\/saphirsmaragd.com\/lv\/wp-json\/wp\/v2\/product\/8497\/revisions\/8500"}],"wp:featuredmedia":[{"embeddable":true,"href":"https:\/\/saphirsmaragd.com\/lv\/wp-json\/wp\/v2\/media\/8498"}],"wp:attachment":[{"href":"https:\/\/saphirsmaragd.com\/lv\/wp-json\/wp\/v2\/media?parent=8497"}],"wp:term":[{"taxonomy":"product_brand","embeddable":true,"href":"https:\/\/saphirsmaragd.com\/lv\/wp-json\/wp\/v2\/product_brand?post=8497"},{"taxonomy":"product_cat","embeddable":true,"href":"https:\/\/saphirsmaragd.com\/lv\/wp-json\/wp\/v2\/product_cat?post=8497"},{"taxonomy":"product_tag","embeddable":true,"href":"https:\/\/saphirsmaragd.com\/lv\/wp-json\/wp\/v2\/product_tag?post=8497"}],"curies":[{"name":"wp","href":"https:\/\/api.w.org\/{rel}","templated":true}]}}