{"id":8536,"date":"2026-04-14T16:35:13","date_gmt":"2026-04-14T16:35:13","guid":{"rendered":"https:\/\/saphirsmaragd.com\/?post_type=product&#038;p=8536"},"modified":"2026-04-14T16:43:42","modified_gmt":"2026-04-14T16:43:42","slug":"smaragd-rechteck-gruen-1-04-karat","status":"publish","type":"product","link":"https:\/\/saphirsmaragd.com\/lv\/products\/smaragd-rechteck-gruen-1-04-karat\/","title":{"rendered":"Smaragd Rechteck Gr\u00fcn 1.04 Karat aus Sambia \u2013 Feiner Edelstein"},"content":{"rendered":"<p data-start=\"694\" data-end=\"952\">Dieser Smaragd Rechteck Gr\u00fcn 1.04 Karat aus Sambia \u00fcberzeugt durch seine kompakte Form und seine nat\u00fcrliche, intensive Farbwirkung. Der klassische rechteckige Schliff bringt die Struktur des Edelsteins optimal zur Geltung und sorgt f\u00fcr eine zeitlose Eleganz.<\/p>\n<hr data-start=\"954\" data-end=\"957\" \/>\n<div id=\"ez-toc-container\" class=\"ez-toc-v2_0_82_2 counter-hierarchy ez-toc-counter ez-toc-grey ez-toc-container-direction\">\n<div class=\"ez-toc-title-container\">\n<p class=\"ez-toc-title\" style=\"cursor:inherit\">Satura r\u0101d\u012bt\u0101js<\/p>\n<span class=\"ez-toc-title-toggle\"><a href=\"#\" class=\"ez-toc-pull-right ez-toc-btn ez-toc-btn-xs ez-toc-btn-default ez-toc-toggle\" aria-label=\"Toggle Table of Content\"><span class=\"ez-toc-js-icon-con\"><span class=\"\"><span class=\"eztoc-hide\" style=\"display:none;\">P\u0101rsl\u0113gt<\/span><span class=\"ez-toc-icon-toggle-span\"><svg style=\"fill: #999;color:#999\" xmlns=\"http:\/\/www.w3.org\/2000\/svg\" class=\"list-377408\" width=\"20px\" height=\"20px\" viewbox=\"0 0 24 24\" fill=\"none\"><path d=\"M6 6H4v2h2V6zm14 0H8v2h12V6zM4 11h2v2H4v-2zm16 0H8v2h12v-2zM4 16h2v2H4v-2zm16 0H8v2h12v-2z\" fill=\"currentColor\"><\/path><\/svg><svg style=\"fill: #999;color:#999\" class=\"arrow-unsorted-368013\" xmlns=\"http:\/\/www.w3.org\/2000\/svg\" width=\"10px\" height=\"10px\" viewbox=\"0 0 24 24\" version=\"1.2\" baseprofile=\"tiny\"><path d=\"M18.2 9.3l-6.2-6.3-6.2 6.3c-.2.2-.3.4-.3.7s.1.5.3.7c.2.2.4.3.7.3h11c.3 0 .5-.1.7-.3.2-.2.3-.5.3-.7s-.1-.5-.3-.7zM5.8 14.7l6.2 6.3 6.2-6.3c.2-.2.3-.5.3-.7s-.1-.5-.3-.7c-.2-.2-.4-.3-.7-.3h-11c-.3 0-.5.1-.7.3-.2.2-.3.5-.3.7s.1.5.3.7z\"\/><\/svg><\/span><\/span><\/span><\/a><\/span><\/div>\n<nav><ul class='ez-toc-list ez-toc-list-level-1' ><li class='ez-toc-page-1 ez-toc-heading-level-4'><a class=\"ez-toc-link ez-toc-heading-1\" href=\"https:\/\/saphirsmaragd.com\/lv\/products\/smaragd-rechteck-gruen-1-04-karat\/#Merkmale_Herkunft\" >Raksturojums un izcelsme<\/a><\/li><li class='ez-toc-page-1 ez-toc-heading-level-4'><a class=\"ez-toc-link ez-toc-heading-2\" href=\"https:\/\/saphirsmaragd.com\/lv\/products\/smaragd-rechteck-gruen-1-04-karat\/#Besonderheiten\" >\u012apa\u0161as funkcijas<\/a><\/li><li class='ez-toc-page-1 ez-toc-heading-level-4'><a class=\"ez-toc-link ez-toc-heading-3\" href=\"https:\/\/saphirsmaragd.com\/lv\/products\/smaragd-rechteck-gruen-1-04-karat\/#Mehr_uber_Heilsteine_Kristalle\" >Vair\u0101k par dziedino\u0161iem akme\u0146iem un krist\u0101liem<\/a><\/li><li class='ez-toc-page-1 ez-toc-heading-level-4'><a class=\"ez-toc-link ez-toc-heading-4\" href=\"https:\/\/saphirsmaragd.com\/lv\/products\/smaragd-rechteck-gruen-1-04-karat\/#Weitere_Infos\" >Papildinform\u0101cija<\/a><\/li><\/ul><\/nav><\/div>\n<h4 data-start=\"959\" data-end=\"985\"><span class=\"ez-toc-section\" id=\"Merkmale_Herkunft\"><\/span>Raksturojums un izcelsme<span class=\"ez-toc-section-end\"><\/span><\/h4>\n<p data-start=\"987\" data-end=\"1217\">Steinart: Smaragd<br data-start=\"1004\" data-end=\"1007\" \/>Farbe: Gr\u00fcn<br data-start=\"1018\" data-end=\"1021\" \/>Form: Rechteck<br data-start=\"1035\" data-end=\"1038\" \/>Gewicht: 1.04 Karat<br data-start=\"1057\" data-end=\"1060\" \/>Abmessungen: 7.1 x 5.1 mm<br data-start=\"1085\" data-end=\"1088\" \/>Herkunft: Sambia<br data-start=\"1104\" data-end=\"1107\" \/>Reinheit: Starke Einschl\u00fcsse<br data-start=\"1135\" data-end=\"1138\" \/>Behandlung: Ge\u00f6lt<br data-start=\"1155\" data-end=\"1158\" \/>Beobachtung: Nat\u00fcrlich<br data-start=\"1180\" data-end=\"1183\" \/>Mohs-H\u00e4rte: 7.5\u20138<br data-start=\"1200\" data-end=\"1203\" \/>St\u0101voklis: Jauns<\/p>\n<hr data-start=\"1219\" data-end=\"1222\" \/>\n<h4 data-start=\"1224\" data-end=\"1245\"><span class=\"ez-toc-section\" id=\"Besonderheiten\"><\/span>\u012apa\u0161as funkcijas<span class=\"ez-toc-section-end\"><\/span><\/h4>\n<p data-start=\"1247\" data-end=\"1460\">Der Smaragd Rechteck Gr\u00fcn 1.04 Karat ist ideal f\u00fcr feine und dezente Schmuckst\u00fccke geeignet. Durch seine kompakte Gr\u00f6\u00dfe wirkt er besonders harmonisch und l\u00e4sst sich vielseitig in Ringe oder Anh\u00e4nger integrieren.<\/p>\n<p data-start=\"1462\" data-end=\"1674\">Smaragde aus Sambia sind bekannt f\u00fcr ihre stabile Struktur und ihre gleichm\u00e4\u00dfige Farbverteilung. Diese Eigenschaften machen sie zu einer beliebten Wahl f\u00fcr hochwertige Schmuckanfertigungen mit klassischem Stil.<\/p>\n<p data-start=\"1676\" data-end=\"1884\">Die nat\u00fcrlichen Einschl\u00fcsse unterstreichen die Echtheit des Edelsteins und machen jedes St\u00fcck einzigartig. Die \u00d6lbehandlung verbessert die Transparenz und verst\u00e4rkt die nat\u00fcrliche Farbbrillanz des Smaragds.<\/p>\n<hr data-start=\"1670\" data-end=\"1673\" \/>\n<h4 data-start=\"1448\" data-end=\"1473\"><span class=\"ez-toc-section\" id=\"Mehr_uber_Heilsteine_Kristalle\"><\/span>Vair\u0101k par dziedino\u0161iem akme\u0146iem un krist\u0101liem<span class=\"ez-toc-section-end\"><\/span><\/h4>\n<p data-start=\"1475\" data-end=\"1668\"><a class=\"\" href=\"https:\/\/saphirsmaragd.com\/lv\/product-category\/heilsteine-kristalle-kaufen\/\" target=\"_new\" rel=\"noopener\" data-start=\"1571\" data-end=\"1668\">Dziedino\u0161ie akme\u0146i un krist\u0101li<\/a><\/p>\n<hr data-start=\"1670\" data-end=\"1673\" \/>\n<h4 data-start=\"1675\" data-end=\"1695\"><span class=\"ez-toc-section\" id=\"Weitere_Infos\"><\/span>Papildinform\u0101cija<span class=\"ez-toc-section-end\"><\/span><\/h4>\n<p data-start=\"1697\" data-end=\"1801\"><a class=\"\" href=\"https:\/\/de.wikipedia.org\/wiki\/Smaragd\" target=\"_new\" rel=\"noopener\" data-start=\"1741\" data-end=\"1801\">Wikipedia \u2013 Smaragd<\/a><\/p>","protected":false},"excerpt":{"rendered":"<p data-start=\"389\" data-end=\"531\"><em>Smaragd Rechteck Gr\u00fcn 1.04 Karat aus Sambia, ge\u00f6lt. Eleganter Edelstein mit nat\u00fcrlicher Farbstruktur und klassischem rechteckigem Schliff.<\/em><\/p>","protected":false},"featured_media":8537,"comment_status":"open","ping_status":"closed","template":"","meta":{"_glsr_average":0,"_glsr_ranking":0,"_glsr_reviews":0},"product_brand":[],"product_cat":[262],"product_tag":[],"class_list":{"0":"post-8536","1":"product","2":"type-product","3":"status-publish","4":"has-post-thumbnail","6":"product_cat-smaragd","7":"pa_edelsteinart-smaragd","8":"pa_farbe-gruen","9":"pa_form-rechteck","10":"pa_gewicht-karat-1-0-3-0-karat","11":"pa_herkunft-sambia","12":"pa_reinheit-starke-einschluesse","13":"pa_veredelung-behandlung-geoelt","14":"pa_zustand-neu","16":"first","17":"instock","18":"sold-individually","19":"shipping-taxable","20":"purchasable","21":"product-type-simple","22":"add-to-wishlist-before_image"},"jetpack_sharing_enabled":true,"_links":{"self":[{"href":"https:\/\/saphirsmaragd.com\/lv\/wp-json\/wp\/v2\/product\/8536","targetHints":{"allow":["GET"]}}],"collection":[{"href":"https:\/\/saphirsmaragd.com\/lv\/wp-json\/wp\/v2\/product"}],"about":[{"href":"https:\/\/saphirsmaragd.com\/lv\/wp-json\/wp\/v2\/types\/product"}],"replies":[{"embeddable":true,"href":"https:\/\/saphirsmaragd.com\/lv\/wp-json\/wp\/v2\/comments?post=8536"}],"version-history":[{"count":1,"href":"https:\/\/saphirsmaragd.com\/lv\/wp-json\/wp\/v2\/product\/8536\/revisions"}],"predecessor-version":[{"id":8538,"href":"https:\/\/saphirsmaragd.com\/lv\/wp-json\/wp\/v2\/product\/8536\/revisions\/8538"}],"wp:featuredmedia":[{"embeddable":true,"href":"https:\/\/saphirsmaragd.com\/lv\/wp-json\/wp\/v2\/media\/8537"}],"wp:attachment":[{"href":"https:\/\/saphirsmaragd.com\/lv\/wp-json\/wp\/v2\/media?parent=8536"}],"wp:term":[{"taxonomy":"product_brand","embeddable":true,"href":"https:\/\/saphirsmaragd.com\/lv\/wp-json\/wp\/v2\/product_brand?post=8536"},{"taxonomy":"product_cat","embeddable":true,"href":"https:\/\/saphirsmaragd.com\/lv\/wp-json\/wp\/v2\/product_cat?post=8536"},{"taxonomy":"product_tag","embeddable":true,"href":"https:\/\/saphirsmaragd.com\/lv\/wp-json\/wp\/v2\/product_tag?post=8536"}],"curies":[{"name":"wp","href":"https:\/\/api.w.org\/{rel}","templated":true}]}}