{"id":8604,"date":"2026-04-19T16:29:55","date_gmt":"2026-04-19T16:29:55","guid":{"rendered":"https:\/\/saphirsmaragd.com\/?post_type=product&#038;p=8604"},"modified":"2026-04-19T16:32:26","modified_gmt":"2026-04-19T16:32:26","slug":"smaragd-oval-gruen-1-26-karat","status":"publish","type":"product","link":"https:\/\/saphirsmaragd.com\/lv\/products\/smaragd-oval-gruen-1-26-karat\/","title":{"rendered":"Smaragd Oval Gr\u00fcn 1.26 Karat aus Sambia \u2013 Klassischer Edelstein mit intensiver Farbwirkung"},"content":{"rendered":"<p data-start=\"763\" data-end=\"1026\">\n<p data-start=\"771\" data-end=\"1042\">Der Smaragd Oval Gr\u00fcn 1.26 Karat aus Sambia \u00fcberzeugt durch seine harmonische Form und seine satte gr\u00fcne Farbintensit\u00e4t. Der klassische Ovalschliff sorgt f\u00fcr eine gleichm\u00e4\u00dfige Lichtreflexion und unterstreicht die nat\u00fcrliche Sch\u00f6nheit dieses Edelsteins auf elegante Weise.<\/p>\n<hr data-start=\"1044\" data-end=\"1047\" \/>\n<div id=\"ez-toc-container\" class=\"ez-toc-v2_0_82_2 counter-hierarchy ez-toc-counter ez-toc-grey ez-toc-container-direction\">\n<div class=\"ez-toc-title-container\">\n<p class=\"ez-toc-title\" style=\"cursor:inherit\">Satura r\u0101d\u012bt\u0101js<\/p>\n<span class=\"ez-toc-title-toggle\"><a href=\"#\" class=\"ez-toc-pull-right ez-toc-btn ez-toc-btn-xs ez-toc-btn-default ez-toc-toggle\" aria-label=\"Toggle Table of Content\"><span class=\"ez-toc-js-icon-con\"><span class=\"\"><span class=\"eztoc-hide\" style=\"display:none;\">P\u0101rsl\u0113gt<\/span><span class=\"ez-toc-icon-toggle-span\"><svg style=\"fill: #999;color:#999\" xmlns=\"http:\/\/www.w3.org\/2000\/svg\" class=\"list-377408\" width=\"20px\" height=\"20px\" viewbox=\"0 0 24 24\" fill=\"none\"><path d=\"M6 6H4v2h2V6zm14 0H8v2h12V6zM4 11h2v2H4v-2zm16 0H8v2h12v-2zM4 16h2v2H4v-2zm16 0H8v2h12v-2z\" fill=\"currentColor\"><\/path><\/svg><svg style=\"fill: #999;color:#999\" class=\"arrow-unsorted-368013\" xmlns=\"http:\/\/www.w3.org\/2000\/svg\" width=\"10px\" height=\"10px\" viewbox=\"0 0 24 24\" version=\"1.2\" baseprofile=\"tiny\"><path d=\"M18.2 9.3l-6.2-6.3-6.2 6.3c-.2.2-.3.4-.3.7s.1.5.3.7c.2.2.4.3.7.3h11c.3 0 .5-.1.7-.3.2-.2.3-.5.3-.7s-.1-.5-.3-.7zM5.8 14.7l6.2 6.3 6.2-6.3c.2-.2.3-.5.3-.7s-.1-.5-.3-.7c-.2-.2-.4-.3-.7-.3h-11c-.3 0-.5.1-.7.3-.2.2-.3.5-.3.7s.1.5.3.7z\"\/><\/svg><\/span><\/span><\/span><\/a><\/span><\/div>\n<nav><ul class='ez-toc-list ez-toc-list-level-1' ><li class='ez-toc-page-1 ez-toc-heading-level-4'><a class=\"ez-toc-link ez-toc-heading-1\" href=\"https:\/\/saphirsmaragd.com\/lv\/products\/smaragd-oval-gruen-1-26-karat\/#Merkmale_Herkunft\" >Raksturojums un izcelsme<\/a><\/li><li class='ez-toc-page-1 ez-toc-heading-level-4'><a class=\"ez-toc-link ez-toc-heading-2\" href=\"https:\/\/saphirsmaragd.com\/lv\/products\/smaragd-oval-gruen-1-26-karat\/#Besonderheiten\" >\u012apa\u0161as funkcijas<\/a><\/li><li class='ez-toc-page-1 ez-toc-heading-level-4'><a class=\"ez-toc-link ez-toc-heading-3\" href=\"https:\/\/saphirsmaragd.com\/lv\/products\/smaragd-oval-gruen-1-26-karat\/#Mehr_uber_Heilsteine_Kristalle\" >Vair\u0101k par dziedino\u0161iem akme\u0146iem un krist\u0101liem<\/a><\/li><li class='ez-toc-page-1 ez-toc-heading-level-4'><a class=\"ez-toc-link ez-toc-heading-4\" href=\"https:\/\/saphirsmaragd.com\/lv\/products\/smaragd-oval-gruen-1-26-karat\/#Weitere_Infos\" >Papildinform\u0101cija<\/a><\/li><\/ul><\/nav><\/div>\n<h4 data-start=\"1049\" data-end=\"1075\"><span class=\"ez-toc-section\" id=\"Merkmale_Herkunft\"><\/span>Raksturojums un izcelsme<span class=\"ez-toc-section-end\"><\/span><\/h4>\n<p data-start=\"1077\" data-end=\"1303\">Steinart: Smaragd<br data-start=\"1094\" data-end=\"1097\" \/>Farbe: Gr\u00fcn<br data-start=\"1108\" data-end=\"1111\" \/>Form: Oval<br data-start=\"1121\" data-end=\"1124\" \/>Gewicht: 1.26 Karat<br data-start=\"1143\" data-end=\"1146\" \/>Abmessungen: 8.0 x 6.0 mm<br data-start=\"1171\" data-end=\"1174\" \/>Herkunft: Sambia<br data-start=\"1190\" data-end=\"1193\" \/>Reinheit: Starke Einschl\u00fcsse<br data-start=\"1221\" data-end=\"1224\" \/>Behandlung: Ge\u00f6lt<br data-start=\"1241\" data-end=\"1244\" \/>Beobachtung: Nat\u00fcrlich<br data-start=\"1266\" data-end=\"1269\" \/>Mohs-H\u00e4rte: 7.5\u20138<br data-start=\"1286\" data-end=\"1289\" \/>St\u0101voklis: Jauns<\/p>\n<hr data-start=\"1305\" data-end=\"1308\" \/>\n<h4 data-start=\"1310\" data-end=\"1331\"><span class=\"ez-toc-section\" id=\"Besonderheiten\"><\/span>\u012apa\u0161as funkcijas<span class=\"ez-toc-section-end\"><\/span><\/h4>\n<p data-start=\"1333\" data-end=\"1609\">Der Smaragd Oval Gr\u00fcn 1.26 Karat geh\u00f6rt zu den besonders gefragten Edelsteinen, da er eine ideale Balance zwischen Gr\u00f6\u00dfe, Farbe und Preis bietet. Mit \u00fcber einem Karat z\u00e4hlt er bereits zu den wertvolleren Exemplaren und eignet sich hervorragend f\u00fcr hochwertige Schmuckst\u00fccke.<\/p>\n<p data-start=\"1611\" data-end=\"1812\">Smaragde aus Sambia sind weltweit bekannt f\u00fcr ihre tiefe, leicht k\u00fchle Gr\u00fcnfarbe sowie ihre gute Transparenz. Diese Eigenschaften machen sie besonders attraktiv f\u00fcr anspruchsvolle K\u00e4ufer und Sammler.<\/p>\n<p data-start=\"1814\" data-end=\"2093\">Der Ovalschliff ist eine der beliebtesten Schliffformen, da er die Brillanz des Steins optimal zur Geltung bringt und gleichzeitig eine elegante, zeitlose Optik bietet. Die nat\u00fcrlichen Einschl\u00fcsse verleihen dem Smaragd seine individuelle Struktur und best\u00e4tigen seine Echtheit.<\/p>\n<hr data-start=\"1670\" data-end=\"1673\" \/>\n<h4 data-start=\"1448\" data-end=\"1473\"><span class=\"ez-toc-section\" id=\"Mehr_uber_Heilsteine_Kristalle\"><\/span>Vair\u0101k par dziedino\u0161iem akme\u0146iem un krist\u0101liem<span class=\"ez-toc-section-end\"><\/span><\/h4>\n<p data-start=\"1475\" data-end=\"1668\"><a class=\"\" href=\"https:\/\/saphirsmaragd.com\/lv\/product-category\/heilsteine-kristalle-kaufen\/\" target=\"_new\" rel=\"noopener\" data-start=\"1571\" data-end=\"1668\">Dziedino\u0161ie akme\u0146i un krist\u0101li<\/a><\/p>\n<hr data-start=\"1670\" data-end=\"1673\" \/>\n<h4 data-start=\"1675\" data-end=\"1695\"><span class=\"ez-toc-section\" id=\"Weitere_Infos\"><\/span>Papildinform\u0101cija<span class=\"ez-toc-section-end\"><\/span><\/h4>\n<p data-start=\"1697\" data-end=\"1801\"><a class=\"\" href=\"https:\/\/de.wikipedia.org\/wiki\/Smaragd\" target=\"_new\" rel=\"noopener\" data-start=\"1741\" data-end=\"1801\">Wikipedia \u2013 Smaragd<\/a><\/p>","protected":false},"excerpt":{"rendered":"<p data-start=\"463\" data-end=\"584\"><em>Smaragd Oval Gr\u00fcn 1.26 Karat aus Sambia, ge\u00f6lt. Eleganter Edelstein mit klassischem Ovalschliff und intensiver Farbe.<\/em><\/p>","protected":false},"featured_media":8605,"comment_status":"open","ping_status":"closed","template":"","meta":{"_glsr_average":0,"_glsr_ranking":0,"_glsr_reviews":0},"product_brand":[],"product_cat":[262],"product_tag":[],"class_list":{"0":"post-8604","1":"product","2":"type-product","3":"status-publish","4":"has-post-thumbnail","6":"product_cat-smaragd","7":"pa_edelsteinart-smaragd","8":"pa_farbe-gruen","9":"pa_form-oval","10":"pa_gewicht-karat-1-0-3-0-karat","11":"pa_herkunft-sambia","12":"pa_reinheit-kleine-einschluesse","13":"pa_veredelung-behandlung-geoelt","14":"pa_zustand-neu","16":"first","17":"instock","18":"sold-individually","19":"taxable","20":"shipping-taxable","21":"purchasable","22":"product-type-simple","23":"add-to-wishlist-before_image"},"jetpack_sharing_enabled":true,"_links":{"self":[{"href":"https:\/\/saphirsmaragd.com\/lv\/wp-json\/wp\/v2\/product\/8604","targetHints":{"allow":["GET"]}}],"collection":[{"href":"https:\/\/saphirsmaragd.com\/lv\/wp-json\/wp\/v2\/product"}],"about":[{"href":"https:\/\/saphirsmaragd.com\/lv\/wp-json\/wp\/v2\/types\/product"}],"replies":[{"embeddable":true,"href":"https:\/\/saphirsmaragd.com\/lv\/wp-json\/wp\/v2\/comments?post=8604"}],"version-history":[{"count":1,"href":"https:\/\/saphirsmaragd.com\/lv\/wp-json\/wp\/v2\/product\/8604\/revisions"}],"predecessor-version":[{"id":8606,"href":"https:\/\/saphirsmaragd.com\/lv\/wp-json\/wp\/v2\/product\/8604\/revisions\/8606"}],"wp:featuredmedia":[{"embeddable":true,"href":"https:\/\/saphirsmaragd.com\/lv\/wp-json\/wp\/v2\/media\/8605"}],"wp:attachment":[{"href":"https:\/\/saphirsmaragd.com\/lv\/wp-json\/wp\/v2\/media?parent=8604"}],"wp:term":[{"taxonomy":"product_brand","embeddable":true,"href":"https:\/\/saphirsmaragd.com\/lv\/wp-json\/wp\/v2\/product_brand?post=8604"},{"taxonomy":"product_cat","embeddable":true,"href":"https:\/\/saphirsmaragd.com\/lv\/wp-json\/wp\/v2\/product_cat?post=8604"},{"taxonomy":"product_tag","embeddable":true,"href":"https:\/\/saphirsmaragd.com\/lv\/wp-json\/wp\/v2\/product_tag?post=8604"}],"curies":[{"name":"wp","href":"https:\/\/api.w.org\/{rel}","templated":true}]}}