{"id":8737,"date":"2026-05-04T12:13:59","date_gmt":"2026-05-04T12:13:59","guid":{"rendered":"https:\/\/saphirsmaragd.com\/?post_type=product&#038;p=8737"},"modified":"2026-05-04T12:17:52","modified_gmt":"2026-05-04T12:17:52","slug":"smaragd-rechteck-gruen-0-75-karat","status":"publish","type":"product","link":"https:\/\/saphirsmaragd.com\/lv\/products\/smaragd-rechteck-gruen-0-75-karat\/","title":{"rendered":"Smaragd Rechteck Gr\u00fcn 0.75 Karat aus Sambia \u2013 Klassischer Smaragdschliff Edelstein"},"content":{"rendered":"<p data-start=\"822\" data-end=\"1064\">Der Smaragd Rechteck Gr\u00fcn 0.75 Karat aus Sambia \u00fcberzeugt durch seinen klassischen Smaragdschliff und eine ausgewogene, intensive gr\u00fcne Farbgebung. Diese Gr\u00f6\u00dfe stellt eine perfekte Balance zwischen dezenter Eleganz und sichtbarer Pr\u00e4senz dar.<\/p>\n<hr data-start=\"1066\" data-end=\"1069\" \/>\n<div id=\"ez-toc-container\" class=\"ez-toc-v2_0_82_2 counter-hierarchy ez-toc-counter ez-toc-grey ez-toc-container-direction\">\n<div class=\"ez-toc-title-container\">\n<p class=\"ez-toc-title\" style=\"cursor:inherit\">Satura r\u0101d\u012bt\u0101js<\/p>\n<span class=\"ez-toc-title-toggle\"><a href=\"#\" class=\"ez-toc-pull-right ez-toc-btn ez-toc-btn-xs ez-toc-btn-default ez-toc-toggle\" aria-label=\"Toggle Table of Content\"><span class=\"ez-toc-js-icon-con\"><span class=\"\"><span class=\"eztoc-hide\" style=\"display:none;\">P\u0101rsl\u0113gt<\/span><span class=\"ez-toc-icon-toggle-span\"><svg style=\"fill: #999;color:#999\" xmlns=\"http:\/\/www.w3.org\/2000\/svg\" class=\"list-377408\" width=\"20px\" height=\"20px\" viewbox=\"0 0 24 24\" fill=\"none\"><path d=\"M6 6H4v2h2V6zm14 0H8v2h12V6zM4 11h2v2H4v-2zm16 0H8v2h12v-2zM4 16h2v2H4v-2zm16 0H8v2h12v-2z\" fill=\"currentColor\"><\/path><\/svg><svg style=\"fill: #999;color:#999\" class=\"arrow-unsorted-368013\" xmlns=\"http:\/\/www.w3.org\/2000\/svg\" width=\"10px\" height=\"10px\" viewbox=\"0 0 24 24\" version=\"1.2\" baseprofile=\"tiny\"><path d=\"M18.2 9.3l-6.2-6.3-6.2 6.3c-.2.2-.3.4-.3.7s.1.5.3.7c.2.2.4.3.7.3h11c.3 0 .5-.1.7-.3.2-.2.3-.5.3-.7s-.1-.5-.3-.7zM5.8 14.7l6.2 6.3 6.2-6.3c.2-.2.3-.5.3-.7s-.1-.5-.3-.7c-.2-.2-.4-.3-.7-.3h-11c-.3 0-.5.1-.7.3-.2.2-.3.5-.3.7s.1.5.3.7z\"\/><\/svg><\/span><\/span><\/span><\/a><\/span><\/div>\n<nav><ul class='ez-toc-list ez-toc-list-level-1' ><li class='ez-toc-page-1 ez-toc-heading-level-4'><a class=\"ez-toc-link ez-toc-heading-1\" href=\"https:\/\/saphirsmaragd.com\/lv\/products\/smaragd-rechteck-gruen-0-75-karat\/#Merkmale_Herkunft\" >Raksturojums un izcelsme<\/a><\/li><li class='ez-toc-page-1 ez-toc-heading-level-4'><a class=\"ez-toc-link ez-toc-heading-2\" href=\"https:\/\/saphirsmaragd.com\/lv\/products\/smaragd-rechteck-gruen-0-75-karat\/#Besonderheiten\" >\u012apa\u0161as funkcijas<\/a><\/li><li class='ez-toc-page-1 ez-toc-heading-level-4'><a class=\"ez-toc-link ez-toc-heading-3\" href=\"https:\/\/saphirsmaragd.com\/lv\/products\/smaragd-rechteck-gruen-0-75-karat\/#Mehr_uber_Heilsteine_Kristalle\" >Vair\u0101k par dziedino\u0161iem akme\u0146iem un krist\u0101liem<\/a><\/li><li class='ez-toc-page-1 ez-toc-heading-level-4'><a class=\"ez-toc-link ez-toc-heading-4\" href=\"https:\/\/saphirsmaragd.com\/lv\/products\/smaragd-rechteck-gruen-0-75-karat\/#Weitere_Infos\" >Papildinform\u0101cija<\/a><\/li><\/ul><\/nav><\/div>\n<h4 data-start=\"1071\" data-end=\"1097\"><span class=\"ez-toc-section\" id=\"Merkmale_Herkunft\"><\/span>Raksturojums un izcelsme<span class=\"ez-toc-section-end\"><\/span><\/h4>\n<p data-start=\"1099\" data-end=\"1348\">Steinart: Smaragd<br data-start=\"1116\" data-end=\"1119\" \/>Farbe: Gr\u00fcn<br data-start=\"1130\" data-end=\"1133\" \/>Form: Rechteck (Smaragdschliff)<br data-start=\"1164\" data-end=\"1167\" \/>Gewicht: 0.75 Karat<br data-start=\"1186\" data-end=\"1189\" \/>Abmessungen: ca. 7 x 4.9 mm<br data-start=\"1216\" data-end=\"1219\" \/>Herkunft: Sambia<br data-start=\"1235\" data-end=\"1238\" \/>Reinheit: Deutliche Einschl\u00fcsse<br data-start=\"1266\" data-end=\"1269\" \/>Behandlung: Ge\u00f6lt<br data-start=\"1286\" data-end=\"1289\" \/>Beobachtung: Nat\u00fcrlich<br data-start=\"1311\" data-end=\"1314\" \/>Mohs-H\u00e4rte: 7.5\u20138<br data-start=\"1331\" data-end=\"1334\" \/>St\u0101voklis: Jauns<\/p>\n<hr data-start=\"1350\" data-end=\"1353\" \/>\n<h4 data-start=\"1355\" data-end=\"1376\"><span class=\"ez-toc-section\" id=\"Besonderheiten\"><\/span>\u012apa\u0161as funkcijas<span class=\"ez-toc-section-end\"><\/span><\/h4>\n<p data-start=\"1378\" data-end=\"1601\">Der Smaragd Rechteck Gr\u00fcn 0.75 Karat geh\u00f6rt zu den besonders ausgewogenen Edelsteinen und ist ideal f\u00fcr klassische Schmuckst\u00fccke. Der rechteckige Smaragdschliff betont die Farbe und Struktur des Steins auf elegante Weise.<\/p>\n<p data-start=\"1603\" data-end=\"1813\">Mit 0.75 Karat bietet dieser Smaragd eine hervorragende Kombination aus Gr\u00f6\u00dfe und Tragbarkeit. Er eignet sich sowohl f\u00fcr Ringe als auch f\u00fcr Anh\u00e4nger und ist eine beliebte Wahl f\u00fcr stilvolle, zeitlose Designs.<\/p>\n<p data-start=\"1815\" data-end=\"2002\">Smaragde aus Sambia sind bekannt f\u00fcr ihre stabile Struktur und ihre intensive gr\u00fcne Farbgebung. Die nat\u00fcrlichen Einschl\u00fcsse sind typisch und ein Zeichen f\u00fcr die Echtheit des Edelsteins.<\/p>\n<hr data-start=\"1670\" data-end=\"1673\" \/>\n<h4 data-start=\"1448\" data-end=\"1473\"><span class=\"ez-toc-section\" id=\"Mehr_uber_Heilsteine_Kristalle\"><\/span>Vair\u0101k par dziedino\u0161iem akme\u0146iem un krist\u0101liem<span class=\"ez-toc-section-end\"><\/span><\/h4>\n<p data-start=\"1475\" data-end=\"1668\"><a class=\"\" href=\"https:\/\/saphirsmaragd.com\/lv\/product-category\/heilsteine-kristalle-kaufen\/\" target=\"_new\" rel=\"noopener\" data-start=\"1571\" data-end=\"1668\">Dziedino\u0161ie akme\u0146i un krist\u0101li<\/a><\/p>\n<hr data-start=\"1670\" data-end=\"1673\" \/>\n<h4 data-start=\"1675\" data-end=\"1695\"><span class=\"ez-toc-section\" id=\"Weitere_Infos\"><\/span>Papildinform\u0101cija<span class=\"ez-toc-section-end\"><\/span><\/h4>\n<p data-start=\"1697\" data-end=\"1801\"><a class=\"\" href=\"https:\/\/de.wikipedia.org\/wiki\/Smaragd\" target=\"_new\" rel=\"noopener\" data-start=\"1741\" data-end=\"1801\">Wikipedia \u2013 Smaragd<\/a><\/p>","protected":false},"excerpt":{"rendered":"<p data-start=\"511\" data-end=\"641\"><em>Smaragd Rechteck Gr\u00fcn 0.75 Karat aus Sambia, ge\u00f6lt. Klassischer Smaragdschliff mit eleganter Form und intensiver gr\u00fcner Farbe.<\/em><\/p>","protected":false},"featured_media":8738,"comment_status":"open","ping_status":"closed","template":"","meta":{"_glsr_average":0,"_glsr_ranking":0,"_glsr_reviews":0},"product_brand":[],"product_cat":[262],"product_tag":[],"class_list":{"0":"post-8737","1":"product","2":"type-product","3":"status-publish","4":"has-post-thumbnail","6":"product_cat-smaragd","7":"pa_edelsteinart-smaragd","8":"pa_farbe-gruen","9":"pa_form-rechteck","10":"pa_gewicht-karat-0-5-1-0-karat","11":"pa_herkunft-sambia","12":"pa_reinheit-deutliche-einschluesse","13":"pa_veredelung-behandlung-geoelt","14":"pa_zustand-neu","16":"first","17":"instock","18":"sold-individually","19":"taxable","20":"shipping-taxable","21":"purchasable","22":"product-type-simple","23":"add-to-wishlist-before_image"},"jetpack_sharing_enabled":true,"_links":{"self":[{"href":"https:\/\/saphirsmaragd.com\/lv\/wp-json\/wp\/v2\/product\/8737","targetHints":{"allow":["GET"]}}],"collection":[{"href":"https:\/\/saphirsmaragd.com\/lv\/wp-json\/wp\/v2\/product"}],"about":[{"href":"https:\/\/saphirsmaragd.com\/lv\/wp-json\/wp\/v2\/types\/product"}],"replies":[{"embeddable":true,"href":"https:\/\/saphirsmaragd.com\/lv\/wp-json\/wp\/v2\/comments?post=8737"}],"version-history":[{"count":1,"href":"https:\/\/saphirsmaragd.com\/lv\/wp-json\/wp\/v2\/product\/8737\/revisions"}],"predecessor-version":[{"id":8739,"href":"https:\/\/saphirsmaragd.com\/lv\/wp-json\/wp\/v2\/product\/8737\/revisions\/8739"}],"wp:featuredmedia":[{"embeddable":true,"href":"https:\/\/saphirsmaragd.com\/lv\/wp-json\/wp\/v2\/media\/8738"}],"wp:attachment":[{"href":"https:\/\/saphirsmaragd.com\/lv\/wp-json\/wp\/v2\/media?parent=8737"}],"wp:term":[{"taxonomy":"product_brand","embeddable":true,"href":"https:\/\/saphirsmaragd.com\/lv\/wp-json\/wp\/v2\/product_brand?post=8737"},{"taxonomy":"product_cat","embeddable":true,"href":"https:\/\/saphirsmaragd.com\/lv\/wp-json\/wp\/v2\/product_cat?post=8737"},{"taxonomy":"product_tag","embeddable":true,"href":"https:\/\/saphirsmaragd.com\/lv\/wp-json\/wp\/v2\/product_tag?post=8737"}],"curies":[{"name":"wp","href":"https:\/\/api.w.org\/{rel}","templated":true}]}}