{"id":8753,"date":"2026-05-04T12:35:19","date_gmt":"2026-05-04T12:35:19","guid":{"rendered":"https:\/\/saphirsmaragd.com\/?post_type=product&#038;p=8753"},"modified":"2026-05-04T12:40:41","modified_gmt":"2026-05-04T12:40:41","slug":"smaragd-herz-gruen-paar-1-17-karat-aus-sambia","status":"publish","type":"product","link":"https:\/\/saphirsmaragd.com\/lv\/products\/smaragd-herz-gruen-paar-1-17-karat-aus-sambia\/","title":{"rendered":"Smaragd Herz Gr\u00fcn Paar 1.17 Karat aus Sambia \u2013 Zwei Herzschliff Edelsteine"},"content":{"rendered":"<p data-start=\"1349\" data-end=\"1589\">Das Smaragd Herz Gr\u00fcn Paar 1.17 Karat aus Sambia besteht aus zwei harmonisch abgestimmten Edelsteinen im klassischen Herzschliff. Diese besondere Kombination macht das Set ideal f\u00fcr elegante Schmuckst\u00fccke oder als symboltr\u00e4chtiges Geschenk.<\/p>\n<hr data-start=\"1591\" data-end=\"1594\" \/>\n<div id=\"ez-toc-container\" class=\"ez-toc-v2_0_82_2 counter-hierarchy ez-toc-counter ez-toc-grey ez-toc-container-direction\">\n<div class=\"ez-toc-title-container\">\n<p class=\"ez-toc-title\" style=\"cursor:inherit\">Satura r\u0101d\u012bt\u0101js<\/p>\n<span class=\"ez-toc-title-toggle\"><a href=\"#\" class=\"ez-toc-pull-right ez-toc-btn ez-toc-btn-xs ez-toc-btn-default ez-toc-toggle\" aria-label=\"Toggle Table of Content\"><span class=\"ez-toc-js-icon-con\"><span class=\"\"><span class=\"eztoc-hide\" style=\"display:none;\">P\u0101rsl\u0113gt<\/span><span class=\"ez-toc-icon-toggle-span\"><svg style=\"fill: #999;color:#999\" xmlns=\"http:\/\/www.w3.org\/2000\/svg\" class=\"list-377408\" width=\"20px\" height=\"20px\" viewbox=\"0 0 24 24\" fill=\"none\"><path d=\"M6 6H4v2h2V6zm14 0H8v2h12V6zM4 11h2v2H4v-2zm16 0H8v2h12v-2zM4 16h2v2H4v-2zm16 0H8v2h12v-2z\" fill=\"currentColor\"><\/path><\/svg><svg style=\"fill: #999;color:#999\" class=\"arrow-unsorted-368013\" xmlns=\"http:\/\/www.w3.org\/2000\/svg\" width=\"10px\" height=\"10px\" viewbox=\"0 0 24 24\" version=\"1.2\" baseprofile=\"tiny\"><path d=\"M18.2 9.3l-6.2-6.3-6.2 6.3c-.2.2-.3.4-.3.7s.1.5.3.7c.2.2.4.3.7.3h11c.3 0 .5-.1.7-.3.2-.2.3-.5.3-.7s-.1-.5-.3-.7zM5.8 14.7l6.2 6.3 6.2-6.3c.2-.2.3-.5.3-.7s-.1-.5-.3-.7c-.2-.2-.4-.3-.7-.3h-11c-.3 0-.5.1-.7.3-.2.2-.3.5-.3.7s.1.5.3.7z\"\/><\/svg><\/span><\/span><\/span><\/a><\/span><\/div>\n<nav><ul class='ez-toc-list ez-toc-list-level-1' ><li class='ez-toc-page-1 ez-toc-heading-level-4'><a class=\"ez-toc-link ez-toc-heading-1\" href=\"https:\/\/saphirsmaragd.com\/lv\/products\/smaragd-herz-gruen-paar-1-17-karat-aus-sambia\/#Merkmale_Herkunft\" >Raksturojums un izcelsme<\/a><\/li><li class='ez-toc-page-1 ez-toc-heading-level-4'><a class=\"ez-toc-link ez-toc-heading-2\" href=\"https:\/\/saphirsmaragd.com\/lv\/products\/smaragd-herz-gruen-paar-1-17-karat-aus-sambia\/#Besonderheiten\" >\u012apa\u0161as funkcijas<\/a><\/li><li class='ez-toc-page-1 ez-toc-heading-level-4'><a class=\"ez-toc-link ez-toc-heading-3\" href=\"https:\/\/saphirsmaragd.com\/lv\/products\/smaragd-herz-gruen-paar-1-17-karat-aus-sambia\/#Mehr_uber_Heilsteine_Kristalle\" >Vair\u0101k par dziedino\u0161iem akme\u0146iem un krist\u0101liem<\/a><\/li><li class='ez-toc-page-1 ez-toc-heading-level-4'><a class=\"ez-toc-link ez-toc-heading-4\" href=\"https:\/\/saphirsmaragd.com\/lv\/products\/smaragd-herz-gruen-paar-1-17-karat-aus-sambia\/#Weitere_Infos\" >Papildinform\u0101cija<\/a><\/li><\/ul><\/nav><\/div>\n<h4 data-start=\"1596\" data-end=\"1622\"><span class=\"ez-toc-section\" id=\"Merkmale_Herkunft\"><\/span>Raksturojums un izcelsme<span class=\"ez-toc-section-end\"><\/span><\/h4>\n<p data-start=\"1624\" data-end=\"1880\">Steinart: Smaragd<br data-start=\"1641\" data-end=\"1644\" \/>Farbe: Gr\u00fcn<br data-start=\"1655\" data-end=\"1658\" \/>Form: Herz (Paar)<br data-start=\"1675\" data-end=\"1678\" \/>Gewicht: 1.17 Karat (gesamt)<br data-start=\"1706\" data-end=\"1709\" \/>Abmessungen: ca. 5.5 x 5.5 mm pro Stein<br data-start=\"1748\" data-end=\"1751\" \/>Herkunft: Sambia<br data-start=\"1767\" data-end=\"1770\" \/>Skaidr\u012bba: Nelieli iesl\u0113gumi<br data-start=\"1798\" data-end=\"1801\" \/>Behandlung: Ge\u00f6lt<br data-start=\"1818\" data-end=\"1821\" \/>Beobachtung: Nat\u00fcrlich<br data-start=\"1843\" data-end=\"1846\" \/>Mohs-H\u00e4rte: 7.5\u20138<br data-start=\"1863\" data-end=\"1866\" \/>St\u0101voklis: Jauns<\/p>\n<hr data-start=\"1882\" data-end=\"1885\" \/>\n<h4 data-start=\"1887\" data-end=\"1908\"><span class=\"ez-toc-section\" id=\"Besonderheiten\"><\/span>\u012apa\u0161as funkcijas<span class=\"ez-toc-section-end\"><\/span><\/h4>\n<p data-start=\"1910\" data-end=\"2159\">Das Smaragd Herz Gr\u00fcn Paar 1.17 Karat bietet eine seltene M\u00f6glichkeit, zwei optisch passende Edelsteine im Herzschliff zu erwerben. Besonders geeignet f\u00fcr Ohrringe oder symmetrische Schmuckdesigns, bei denen zwei identische Steine ben\u00f6tigt werden.<\/p>\n<p data-start=\"2161\" data-end=\"2331\">Der Herzschliff steht traditionell f\u00fcr Liebe und Verbundenheit, wodurch dieses Set auch eine ideale Wahl f\u00fcr besondere Anl\u00e4sse wie Geschenke oder Verlobungen darstellt.<\/p>\n<p data-start=\"2333\" data-end=\"2520\">Smaragde aus Sambia sind bekannt f\u00fcr ihre intensive gr\u00fcne Farbe und ihre gute Qualit\u00e4t. Die nat\u00fcrlichen Einschl\u00fcsse sind charakteristisch und unterstreichen die Echtheit der Edelsteine.<\/p>\n<hr data-start=\"1670\" data-end=\"1673\" \/>\n<h4 data-start=\"1448\" data-end=\"1473\"><span class=\"ez-toc-section\" id=\"Mehr_uber_Heilsteine_Kristalle\"><\/span>Vair\u0101k par dziedino\u0161iem akme\u0146iem un krist\u0101liem<span class=\"ez-toc-section-end\"><\/span><\/h4>\n<p data-start=\"1475\" data-end=\"1668\"><a class=\"\" href=\"https:\/\/saphirsmaragd.com\/lv\/product-category\/heilsteine-kristalle-kaufen\/\" target=\"_new\" rel=\"noopener\" data-start=\"1571\" data-end=\"1668\">Dziedino\u0161ie akme\u0146i un krist\u0101li<\/a><\/p>\n<hr data-start=\"1670\" data-end=\"1673\" \/>\n<h4 data-start=\"1675\" data-end=\"1695\"><span class=\"ez-toc-section\" id=\"Weitere_Infos\"><\/span>Papildinform\u0101cija<span class=\"ez-toc-section-end\"><\/span><\/h4>\n<p data-start=\"1697\" data-end=\"1801\"><a class=\"\" href=\"https:\/\/de.wikipedia.org\/wiki\/Smaragd\" target=\"_new\" rel=\"noopener\" data-start=\"1741\" data-end=\"1801\">Wikipedia \u2013 Smaragd<\/a><\/p>","protected":false},"excerpt":{"rendered":"<p data-start=\"1025\" data-end=\"1175\"><em>Smaragd Herz Gr\u00fcn Paar 1.17 Karat aus Sambia, ge\u00f6lt. Zwei perfekt abgestimmte Herzschliff Edelsteine \u2013 ideal f\u00fcr Schmuck oder besondere Geschenke.<\/em><\/p>","protected":false},"featured_media":8755,"comment_status":"open","ping_status":"closed","template":"","meta":{"_glsr_average":0,"_glsr_ranking":0,"_glsr_reviews":0},"product_brand":[],"product_cat":[262],"product_tag":[],"class_list":{"0":"post-8753","1":"product","2":"type-product","3":"status-publish","4":"has-post-thumbnail","6":"product_cat-smaragd","7":"pa_edelsteinart-smaragd","8":"pa_farbe-gruen","9":"pa_form-herz","10":"pa_gewicht-karat-1-0-3-0-karat","11":"pa_herkunft-sambia","12":"pa_reinheit-kleine-einschluesse","13":"pa_veredelung-behandlung-geoelt","14":"pa_zustand-neu","16":"first","17":"instock","18":"sold-individually","19":"taxable","20":"shipping-taxable","21":"purchasable","22":"product-type-simple","23":"add-to-wishlist-before_image"},"jetpack_sharing_enabled":true,"_links":{"self":[{"href":"https:\/\/saphirsmaragd.com\/lv\/wp-json\/wp\/v2\/product\/8753","targetHints":{"allow":["GET"]}}],"collection":[{"href":"https:\/\/saphirsmaragd.com\/lv\/wp-json\/wp\/v2\/product"}],"about":[{"href":"https:\/\/saphirsmaragd.com\/lv\/wp-json\/wp\/v2\/types\/product"}],"replies":[{"embeddable":true,"href":"https:\/\/saphirsmaragd.com\/lv\/wp-json\/wp\/v2\/comments?post=8753"}],"version-history":[{"count":1,"href":"https:\/\/saphirsmaragd.com\/lv\/wp-json\/wp\/v2\/product\/8753\/revisions"}],"predecessor-version":[{"id":8756,"href":"https:\/\/saphirsmaragd.com\/lv\/wp-json\/wp\/v2\/product\/8753\/revisions\/8756"}],"wp:featuredmedia":[{"embeddable":true,"href":"https:\/\/saphirsmaragd.com\/lv\/wp-json\/wp\/v2\/media\/8755"}],"wp:attachment":[{"href":"https:\/\/saphirsmaragd.com\/lv\/wp-json\/wp\/v2\/media?parent=8753"}],"wp:term":[{"taxonomy":"product_brand","embeddable":true,"href":"https:\/\/saphirsmaragd.com\/lv\/wp-json\/wp\/v2\/product_brand?post=8753"},{"taxonomy":"product_cat","embeddable":true,"href":"https:\/\/saphirsmaragd.com\/lv\/wp-json\/wp\/v2\/product_cat?post=8753"},{"taxonomy":"product_tag","embeddable":true,"href":"https:\/\/saphirsmaragd.com\/lv\/wp-json\/wp\/v2\/product_tag?post=8753"}],"curies":[{"name":"wp","href":"https:\/\/api.w.org\/{rel}","templated":true}]}}