{"id":1597,"date":"2025-07-11T08:36:36","date_gmt":"2025-07-11T08:36:36","guid":{"rendered":"https:\/\/saphirsmaragd.com\/?post_type=product&#038;p=1597"},"modified":"2025-12-29T19:05:32","modified_gmt":"2025-12-29T19:05:32","slug":"saphir-0-72-karat-gelb-oval-kaufen","status":"publish","type":"product","link":"https:\/\/saphirsmaragd.com\/nl\/product\/saphir-0-72-karat-gelb-oval-kaufen\/","title":{"rendered":"Saphir 0.72 Karat Gelb Oval kaufen \u2013 Unbehandelter Edelstein aus Madagaskar"},"content":{"rendered":"<div id=\"ez-toc-container\" class=\"ez-toc-v2_0_82_2 counter-hierarchy ez-toc-counter ez-toc-grey ez-toc-container-direction\">\n<div class=\"ez-toc-title-container\">\n<p class=\"ez-toc-title\" style=\"cursor:inherit\">Inhoudsopgave<\/p>\n<span class=\"ez-toc-title-toggle\"><a href=\"#\" class=\"ez-toc-pull-right ez-toc-btn ez-toc-btn-xs ez-toc-btn-default ez-toc-toggle\" aria-label=\"Toggle tabel met inhoud\"><span class=\"ez-toc-js-icon-con\"><span class=\"\"><span class=\"eztoc-hide\" style=\"display:none;\">Schakelaar<\/span><span class=\"ez-toc-icon-toggle-span\"><svg style=\"fill: #999;color:#999\" xmlns=\"http:\/\/www.w3.org\/2000\/svg\" class=\"list-377408\" width=\"20px\" height=\"20px\" viewbox=\"0 0 24 24\" fill=\"none\"><path d=\"M6 6H4v2h2V6zm14 0H8v2h12V6zM4 11h2v2H4v-2zm16 0H8v2h12v-2zM4 16h2v2H4v-2zm16 0H8v2h12v-2z\" fill=\"currentColor\"><\/path><\/svg><svg style=\"fill: #999;color:#999\" class=\"arrow-unsorted-368013\" xmlns=\"http:\/\/www.w3.org\/2000\/svg\" width=\"10px\" height=\"10px\" viewbox=\"0 0 24 24\" version=\"1.2\" baseprofile=\"tiny\"><path d=\"M18.2 9.3l-6.2-6.3-6.2 6.3c-.2.2-.3.4-.3.7s.1.5.3.7c.2.2.4.3.7.3h11c.3 0 .5-.1.7-.3.2-.2.3-.5.3-.7s-.1-.5-.3-.7zM5.8 14.7l6.2 6.3 6.2-6.3c.2-.2.3-.5.3-.7s-.1-.5-.3-.7c-.2-.2-.4-.3-.7-.3h-11c-.3 0-.5.1-.7.3-.2.2-.3.5-.3.7s.1.5.3.7z\"\/><\/svg><\/span><\/span><\/span><\/a><\/span><\/div>\n<nav><ul class='ez-toc-list ez-toc-list-level-1' ><li class='ez-toc-page-1 ez-toc-heading-level-4'><a class=\"ez-toc-link ez-toc-heading-1\" href=\"https:\/\/saphirsmaragd.com\/nl\/product\/saphir-0-72-karat-gelb-oval-kaufen\/#Saphir_072_Karat_Gelb_Oval_kaufen\" >Saphir 0.72 Karat Gelb Oval kaufen<\/a><\/li><li class='ez-toc-page-1 ez-toc-heading-level-4'><a class=\"ez-toc-link ez-toc-heading-2\" href=\"https:\/\/saphirsmaragd.com\/nl\/product\/saphir-0-72-karat-gelb-oval-kaufen\/#Merkmale_Herkunft\" >Kenmerken en herkomst<\/a><\/li><li class='ez-toc-page-1 ez-toc-heading-level-4'><a class=\"ez-toc-link ez-toc-heading-3\" href=\"https:\/\/saphirsmaragd.com\/nl\/product\/saphir-0-72-karat-gelb-oval-kaufen\/#Besonderheiten\" >Bijzondere kenmerken<\/a><\/li><li class='ez-toc-page-1 ez-toc-heading-level-4'><a class=\"ez-toc-link ez-toc-heading-4\" href=\"https:\/\/saphirsmaragd.com\/nl\/product\/saphir-0-72-karat-gelb-oval-kaufen\/#Mehr_uber_Saphire\" >Meer over saffieren<\/a><\/li><li class='ez-toc-page-1 ez-toc-heading-level-4'><a class=\"ez-toc-link ez-toc-heading-5\" href=\"https:\/\/saphirsmaragd.com\/nl\/product\/saphir-0-72-karat-gelb-oval-kaufen\/#Weitere_Infos\" >Verdere informatie<\/a><\/li><\/ul><\/nav><\/div>\n<h4 data-start=\"708\" data-end=\"912\"><span class=\"ez-toc-section\" id=\"Saphir_072_Karat_Gelb_Oval_kaufen\"><\/span>Saphir 0.72 Karat Gelb Oval kaufen<span class=\"ez-toc-section-end\"><\/span><\/h4>\n<p>Ein intensiv gelber Saphir in ovalem Schliff \u2013 mit perfekter Reinheit und starker Leuchtkraft.<\/p>\n<hr data-start=\"914\" data-end=\"917\" \/>\n<h4 data-start=\"919\" data-end=\"948\"><span class=\"ez-toc-section\" id=\"Merkmale_Herkunft\"><\/span>Kenmerken en herkomst<span class=\"ez-toc-section-end\"><\/span><\/h4>\n<p data-start=\"949\" data-end=\"1148\">Farbe: Gelb<br data-start=\"975\" data-end=\"978\" \/>Gewicht: 0.72 Karat<br data-start=\"993\" data-end=\"996\" \/>Ma\u00dfe: 64 \u00d7 44 mm<br data-start=\"1028\" data-end=\"1031\" \/>Vorm: Ovaal<br data-start=\"1041\" data-end=\"1044\" \/>Herkunft: Madagaskar<br data-start=\"1064\" data-end=\"1067\" \/>Zuiverheid: Onberispelijk<br data-start=\"1086\" data-end=\"1089\" \/>Behandeling: Onbehandeld<br data-start=\"1112\" data-end=\"1115\" \/>Zustand: Neu und unmontiert<br data-start=\"1142\" data-end=\"1145\" \/>Zertifikat: Ja<\/p>\n<hr data-start=\"1150\" data-end=\"1153\" \/>\n<h4 data-start=\"1155\" data-end=\"1179\"><span class=\"ez-toc-section\" id=\"Besonderheiten\"><\/span>Bijzondere kenmerken<span class=\"ez-toc-section-end\"><\/span><\/h4>\n<p data-start=\"1180\" data-end=\"1498\">Dieser Saphir 0.72 Karat Gelb-Oval kaufen besticht durch seine seltene, nat\u00fcrliche Farbe und lupenreine Qualit\u00e4t. Ohne jegliche Behandlung sorgt der Stein f\u00fcr maximale Lichtreflexion und eignet sich hervorragend f\u00fcr edle Ringe oder Anh\u00e4nger. Gelbe Saphire aus Madagaskar gelten als besonders leuchtend und hochwertig.<\/p>\n<hr data-start=\"1500\" data-end=\"1503\" \/>\n<h4 data-start=\"1505\" data-end=\"1532\"><span class=\"ez-toc-section\" id=\"Mehr_uber_Saphire\"><\/span>Meer over saffieren<span class=\"ez-toc-section-end\"><\/span><\/h4>\n<p data-start=\"1533\" data-end=\"1811\"><a class=\"\" href=\"https:\/\/saphirsmaragd.com\/nl\/product-category\/heilsteine-kristalle-kaufen\/\" target=\"_new\" rel=\"noopener\" data-start=\"1588\" data-end=\"1697\">Helende stenen en kristallen<\/a><\/p>\n<hr data-start=\"1813\" data-end=\"1816\" \/>\n<h4 data-start=\"1818\" data-end=\"1841\"><span class=\"ez-toc-section\" id=\"Weitere_Infos\"><\/span>Verdere informatie<span class=\"ez-toc-section-end\"><\/span><\/h4>\n<p data-start=\"1842\" data-end=\"1913\"><a class=\"\" href=\"https:\/\/de.wikipedia.org\/wiki\/Saphir\" target=\"_new\" rel=\"noopener\" data-start=\"1842\" data-end=\"1913\">Mehr \u00fcber Saphire auf Wikipedia<\/a><\/p>","protected":false},"excerpt":{"rendered":"<p data-start=\"413\" data-end=\"545\"><em>Saphir 0.72 Karat Gelb Oval kaufen \u2013 intensiver Farbton, lupenrein, unbehandelt und aus Madagaskar. Ideal f\u00fcr exklusive Schmuckdesigns.<\/em><\/p>\n<p data-start=\"378\" data-end=\"474\">","protected":false},"featured_media":1600,"comment_status":"open","ping_status":"closed","template":"","meta":{"_glsr_average":0,"_glsr_ranking":0,"_glsr_reviews":0},"product_brand":[],"product_cat":[74],"product_tag":[],"class_list":{"0":"post-1597","1":"product","2":"type-product","3":"status-publish","4":"has-post-thumbnail","6":"product_cat-saphire-kaufen","7":"pa_edelsteinart-saphir","8":"pa_farbe-gelb","9":"pa_form-oval","10":"pa_gewicht-karat-0-5-1-0-karat","11":"pa_herkunft-madagaskar","12":"pa_reinheit-lupenrein","13":"pa_veredelung-behandlung-unbehandelt","14":"pa_zertifikat-ja","15":"pa_zustand-neu","17":"first","18":"instock","19":"featured","20":"sold-individually","21":"shipping-taxable","22":"purchasable","23":"product-type-simple","24":"add-to-wishlist-before_image"},"jetpack_sharing_enabled":true,"_links":{"self":[{"href":"https:\/\/saphirsmaragd.com\/nl\/wp-json\/wp\/v2\/product\/1597","targetHints":{"allow":["GET"]}}],"collection":[{"href":"https:\/\/saphirsmaragd.com\/nl\/wp-json\/wp\/v2\/product"}],"about":[{"href":"https:\/\/saphirsmaragd.com\/nl\/wp-json\/wp\/v2\/types\/product"}],"replies":[{"embeddable":true,"href":"https:\/\/saphirsmaragd.com\/nl\/wp-json\/wp\/v2\/comments?post=1597"}],"version-history":[{"count":6,"href":"https:\/\/saphirsmaragd.com\/nl\/wp-json\/wp\/v2\/product\/1597\/revisions"}],"predecessor-version":[{"id":4449,"href":"https:\/\/saphirsmaragd.com\/nl\/wp-json\/wp\/v2\/product\/1597\/revisions\/4449"}],"wp:featuredmedia":[{"embeddable":true,"href":"https:\/\/saphirsmaragd.com\/nl\/wp-json\/wp\/v2\/media\/1600"}],"wp:attachment":[{"href":"https:\/\/saphirsmaragd.com\/nl\/wp-json\/wp\/v2\/media?parent=1597"}],"wp:term":[{"taxonomy":"product_brand","embeddable":true,"href":"https:\/\/saphirsmaragd.com\/nl\/wp-json\/wp\/v2\/product_brand?post=1597"},{"taxonomy":"product_cat","embeddable":true,"href":"https:\/\/saphirsmaragd.com\/nl\/wp-json\/wp\/v2\/product_cat?post=1597"},{"taxonomy":"product_tag","embeddable":true,"href":"https:\/\/saphirsmaragd.com\/nl\/wp-json\/wp\/v2\/product_tag?post=1597"}],"curies":[{"name":"wp","href":"https:\/\/api.w.org\/{rel}","templated":true}]}}