{"id":1943,"date":"2025-07-21T12:39:12","date_gmt":"2025-07-21T12:39:12","guid":{"rendered":"https:\/\/saphirsmaragd.com\/?post_type=product&#038;p=1943"},"modified":"2025-12-29T19:03:18","modified_gmt":"2025-12-29T19:03:18","slug":"rubin-2-04-karat-rot-oval","status":"publish","type":"product","link":"https:\/\/saphirsmaragd.com\/nl\/product\/rubin-2-04-karat-rot-oval\/","title":{"rendered":"Rubin 2.04 Karat Rot Oval \u2013 Facettiert, rein &#038; zertifiziert von Gem-A"},"content":{"rendered":"<div id=\"ez-toc-container\" class=\"ez-toc-v2_0_82_2 counter-hierarchy ez-toc-counter ez-toc-grey ez-toc-container-direction\">\n<div class=\"ez-toc-title-container\">\n<p class=\"ez-toc-title\" style=\"cursor:inherit\">Inhoudsopgave<\/p>\n<span class=\"ez-toc-title-toggle\"><a href=\"#\" class=\"ez-toc-pull-right ez-toc-btn ez-toc-btn-xs ez-toc-btn-default ez-toc-toggle\" aria-label=\"Toggle tabel met inhoud\"><span class=\"ez-toc-js-icon-con\"><span class=\"\"><span class=\"eztoc-hide\" style=\"display:none;\">Schakelaar<\/span><span class=\"ez-toc-icon-toggle-span\"><svg style=\"fill: #999;color:#999\" xmlns=\"http:\/\/www.w3.org\/2000\/svg\" class=\"list-377408\" width=\"20px\" height=\"20px\" viewbox=\"0 0 24 24\" fill=\"none\"><path d=\"M6 6H4v2h2V6zm14 0H8v2h12V6zM4 11h2v2H4v-2zm16 0H8v2h12v-2zM4 16h2v2H4v-2zm16 0H8v2h12v-2z\" fill=\"currentColor\"><\/path><\/svg><svg style=\"fill: #999;color:#999\" class=\"arrow-unsorted-368013\" xmlns=\"http:\/\/www.w3.org\/2000\/svg\" width=\"10px\" height=\"10px\" viewbox=\"0 0 24 24\" version=\"1.2\" baseprofile=\"tiny\"><path d=\"M18.2 9.3l-6.2-6.3-6.2 6.3c-.2.2-.3.4-.3.7s.1.5.3.7c.2.2.4.3.7.3h11c.3 0 .5-.1.7-.3.2-.2.3-.5.3-.7s-.1-.5-.3-.7zM5.8 14.7l6.2 6.3 6.2-6.3c.2-.2.3-.5.3-.7s-.1-.5-.3-.7c-.2-.2-.4-.3-.7-.3h-11c-.3 0-.5.1-.7.3-.2.2-.3.5-.3.7s.1.5.3.7z\"\/><\/svg><\/span><\/span><\/span><\/a><\/span><\/div>\n<nav><ul class='ez-toc-list ez-toc-list-level-1' ><li class='ez-toc-page-1 ez-toc-heading-level-4'><a class=\"ez-toc-link ez-toc-heading-1\" href=\"https:\/\/saphirsmaragd.com\/nl\/product\/rubin-2-04-karat-rot-oval\/#Rubin_204_Karat_Rot_Oval_%E2%80%93_Facettiert_rein_zertifiziert_von_Gem-A\" >Rubin 2.04 Karat Rot Oval \u2013 Facettiert, rein &amp; zertifiziert von Gem-A<\/a><\/li><li class='ez-toc-page-1 ez-toc-heading-level-4'><a class=\"ez-toc-link ez-toc-heading-2\" href=\"https:\/\/saphirsmaragd.com\/nl\/product\/rubin-2-04-karat-rot-oval\/#Merkmale_Herkunft\" >Kenmerken en herkomst<\/a><\/li><li class='ez-toc-page-1 ez-toc-heading-level-4'><a class=\"ez-toc-link ez-toc-heading-3\" href=\"https:\/\/saphirsmaragd.com\/nl\/product\/rubin-2-04-karat-rot-oval\/#Besonderheiten\" >Bijzondere kenmerken<\/a><\/li><li class='ez-toc-page-1 ez-toc-heading-level-4'><a class=\"ez-toc-link ez-toc-heading-4\" href=\"https:\/\/saphirsmaragd.com\/nl\/product\/rubin-2-04-karat-rot-oval\/#Mehr_uber_unsere_Edelsteine\" >Meer over onze edelstenen<\/a><\/li><li class='ez-toc-page-1 ez-toc-heading-level-4'><a class=\"ez-toc-link ez-toc-heading-5\" href=\"https:\/\/saphirsmaragd.com\/nl\/product\/rubin-2-04-karat-rot-oval\/#Weitere_Infos\" >Verdere informatie<\/a><\/li><\/ul><\/nav><\/div>\n<h4 data-start=\"592\" data-end=\"970\"><span class=\"ez-toc-section\" id=\"Rubin_204_Karat_Rot_Oval_%E2%80%93_Facettiert_rein_zertifiziert_von_Gem-A\"><\/span><strong data-start=\"618\" data-end=\"688\">Rubin 2.04 Karat Rot Oval \u2013 Facettiert, rein &amp; zertifiziert von Gem-A<\/strong><span class=\"ez-toc-section-end\"><\/span><\/h4>\n<p data-start=\"592\" data-end=\"970\">Ein au\u00dfergew\u00f6hnlicher nat\u00fcrlicher Rubin mit \u00fcber 2 Karat im pr\u00e4zisen Ovalschliff. Die Kombination aus intensiver Leuchtkraft, violetter Farbnuance und makelloser Reinheit macht diesen Edelstein zu einer exquisiten Wahl f\u00fcr luxuri\u00f6se Schmuckdesigns oder als wertvolle Investition.<\/p>\n<hr data-start=\"1224\" data-end=\"1227\" \/>\n<h4 data-start=\"972\" data-end=\"1001\"><span class=\"ez-toc-section\" id=\"Merkmale_Herkunft\"><\/span>Kenmerken en herkomst<span class=\"ez-toc-section-end\"><\/span><\/h4>\n<p data-start=\"1002\" data-end=\"1222\">Farbe: Rot mit violetter Nuance<br data-start=\"1033\" data-end=\"1036\" \/>Vorm: Ovaal<br data-start=\"1046\" data-end=\"1049\" \/>Gewicht: 2.04 Karat<br data-start=\"1065\" data-end=\"1068\" \/>Dimension: 7.56 \u00d7 6.19 mm<br data-start=\"1093\" data-end=\"1096\" \/>Behandlung: Erhitzt<br data-start=\"1115\" data-end=\"1118\" \/>Reinheit: Sehr kleine Einschl\u00fcsse<br data-start=\"1151\" data-end=\"1154\" \/>Staat: Nieuw<br data-start=\"1166\" data-end=\"1169\" \/>Zertifikat: Ja<br data-start=\"1183\" data-end=\"1186\" \/>Mohsh\u00e4rte: 9<\/p>\n<hr data-start=\"1224\" data-end=\"1227\" \/>\n<h4 data-start=\"1229\" data-end=\"1253\"><span class=\"ez-toc-section\" id=\"Besonderheiten\"><\/span>Bijzondere kenmerken<span class=\"ez-toc-section-end\"><\/span><\/h4>\n<p data-start=\"1254\" data-end=\"1610\">Dieser Rubin 2.04 Karat Rot Oval besticht durch seine Brillanz, au\u00dfergew\u00f6hnliche Reinheit und eine dezente violette Note, die ihn zu einem wahren Unikat macht. Die leichte Nuance verleiht dem klassischen Rotton Tiefe und Charakter. Ein Echtheitszertifikat von Val\u00e9rie DURAFFOURG (Gem-A, London) garantiert die Qualit\u00e4t und Herkunft \u2013 ideal f\u00fcr Sammler oder edle Anfertigungen.<\/p>\n<hr data-start=\"1612\" data-end=\"1615\" \/>\n<h4 data-start=\"1931\" data-end=\"1971\"><span class=\"ez-toc-section\" id=\"Mehr_uber_unsere_Edelsteine\"><\/span>Meer over onze edelstenen<span class=\"ez-toc-section-end\"><\/span><\/h4>\n<p data-start=\"1972\" data-end=\"2069\"><a href=\"https:\/\/saphirsmaragd.com\/nl\/product-category\/edelsteine-kaufen\/\">Edelstenen<\/a><\/p>\n<hr data-start=\"1756\" data-end=\"1759\" \/>\n<h4 data-start=\"1761\" data-end=\"1784\"><span class=\"ez-toc-section\" id=\"Weitere_Infos\"><\/span>Verdere informatie<span class=\"ez-toc-section-end\"><\/span><\/h4>\n<p data-start=\"1785\" data-end=\"1840\"><a class=\"\" href=\"https:\/\/de.wikipedia.org\/wiki\/Rubin\" target=\"_new\" rel=\"noopener\" data-start=\"1785\" data-end=\"1840\">Wikipedia: Rubin<\/a><\/p>","protected":false},"excerpt":{"rendered":"<p data-start=\"306\" data-end=\"483\"><em>Rubin 2.04 Karat Rot Oval mit lebhaftem Rotton, violetter Nuance, sehr hoher Reinheit und Zertifikat von Val\u00e9rie DURAFFOURG (Gem-A, London).<\/em><\/p>\n<p data-start=\"378\" data-end=\"474\">","protected":false},"featured_media":1946,"comment_status":"open","ping_status":"closed","template":"","meta":{"_glsr_average":0,"_glsr_ranking":0,"_glsr_reviews":0},"product_brand":[],"product_cat":[72],"product_tag":[],"class_list":{"0":"post-1943","1":"product","2":"type-product","3":"status-publish","4":"has-post-thumbnail","6":"product_cat-rubine-kaufen","7":"pa_edelsteinart-rubin","8":"pa_farbe-rot","9":"pa_form-oval","10":"pa_gewicht-karat-1-0-3-0-karat","11":"pa_reinheit-sehr-kleine-einschluesse","12":"pa_veredelung-behandlung-erhitzt","13":"pa_zertifikat-ja","14":"pa_zustand-neu","16":"first","17":"instock","18":"featured","19":"sold-individually","20":"shipping-taxable","21":"purchasable","22":"product-type-simple","23":"add-to-wishlist-before_image"},"jetpack_sharing_enabled":true,"_links":{"self":[{"href":"https:\/\/saphirsmaragd.com\/nl\/wp-json\/wp\/v2\/product\/1943","targetHints":{"allow":["GET"]}}],"collection":[{"href":"https:\/\/saphirsmaragd.com\/nl\/wp-json\/wp\/v2\/product"}],"about":[{"href":"https:\/\/saphirsmaragd.com\/nl\/wp-json\/wp\/v2\/types\/product"}],"replies":[{"embeddable":true,"href":"https:\/\/saphirsmaragd.com\/nl\/wp-json\/wp\/v2\/comments?post=1943"}],"version-history":[{"count":3,"href":"https:\/\/saphirsmaragd.com\/nl\/wp-json\/wp\/v2\/product\/1943\/revisions"}],"predecessor-version":[{"id":4506,"href":"https:\/\/saphirsmaragd.com\/nl\/wp-json\/wp\/v2\/product\/1943\/revisions\/4506"}],"wp:featuredmedia":[{"embeddable":true,"href":"https:\/\/saphirsmaragd.com\/nl\/wp-json\/wp\/v2\/media\/1946"}],"wp:attachment":[{"href":"https:\/\/saphirsmaragd.com\/nl\/wp-json\/wp\/v2\/media?parent=1943"}],"wp:term":[{"taxonomy":"product_brand","embeddable":true,"href":"https:\/\/saphirsmaragd.com\/nl\/wp-json\/wp\/v2\/product_brand?post=1943"},{"taxonomy":"product_cat","embeddable":true,"href":"https:\/\/saphirsmaragd.com\/nl\/wp-json\/wp\/v2\/product_cat?post=1943"},{"taxonomy":"product_tag","embeddable":true,"href":"https:\/\/saphirsmaragd.com\/nl\/wp-json\/wp\/v2\/product_tag?post=1943"}],"curies":[{"name":"wp","href":"https:\/\/api.w.org\/{rel}","templated":true}]}}