{"id":2083,"date":"2025-10-07T00:40:53","date_gmt":"2025-10-07T00:40:53","guid":{"rendered":"https:\/\/saphirsmaragd.com\/?post_type=product&#038;p=2083"},"modified":"2025-12-05T10:10:19","modified_gmt":"2025-12-05T10:10:19","slug":"achat-auf-staender","status":"publish","type":"product","link":"https:\/\/saphirsmaragd.com\/nl\/product\/achat-auf-staender\/","title":{"rendered":"Agaat op standaard 10,5 x 10,5 x 4 cm \u2013 natuursteen uit Brazili\u00eb"},"content":{"rendered":"<div id=\"ez-toc-container\" class=\"ez-toc-v2_0_82_2 counter-hierarchy ez-toc-counter ez-toc-grey ez-toc-container-direction\">\n<div class=\"ez-toc-title-container\">\n<p class=\"ez-toc-title\" style=\"cursor:inherit\">Inhoudsopgave<\/p>\n<span class=\"ez-toc-title-toggle\"><a href=\"#\" class=\"ez-toc-pull-right ez-toc-btn ez-toc-btn-xs ez-toc-btn-default ez-toc-toggle\" aria-label=\"Toggle tabel met inhoud\"><span class=\"ez-toc-js-icon-con\"><span class=\"\"><span class=\"eztoc-hide\" style=\"display:none;\">Schakelaar<\/span><span class=\"ez-toc-icon-toggle-span\"><svg style=\"fill: #999;color:#999\" xmlns=\"http:\/\/www.w3.org\/2000\/svg\" class=\"list-377408\" width=\"20px\" height=\"20px\" viewbox=\"0 0 24 24\" fill=\"none\"><path d=\"M6 6H4v2h2V6zm14 0H8v2h12V6zM4 11h2v2H4v-2zm16 0H8v2h12v-2zM4 16h2v2H4v-2zm16 0H8v2h12v-2z\" fill=\"currentColor\"><\/path><\/svg><svg style=\"fill: #999;color:#999\" class=\"arrow-unsorted-368013\" xmlns=\"http:\/\/www.w3.org\/2000\/svg\" width=\"10px\" height=\"10px\" viewbox=\"0 0 24 24\" version=\"1.2\" baseprofile=\"tiny\"><path d=\"M18.2 9.3l-6.2-6.3-6.2 6.3c-.2.2-.3.4-.3.7s.1.5.3.7c.2.2.4.3.7.3h11c.3 0 .5-.1.7-.3.2-.2.3-.5.3-.7s-.1-.5-.3-.7zM5.8 14.7l6.2 6.3 6.2-6.3c.2-.2.3-.5.3-.7s-.1-.5-.3-.7c-.2-.2-.4-.3-.7-.3h-11c-.3 0-.5.1-.7.3-.2.2-.3.5-.3.7s.1.5.3.7z\"\/><\/svg><\/span><\/span><\/span><\/a><\/span><\/div>\n<nav><ul class='ez-toc-list ez-toc-list-level-1' ><li class='ez-toc-page-1 ez-toc-heading-level-4'><a class=\"ez-toc-link ez-toc-heading-1\" href=\"https:\/\/saphirsmaragd.com\/nl\/product\/achat-auf-staender\/#Achat_auf_Stander_105_x_105_x_4_cm_%E2%80%93_Naturstein_aus_Brasilien\" >Agaat op standaard 10,5 x 10,5 x 4 cm \u2013 natuursteen uit Brazili\u00eb<\/a><\/li><li class='ez-toc-page-1 ez-toc-heading-level-4'><a class=\"ez-toc-link ez-toc-heading-2\" href=\"https:\/\/saphirsmaragd.com\/nl\/product\/achat-auf-staender\/#Merkmale_Herkunft\" >Kenmerken en herkomst<\/a><\/li><li class='ez-toc-page-1 ez-toc-heading-level-4'><a class=\"ez-toc-link ez-toc-heading-3\" href=\"https:\/\/saphirsmaragd.com\/nl\/product\/achat-auf-staender\/#Besonderheiten\" >Bijzondere kenmerken<\/a><\/li><li class='ez-toc-page-1 ez-toc-heading-level-4'><a class=\"ez-toc-link ez-toc-heading-4\" href=\"https:\/\/saphirsmaragd.com\/nl\/product\/achat-auf-staender\/#Mehr_uber_Achate_Heilsteine\" >Meer over agaten &amp; helende stenen<\/a><\/li><li class='ez-toc-page-1 ez-toc-heading-level-4'><a class=\"ez-toc-link ez-toc-heading-5\" href=\"https:\/\/saphirsmaragd.com\/nl\/product\/achat-auf-staender\/#Weitere_Infos\" >Verdere informatie<\/a><\/li><\/ul><\/nav><\/div>\n<h4 data-start=\"274\" data-end=\"343\"><span class=\"ez-toc-section\" id=\"Achat_auf_Stander_105_x_105_x_4_cm_%E2%80%93_Naturstein_aus_Brasilien\"><\/span><strong data-start=\"276\" data-end=\"343\">Agaat op standaard 10,5 x 10,5 x 4 cm \u2013 natuursteen uit Brazili\u00eb<\/strong><span class=\"ez-toc-section-end\"><\/span><\/h4>\n<p data-start=\"345\" data-end=\"547\">Dieses Unikat zeigt einen wundersch\u00f6nen Achat auf St\u00e4nder 10.5 x 10.5 x 4 cm, der durch seine nat\u00fcrliche Maserung und harmonische Energie beeindruckt. Sie erhalten genau das abgebildete Einzelst\u00fcck.<\/p>\n<hr data-start=\"549\" data-end=\"552\" \/>\n<h4 data-start=\"554\" data-end=\"583\"><span class=\"ez-toc-section\" id=\"Merkmale_Herkunft\"><\/span><strong data-start=\"560\" data-end=\"583\">Kenmerken en herkomst<\/strong><span class=\"ez-toc-section-end\"><\/span><\/h4>\n<p data-start=\"584\" data-end=\"844\">Farbe: Grau-Beige mit nat\u00fcrlicher B\u00e4nderung<br data-start=\"627\" data-end=\"630\" \/>Form: Polierte Freiform auf St\u00e4nder<br data-start=\"665\" data-end=\"668\" \/>Herkomst: Brazili\u00eb<br data-start=\"687\" data-end=\"690\" \/>Gewicht: 1194 g (inkl. St\u00e4nder)<br data-start=\"721\" data-end=\"724\" \/>Ma\u00dfe: 10.5 x 10.5 x 4 cm<br data-start=\"748\" data-end=\"751\" \/>Reinheit: Nat\u00fcrlich<br data-start=\"770\" data-end=\"773\" \/>Behandlung: Keine<br data-start=\"790\" data-end=\"793\" \/>Zertifikat: Nein<br data-start=\"809\" data-end=\"812\" \/>Staat: Nieuw<br data-start=\"824\" data-end=\"827\" \/>Steensoort: Agaat<\/p>\n<hr data-start=\"846\" data-end=\"849\" \/>\n<h4 data-start=\"851\" data-end=\"875\"><span class=\"ez-toc-section\" id=\"Besonderheiten\"><\/span><strong data-start=\"857\" data-end=\"875\">Bijzondere kenmerken<\/strong><span class=\"ez-toc-section-end\"><\/span><\/h4>\n<p data-start=\"877\" data-end=\"1136\">Der Achat auf St\u00e4nder 10.5 x 10.5 x 4 cm ist nicht nur ein \u00e4sthetisches Dekorationsobjekt, sondern auch ein kraftvoller Heilstein. Er wirkt erdend, stabilisierend und sch\u00fctzend, w\u00e4hrend er gleichzeitig eine sanfte, friedliche Energie ausstrahlt.<\/p>\n<p data-start=\"1138\" data-end=\"1474\">Dieser Stein f\u00f6rdert innere Balance und Selbstakzeptanz. Er hilft dabei, K\u00f6rper, Geist und Seele in Einklang zu bringen, Stress abzubauen und mehr innere Ruhe zu finden. Dank seiner klaren, geerdeten Schwingung unterst\u00fctzt Achat pers\u00f6nliches Wachstum und f\u00f6rdert systematisches Denken \u2013 ideal f\u00fcr Zielsetzung und Entscheidungsfindung.<\/p>\n<p data-start=\"1476\" data-end=\"1698\">\n<hr data-start=\"1700\" data-end=\"1703\" \/>\n<h4 data-start=\"1705\" data-end=\"1744\"><span class=\"ez-toc-section\" id=\"Mehr_uber_Achate_Heilsteine\"><\/span><strong data-start=\"1711\" data-end=\"1744\">Meer over agaten &amp; helende stenen<\/strong><span class=\"ez-toc-section-end\"><\/span><\/h4>\n<p data-start=\"1745\" data-end=\"1788\"><a href=\"https:\/\/saphirsmaragd.com\/nl\/product-category\/heilsteine-kristalle-kaufen\/\">Helende Stenen &amp; Kristallen | Saffier &amp; Smaragd<\/a><\/p>\n<hr data-start=\"1790\" data-end=\"1793\" \/>\n<h4 data-start=\"1795\" data-end=\"1818\"><span class=\"ez-toc-section\" id=\"Weitere_Infos\"><\/span><strong data-start=\"1801\" data-end=\"1818\">Verdere informatie<\/strong><span class=\"ez-toc-section-end\"><\/span><\/h4>\n<p data-start=\"1819\" data-end=\"1874\"><a class=\"decorated-link cursor-pointer\" href=\"https:\/\/de.wikipedia.org\/wiki\/Achat\" target=\"_new\" rel=\"noopener\" data-start=\"1819\" data-end=\"1874\">Wikipedia: Agaat<\/a><\/p>\n<p data-start=\"1819\" data-end=\"1874\">","protected":false},"excerpt":{"rendered":"<p><em>Achat auf St\u00e4nder 10.5 x 10.5 x 4 cm \u2013 Unikat aus Brasilien, erdend und harmonisierend.<\/em><\/p>","protected":false},"featured_media":2084,"comment_status":"open","ping_status":"closed","template":"","meta":{"_glsr_average":0,"_glsr_ranking":0,"_glsr_reviews":0},"product_brand":[],"product_cat":[84],"product_tag":[],"class_list":{"0":"post-2083","1":"product","2":"type-product","3":"status-publish","4":"has-post-thumbnail","6":"product_cat-rohsteine-kaufen","8":"first","9":"instock","10":"shipping-taxable","11":"purchasable","12":"product-type-simple","13":"add-to-wishlist-before_image"},"jetpack_sharing_enabled":true,"_links":{"self":[{"href":"https:\/\/saphirsmaragd.com\/nl\/wp-json\/wp\/v2\/product\/2083","targetHints":{"allow":["GET"]}}],"collection":[{"href":"https:\/\/saphirsmaragd.com\/nl\/wp-json\/wp\/v2\/product"}],"about":[{"href":"https:\/\/saphirsmaragd.com\/nl\/wp-json\/wp\/v2\/types\/product"}],"replies":[{"embeddable":true,"href":"https:\/\/saphirsmaragd.com\/nl\/wp-json\/wp\/v2\/comments?post=2083"}],"version-history":[{"count":1,"href":"https:\/\/saphirsmaragd.com\/nl\/wp-json\/wp\/v2\/product\/2083\/revisions"}],"predecessor-version":[{"id":2086,"href":"https:\/\/saphirsmaragd.com\/nl\/wp-json\/wp\/v2\/product\/2083\/revisions\/2086"}],"wp:featuredmedia":[{"embeddable":true,"href":"https:\/\/saphirsmaragd.com\/nl\/wp-json\/wp\/v2\/media\/2084"}],"wp:attachment":[{"href":"https:\/\/saphirsmaragd.com\/nl\/wp-json\/wp\/v2\/media?parent=2083"}],"wp:term":[{"taxonomy":"product_brand","embeddable":true,"href":"https:\/\/saphirsmaragd.com\/nl\/wp-json\/wp\/v2\/product_brand?post=2083"},{"taxonomy":"product_cat","embeddable":true,"href":"https:\/\/saphirsmaragd.com\/nl\/wp-json\/wp\/v2\/product_cat?post=2083"},{"taxonomy":"product_tag","embeddable":true,"href":"https:\/\/saphirsmaragd.com\/nl\/wp-json\/wp\/v2\/product_tag?post=2083"}],"curies":[{"name":"wp","href":"https:\/\/api.w.org\/{rel}","templated":true}]}}