{"id":2118,"date":"2025-10-07T23:47:18","date_gmt":"2025-10-07T23:47:18","guid":{"rendered":"https:\/\/saphirsmaragd.com\/?post_type=product&#038;p=2118"},"modified":"2025-12-05T10:12:07","modified_gmt":"2025-12-05T10:12:07","slug":"amethyst-galaxy-cluster-2","status":"publish","type":"product","link":"https:\/\/saphirsmaragd.com\/nl\/product\/amethyst-galaxy-cluster-2\/","title":{"rendered":"Amethist Galaxy Cluster 8 x 7,5 x 4 cm - natuursteen uit Uruguay"},"content":{"rendered":"<div id=\"ez-toc-container\" class=\"ez-toc-v2_0_82_2 counter-hierarchy ez-toc-counter ez-toc-grey ez-toc-container-direction\">\n<div class=\"ez-toc-title-container\">\n<p class=\"ez-toc-title\" style=\"cursor:inherit\">Inhoudsopgave<\/p>\n<span class=\"ez-toc-title-toggle\"><a href=\"#\" class=\"ez-toc-pull-right ez-toc-btn ez-toc-btn-xs ez-toc-btn-default ez-toc-toggle\" aria-label=\"Toggle tabel met inhoud\"><span class=\"ez-toc-js-icon-con\"><span class=\"\"><span class=\"eztoc-hide\" style=\"display:none;\">Schakelaar<\/span><span class=\"ez-toc-icon-toggle-span\"><svg style=\"fill: #999;color:#999\" xmlns=\"http:\/\/www.w3.org\/2000\/svg\" class=\"list-377408\" width=\"20px\" height=\"20px\" viewbox=\"0 0 24 24\" fill=\"none\"><path d=\"M6 6H4v2h2V6zm14 0H8v2h12V6zM4 11h2v2H4v-2zm16 0H8v2h12v-2zM4 16h2v2H4v-2zm16 0H8v2h12v-2z\" fill=\"currentColor\"><\/path><\/svg><svg style=\"fill: #999;color:#999\" class=\"arrow-unsorted-368013\" xmlns=\"http:\/\/www.w3.org\/2000\/svg\" width=\"10px\" height=\"10px\" viewbox=\"0 0 24 24\" version=\"1.2\" baseprofile=\"tiny\"><path d=\"M18.2 9.3l-6.2-6.3-6.2 6.3c-.2.2-.3.4-.3.7s.1.5.3.7c.2.2.4.3.7.3h11c.3 0 .5-.1.7-.3.2-.2.3-.5.3-.7s-.1-.5-.3-.7zM5.8 14.7l6.2 6.3 6.2-6.3c.2-.2.3-.5.3-.7s-.1-.5-.3-.7c-.2-.2-.4-.3-.7-.3h-11c-.3 0-.5.1-.7.3-.2.2-.3.5-.3.7s.1.5.3.7z\"\/><\/svg><\/span><\/span><\/span><\/a><\/span><\/div>\n<nav><ul class='ez-toc-list ez-toc-list-level-1' ><li class='ez-toc-page-1 ez-toc-heading-level-4'><a class=\"ez-toc-link ez-toc-heading-1\" href=\"https:\/\/saphirsmaragd.com\/nl\/product\/amethyst-galaxy-cluster-2\/#Amethyst_Galaxy_Cluster_8_x_75_x_4_cm_%E2%80%93_Naturstein_aus_Uruguay\" >Amethist Galaxy Cluster 8 x 7,5 x 4 cm - natuursteen uit Uruguay<\/a><\/li><li class='ez-toc-page-1 ez-toc-heading-level-4'><a class=\"ez-toc-link ez-toc-heading-2\" href=\"https:\/\/saphirsmaragd.com\/nl\/product\/amethyst-galaxy-cluster-2\/#_Merkmale_Herkunft\" >\u00a0Kenmerken en herkomst<\/a><\/li><li class='ez-toc-page-1 ez-toc-heading-level-4'><a class=\"ez-toc-link ez-toc-heading-3\" href=\"https:\/\/saphirsmaragd.com\/nl\/product\/amethyst-galaxy-cluster-2\/#_Besonderheiten\" >\u00a0Bijzondere kenmerken<\/a><\/li><li class='ez-toc-page-1 ez-toc-heading-level-4'><a class=\"ez-toc-link ez-toc-heading-4\" href=\"https:\/\/saphirsmaragd.com\/nl\/product\/amethyst-galaxy-cluster-2\/#_Mehr_uber_Amethyste_Heilsteine\" >\u00a0Mehr \u00fcber Amethyste &amp; Heilsteine<\/a><\/li><li class='ez-toc-page-1 ez-toc-heading-level-4'><a class=\"ez-toc-link ez-toc-heading-5\" href=\"https:\/\/saphirsmaragd.com\/nl\/product\/amethyst-galaxy-cluster-2\/#Weitere_Infos\" >Verdere informatie<\/a><\/li><\/ul><\/nav><\/div>\n<h4 data-start=\"187\" data-end=\"256\"><span class=\"ez-toc-section\" id=\"Amethyst_Galaxy_Cluster_8_x_75_x_4_cm_%E2%80%93_Naturstein_aus_Uruguay\"><\/span><strong data-start=\"189\" data-end=\"256\">Amethist Galaxy Cluster 8 x 7,5 x 4 cm - natuursteen uit Uruguay<\/strong><span class=\"ez-toc-section-end\"><\/span><\/h4>\n<p data-start=\"258\" data-end=\"550\">Der Amethyst Galaxy Cluster 8 x 7.5 x 4 cm ist ein au\u00dfergew\u00f6hnlicher Heilstein aus Uruguay mit hoher energetischer Schwingung und transformierender Kraft. Dieses einzigartige St\u00fcck steht f\u00fcr Schutz, Transformation und inneres Wachstum \u2013 ideal f\u00fcr Meditation und spirituelle Entwicklung.<\/p>\n<hr data-start=\"552\" data-end=\"555\" \/>\n<h4 data-start=\"557\" data-end=\"582\"><span class=\"ez-toc-section\" id=\"_Merkmale_Herkunft\"><\/span>\u00a0Kenmerken en herkomst<span class=\"ez-toc-section-end\"><\/span><\/h4>\n<p data-start=\"584\" data-end=\"838\">Farbe: Violett-Rosa mit funkelnder Kristallstruktur<br data-start=\"635\" data-end=\"638\" \/>Form: Stehender Cluster (Rohstein)<br data-start=\"672\" data-end=\"675\" \/>Herkunft: Uruguay<br data-start=\"692\" data-end=\"695\" \/>Gewicht: 357 g<br data-start=\"709\" data-end=\"712\" \/>Ma\u00dfe: 8 x 7.5 x 4 cm<br data-start=\"732\" data-end=\"735\" \/>Reinheit: Nat\u00fcrlich<br data-start=\"808\" data-end=\"811\" \/>Steinart: Amethyst Galaxy<\/p>\n<hr data-start=\"840\" data-end=\"843\" \/>\n<h4 data-start=\"845\" data-end=\"865\"><span class=\"ez-toc-section\" id=\"_Besonderheiten\"><\/span>\u00a0Bijzondere kenmerken<span class=\"ez-toc-section-end\"><\/span><\/h4>\n<p data-start=\"867\" data-end=\"1166\">Der Amethyst Galaxy Cluster 8 x 7.5 x 4 cm z\u00e4hlt zu den sogenannten <em data-start=\"939\" data-end=\"956\">New Age-Steinen<\/em> und besitzt eine h\u00f6here Schwingung als herk\u00f6mmlicher Amethyst. Seine transformative Energie hilft, alte Muster loszulassen, neue Energie willkommen zu hei\u00dfen und kreative wie spirituelle Prozesse zu f\u00f6rdern.<\/p>\n<p data-start=\"1168\" data-end=\"1565\">Dieser Heilstein kl\u00e4rt den Geist, st\u00e4rkt Inspiration und \u00f6ffnet den Zugang zu neuen Einsichten. Die rosa Variante des <strong data-start=\"1286\" data-end=\"1305\">Amethyst Galaxy<\/strong> wirkt besonders sch\u00fctzend und best\u00e4rkend: Sie unterst\u00fctzt dabei, sich f\u00fcr neue Erfahrungen und spirituelle Kommunikation zu \u00f6ffnen \u2013 frei von Angst und Bewertung. Dadurch entsteht eine stabile energetische Basis f\u00fcr Meditation, Heil- oder Therapiesitzungen.<\/p>\n<p data-start=\"1567\" data-end=\"1718\">Er f\u00f6rdert Selbstvertrauen, Mut und Entschlossenheit \u2013 eine ideale Begleitung f\u00fcr Phasen des pers\u00f6nlichen Wachstums und der spirituellen Entwicklung.<\/p>\n<hr data-start=\"1720\" data-end=\"1723\" \/>\n<h4 data-start=\"1725\" data-end=\"1763\"><span class=\"ez-toc-section\" id=\"_Mehr_uber_Amethyste_Heilsteine\"><\/span>\u00a0Mehr \u00fcber Amethyste &amp; Heilsteine<span class=\"ez-toc-section-end\"><\/span><\/h4>\n<p data-start=\"1765\" data-end=\"1940\">Entdecken Sie mehr \u00fcber die Wirkung von Amethysten und anderen Kristallen in unserer Sammlung:<br data-start=\"1859\" data-end=\"1862\" \/><a class=\"decorated-link cursor-pointer\" href=\"\/nl\/edelsteine\/saphir-und-smaragd\/\" rel=\"noopener\" data-start=\"1865\" data-end=\"1940\">Helende Stenen &amp; Kristallen | Saffier &amp; Smaragd<\/a><\/p>\n<hr data-start=\"1942\" data-end=\"1945\" \/>\n<h4 data-start=\"1947\" data-end=\"1966\"><span class=\"ez-toc-section\" id=\"Weitere_Infos\"><\/span>Verdere informatie<span class=\"ez-toc-section-end\"><\/span><\/h4>\n<p data-start=\"1968\" data-end=\"2029\"><a href=\"https:\/\/de.wikipedia.org\/wiki\/Amethyst\" target=\"_blank\" rel=\"noopener\">Wikipedia: Amethyst<\/a><\/p>\n<p data-start=\"1968\" data-end=\"2029\">","protected":false},"excerpt":{"rendered":"<p><em>Der Amethyst Galaxy Cluster 8 x 7.5 x 4 cm aus Uruguay steht f\u00fcr Transformation, Schutz und spirituelles Wachstum.<\/em><\/p>","protected":false},"featured_media":2119,"comment_status":"open","ping_status":"closed","template":"","meta":{"_glsr_average":0,"_glsr_ranking":0,"_glsr_reviews":0},"product_brand":[],"product_cat":[84],"product_tag":[],"class_list":{"0":"post-2118","1":"product","2":"type-product","3":"status-publish","4":"has-post-thumbnail","6":"product_cat-rohsteine-kaufen","8":"first","9":"instock","10":"shipping-taxable","11":"purchasable","12":"product-type-simple","13":"add-to-wishlist-before_image"},"jetpack_sharing_enabled":true,"_links":{"self":[{"href":"https:\/\/saphirsmaragd.com\/nl\/wp-json\/wp\/v2\/product\/2118","targetHints":{"allow":["GET"]}}],"collection":[{"href":"https:\/\/saphirsmaragd.com\/nl\/wp-json\/wp\/v2\/product"}],"about":[{"href":"https:\/\/saphirsmaragd.com\/nl\/wp-json\/wp\/v2\/types\/product"}],"replies":[{"embeddable":true,"href":"https:\/\/saphirsmaragd.com\/nl\/wp-json\/wp\/v2\/comments?post=2118"}],"version-history":[{"count":1,"href":"https:\/\/saphirsmaragd.com\/nl\/wp-json\/wp\/v2\/product\/2118\/revisions"}],"predecessor-version":[{"id":2122,"href":"https:\/\/saphirsmaragd.com\/nl\/wp-json\/wp\/v2\/product\/2118\/revisions\/2122"}],"wp:featuredmedia":[{"embeddable":true,"href":"https:\/\/saphirsmaragd.com\/nl\/wp-json\/wp\/v2\/media\/2119"}],"wp:attachment":[{"href":"https:\/\/saphirsmaragd.com\/nl\/wp-json\/wp\/v2\/media?parent=2118"}],"wp:term":[{"taxonomy":"product_brand","embeddable":true,"href":"https:\/\/saphirsmaragd.com\/nl\/wp-json\/wp\/v2\/product_brand?post=2118"},{"taxonomy":"product_cat","embeddable":true,"href":"https:\/\/saphirsmaragd.com\/nl\/wp-json\/wp\/v2\/product_cat?post=2118"},{"taxonomy":"product_tag","embeddable":true,"href":"https:\/\/saphirsmaragd.com\/nl\/wp-json\/wp\/v2\/product_tag?post=2118"}],"curies":[{"name":"wp","href":"https:\/\/api.w.org\/{rel}","templated":true}]}}