{"id":2724,"date":"2025-10-12T13:32:19","date_gmt":"2025-10-12T13:32:19","guid":{"rendered":"https:\/\/saphirsmaragd.com\/?post_type=product&#038;p=2724"},"modified":"2025-12-29T19:00:03","modified_gmt":"2025-12-29T19:00:03","slug":"granat-0-48-karat-purpur-dreieck","status":"publish","type":"product","link":"https:\/\/saphirsmaragd.com\/nl\/product\/granat-0-48-karat-purpur-dreieck\/","title":{"rendered":"Granaat 0,48 karaat paarse driehoek \u2013 rhodoliet, 6,55 \u00d7 4,27 mm gefacetteerd, oogschoon met certificaat (Tanzania)"},"content":{"rendered":"<div id=\"ez-toc-container\" class=\"ez-toc-v2_0_82_2 counter-hierarchy ez-toc-counter ez-toc-grey ez-toc-container-direction\">\n<div class=\"ez-toc-title-container\">\n<p class=\"ez-toc-title\" style=\"cursor:inherit\">Inhoudsopgave<\/p>\n<span class=\"ez-toc-title-toggle\"><a href=\"#\" class=\"ez-toc-pull-right ez-toc-btn ez-toc-btn-xs ez-toc-btn-default ez-toc-toggle\" aria-label=\"Toggle tabel met inhoud\"><span class=\"ez-toc-js-icon-con\"><span class=\"\"><span class=\"eztoc-hide\" style=\"display:none;\">Schakelaar<\/span><span class=\"ez-toc-icon-toggle-span\"><svg style=\"fill: #999;color:#999\" xmlns=\"http:\/\/www.w3.org\/2000\/svg\" class=\"list-377408\" width=\"20px\" height=\"20px\" viewbox=\"0 0 24 24\" fill=\"none\"><path d=\"M6 6H4v2h2V6zm14 0H8v2h12V6zM4 11h2v2H4v-2zm16 0H8v2h12v-2zM4 16h2v2H4v-2zm16 0H8v2h12v-2z\" fill=\"currentColor\"><\/path><\/svg><svg style=\"fill: #999;color:#999\" class=\"arrow-unsorted-368013\" xmlns=\"http:\/\/www.w3.org\/2000\/svg\" width=\"10px\" height=\"10px\" viewbox=\"0 0 24 24\" version=\"1.2\" baseprofile=\"tiny\"><path d=\"M18.2 9.3l-6.2-6.3-6.2 6.3c-.2.2-.3.4-.3.7s.1.5.3.7c.2.2.4.3.7.3h11c.3 0 .5-.1.7-.3.2-.2.3-.5.3-.7s-.1-.5-.3-.7zM5.8 14.7l6.2 6.3 6.2-6.3c.2-.2.3-.5.3-.7s-.1-.5-.3-.7c-.2-.2-.4-.3-.7-.3h-11c-.3 0-.5.1-.7.3-.2.2-.3.5-.3.7s.1.5.3.7z\"\/><\/svg><\/span><\/span><\/span><\/a><\/span><\/div>\n<nav><ul class='ez-toc-list ez-toc-list-level-1' ><li class='ez-toc-page-1 ez-toc-heading-level-4'><a class=\"ez-toc-link ez-toc-heading-1\" href=\"https:\/\/saphirsmaragd.com\/nl\/product\/granat-0-48-karat-purpur-dreieck\/#Granat_048_Karat_Purpur_Dreieck_%E2%80%93_lebhafter_Rhodolith_in_seltenem_Schliff\" >Granat 0.48 Karat Purpur Dreieck \u2013 lebhafter Rhodolith in seltenem Schliff<\/a><\/li><li class='ez-toc-page-1 ez-toc-heading-level-4'><a class=\"ez-toc-link ez-toc-heading-2\" href=\"https:\/\/saphirsmaragd.com\/nl\/product\/granat-0-48-karat-purpur-dreieck\/#Merkmale_Herkunft_%E2%80%93_Granat_048_Karat_Purpur_Dreieck\" >Merkmale &amp; Herkunft \u2013 Granat 0.48 Karat Purpur Dreieck<\/a><\/li><li class='ez-toc-page-1 ez-toc-heading-level-4'><a class=\"ez-toc-link ez-toc-heading-3\" href=\"https:\/\/saphirsmaragd.com\/nl\/product\/granat-0-48-karat-purpur-dreieck\/#Besonderheiten\" >Bijzondere kenmerken<\/a><\/li><li class='ez-toc-page-1 ez-toc-heading-level-4'><a class=\"ez-toc-link ez-toc-heading-4\" href=\"https:\/\/saphirsmaragd.com\/nl\/product\/granat-0-48-karat-purpur-dreieck\/#Mehr_uber_unsere_Edelsteine\" >Meer over onze edelstenen<\/a><\/li><li class='ez-toc-page-1 ez-toc-heading-level-4'><a class=\"ez-toc-link ez-toc-heading-5\" href=\"https:\/\/saphirsmaragd.com\/nl\/product\/granat-0-48-karat-purpur-dreieck\/#Weitere_Infos\" >Verdere informatie<\/a><\/li><\/ul><\/nav><\/div>\n<h4 data-start=\"616\" data-end=\"697\"><span class=\"ez-toc-section\" id=\"Granat_048_Karat_Purpur_Dreieck_%E2%80%93_lebhafter_Rhodolith_in_seltenem_Schliff\"><\/span>Granat 0.48 Karat Purpur Dreieck \u2013 lebhafter Rhodolith in seltenem Schliff<span class=\"ez-toc-section-end\"><\/span><\/h4>\n<p data-start=\"698\" data-end=\"887\">Dieser Einzelstein zeigt intensives Purpur mit klarem Funkeln. Granat 0.48 Karat Purpur-Dreieck eignet sich ideal f\u00fcr zarte, moderne Fassungen \u2013 nat\u00fcrlich, unbehandelt und zertifiziert.<\/p>\n<hr data-start=\"889\" data-end=\"892\" \/>\n<h4 data-start=\"894\" data-end=\"955\"><span class=\"ez-toc-section\" id=\"Merkmale_Herkunft_%E2%80%93_Granat_048_Karat_Purpur_Dreieck\"><\/span>Merkmale &amp; Herkunft \u2013 Granat 0.48 Karat Purpur Dreieck<span class=\"ez-toc-section-end\"><\/span><\/h4>\n<p data-start=\"956\" data-end=\"1241\">Steinart: Granat (Rhodolith)<br data-start=\"984\" data-end=\"987\" \/>Farbe: Purpur<br data-start=\"1000\" data-end=\"1003\" \/>Form: Dreieck facettiert (atypisch)<br data-start=\"1038\" data-end=\"1041\" \/>Gr\u00f6\u00dfe: 6.55 \u00d7 4.27 mm<br data-start=\"1062\" data-end=\"1065\" \/>Gewicht: 0.48 Karat<br data-start=\"1084\" data-end=\"1087\" \/>Zuiverheid: Oogzuiver<br data-start=\"1106\" data-end=\"1109\" \/>Behandeling: Onbehandeld<br data-start=\"1132\" data-end=\"1135\" \/>Hardheid: 6,5 op de schaal van Mohs<br data-start=\"1164\" data-end=\"1167\" \/>Herkomst: Tanzania<br data-start=\"1185\" data-end=\"1188\" \/>Certificaat: Val\u00e9rie DURAFFOURG (Gem-A)<br data-start=\"1226\" data-end=\"1229\" \/>Staat: Nieuw<\/p>\n<hr data-start=\"1243\" data-end=\"1246\" \/>\n<h4 data-start=\"1248\" data-end=\"1269\"><span class=\"ez-toc-section\" id=\"Besonderheiten\"><\/span>Bijzondere kenmerken<span class=\"ez-toc-section-end\"><\/span><\/h4>\n<p data-start=\"1270\" data-end=\"1625\">Der Granat 0.48 Karat Purpur-Dreieck verbindet eine frische, purpurfarbene Rhodolith-T\u00f6nung mit einer seltenen Dreiecksform. Der pr\u00e4zise Facettenschliff erzeugt lebendige Lichtreflexe; die best\u00e4tigte Augenreinheit sorgt f\u00fcr eine klare, hochwertige Optik. Unbehandelte, zertifizierte Qualit\u00e4t \u2013 perfekt f\u00fcr individuelle Ringe, Anh\u00e4nger oder Ohrstecker.<\/p>\n<hr data-start=\"1926\" data-end=\"1929\" \/>\n<h4 data-start=\"1931\" data-end=\"1971\"><span class=\"ez-toc-section\" id=\"Mehr_uber_unsere_Edelsteine\"><\/span>Meer over onze edelstenen<span class=\"ez-toc-section-end\"><\/span><\/h4>\n<p data-start=\"1972\" data-end=\"2069\"><a href=\"https:\/\/saphirsmaragd.com\/nl\/product-category\/edelsteine-kaufen\/\">Edelstenen<\/a><\/p>\n<hr data-start=\"2071\" data-end=\"2074\" \/>\n<h4 data-start=\"2076\" data-end=\"2096\"><span class=\"ez-toc-section\" id=\"Weitere_Infos\"><\/span>Verdere informatie<span class=\"ez-toc-section-end\"><\/span><\/h4>\n<p data-start=\"2097\" data-end=\"2160\"><a class=\"decorated-link cursor-pointer\" href=\"https:\/\/de.wikipedia.org\/wiki\/Granat\" target=\"_new\" rel=\"noopener\" data-start=\"2097\" data-end=\"2160\">Wikipedia: Granat<\/a><\/p>","protected":false},"excerpt":{"rendered":"<p data-start=\"265\" data-end=\"473\"><em>Granat 0.48 Karat Purpur Dreieck \u2013 Rhodolith aus Tansania, 6.55 \u00d7 4.27 mm facettiert, augenrein, unbehandelt, mit Zertifikat. Leuchtendes Purpur f\u00fcr feine Fassungen und Sammler.<\/em><\/p>\n<p data-start=\"475\" data-end=\"609\">\n<h3 data-start=\"660\" data-end=\"684\"><\/h3>\n<p data-start=\"575\" data-end=\"606\">","protected":false},"featured_media":2727,"comment_status":"open","ping_status":"closed","template":"","meta":{"_glsr_average":0,"_glsr_ranking":0,"_glsr_reviews":0},"product_brand":[],"product_cat":[111],"product_tag":[],"class_list":{"0":"post-2724","1":"product","2":"type-product","3":"status-publish","4":"has-post-thumbnail","6":"product_cat-granat-kaufen","7":"pa_edelsteinart-granat","8":"pa_farbe-rosa","9":"pa_form-dreieck","10":"pa_gewicht-karat-0-1-0-5-karat","11":"pa_herkunft-tansania","12":"pa_reinheit-augenrein","13":"pa_veredelung-behandlung-unbehandelt","14":"pa_zertifikat-ja","15":"pa_zustand-neu","17":"first","18":"instock","19":"featured","20":"sold-individually","21":"shipping-taxable","22":"purchasable","23":"product-type-simple","24":"add-to-wishlist-before_image"},"jetpack_sharing_enabled":true,"_links":{"self":[{"href":"https:\/\/saphirsmaragd.com\/nl\/wp-json\/wp\/v2\/product\/2724","targetHints":{"allow":["GET"]}}],"collection":[{"href":"https:\/\/saphirsmaragd.com\/nl\/wp-json\/wp\/v2\/product"}],"about":[{"href":"https:\/\/saphirsmaragd.com\/nl\/wp-json\/wp\/v2\/types\/product"}],"replies":[{"embeddable":true,"href":"https:\/\/saphirsmaragd.com\/nl\/wp-json\/wp\/v2\/comments?post=2724"}],"version-history":[{"count":2,"href":"https:\/\/saphirsmaragd.com\/nl\/wp-json\/wp\/v2\/product\/2724\/revisions"}],"predecessor-version":[{"id":4689,"href":"https:\/\/saphirsmaragd.com\/nl\/wp-json\/wp\/v2\/product\/2724\/revisions\/4689"}],"wp:featuredmedia":[{"embeddable":true,"href":"https:\/\/saphirsmaragd.com\/nl\/wp-json\/wp\/v2\/media\/2727"}],"wp:attachment":[{"href":"https:\/\/saphirsmaragd.com\/nl\/wp-json\/wp\/v2\/media?parent=2724"}],"wp:term":[{"taxonomy":"product_brand","embeddable":true,"href":"https:\/\/saphirsmaragd.com\/nl\/wp-json\/wp\/v2\/product_brand?post=2724"},{"taxonomy":"product_cat","embeddable":true,"href":"https:\/\/saphirsmaragd.com\/nl\/wp-json\/wp\/v2\/product_cat?post=2724"},{"taxonomy":"product_tag","embeddable":true,"href":"https:\/\/saphirsmaragd.com\/nl\/wp-json\/wp\/v2\/product_tag?post=2724"}],"curies":[{"name":"wp","href":"https:\/\/api.w.org\/{rel}","templated":true}]}}