{"id":3788,"date":"2025-10-25T23:38:23","date_gmt":"2025-10-25T23:38:23","guid":{"rendered":"https:\/\/saphirsmaragd.com\/?post_type=product&#038;p=3788"},"modified":"2025-12-05T10:13:13","modified_gmt":"2025-12-05T10:13:13","slug":"anhaenger-mit-versteinertem-holz-rund-braun-2","status":"publish","type":"product","link":"https:\/\/saphirsmaragd.com\/nl\/product\/anhaenger-mit-versteinertem-holz-rund-braun-2\/","title":{"rendered":"Anh\u00e4nger mit Versteinertem Holz Rund Braun \u2013 Naturstein aus 925 Silber"},"content":{"rendered":"<div id=\"ez-toc-container\" class=\"ez-toc-v2_0_82_2 counter-hierarchy ez-toc-counter ez-toc-grey ez-toc-container-direction\">\n<div class=\"ez-toc-title-container\">\n<p class=\"ez-toc-title\" style=\"cursor:inherit\">Inhoudsopgave<\/p>\n<span class=\"ez-toc-title-toggle\"><a href=\"#\" class=\"ez-toc-pull-right ez-toc-btn ez-toc-btn-xs ez-toc-btn-default ez-toc-toggle\" aria-label=\"Toggle tabel met inhoud\"><span class=\"ez-toc-js-icon-con\"><span class=\"\"><span class=\"eztoc-hide\" style=\"display:none;\">Schakelaar<\/span><span class=\"ez-toc-icon-toggle-span\"><svg style=\"fill: #999;color:#999\" xmlns=\"http:\/\/www.w3.org\/2000\/svg\" class=\"list-377408\" width=\"20px\" height=\"20px\" viewbox=\"0 0 24 24\" fill=\"none\"><path d=\"M6 6H4v2h2V6zm14 0H8v2h12V6zM4 11h2v2H4v-2zm16 0H8v2h12v-2zM4 16h2v2H4v-2zm16 0H8v2h12v-2z\" fill=\"currentColor\"><\/path><\/svg><svg style=\"fill: #999;color:#999\" class=\"arrow-unsorted-368013\" xmlns=\"http:\/\/www.w3.org\/2000\/svg\" width=\"10px\" height=\"10px\" viewbox=\"0 0 24 24\" version=\"1.2\" baseprofile=\"tiny\"><path d=\"M18.2 9.3l-6.2-6.3-6.2 6.3c-.2.2-.3.4-.3.7s.1.5.3.7c.2.2.4.3.7.3h11c.3 0 .5-.1.7-.3.2-.2.3-.5.3-.7s-.1-.5-.3-.7zM5.8 14.7l6.2 6.3 6.2-6.3c.2-.2.3-.5.3-.7s-.1-.5-.3-.7c-.2-.2-.4-.3-.7-.3h-11c-.3 0-.5.1-.7.3-.2.2-.3.5-.3.7s.1.5.3.7z\"\/><\/svg><\/span><\/span><\/span><\/a><\/span><\/div>\n<nav><ul class='ez-toc-list ez-toc-list-level-1' ><li class='ez-toc-page-1 ez-toc-heading-level-4'><a class=\"ez-toc-link ez-toc-heading-1\" href=\"https:\/\/saphirsmaragd.com\/nl\/product\/anhaenger-mit-versteinertem-holz-rund-braun-2\/#Anhanger_mit_Versteinertem_Holz_Rund_Braun_%E2%80%93_Naturstein_aus_925_Silber\" >Anh\u00e4nger mit Versteinertem Holz Rund Braun \u2013 Naturstein aus 925 Silber<\/a><\/li><li class='ez-toc-page-1 ez-toc-heading-level-4'><a class=\"ez-toc-link ez-toc-heading-2\" href=\"https:\/\/saphirsmaragd.com\/nl\/product\/anhaenger-mit-versteinertem-holz-rund-braun-2\/#_Merkmale_Herkunft\" >\u00a0Kenmerken en herkomst<\/a><\/li><li class='ez-toc-page-1 ez-toc-heading-level-4'><a class=\"ez-toc-link ez-toc-heading-3\" href=\"https:\/\/saphirsmaragd.com\/nl\/product\/anhaenger-mit-versteinertem-holz-rund-braun-2\/#_Besonderheiten\" >\u00a0Bijzondere kenmerken<\/a><\/li><li class='ez-toc-page-1 ez-toc-heading-level-4'><a class=\"ez-toc-link ez-toc-heading-4\" href=\"https:\/\/saphirsmaragd.com\/nl\/product\/anhaenger-mit-versteinertem-holz-rund-braun-2\/#_Mehr_uber_Versteinerte_Holzer_Heilsteine\" >\u00a0Mehr \u00fcber Versteinerte H\u00f6lzer &amp; Heilsteine<\/a><\/li><li class='ez-toc-page-1 ez-toc-heading-level-4'><a class=\"ez-toc-link ez-toc-heading-5\" href=\"https:\/\/saphirsmaragd.com\/nl\/product\/anhaenger-mit-versteinertem-holz-rund-braun-2\/#_Weitere_Infos\" >\u00a0Verdere informatie<\/a><\/li><\/ul><\/nav><\/div>\n<h4 data-start=\"0\" data-end=\"79\"><span class=\"ez-toc-section\" id=\"Anhanger_mit_Versteinertem_Holz_Rund_Braun_%E2%80%93_Naturstein_aus_925_Silber\"><\/span><strong data-start=\"3\" data-end=\"77\">Anh\u00e4nger mit Versteinertem Holz Rund Braun \u2013 Naturstein aus 925 Silber<\/strong><span class=\"ez-toc-section-end\"><\/span><\/h4>\n<p data-start=\"81\" data-end=\"304\">Der Anh\u00e4nger mit Versteinertem Holz Rund Braun ist ein handgefertigtes Unikat mit feiner Holzmaserung. Die warme, erdige Farbe und die polierte Oberfl\u00e4che verleihen diesem St\u00fcck eine zeitlose, naturverbundene Eleganz.<\/p>\n<hr data-start=\"306\" data-end=\"309\" \/>\n<h4 data-start=\"311\" data-end=\"339\"><span class=\"ez-toc-section\" id=\"_Merkmale_Herkunft\"><\/span>\u00a0Kenmerken en herkomst<span class=\"ez-toc-section-end\"><\/span><\/h4>\n<p data-start=\"340\" data-end=\"692\">Farbe: Braun \/ nat\u00fcrlich gemasert<br data-start=\"373\" data-end=\"376\" \/>Form: Rund<br data-start=\"444\" data-end=\"447\" \/>Ma\u00dfe: ca. 3 cm (\u00d8 Stein)<br data-start=\"471\" data-end=\"474\" \/>Gesamtl\u00e4nge: ca. 4.2 cm (inkl. \u00d6se)<br data-start=\"509\" data-end=\"512\" \/>Material: 925 Sterling Silber<br data-start=\"541\" data-end=\"544\" \/>Reinheit: naturbelassen, poliert<br data-start=\"576\" data-end=\"579\" \/>Behandlung: unbehandelt<br data-start=\"636\" data-end=\"639\" \/>Schmuckart: Anh\u00e4nger<br data-start=\"659\" data-end=\"662\" \/>Steinart: Versteinertes Holz<\/p>\n<hr data-start=\"694\" data-end=\"697\" \/>\n<h4 data-start=\"699\" data-end=\"722\"><span class=\"ez-toc-section\" id=\"_Besonderheiten\"><\/span>\u00a0Bijzondere kenmerken<span class=\"ez-toc-section-end\"><\/span><\/h4>\n<p data-start=\"723\" data-end=\"991\">Versteinertes Holz geh\u00f6rt zu den \u00e4ltesten bekannten Heilsteinen und steht f\u00fcr Erdung, Stabilit\u00e4t und innere Ruhe. Jeder Anh\u00e4nger mit Versteinertem Holz Rund Braun tr\u00e4gt die einzigartige Maserung des fossilen Holzes und vermittelt eine sanfte, sch\u00fctzende Energie.<\/p>\n<p data-start=\"993\" data-end=\"1369\">Dieser Stein soll helfen, sich sicher, geerdet und im Einklang mit sich selbst zu f\u00fchlen. Er st\u00e4rkt Geduld, Vertrauen und Ausdauer, unterst\u00fctzt in Zeiten emotionaler Belastung und wirkt ausgleichend bei \u00dcberreizung. Durch seine beruhigende Ausstrahlung eignet er sich besonders f\u00fcr sensible Menschen und Situationen, in denen innere Stabilit\u00e4t und Gelassenheit gefragt sind.<\/p>\n<hr data-start=\"1371\" data-end=\"1374\" \/>\n<h4 data-start=\"1376\" data-end=\"1427\"><span class=\"ez-toc-section\" id=\"_Mehr_uber_Versteinerte_Holzer_Heilsteine\"><\/span>\u00a0Mehr \u00fcber Versteinerte H\u00f6lzer &amp; Heilsteine<span class=\"ez-toc-section-end\"><\/span><\/h4>\n<p data-start=\"1428\" data-end=\"1565\">Besuchen Sie unsere Rubrik<br data-start=\"1454\" data-end=\"1457\" \/><a href=\"https:\/\/saphirsmaragd.com\/nl\/product-category\/heilsteine-kristalle-kaufen\/\">Helende Stenen &amp; Kristallen | Saffier &amp; Smaragd<\/a><br data-start=\"1502\" data-end=\"1505\" \/>\n<\/p>\n<hr data-start=\"1567\" data-end=\"1570\" \/>\n<h4 data-start=\"1572\" data-end=\"1594\"><span class=\"ez-toc-section\" id=\"_Weitere_Infos\"><\/span>\u00a0Verdere informatie<span class=\"ez-toc-section-end\"><\/span><\/h4>\n<p data-start=\"1595\" data-end=\"1656\"><a href=\"https:\/\/de.wikipedia.org\/wiki\/Versteinertes_Holz\" target=\"_blank\" rel=\"noopener\">Wikipedia: Versteinertes_Holz<\/a><\/p>","protected":false},"excerpt":{"rendered":"<p><em>Handgefertigter Anh\u00e4nger mit Versteinertem Holz Rund Braun in 925 Silber, ideal f\u00fcr Erdung und innere Stabilit\u00e4t.<\/em><\/p>","protected":false},"featured_media":3789,"comment_status":"open","ping_status":"closed","template":"","meta":{"_glsr_average":0,"_glsr_ranking":0,"_glsr_reviews":0},"product_brand":[],"product_cat":[87],"product_tag":[],"class_list":{"0":"post-3788","1":"product","2":"type-product","3":"status-publish","4":"has-post-thumbnail","6":"product_cat-edelstein-anhaenger","8":"first","9":"instock","10":"shipping-taxable","11":"purchasable","12":"product-type-simple","13":"add-to-wishlist-before_image"},"jetpack_sharing_enabled":true,"_links":{"self":[{"href":"https:\/\/saphirsmaragd.com\/nl\/wp-json\/wp\/v2\/product\/3788","targetHints":{"allow":["GET"]}}],"collection":[{"href":"https:\/\/saphirsmaragd.com\/nl\/wp-json\/wp\/v2\/product"}],"about":[{"href":"https:\/\/saphirsmaragd.com\/nl\/wp-json\/wp\/v2\/types\/product"}],"replies":[{"embeddable":true,"href":"https:\/\/saphirsmaragd.com\/nl\/wp-json\/wp\/v2\/comments?post=3788"}],"version-history":[{"count":1,"href":"https:\/\/saphirsmaragd.com\/nl\/wp-json\/wp\/v2\/product\/3788\/revisions"}],"predecessor-version":[{"id":3791,"href":"https:\/\/saphirsmaragd.com\/nl\/wp-json\/wp\/v2\/product\/3788\/revisions\/3791"}],"wp:featuredmedia":[{"embeddable":true,"href":"https:\/\/saphirsmaragd.com\/nl\/wp-json\/wp\/v2\/media\/3789"}],"wp:attachment":[{"href":"https:\/\/saphirsmaragd.com\/nl\/wp-json\/wp\/v2\/media?parent=3788"}],"wp:term":[{"taxonomy":"product_brand","embeddable":true,"href":"https:\/\/saphirsmaragd.com\/nl\/wp-json\/wp\/v2\/product_brand?post=3788"},{"taxonomy":"product_cat","embeddable":true,"href":"https:\/\/saphirsmaragd.com\/nl\/wp-json\/wp\/v2\/product_cat?post=3788"},{"taxonomy":"product_tag","embeddable":true,"href":"https:\/\/saphirsmaragd.com\/nl\/wp-json\/wp\/v2\/product_tag?post=3788"}],"curies":[{"name":"wp","href":"https:\/\/api.w.org\/{rel}","templated":true}]}}