{"id":4249,"date":"2025-11-02T11:07:37","date_gmt":"2025-11-02T11:07:37","guid":{"rendered":"https:\/\/saphirsmaragd.com\/?post_type=product&#038;p=4249"},"modified":"2025-12-29T18:55:38","modified_gmt":"2025-12-29T18:55:38","slug":"turmalin-0-76-karat-gruen-rechteck","status":"publish","type":"product","link":"https:\/\/saphirsmaragd.com\/nl\/product\/turmalin-0-76-karat-gruen-rechteck\/","title":{"rendered":"Turmalin 0.76 Karat Gr\u00fcn Rechteck \u2013 leuchtender Naturstein mit intensiver Farbe und klarer Facettierung"},"content":{"rendered":"<div id=\"ez-toc-container\" class=\"ez-toc-v2_0_82_2 counter-hierarchy ez-toc-counter ez-toc-grey ez-toc-container-direction\">\n<div class=\"ez-toc-title-container\">\n<p class=\"ez-toc-title\" style=\"cursor:inherit\">Inhoudsopgave<\/p>\n<span class=\"ez-toc-title-toggle\"><a href=\"#\" class=\"ez-toc-pull-right ez-toc-btn ez-toc-btn-xs ez-toc-btn-default ez-toc-toggle\" aria-label=\"Toggle tabel met inhoud\"><span class=\"ez-toc-js-icon-con\"><span class=\"\"><span class=\"eztoc-hide\" style=\"display:none;\">Schakelaar<\/span><span class=\"ez-toc-icon-toggle-span\"><svg style=\"fill: #999;color:#999\" xmlns=\"http:\/\/www.w3.org\/2000\/svg\" class=\"list-377408\" width=\"20px\" height=\"20px\" viewbox=\"0 0 24 24\" fill=\"none\"><path d=\"M6 6H4v2h2V6zm14 0H8v2h12V6zM4 11h2v2H4v-2zm16 0H8v2h12v-2zM4 16h2v2H4v-2zm16 0H8v2h12v-2z\" fill=\"currentColor\"><\/path><\/svg><svg style=\"fill: #999;color:#999\" class=\"arrow-unsorted-368013\" xmlns=\"http:\/\/www.w3.org\/2000\/svg\" width=\"10px\" height=\"10px\" viewbox=\"0 0 24 24\" version=\"1.2\" baseprofile=\"tiny\"><path d=\"M18.2 9.3l-6.2-6.3-6.2 6.3c-.2.2-.3.4-.3.7s.1.5.3.7c.2.2.4.3.7.3h11c.3 0 .5-.1.7-.3.2-.2.3-.5.3-.7s-.1-.5-.3-.7zM5.8 14.7l6.2 6.3 6.2-6.3c.2-.2.3-.5.3-.7s-.1-.5-.3-.7c-.2-.2-.4-.3-.7-.3h-11c-.3 0-.5.1-.7.3-.2.2-.3.5-.3.7s.1.5.3.7z\"\/><\/svg><\/span><\/span><\/span><\/a><\/span><\/div>\n<nav><ul class='ez-toc-list ez-toc-list-level-1' ><li class='ez-toc-page-1 ez-toc-heading-level-4'><a class=\"ez-toc-link ez-toc-heading-1\" href=\"https:\/\/saphirsmaragd.com\/nl\/product\/turmalin-0-76-karat-gruen-rechteck\/#Turmalin_076_Karat_Grun_Rechteck_%E2%80%93_naturliche_Brillanz_in_leuchtendem_Grun\" >Turmalin 0.76 Karat Gr\u00fcn Rechteck \u2013 nat\u00fcrliche Brillanz in leuchtendem Gr\u00fcn<\/a><\/li><li class='ez-toc-page-1 ez-toc-heading-level-4'><a class=\"ez-toc-link ez-toc-heading-2\" href=\"https:\/\/saphirsmaragd.com\/nl\/product\/turmalin-0-76-karat-gruen-rechteck\/#Merkmale_Herkunft\" >Kenmerken en herkomst<\/a><\/li><li class='ez-toc-page-1 ez-toc-heading-level-4'><a class=\"ez-toc-link ez-toc-heading-3\" href=\"https:\/\/saphirsmaragd.com\/nl\/product\/turmalin-0-76-karat-gruen-rechteck\/#Besonderheiten\" >Bijzondere kenmerken<\/a><\/li><li class='ez-toc-page-1 ez-toc-heading-level-4'><a class=\"ez-toc-link ez-toc-heading-4\" href=\"https:\/\/saphirsmaragd.com\/nl\/product\/turmalin-0-76-karat-gruen-rechteck\/#Mehr_uber_unsere_Edelsteine\" >Meer over onze edelstenen<\/a><\/li><li class='ez-toc-page-1 ez-toc-heading-level-4'><a class=\"ez-toc-link ez-toc-heading-5\" href=\"https:\/\/saphirsmaragd.com\/nl\/product\/turmalin-0-76-karat-gruen-rechteck\/#Weitere_Infos\" >Verdere informatie<\/a><\/li><\/ul><\/nav><\/div>\n<h4 data-start=\"849\" data-end=\"931\"><span class=\"ez-toc-section\" id=\"Turmalin_076_Karat_Grun_Rechteck_%E2%80%93_naturliche_Brillanz_in_leuchtendem_Grun\"><\/span>Turmalin 0.76 Karat Gr\u00fcn Rechteck \u2013 nat\u00fcrliche Brillanz in leuchtendem Gr\u00fcn<span class=\"ez-toc-section-end\"><\/span><\/h4>\n<p data-start=\"932\" data-end=\"1227\">Dieser edle Turmalin 0.76 Karat Gr\u00fcn-Rechteck wurde pr\u00e4zise facettiert und zeigt eine intensive, frische Gr\u00fcnfarbe mit lebendigem Glanz. Mit seinen klaren Proportionen von 6 \u00d7 4 mm und einem Gewicht von 0.76 Karat ist er ideal f\u00fcr feine Schmuckfassungen oder als hochwertiger Sammlerstein.<\/p>\n<p data-start=\"1229\" data-end=\"1359\">Sein harmonisches Gr\u00fcn steht f\u00fcr Vitalit\u00e4t, innere Balance und Erneuerung \u2013 ein Stein, der Energie und Ruhe zugleich ausstrahlt.<\/p>\n<hr data-start=\"1361\" data-end=\"1364\" \/>\n<h4 data-start=\"1366\" data-end=\"1395\"><span class=\"ez-toc-section\" id=\"Merkmale_Herkunft\"><\/span>Kenmerken en herkomst<span class=\"ez-toc-section-end\"><\/span><\/h4>\n<p data-start=\"1396\" data-end=\"1676\">Steensoort: Toermalijn<br data-start=\"1414\" data-end=\"1417\" \/>Farbe: Gr\u00fcn<br data-start=\"1428\" data-end=\"1431\" \/>Form: Rechteck facettiert<br data-start=\"1456\" data-end=\"1459\" \/>Gewicht: 0.76 Karat<br data-start=\"1478\" data-end=\"1481\" \/>Hardheid: 7 op de schaal van Mohs<br data-start=\"1508\" data-end=\"1511\" \/>Gr\u00f6\u00dfe: 6 \u00d7 4 mm<br data-start=\"1526\" data-end=\"1529\" \/>Reinheit: Sehr kleine Einschl\u00fcsse<br data-start=\"1562\" data-end=\"1565\" \/>Behandeling: Onbehandeld<br data-start=\"1588\" data-end=\"1591\" \/>Herkomst: Brazili\u00eb<br data-start=\"1610\" data-end=\"1613\" \/>Zertifikat: Val\u00e9rie DURAFFOURG (Gem-A, London)<br data-start=\"1659\" data-end=\"1662\" \/>Staat: Nieuw<\/p>\n<hr data-start=\"1678\" data-end=\"1681\" \/>\n<h4 data-start=\"1683\" data-end=\"1707\"><span class=\"ez-toc-section\" id=\"Besonderheiten\"><\/span>Bijzondere kenmerken<span class=\"ez-toc-section-end\"><\/span><\/h4>\n<p data-start=\"1708\" data-end=\"1957\">De <strong data-start=\"1712\" data-end=\"1749\">Turmalin 0.76 Karat Gr\u00fcn Rechteck<\/strong> \u00fcberzeugt durch seine nat\u00fcrliche Farbintensit\u00e4t und hohe Transparenz. Dank seiner feinen Facettierung reflektiert er das Licht besonders klar und eignet sich hervorragend f\u00fcr Ringe, Anh\u00e4nger oder Ohrringe.<\/p>\n<hr data-start=\"1926\" data-end=\"1929\" \/>\n<h4 data-start=\"1931\" data-end=\"1971\"><span class=\"ez-toc-section\" id=\"Mehr_uber_unsere_Edelsteine\"><\/span>Meer over onze edelstenen<span class=\"ez-toc-section-end\"><\/span><\/h4>\n<p data-start=\"1972\" data-end=\"2069\"><a href=\"https:\/\/saphirsmaragd.com\/nl\/product-category\/edelsteine-kaufen\/\">Edelstenen<\/a><\/p>\n<hr data-start=\"2071\" data-end=\"2074\" \/>\n<h4 data-start=\"2076\" data-end=\"2096\"><span class=\"ez-toc-section\" id=\"Weitere_Infos\"><\/span>Verdere informatie<span class=\"ez-toc-section-end\"><\/span><\/h4>\n<p><a href=\"https:\/\/de.wikipedia.org\/wiki\/Turmalin\" target=\"_blank\" rel=\"noopener\">Wikipedia: Toermalijn<\/a><\/p>","protected":false},"excerpt":{"rendered":"<p data-start=\"490\" data-end=\"703\"><em>Dieser Turmalin 0.76 Karat Gr\u00fcn Rechteck besticht durch seine frische, lebendige Farbe und hohe Brillanz. Ein zertifizierter, facettierter Edelstein aus Brasilien \u2013 perfekt f\u00fcr feine Schmuckst\u00fccke oder Sammlungen.<\/em><\/p>\n<h2 data-start=\"523\" data-end=\"548\"><\/h2>","protected":false},"featured_media":4252,"comment_status":"open","ping_status":"closed","template":"","meta":{"_glsr_average":0,"_glsr_ranking":0,"_glsr_reviews":0},"product_brand":[],"product_cat":[109],"product_tag":[],"class_list":{"0":"post-4249","1":"product","2":"type-product","3":"status-publish","4":"has-post-thumbnail","6":"product_cat-turmalin-kaufen","7":"pa_edelsteinart-turmalin","8":"pa_farbe-gruen","9":"pa_form-rechteck","10":"pa_gewicht-karat-0-5-1-0-karat","11":"pa_herkunft-brasilien","12":"pa_reinheit-sehr-kleine-einschluesse","13":"pa_veredelung-behandlung-unbehandelt","14":"pa_zertifikat-ja","15":"pa_zustand-neu","17":"first","18":"instock","19":"featured","20":"sold-individually","21":"shipping-taxable","22":"purchasable","23":"product-type-simple","24":"add-to-wishlist-before_image"},"jetpack_sharing_enabled":true,"_links":{"self":[{"href":"https:\/\/saphirsmaragd.com\/nl\/wp-json\/wp\/v2\/product\/4249","targetHints":{"allow":["GET"]}}],"collection":[{"href":"https:\/\/saphirsmaragd.com\/nl\/wp-json\/wp\/v2\/product"}],"about":[{"href":"https:\/\/saphirsmaragd.com\/nl\/wp-json\/wp\/v2\/types\/product"}],"replies":[{"embeddable":true,"href":"https:\/\/saphirsmaragd.com\/nl\/wp-json\/wp\/v2\/comments?post=4249"}],"version-history":[{"count":1,"href":"https:\/\/saphirsmaragd.com\/nl\/wp-json\/wp\/v2\/product\/4249\/revisions"}],"predecessor-version":[{"id":4253,"href":"https:\/\/saphirsmaragd.com\/nl\/wp-json\/wp\/v2\/product\/4249\/revisions\/4253"}],"wp:featuredmedia":[{"embeddable":true,"href":"https:\/\/saphirsmaragd.com\/nl\/wp-json\/wp\/v2\/media\/4252"}],"wp:attachment":[{"href":"https:\/\/saphirsmaragd.com\/nl\/wp-json\/wp\/v2\/media?parent=4249"}],"wp:term":[{"taxonomy":"product_brand","embeddable":true,"href":"https:\/\/saphirsmaragd.com\/nl\/wp-json\/wp\/v2\/product_brand?post=4249"},{"taxonomy":"product_cat","embeddable":true,"href":"https:\/\/saphirsmaragd.com\/nl\/wp-json\/wp\/v2\/product_cat?post=4249"},{"taxonomy":"product_tag","embeddable":true,"href":"https:\/\/saphirsmaragd.com\/nl\/wp-json\/wp\/v2\/product_tag?post=4249"}],"curies":[{"name":"wp","href":"https:\/\/api.w.org\/{rel}","templated":true}]}}