{"id":4708,"date":"2025-11-09T17:22:37","date_gmt":"2025-11-09T17:22:37","guid":{"rendered":"https:\/\/saphirsmaragd.com\/?post_type=product&#038;p=4708"},"modified":"2025-12-29T18:49:52","modified_gmt":"2025-12-29T18:49:52","slug":"pezzotait-0-94-karat-oval-rosa","status":"publish","type":"product","link":"https:\/\/saphirsmaragd.com\/nl\/product\/pezzotait-0-94-karat-oval-rosa\/","title":{"rendered":"Pezzotaiet 0,94 karaat ovaal roze - zeldzame edelsteen uit Madagaskar met certificaat"},"content":{"rendered":"<div id=\"ez-toc-container\" class=\"ez-toc-v2_0_82_2 counter-hierarchy ez-toc-counter ez-toc-grey ez-toc-container-direction\">\n<div class=\"ez-toc-title-container\">\n<p class=\"ez-toc-title\" style=\"cursor:inherit\">Inhoudsopgave<\/p>\n<span class=\"ez-toc-title-toggle\"><a href=\"#\" class=\"ez-toc-pull-right ez-toc-btn ez-toc-btn-xs ez-toc-btn-default ez-toc-toggle\" aria-label=\"Toggle tabel met inhoud\"><span class=\"ez-toc-js-icon-con\"><span class=\"\"><span class=\"eztoc-hide\" style=\"display:none;\">Schakelaar<\/span><span class=\"ez-toc-icon-toggle-span\"><svg style=\"fill: #999;color:#999\" xmlns=\"http:\/\/www.w3.org\/2000\/svg\" class=\"list-377408\" width=\"20px\" height=\"20px\" viewbox=\"0 0 24 24\" fill=\"none\"><path d=\"M6 6H4v2h2V6zm14 0H8v2h12V6zM4 11h2v2H4v-2zm16 0H8v2h12v-2zM4 16h2v2H4v-2zm16 0H8v2h12v-2z\" fill=\"currentColor\"><\/path><\/svg><svg style=\"fill: #999;color:#999\" class=\"arrow-unsorted-368013\" xmlns=\"http:\/\/www.w3.org\/2000\/svg\" width=\"10px\" height=\"10px\" viewbox=\"0 0 24 24\" version=\"1.2\" baseprofile=\"tiny\"><path d=\"M18.2 9.3l-6.2-6.3-6.2 6.3c-.2.2-.3.4-.3.7s.1.5.3.7c.2.2.4.3.7.3h11c.3 0 .5-.1.7-.3.2-.2.3-.5.3-.7s-.1-.5-.3-.7zM5.8 14.7l6.2 6.3 6.2-6.3c.2-.2.3-.5.3-.7s-.1-.5-.3-.7c-.2-.2-.4-.3-.7-.3h-11c-.3 0-.5.1-.7.3-.2.2-.3.5-.3.7s.1.5.3.7z\"\/><\/svg><\/span><\/span><\/span><\/a><\/span><\/div>\n<nav><ul class='ez-toc-list ez-toc-list-level-1' ><li class='ez-toc-page-1 ez-toc-heading-level-4'><a class=\"ez-toc-link ez-toc-heading-1\" href=\"https:\/\/saphirsmaragd.com\/nl\/product\/pezzotait-0-94-karat-oval-rosa\/#Pezzotait_094_Karat_Oval_Rosa_%E2%80%93_seltener_Edelstein_aus_Madagaskar\" >Pezzotait 0.94 Karat Oval Rosa \u2013 seltener Edelstein aus Madagaskar<\/a><\/li><li class='ez-toc-page-1 ez-toc-heading-level-4'><a class=\"ez-toc-link ez-toc-heading-2\" href=\"https:\/\/saphirsmaragd.com\/nl\/product\/pezzotait-0-94-karat-oval-rosa\/#Merkmale_Herkunft\" >Kenmerken en herkomst<\/a><\/li><li class='ez-toc-page-1 ez-toc-heading-level-4'><a class=\"ez-toc-link ez-toc-heading-3\" href=\"https:\/\/saphirsmaragd.com\/nl\/product\/pezzotait-0-94-karat-oval-rosa\/#Besonderheiten\" >Bijzondere kenmerken<\/a><\/li><li class='ez-toc-page-1 ez-toc-heading-level-4'><a class=\"ez-toc-link ez-toc-heading-4\" href=\"https:\/\/saphirsmaragd.com\/nl\/product\/pezzotait-0-94-karat-oval-rosa\/#Mehr_uber_unsere_Edelsteine\" >Meer over onze edelstenen<\/a><\/li><li class='ez-toc-page-1 ez-toc-heading-level-4'><a class=\"ez-toc-link ez-toc-heading-5\" href=\"https:\/\/saphirsmaragd.com\/nl\/product\/pezzotait-0-94-karat-oval-rosa\/#Weitere_Infos\" >Verdere informatie<\/a><\/li><\/ul><\/nav><\/div>\n<h4 data-start=\"792\" data-end=\"865\"><span class=\"ez-toc-section\" id=\"Pezzotait_094_Karat_Oval_Rosa_%E2%80%93_seltener_Edelstein_aus_Madagaskar\"><\/span>Pezzotait 0.94 Karat Oval Rosa \u2013 seltener Edelstein aus Madagaskar<span class=\"ez-toc-section-end\"><\/span><\/h4>\n<p data-start=\"866\" data-end=\"1199\">De <strong data-start=\"870\" data-end=\"904\">Pezzotait 0.94 Karat Oval Rosa<\/strong> ist ein faszinierender Edelstein, der durch seine leuchtend rosafarbene bis leicht violette Nuance besticht. Dieser seltene Stein wurde in Madagaskar gefunden und pr\u00e4zise in <strong data-start=\"1079\" data-end=\"1115\">ovaler Facettierung (8 \u00d7 5.8 mm)<\/strong> geschliffen, wodurch seine nat\u00fcrliche Farbe und Brillanz voll zur Geltung kommen.<\/p>\n<p data-start=\"1201\" data-end=\"1484\">Jeder Stein wird mit einem <strong data-start=\"1228\" data-end=\"1280\">Zertifikat von Val\u00e9rie DURAFFOURG (Gem-A London)<\/strong> ausgeliefert \u2013 eine Garantie f\u00fcr Echtheit, Qualit\u00e4t und Herkunft. Aufgrund seiner Seltenheit z\u00e4hlt Pezzotait zu den begehrten Sammlersteinen und ist nur in sehr kleinen Mengen auf dem Markt erh\u00e4ltlich.<\/p>\n<p data-start=\"1486\" data-end=\"1567\">Ein St\u00fcck edler Mineralgeschichte f\u00fcr Kenner, das in jeder Sammlung hervorsticht.<\/p>\n<hr data-start=\"1569\" data-end=\"1572\" \/>\n<h4 data-start=\"1574\" data-end=\"1603\"><span class=\"ez-toc-section\" id=\"Merkmale_Herkunft\"><\/span>Kenmerken en herkomst<span class=\"ez-toc-section-end\"><\/span><\/h4>\n<p data-start=\"1604\" data-end=\"1942\">Steinart: Pezzotait<br data-start=\"1623\" data-end=\"1626\" \/>Variet\u00e4t: Nat\u00fcrlicher Pezzotait<br data-start=\"1657\" data-end=\"1660\" \/>Farbe: Rosa mit bl\u00e4ulich-violettem Schimmer<br data-start=\"1703\" data-end=\"1706\" \/>Form: Oval facettiert<br data-start=\"1727\" data-end=\"1730\" \/>Gewicht: 0.94 Karat<br data-start=\"1749\" data-end=\"1752\" \/>Gr\u00f6\u00dfe: 8 \u00d7 5.8 mm<br data-start=\"1769\" data-end=\"1772\" \/>H\u00e4rte: 8 auf der Mohs-Skala<br data-start=\"1799\" data-end=\"1802\" \/>Reinheit: Deutliche Einschl\u00fcsse<br data-start=\"1833\" data-end=\"1836\" \/>Behandlung: Keine<br data-start=\"1853\" data-end=\"1856\" \/>Herkunft: Madagaskar<br data-start=\"1876\" data-end=\"1879\" \/>Zertifikat: Val\u00e9rie DURAFFOURG (Gem-A, London)<br data-start=\"1925\" data-end=\"1928\" \/>Staat: Nieuw<\/p>\n<hr data-start=\"1944\" data-end=\"1947\" \/>\n<h4 data-start=\"1949\" data-end=\"1973\"><span class=\"ez-toc-section\" id=\"Besonderheiten\"><\/span>Bijzondere kenmerken<span class=\"ez-toc-section-end\"><\/span><\/h4>\n<p data-start=\"1974\" data-end=\"2237\">De <strong data-start=\"1978\" data-end=\"2012\">Pezzotait 0.94 Karat Oval Rosa<\/strong> ist ein besonders seltener Edelstein, der zur Beryll-Gruppe geh\u00f6rt und h\u00e4ufig als \u201eRosaberyll\u201c bezeichnet wird. Seine nat\u00fcrliche, unbehandelte Farbe und sein Ursprung aus Madagaskar machen ihn zu einem wahren Sammlerst\u00fcck.<\/p>\n<p data-start=\"2239\" data-end=\"2511\">Mit einer H\u00e4rte von 8 auf der Mohs-Skala ist Pezzotait robust genug f\u00fcr Schmuckfassungen und gleichzeitig kostbar genug f\u00fcr Edelsteinsammler. Jeder Stein wird einzeln zertifiziert von <strong data-start=\"2423\" data-end=\"2461\">Val\u00e9rie DURAFFOURG (Gem-A, London)<\/strong> \u2013 ein Zeichen h\u00f6chster gemmologischer Qualit\u00e4t.<\/p>\n<hr data-start=\"2597\" data-end=\"2600\" \/>\n<h4 data-start=\"1931\" data-end=\"1971\"><span class=\"ez-toc-section\" id=\"Mehr_uber_unsere_Edelsteine\"><\/span>Meer over onze edelstenen<span class=\"ez-toc-section-end\"><\/span><\/h4>\n<p data-start=\"1972\" data-end=\"2069\"><a href=\"https:\/\/saphirsmaragd.com\/nl\/product-category\/edelsteine-kaufen\/\">Edelstenen<\/a><\/p>\n<hr data-start=\"2744\" data-end=\"2747\" \/>\n<h4 data-start=\"2665\" data-end=\"2688\"><span class=\"ez-toc-section\" id=\"Weitere_Infos\"><\/span>Verdere informatie<span class=\"ez-toc-section-end\"><\/span><\/h4>\n<p data-start=\"2689\" data-end=\"2753\"><a class=\"decorated-link cursor-pointer\" href=\"https:\/\/de.wikipedia.org\/wiki\/Pezzottait\" target=\"_new\" rel=\"noopener\" data-start=\"2689\" data-end=\"2753\">Wikipedia: Pezzotait<\/a><\/p>","protected":false},"excerpt":{"rendered":"<p data-start=\"418\" data-end=\"647\"><em>Der Pezzotait 0.94 Karat Oval Rosa ist ein seltener Naturstein aus Madagaskar. Mit seinem leuchtenden Rosaton und Zertifikat von Val\u00e9rie DURAFFOURG (Gem-A London) ist er ein au\u00dfergew\u00f6hnlicher Sammlerstein oder edler Schmuckstein.<\/em><\/p>\n<h2 data-start=\"523\" data-end=\"548\"><\/h2>","protected":false},"featured_media":4711,"comment_status":"open","ping_status":"closed","template":"","meta":{"_glsr_average":0,"_glsr_ranking":0,"_glsr_reviews":0},"product_brand":[],"product_cat":[305],"product_tag":[],"class_list":{"0":"post-4708","1":"product","2":"type-product","3":"status-publish","4":"has-post-thumbnail","6":"product_cat-seltene-edelsteine","7":"pa_edelsteinart-seltene-edelsteine","8":"pa_farbe-rosa","9":"pa_form-oval","10":"pa_gewicht-karat-0-5-1-0-karat","11":"pa_herkunft-madagaskar","12":"pa_reinheit-deutliche-einschluesse","13":"pa_veredelung-behandlung-unbehandelt","14":"pa_zertifikat-ja","15":"pa_zustand-neu","17":"first","18":"instock","19":"featured","20":"sold-individually","21":"shipping-taxable","22":"purchasable","23":"product-type-simple","24":"add-to-wishlist-before_image"},"jetpack_sharing_enabled":true,"_links":{"self":[{"href":"https:\/\/saphirsmaragd.com\/nl\/wp-json\/wp\/v2\/product\/4708","targetHints":{"allow":["GET"]}}],"collection":[{"href":"https:\/\/saphirsmaragd.com\/nl\/wp-json\/wp\/v2\/product"}],"about":[{"href":"https:\/\/saphirsmaragd.com\/nl\/wp-json\/wp\/v2\/types\/product"}],"replies":[{"embeddable":true,"href":"https:\/\/saphirsmaragd.com\/nl\/wp-json\/wp\/v2\/comments?post=4708"}],"version-history":[{"count":1,"href":"https:\/\/saphirsmaragd.com\/nl\/wp-json\/wp\/v2\/product\/4708\/revisions"}],"predecessor-version":[{"id":4712,"href":"https:\/\/saphirsmaragd.com\/nl\/wp-json\/wp\/v2\/product\/4708\/revisions\/4712"}],"wp:featuredmedia":[{"embeddable":true,"href":"https:\/\/saphirsmaragd.com\/nl\/wp-json\/wp\/v2\/media\/4711"}],"wp:attachment":[{"href":"https:\/\/saphirsmaragd.com\/nl\/wp-json\/wp\/v2\/media?parent=4708"}],"wp:term":[{"taxonomy":"product_brand","embeddable":true,"href":"https:\/\/saphirsmaragd.com\/nl\/wp-json\/wp\/v2\/product_brand?post=4708"},{"taxonomy":"product_cat","embeddable":true,"href":"https:\/\/saphirsmaragd.com\/nl\/wp-json\/wp\/v2\/product_cat?post=4708"},{"taxonomy":"product_tag","embeddable":true,"href":"https:\/\/saphirsmaragd.com\/nl\/wp-json\/wp\/v2\/product_tag?post=4708"}],"curies":[{"name":"wp","href":"https:\/\/api.w.org\/{rel}","templated":true}]}}