{"id":4849,"date":"2025-11-12T14:33:19","date_gmt":"2025-11-12T14:33:19","guid":{"rendered":"https:\/\/saphirsmaragd.com\/?post_type=product&#038;p=4849"},"modified":"2025-12-29T18:49:43","modified_gmt":"2025-12-29T18:49:43","slug":"koralle-5-02-karat-birne-rot","status":"publish","type":"product","link":"https:\/\/saphirsmaragd.com\/nl\/product\/koralle-5-02-karat-birne-rot\/","title":{"rendered":"Koralle 5.02 Karat Birne Rot \u2013 Nat\u00fcrliche Edelkoralle mit Zertifikat"},"content":{"rendered":"<div id=\"ez-toc-container\" class=\"ez-toc-v2_0_82_2 counter-hierarchy ez-toc-counter ez-toc-grey ez-toc-container-direction\">\n<div class=\"ez-toc-title-container\">\n<p class=\"ez-toc-title\" style=\"cursor:inherit\">Inhoudsopgave<\/p>\n<span class=\"ez-toc-title-toggle\"><a href=\"#\" class=\"ez-toc-pull-right ez-toc-btn ez-toc-btn-xs ez-toc-btn-default ez-toc-toggle\" aria-label=\"Toggle tabel met inhoud\"><span class=\"ez-toc-js-icon-con\"><span class=\"\"><span class=\"eztoc-hide\" style=\"display:none;\">Schakelaar<\/span><span class=\"ez-toc-icon-toggle-span\"><svg style=\"fill: #999;color:#999\" xmlns=\"http:\/\/www.w3.org\/2000\/svg\" class=\"list-377408\" width=\"20px\" height=\"20px\" viewbox=\"0 0 24 24\" fill=\"none\"><path d=\"M6 6H4v2h2V6zm14 0H8v2h12V6zM4 11h2v2H4v-2zm16 0H8v2h12v-2zM4 16h2v2H4v-2zm16 0H8v2h12v-2z\" fill=\"currentColor\"><\/path><\/svg><svg style=\"fill: #999;color:#999\" class=\"arrow-unsorted-368013\" xmlns=\"http:\/\/www.w3.org\/2000\/svg\" width=\"10px\" height=\"10px\" viewbox=\"0 0 24 24\" version=\"1.2\" baseprofile=\"tiny\"><path d=\"M18.2 9.3l-6.2-6.3-6.2 6.3c-.2.2-.3.4-.3.7s.1.5.3.7c.2.2.4.3.7.3h11c.3 0 .5-.1.7-.3.2-.2.3-.5.3-.7s-.1-.5-.3-.7zM5.8 14.7l6.2 6.3 6.2-6.3c.2-.2.3-.5.3-.7s-.1-.5-.3-.7c-.2-.2-.4-.3-.7-.3h-11c-.3 0-.5.1-.7.3-.2.2-.3.5-.3.7s.1.5.3.7z\"\/><\/svg><\/span><\/span><\/span><\/a><\/span><\/div>\n<nav><ul class='ez-toc-list ez-toc-list-level-1' ><li class='ez-toc-page-1 ez-toc-heading-level-4'><a class=\"ez-toc-link ez-toc-heading-1\" href=\"https:\/\/saphirsmaragd.com\/nl\/product\/koralle-5-02-karat-birne-rot\/#Koralle_502_Karat_Birne_Rot_%E2%80%93_seltener_Naturstein_aus_Korsika\" >Koralle 5.02 Karat Birne Rot \u2013 seltener Naturstein aus Korsika<\/a><\/li><li class='ez-toc-page-1 ez-toc-heading-level-4'><a class=\"ez-toc-link ez-toc-heading-2\" href=\"https:\/\/saphirsmaragd.com\/nl\/product\/koralle-5-02-karat-birne-rot\/#Merkmale_Herkunft\" >Kenmerken en herkomst<\/a><\/li><li class='ez-toc-page-1 ez-toc-heading-level-4'><a class=\"ez-toc-link ez-toc-heading-3\" href=\"https:\/\/saphirsmaragd.com\/nl\/product\/koralle-5-02-karat-birne-rot\/#Besonderheiten\" >Bijzondere kenmerken<\/a><\/li><li class='ez-toc-page-1 ez-toc-heading-level-4'><a class=\"ez-toc-link ez-toc-heading-4\" href=\"https:\/\/saphirsmaragd.com\/nl\/product\/koralle-5-02-karat-birne-rot\/#Mehr_uber_unsere_Edelsteine\" >Meer over onze edelstenen<\/a><\/li><li class='ez-toc-page-1 ez-toc-heading-level-4'><a class=\"ez-toc-link ez-toc-heading-5\" href=\"https:\/\/saphirsmaragd.com\/nl\/product\/koralle-5-02-karat-birne-rot\/#Weitere_Infos\" >Verdere informatie<\/a><\/li><\/ul><\/nav><\/div>\n<h4 data-start=\"854\" data-end=\"923\"><span class=\"ez-toc-section\" id=\"Koralle_502_Karat_Birne_Rot_%E2%80%93_seltener_Naturstein_aus_Korsika\"><\/span>Koralle 5.02 Karat Birne Rot \u2013 seltener Naturstein aus Korsika<span class=\"ez-toc-section-end\"><\/span><\/h4>\n<p data-start=\"924\" data-end=\"1150\">Die <strong data-start=\"928\" data-end=\"960\">Koralle 5.02 Karat Birne Rot<\/strong> ist ein faszinierender Edelstein in tropfenf\u00f6rmigem Cabochonschliff. Ihr kr\u00e4ftiger, rot-orangener Farbton und ihre seidige Oberfl\u00e4che verleihen ihr ein unverwechselbares Erscheinungsbild.<\/p>\n<p data-start=\"1152\" data-end=\"1469\">Diese nat\u00fcrliche Koralle stammt von der Insel <strong data-start=\"1198\" data-end=\"1209\">Korsika<\/strong> und wurde mit h\u00f6chster Sorgfalt gesammelt. Es handelt sich um eine <strong data-start=\"1277\" data-end=\"1306\">unbehandelte Naturkoralle<\/strong>, die weder gef\u00e4rbt noch stabilisiert wurde. Mit ihrer organischen Struktur und tiefen Farbe ist sie ideal f\u00fcr edle Schmuckst\u00fccke oder anspruchsvolle Sammlungen.<\/p>\n<p data-start=\"1471\" data-end=\"1625\">Jede Koralle wird mit einem <strong data-start=\"1499\" data-end=\"1551\">Zertifikat von Val\u00e9rie DURAFFOURG (Gem-A London)<\/strong> geliefert \u2013 ein Garant f\u00fcr Echtheit, Qualit\u00e4t und nachhaltige Herkunft.<\/p>\n<hr data-start=\"1627\" data-end=\"1630\" \/>\n<h4 data-start=\"1632\" data-end=\"1658\"><span class=\"ez-toc-section\" id=\"Merkmale_Herkunft\"><\/span>Kenmerken en herkomst<span class=\"ez-toc-section-end\"><\/span><\/h4>\n<p data-start=\"1659\" data-end=\"2023\">Steinart: Koralle<br data-start=\"1676\" data-end=\"1679\" \/>Variet\u00e4t: Nat\u00fcrliche Koralle<br data-start=\"1707\" data-end=\"1710\" \/>Kleur: Rood<br data-start=\"1720\" data-end=\"1723\" \/>Form: Birne (Cabochon)<br data-start=\"1745\" data-end=\"1748\" \/>Gewicht: 5.02 Karat<br data-start=\"1767\" data-end=\"1770\" \/>Gr\u00f6\u00dfe: 19.2 \u00d7 8.8 mm<br data-start=\"1790\" data-end=\"1793\" \/>Dicke: 4.68 mm<br data-start=\"1807\" data-end=\"1810\" \/>H\u00e4rte: 4 auf der Mohs-Skala<br data-start=\"1837\" data-end=\"1840\" \/>Transparenz: Undurchsichtig<br data-start=\"1867\" data-end=\"1870\" \/>Behandlung: Keine<br data-start=\"1887\" data-end=\"1890\" \/>Reinheit: Undurchsichtig (organisches Material)<br data-start=\"1937\" data-end=\"1940\" \/>Herkunft: Korsika<br data-start=\"1957\" data-end=\"1960\" \/>Zertifikat: Val\u00e9rie DURAFFOURG (Gem-A, London)<br data-start=\"2006\" data-end=\"2009\" \/>Staat: Nieuw<\/p>\n<hr data-start=\"2025\" data-end=\"2028\" \/>\n<h4 data-start=\"2030\" data-end=\"2051\"><span class=\"ez-toc-section\" id=\"Besonderheiten\"><\/span>Bijzondere kenmerken<span class=\"ez-toc-section-end\"><\/span><\/h4>\n<p data-start=\"2052\" data-end=\"2351\">Die <strong data-start=\"2056\" data-end=\"2088\">Koralle 5.02 Karat Birne Rot<\/strong> ist ein seltenes Sammlerst\u00fcck mit intensiver Farbe und nat\u00fcrlichem Glanz. Ihre Ernte unterliegt strengen Umweltschutz- und Nachhaltigkeitsstandards; auf Korsika werden Korallen nur unter Einhaltung internationaler Abkommen und beh\u00f6rdlicher Kontrollen gewonnen.<\/p>\n<p data-start=\"2353\" data-end=\"2505\">Dank ihrer charakteristischen Farbe und Cabochonform eignet sich diese Koralle perfekt f\u00fcr anh\u00e4nger, Ringe oder Schmuckst\u00fccke mit organischer Eleganz.<\/p>\n<hr data-start=\"2597\" data-end=\"2600\" \/>\n<h4 data-start=\"1931\" data-end=\"1971\"><span class=\"ez-toc-section\" id=\"Mehr_uber_unsere_Edelsteine\"><\/span>Meer over onze edelstenen<span class=\"ez-toc-section-end\"><\/span><\/h4>\n<p data-start=\"1972\" data-end=\"2069\"><a href=\"https:\/\/saphirsmaragd.com\/nl\/product-category\/edelsteine-kaufen\/\">Edelstenen<\/a><\/p>\n<hr data-start=\"2744\" data-end=\"2747\" \/>\n<h4 data-start=\"2665\" data-end=\"2688\"><span class=\"ez-toc-section\" id=\"Weitere_Infos\"><\/span>Verdere informatie<span class=\"ez-toc-section-end\"><\/span><\/h4>\n<p data-start=\"2679\" data-end=\"2740\"><a class=\"decorated-link cursor-pointer\" href=\"https:\/\/de.wikipedia.org\/wiki\/Koralle\" target=\"_new\" rel=\"noopener\" data-start=\"2679\" data-end=\"2738\">Wikipedia: Koralle<\/a><\/p>","protected":false},"excerpt":{"rendered":"<p data-start=\"521\" data-end=\"719\"><em>Die Koralle 5.02 Karat Birne Rot ist ein seltener Naturstein aus Korsika, geformt zu einem Cabochon von au\u00dfergew\u00f6hnlicher Farbe und Sch\u00f6nheit. Mit Zertifikat von Val\u00e9rie DURAFFOURG (Gem-A London).<\/em><\/p>\n<h2 data-start=\"523\" data-end=\"548\"><\/h2>","protected":false},"featured_media":4852,"comment_status":"open","ping_status":"closed","template":"","meta":{"_glsr_average":0,"_glsr_ranking":0,"_glsr_reviews":0},"product_brand":[],"product_cat":[305],"product_tag":[],"class_list":{"0":"post-4849","1":"product","2":"type-product","3":"status-publish","4":"has-post-thumbnail","6":"product_cat-seltene-edelsteine","7":"pa_edelsteinart-seltene-edelsteine","8":"pa_farbe-rot","9":"pa_form-birne","10":"pa_gewicht-karat-5-0-10-karat","11":"pa_herkunft-frankreich","12":"pa_reinheit-undurchsichtig","13":"pa_veredelung-behandlung-unbehandelt","14":"pa_zertifikat-ja","15":"pa_zustand-neu","17":"first","18":"instock","19":"featured","20":"sold-individually","21":"shipping-taxable","22":"purchasable","23":"product-type-simple","24":"add-to-wishlist-before_image"},"jetpack_sharing_enabled":true,"_links":{"self":[{"href":"https:\/\/saphirsmaragd.com\/nl\/wp-json\/wp\/v2\/product\/4849","targetHints":{"allow":["GET"]}}],"collection":[{"href":"https:\/\/saphirsmaragd.com\/nl\/wp-json\/wp\/v2\/product"}],"about":[{"href":"https:\/\/saphirsmaragd.com\/nl\/wp-json\/wp\/v2\/types\/product"}],"replies":[{"embeddable":true,"href":"https:\/\/saphirsmaragd.com\/nl\/wp-json\/wp\/v2\/comments?post=4849"}],"version-history":[{"count":1,"href":"https:\/\/saphirsmaragd.com\/nl\/wp-json\/wp\/v2\/product\/4849\/revisions"}],"predecessor-version":[{"id":4853,"href":"https:\/\/saphirsmaragd.com\/nl\/wp-json\/wp\/v2\/product\/4849\/revisions\/4853"}],"wp:featuredmedia":[{"embeddable":true,"href":"https:\/\/saphirsmaragd.com\/nl\/wp-json\/wp\/v2\/media\/4852"}],"wp:attachment":[{"href":"https:\/\/saphirsmaragd.com\/nl\/wp-json\/wp\/v2\/media?parent=4849"}],"wp:term":[{"taxonomy":"product_brand","embeddable":true,"href":"https:\/\/saphirsmaragd.com\/nl\/wp-json\/wp\/v2\/product_brand?post=4849"},{"taxonomy":"product_cat","embeddable":true,"href":"https:\/\/saphirsmaragd.com\/nl\/wp-json\/wp\/v2\/product_cat?post=4849"},{"taxonomy":"product_tag","embeddable":true,"href":"https:\/\/saphirsmaragd.com\/nl\/wp-json\/wp\/v2\/product_tag?post=4849"}],"curies":[{"name":"wp","href":"https:\/\/api.w.org\/{rel}","templated":true}]}}