{"id":4877,"date":"2025-11-12T15:19:07","date_gmt":"2025-11-12T15:19:07","guid":{"rendered":"https:\/\/saphirsmaragd.com\/?post_type=product&#038;p=4877"},"modified":"2025-12-29T18:49:39","modified_gmt":"2025-12-29T18:49:39","slug":"grandidierit-0-28-karat-oval-blaugruen","status":"publish","type":"product","link":"https:\/\/saphirsmaragd.com\/nl\/product\/grandidierit-0-28-karat-oval-blaugruen\/","title":{"rendered":"Grandidieriet 0,28 karaat ovaal blauwgroen - zeldzame edelsteen uit Madagaskar met certificaat"},"content":{"rendered":"<div id=\"ez-toc-container\" class=\"ez-toc-v2_0_82_2 counter-hierarchy ez-toc-counter ez-toc-grey ez-toc-container-direction\">\n<div class=\"ez-toc-title-container\">\n<p class=\"ez-toc-title\" style=\"cursor:inherit\">Inhoudsopgave<\/p>\n<span class=\"ez-toc-title-toggle\"><a href=\"#\" class=\"ez-toc-pull-right ez-toc-btn ez-toc-btn-xs ez-toc-btn-default ez-toc-toggle\" aria-label=\"Toggle tabel met inhoud\"><span class=\"ez-toc-js-icon-con\"><span class=\"\"><span class=\"eztoc-hide\" style=\"display:none;\">Schakelaar<\/span><span class=\"ez-toc-icon-toggle-span\"><svg style=\"fill: #999;color:#999\" xmlns=\"http:\/\/www.w3.org\/2000\/svg\" class=\"list-377408\" width=\"20px\" height=\"20px\" viewbox=\"0 0 24 24\" fill=\"none\"><path d=\"M6 6H4v2h2V6zm14 0H8v2h12V6zM4 11h2v2H4v-2zm16 0H8v2h12v-2zM4 16h2v2H4v-2zm16 0H8v2h12v-2z\" fill=\"currentColor\"><\/path><\/svg><svg style=\"fill: #999;color:#999\" class=\"arrow-unsorted-368013\" xmlns=\"http:\/\/www.w3.org\/2000\/svg\" width=\"10px\" height=\"10px\" viewbox=\"0 0 24 24\" version=\"1.2\" baseprofile=\"tiny\"><path d=\"M18.2 9.3l-6.2-6.3-6.2 6.3c-.2.2-.3.4-.3.7s.1.5.3.7c.2.2.4.3.7.3h11c.3 0 .5-.1.7-.3.2-.2.3-.5.3-.7s-.1-.5-.3-.7zM5.8 14.7l6.2 6.3 6.2-6.3c.2-.2.3-.5.3-.7s-.1-.5-.3-.7c-.2-.2-.4-.3-.7-.3h-11c-.3 0-.5.1-.7.3-.2.2-.3.5-.3.7s.1.5.3.7z\"\/><\/svg><\/span><\/span><\/span><\/a><\/span><\/div>\n<nav><ul class='ez-toc-list ez-toc-list-level-1' ><li class='ez-toc-page-1 ez-toc-heading-level-4'><a class=\"ez-toc-link ez-toc-heading-1\" href=\"https:\/\/saphirsmaragd.com\/nl\/product\/grandidierit-0-28-karat-oval-blaugruen\/#Grandidierit_028_Karat_Oval_Blaugrun_%E2%80%93_seltener_Schatz_aus_Madagaskar\" >Grandidierit 0.28 Karat Oval Blaugr\u00fcn \u2013 seltener Schatz aus Madagaskar<\/a><\/li><li class='ez-toc-page-1 ez-toc-heading-level-4'><a class=\"ez-toc-link ez-toc-heading-2\" href=\"https:\/\/saphirsmaragd.com\/nl\/product\/grandidierit-0-28-karat-oval-blaugruen\/#Merkmale_Herkunft\" >Kenmerken en herkomst<\/a><\/li><li class='ez-toc-page-1 ez-toc-heading-level-4'><a class=\"ez-toc-link ez-toc-heading-3\" href=\"https:\/\/saphirsmaragd.com\/nl\/product\/grandidierit-0-28-karat-oval-blaugruen\/#Besonderheiten\" >Bijzondere kenmerken<\/a><\/li><li class='ez-toc-page-1 ez-toc-heading-level-4'><a class=\"ez-toc-link ez-toc-heading-4\" href=\"https:\/\/saphirsmaragd.com\/nl\/product\/grandidierit-0-28-karat-oval-blaugruen\/#Mehr_uber_unsere_Edelsteine\" >Meer over onze edelstenen<\/a><\/li><li class='ez-toc-page-1 ez-toc-heading-level-4'><a class=\"ez-toc-link ez-toc-heading-5\" href=\"https:\/\/saphirsmaragd.com\/nl\/product\/grandidierit-0-28-karat-oval-blaugruen\/#Weitere_Infos\" >Verdere informatie<\/a><\/li><\/ul><\/nav><\/div>\n<h4 data-start=\"861\" data-end=\"938\"><span class=\"ez-toc-section\" id=\"Grandidierit_028_Karat_Oval_Blaugrun_%E2%80%93_seltener_Schatz_aus_Madagaskar\"><\/span>Grandidierit 0.28 Karat Oval Blaugr\u00fcn \u2013 seltener Schatz aus Madagaskar<span class=\"ez-toc-section-end\"><\/span><\/h4>\n<p data-start=\"939\" data-end=\"1154\">De <strong data-start=\"943\" data-end=\"984\">Grandidierit 0.28 Karat Oval Blaugr\u00fcn<\/strong> geh\u00f6rt zu den seltensten Edelsteinen der Welt. Sein faszinierender Farbton \u2013 ein intensives Blaugr\u00fcn \u2013 und seine hohe Reinheit machen ihn zu einem wahren Sammlerst\u00fcck.<\/p>\n<p data-start=\"1156\" data-end=\"1383\">Dieser Edelstein stammt aus Madagaskar und wurde pr\u00e4zise zu einem <strong data-start=\"1222\" data-end=\"1266\">oval facettierten Stein (5,15 \u00d7 3,67 mm)<\/strong> geschliffen. Der feine Facettenschliff sorgt f\u00fcr ein beeindruckendes Leuchten und eine ausgewogene Lichtreflexion.<\/p>\n<p data-start=\"1385\" data-end=\"1649\">Jeder Grandidierit wird mit einem <strong data-start=\"1419\" data-end=\"1471\">Zertifikat von Val\u00e9rie DURAFFOURG (Gem-A London)<\/strong> geliefert, das Echtheit und Qualit\u00e4t garantiert. Durch seine nat\u00fcrliche Sch\u00f6nheit und seine extreme Seltenheit z\u00e4hlt er zu den begehrtesten Edelsteinen f\u00fcr Kenner und Sammler.<\/p>\n<hr data-start=\"1651\" data-end=\"1654\" \/>\n<h4 data-start=\"1656\" data-end=\"1682\"><span class=\"ez-toc-section\" id=\"Merkmale_Herkunft\"><\/span>Kenmerken en herkomst<span class=\"ez-toc-section-end\"><\/span><\/h4>\n<p data-start=\"1683\" data-end=\"2044\">Steinart: Grandidierit<br data-start=\"1705\" data-end=\"1708\" \/>Kleur: Blauwgroen<br data-start=\"1723\" data-end=\"1726\" \/>Form: Oval facettiert<br data-start=\"1747\" data-end=\"1750\" \/>Gewicht: 0.28 Karat<br data-start=\"1769\" data-end=\"1772\" \/>Gr\u00f6\u00dfe: 5.15 \u00d7 3.67 mm<br data-start=\"1793\" data-end=\"1796\" \/>Hardheid: 7,5 op de schaal van Mohs<br data-start=\"1825\" data-end=\"1828\" \/>Reinheit: Augenrein, feine Einschl\u00fcsse nur unter 10-facher Vergr\u00f6\u00dferung sichtbar<br data-start=\"1908\" data-end=\"1911\" \/>Transparenz: Transparent<br data-start=\"1935\" data-end=\"1938\" \/>Behandlung: Keine<br data-start=\"1955\" data-end=\"1958\" \/>Herkunft: Madagaskar<br data-start=\"1978\" data-end=\"1981\" \/>Zertifikat: Val\u00e9rie DURAFFOURG (Gem-A, London)<br data-start=\"2027\" data-end=\"2030\" \/>Staat: Nieuw<\/p>\n<hr data-start=\"2046\" data-end=\"2049\" \/>\n<h4 data-start=\"2051\" data-end=\"2072\"><span class=\"ez-toc-section\" id=\"Besonderheiten\"><\/span>Bijzondere kenmerken<span class=\"ez-toc-section-end\"><\/span><\/h4>\n<p data-start=\"2073\" data-end=\"2260\">De <strong data-start=\"2077\" data-end=\"2118\">Grandidierit 0.28 Karat Oval Blaugr\u00fcn<\/strong> z\u00e4hlt zu den zehn seltensten Edelsteinen der Welt. Seine besondere Farbe entsteht durch das Zusammenspiel von Eisen- und Magnesiumanteilen.<\/p>\n<p data-start=\"2262\" data-end=\"2549\">Dank seiner <strong data-start=\"2274\" data-end=\"2320\">Brillanz, hohen Transparenz und Seltenheit<\/strong> ist dieser Edelstein sowohl f\u00fcr Sammler als auch f\u00fcr Schmuckliebhaber ein absolutes Highlight. Aufgrund seiner begrenzten Vorkommen in Madagaskar sind echte Grandidierite in dieser Qualit\u00e4t nur selten auf dem Markt erh\u00e4ltlich.<\/p>\n<hr data-start=\"2070\" data-end=\"2073\" \/>\n<h4 data-start=\"1931\" data-end=\"1971\"><span class=\"ez-toc-section\" id=\"Mehr_uber_unsere_Edelsteine\"><\/span>Meer over onze edelstenen<span class=\"ez-toc-section-end\"><\/span><\/h4>\n<p data-start=\"1972\" data-end=\"2069\"><a href=\"https:\/\/saphirsmaragd.com\/nl\/product-category\/edelsteine-kaufen\/\">Edelstenen<\/a><\/p>\n<hr data-start=\"2744\" data-end=\"2747\" \/>\n<h4 data-start=\"2665\" data-end=\"2688\"><span class=\"ez-toc-section\" id=\"Weitere_Infos\"><\/span>Verdere informatie<span class=\"ez-toc-section-end\"><\/span><\/h4>\n<p data-start=\"2723\" data-end=\"2794\"><a class=\"decorated-link cursor-pointer\" href=\"https:\/\/de.wikipedia.org\/wiki\/Grandidierit\" target=\"_new\" rel=\"noopener\" data-start=\"2723\" data-end=\"2792\">Wikipedia: Grandidierit<\/a><\/p>","protected":false},"excerpt":{"rendered":"<p data-start=\"530\" data-end=\"717\"><em>Der Grandidierit 0.28 Karat Oval Blaugr\u00fcn aus Madagaskar besticht durch seine Seltenheit, au\u00dfergew\u00f6hnliche Farbe und hohe Reinheit. Mit Zertifikat von Val\u00e9rie DURAFFOURG (Gem-A London).<\/em><\/p>\n<h2 data-start=\"523\" data-end=\"548\"><\/h2>","protected":false},"featured_media":4880,"comment_status":"open","ping_status":"closed","template":"","meta":{"_glsr_average":0,"_glsr_ranking":0,"_glsr_reviews":0},"product_brand":[],"product_cat":[305],"product_tag":[],"class_list":{"0":"post-4877","1":"product","2":"type-product","3":"status-publish","4":"has-post-thumbnail","6":"product_cat-seltene-edelsteine","7":"pa_edelsteinart-seltene-edelsteine","8":"pa_farbe-blau","9":"pa_form-oval","10":"pa_gewicht-karat-0-1-0-5-karat","11":"pa_herkunft-madagaskar","12":"pa_reinheit-augenrein","13":"pa_veredelung-behandlung-unbehandelt","14":"pa_zertifikat-ja","15":"pa_zustand-neu","17":"first","18":"instock","19":"featured","20":"sold-individually","21":"shipping-taxable","22":"purchasable","23":"product-type-simple","24":"add-to-wishlist-before_image"},"jetpack_sharing_enabled":true,"_links":{"self":[{"href":"https:\/\/saphirsmaragd.com\/nl\/wp-json\/wp\/v2\/product\/4877","targetHints":{"allow":["GET"]}}],"collection":[{"href":"https:\/\/saphirsmaragd.com\/nl\/wp-json\/wp\/v2\/product"}],"about":[{"href":"https:\/\/saphirsmaragd.com\/nl\/wp-json\/wp\/v2\/types\/product"}],"replies":[{"embeddable":true,"href":"https:\/\/saphirsmaragd.com\/nl\/wp-json\/wp\/v2\/comments?post=4877"}],"version-history":[{"count":1,"href":"https:\/\/saphirsmaragd.com\/nl\/wp-json\/wp\/v2\/product\/4877\/revisions"}],"predecessor-version":[{"id":4881,"href":"https:\/\/saphirsmaragd.com\/nl\/wp-json\/wp\/v2\/product\/4877\/revisions\/4881"}],"wp:featuredmedia":[{"embeddable":true,"href":"https:\/\/saphirsmaragd.com\/nl\/wp-json\/wp\/v2\/media\/4880"}],"wp:attachment":[{"href":"https:\/\/saphirsmaragd.com\/nl\/wp-json\/wp\/v2\/media?parent=4877"}],"wp:term":[{"taxonomy":"product_brand","embeddable":true,"href":"https:\/\/saphirsmaragd.com\/nl\/wp-json\/wp\/v2\/product_brand?post=4877"},{"taxonomy":"product_cat","embeddable":true,"href":"https:\/\/saphirsmaragd.com\/nl\/wp-json\/wp\/v2\/product_cat?post=4877"},{"taxonomy":"product_tag","embeddable":true,"href":"https:\/\/saphirsmaragd.com\/nl\/wp-json\/wp\/v2\/product_tag?post=4877"}],"curies":[{"name":"wp","href":"https:\/\/api.w.org\/{rel}","templated":true}]}}