{"id":5117,"date":"2025-11-14T10:59:28","date_gmt":"2025-11-14T10:59:28","guid":{"rendered":"https:\/\/saphirsmaragd.com\/?post_type=product&#038;p=5117"},"modified":"2025-12-29T18:49:23","modified_gmt":"2025-12-29T18:49:23","slug":"andesin-1-45-karat-farbe-orange","status":"publish","type":"product","link":"https:\/\/saphirsmaragd.com\/nl\/product\/andesin-1-45-karat-farbe-orange\/","title":{"rendered":"Andesin 1.45 Karat Farbe Orange \u2013 Leuchtend facettierter Kissenstein in Naturqualit\u00e4t"},"content":{"rendered":"<div id=\"ez-toc-container\" class=\"ez-toc-v2_0_82_2 counter-hierarchy ez-toc-counter ez-toc-grey ez-toc-container-direction\">\n<div class=\"ez-toc-title-container\">\n<p class=\"ez-toc-title\" style=\"cursor:inherit\">Inhoudsopgave<\/p>\n<span class=\"ez-toc-title-toggle\"><a href=\"#\" class=\"ez-toc-pull-right ez-toc-btn ez-toc-btn-xs ez-toc-btn-default ez-toc-toggle\" aria-label=\"Toggle tabel met inhoud\"><span class=\"ez-toc-js-icon-con\"><span class=\"\"><span class=\"eztoc-hide\" style=\"display:none;\">Schakelaar<\/span><span class=\"ez-toc-icon-toggle-span\"><svg style=\"fill: #999;color:#999\" xmlns=\"http:\/\/www.w3.org\/2000\/svg\" class=\"list-377408\" width=\"20px\" height=\"20px\" viewbox=\"0 0 24 24\" fill=\"none\"><path d=\"M6 6H4v2h2V6zm14 0H8v2h12V6zM4 11h2v2H4v-2zm16 0H8v2h12v-2zM4 16h2v2H4v-2zm16 0H8v2h12v-2z\" fill=\"currentColor\"><\/path><\/svg><svg style=\"fill: #999;color:#999\" class=\"arrow-unsorted-368013\" xmlns=\"http:\/\/www.w3.org\/2000\/svg\" width=\"10px\" height=\"10px\" viewbox=\"0 0 24 24\" version=\"1.2\" baseprofile=\"tiny\"><path d=\"M18.2 9.3l-6.2-6.3-6.2 6.3c-.2.2-.3.4-.3.7s.1.5.3.7c.2.2.4.3.7.3h11c.3 0 .5-.1.7-.3.2-.2.3-.5.3-.7s-.1-.5-.3-.7zM5.8 14.7l6.2 6.3 6.2-6.3c.2-.2.3-.5.3-.7s-.1-.5-.3-.7c-.2-.2-.4-.3-.7-.3h-11c-.3 0-.5.1-.7.3-.2.2-.3.5-.3.7s.1.5.3.7z\"\/><\/svg><\/span><\/span><\/span><\/a><\/span><\/div>\n<nav><ul class='ez-toc-list ez-toc-list-level-1' ><li class='ez-toc-page-1 ez-toc-heading-level-2'><a class=\"ez-toc-link ez-toc-heading-1\" href=\"https:\/\/saphirsmaragd.com\/nl\/product\/andesin-1-45-karat-farbe-orange\/#Andesin_145_Karat_Farbe_Orange_%E2%80%93_kraftige_Farbe_naturliche_Brillanz\" >Andesin 1.45 Karat Farbe Orange \u2013 kr\u00e4ftige Farbe &amp; nat\u00fcrliche Brillanz<\/a><ul class='ez-toc-list-level-4' ><li class='ez-toc-heading-level-4'><ul class='ez-toc-list-level-4' ><li class='ez-toc-heading-level-4'><a class=\"ez-toc-link ez-toc-heading-2\" href=\"https:\/\/saphirsmaragd.com\/nl\/product\/andesin-1-45-karat-farbe-orange\/#Merkmale_Herkunft\" >Kenmerken en herkomst<\/a><\/li><li class='ez-toc-page-1 ez-toc-heading-level-4'><a class=\"ez-toc-link ez-toc-heading-3\" href=\"https:\/\/saphirsmaragd.com\/nl\/product\/andesin-1-45-karat-farbe-orange\/#Besonderheiten\" >Bijzondere kenmerken<\/a><\/li><li class='ez-toc-page-1 ez-toc-heading-level-4'><a class=\"ez-toc-link ez-toc-heading-4\" href=\"https:\/\/saphirsmaragd.com\/nl\/product\/andesin-1-45-karat-farbe-orange\/#Mehr_uber_unsere_Edelsteine\" >Meer over onze edelstenen<\/a><\/li><li class='ez-toc-page-1 ez-toc-heading-level-4'><a class=\"ez-toc-link ez-toc-heading-5\" href=\"https:\/\/saphirsmaragd.com\/nl\/product\/andesin-1-45-karat-farbe-orange\/#Weitere_Infos\" >Verdere informatie<\/a><\/li><\/ul><\/li><\/ul><\/li><\/ul><\/nav><\/div>\n<h2 data-start=\"1487\" data-end=\"1566\"><span class=\"ez-toc-section\" id=\"Andesin_145_Karat_Farbe_Orange_%E2%80%93_kraftige_Farbe_naturliche_Brillanz\"><\/span><strong data-start=\"1490\" data-end=\"1564\">Andesin 1.45 Karat Farbe Orange \u2013 kr\u00e4ftige Farbe &amp; nat\u00fcrliche Brillanz<\/strong><span class=\"ez-toc-section-end\"><\/span><\/h2>\n<p data-start=\"1567\" data-end=\"1889\">Dieser intensive <strong data-start=\"1584\" data-end=\"1619\">Andesin 1.45 Karat Farbe Orange<\/strong> besticht durch seine leuchtende, warme Orangennuance, die in dieser Qualit\u00e4t nur selten zu finden ist. Mit einer pr\u00e4zisen Kissenschliff-Facettierung und einer angenehmen St\u00e4rke von 7 mm zeigt der Edelstein eine hervorragende Lichtbrechung und nat\u00fcrliche Ausstrahlung.<\/p>\n<p data-start=\"1891\" data-end=\"2027\">Geliefert wird der Andesin mit einem Echtheitszertifikat der Gemmologin Val\u00e9rie Duraffourg (Gem-A), das Echtheit und Qualit\u00e4t best\u00e4tigt.<\/p>\n<hr data-start=\"2029\" data-end=\"2032\" \/>\n<h4 data-start=\"2034\" data-end=\"2067\"><span class=\"ez-toc-section\" id=\"Merkmale_Herkunft\"><\/span><strong data-start=\"2039\" data-end=\"2065\">Kenmerken en herkomst<\/strong><span class=\"ez-toc-section-end\"><\/span><\/h4>\n<p data-start=\"2068\" data-end=\"2358\">Steinart: Andesin<br data-start=\"2085\" data-end=\"2088\" \/>Farbe: Orange<br data-start=\"2101\" data-end=\"2104\" \/>Form: Kissen<br data-start=\"2116\" data-end=\"2119\" \/>Gewicht: 1.45 Karat<br data-start=\"2138\" data-end=\"2141\" \/>Gr\u00f6\u00dfe: 6 x 6,2 mm<br data-start=\"2152\" data-end=\"2155\" \/>Reinheit: Kleine Einschl\u00fcsse (mit blo\u00dfem Auge sichtbar)<br data-start=\"2210\" data-end=\"2213\" \/>Hardheid: 6,5 op de schaal van Mohs<br data-start=\"2270\" data-end=\"2273\" \/>Behandeling: Onbehandeld<br data-start=\"2296\" data-end=\"2299\" \/>Zertifikat: Ja (Val\u00e9rie Duraffourg, Gem-A)<br data-start=\"2341\" data-end=\"2344\" \/>Staat: Nieuw<\/p>\n<hr data-start=\"2360\" data-end=\"2363\" \/>\n<h4 data-start=\"2365\" data-end=\"2393\"><span class=\"ez-toc-section\" id=\"Besonderheiten\"><\/span><strong data-start=\"2370\" data-end=\"2391\">Bijzondere kenmerken<\/strong><span class=\"ez-toc-section-end\"><\/span><\/h4>\n<p data-start=\"2394\" data-end=\"2674\">Dieser <strong data-start=\"2401\" data-end=\"2436\">Andesin 1.45 Karat Farbe Orange<\/strong> zeigt eine au\u00dfergew\u00f6hnliche Farbtiefe \u2013 ein brillantes, kr\u00e4ftiges Orange mit warmen Untert\u00f6nen, ideal f\u00fcr ausdrucksstarke Schmuckst\u00fccke. Durch seine facettierte Kissenschliff-Form reflektiert der Stein das Licht intensiv und gleichm\u00e4\u00dfig.<\/p>\n<p data-start=\"2676\" data-end=\"3007\">Andesin geh\u00f6rt zur Feldspatgruppe und ist f\u00fcr seine kr\u00e4ftigen Farben bekannt. Die nat\u00fcrliche Reinheit mit sichtbaren Einschl\u00fcssen ist bei dieser Mineralfamilie typisch und best\u00e4tigt den Charakter des Steins. Mit seiner H\u00e4rte von 6.5 eignet er sich besonders gut f\u00fcr Anh\u00e4nger, Broschen und Schmuckst\u00fccke mit moderater Beanspruchung.<\/p>\n<hr data-start=\"2070\" data-end=\"2073\" \/>\n<h4 data-start=\"1931\" data-end=\"1971\"><span class=\"ez-toc-section\" id=\"Mehr_uber_unsere_Edelsteine\"><\/span>Meer over onze edelstenen<span class=\"ez-toc-section-end\"><\/span><\/h4>\n<p data-start=\"1972\" data-end=\"2069\"><a href=\"https:\/\/saphirsmaragd.com\/nl\/product-category\/edelsteine-kaufen\/\">Edelstenen<\/a><\/p>\n<hr data-start=\"2744\" data-end=\"2747\" \/>\n<h4 data-start=\"2665\" data-end=\"2688\"><span class=\"ez-toc-section\" id=\"Weitere_Infos\"><\/span>Verdere informatie<span class=\"ez-toc-section-end\"><\/span><\/h4>\n<p><a href=\"https:\/\/de.wikipedia.org\/wiki\/Andesin\" target=\"_blank\" rel=\"noopener\">Wikipedia: Andesin<\/a><\/p>","protected":false},"excerpt":{"rendered":"<p data-start=\"1010\" data-end=\"1284\"><em>Andesin 1.45 Karat Farbe Orange \u2013 ein intensiv orangefarbener, kissenf\u00f6rmig facettierter Naturstein von 1.45 Karat mit beeindruckender Leuchtkraft und guter Reinheit. Mit Zertifikat von Val\u00e9rie Duraffourg (Gem-A). Ideal f\u00fcr hochwertige Schmuckgestaltung oder Sammlungen.<\/em><\/p>\n<h2 data-start=\"523\" data-end=\"548\"><\/h2>","protected":false},"featured_media":5120,"comment_status":"open","ping_status":"closed","template":"","meta":{"_glsr_average":0,"_glsr_ranking":0,"_glsr_reviews":0},"product_brand":[],"product_cat":[305],"product_tag":[],"class_list":{"0":"post-5117","1":"product","2":"type-product","3":"status-publish","4":"has-post-thumbnail","6":"product_cat-seltene-edelsteine","7":"pa_edelsteinart-seltene-edelsteine","8":"pa_farbe-orange","9":"pa_form-kissen","10":"pa_gewicht-karat-1-0-3-0-karat","11":"pa_reinheit-kleine-einschluesse","12":"pa_veredelung-behandlung-unbehandelt","13":"pa_zertifikat-ja","14":"pa_zustand-neu","16":"first","17":"instock","18":"featured","19":"sold-individually","20":"shipping-taxable","21":"purchasable","22":"product-type-simple","23":"add-to-wishlist-before_image"},"jetpack_sharing_enabled":true,"_links":{"self":[{"href":"https:\/\/saphirsmaragd.com\/nl\/wp-json\/wp\/v2\/product\/5117","targetHints":{"allow":["GET"]}}],"collection":[{"href":"https:\/\/saphirsmaragd.com\/nl\/wp-json\/wp\/v2\/product"}],"about":[{"href":"https:\/\/saphirsmaragd.com\/nl\/wp-json\/wp\/v2\/types\/product"}],"replies":[{"embeddable":true,"href":"https:\/\/saphirsmaragd.com\/nl\/wp-json\/wp\/v2\/comments?post=5117"}],"version-history":[{"count":1,"href":"https:\/\/saphirsmaragd.com\/nl\/wp-json\/wp\/v2\/product\/5117\/revisions"}],"predecessor-version":[{"id":5121,"href":"https:\/\/saphirsmaragd.com\/nl\/wp-json\/wp\/v2\/product\/5117\/revisions\/5121"}],"wp:featuredmedia":[{"embeddable":true,"href":"https:\/\/saphirsmaragd.com\/nl\/wp-json\/wp\/v2\/media\/5120"}],"wp:attachment":[{"href":"https:\/\/saphirsmaragd.com\/nl\/wp-json\/wp\/v2\/media?parent=5117"}],"wp:term":[{"taxonomy":"product_brand","embeddable":true,"href":"https:\/\/saphirsmaragd.com\/nl\/wp-json\/wp\/v2\/product_brand?post=5117"},{"taxonomy":"product_cat","embeddable":true,"href":"https:\/\/saphirsmaragd.com\/nl\/wp-json\/wp\/v2\/product_cat?post=5117"},{"taxonomy":"product_tag","embeddable":true,"href":"https:\/\/saphirsmaragd.com\/nl\/wp-json\/wp\/v2\/product_tag?post=5117"}],"curies":[{"name":"wp","href":"https:\/\/api.w.org\/{rel}","templated":true}]}}