{"id":5126,"date":"2025-11-14T13:28:21","date_gmt":"2025-11-14T13:28:21","guid":{"rendered":"https:\/\/saphirsmaragd.com\/?post_type=product&#038;p=5126"},"modified":"2025-12-29T18:49:21","modified_gmt":"2025-12-29T18:49:21","slug":"beryll-7-48-karat-farbe-gelb","status":"publish","type":"product","link":"https:\/\/saphirsmaragd.com\/nl\/product\/beryll-7-48-karat-farbe-gelb\/","title":{"rendered":"Beryll 7.48 Karat Farbe Gelb \u2013 Oval facettierter Edelstein mit leicht gr\u00fcnlichem Schimmer"},"content":{"rendered":"<div id=\"ez-toc-container\" class=\"ez-toc-v2_0_82_2 counter-hierarchy ez-toc-counter ez-toc-grey ez-toc-container-direction\">\n<div class=\"ez-toc-title-container\">\n<p class=\"ez-toc-title\" style=\"cursor:inherit\">Inhoudsopgave<\/p>\n<span class=\"ez-toc-title-toggle\"><a href=\"#\" class=\"ez-toc-pull-right ez-toc-btn ez-toc-btn-xs ez-toc-btn-default ez-toc-toggle\" aria-label=\"Toggle tabel met inhoud\"><span class=\"ez-toc-js-icon-con\"><span class=\"\"><span class=\"eztoc-hide\" style=\"display:none;\">Schakelaar<\/span><span class=\"ez-toc-icon-toggle-span\"><svg style=\"fill: #999;color:#999\" xmlns=\"http:\/\/www.w3.org\/2000\/svg\" class=\"list-377408\" width=\"20px\" height=\"20px\" viewbox=\"0 0 24 24\" fill=\"none\"><path d=\"M6 6H4v2h2V6zm14 0H8v2h12V6zM4 11h2v2H4v-2zm16 0H8v2h12v-2zM4 16h2v2H4v-2zm16 0H8v2h12v-2z\" fill=\"currentColor\"><\/path><\/svg><svg style=\"fill: #999;color:#999\" class=\"arrow-unsorted-368013\" xmlns=\"http:\/\/www.w3.org\/2000\/svg\" width=\"10px\" height=\"10px\" viewbox=\"0 0 24 24\" version=\"1.2\" baseprofile=\"tiny\"><path d=\"M18.2 9.3l-6.2-6.3-6.2 6.3c-.2.2-.3.4-.3.7s.1.5.3.7c.2.2.4.3.7.3h11c.3 0 .5-.1.7-.3.2-.2.3-.5.3-.7s-.1-.5-.3-.7zM5.8 14.7l6.2 6.3 6.2-6.3c.2-.2.3-.5.3-.7s-.1-.5-.3-.7c-.2-.2-.4-.3-.7-.3h-11c-.3 0-.5.1-.7.3-.2.2-.3.5-.3.7s.1.5.3.7z\"\/><\/svg><\/span><\/span><\/span><\/a><\/span><\/div>\n<nav><ul class='ez-toc-list ez-toc-list-level-1' ><li class='ez-toc-page-1 ez-toc-heading-level-4'><a class=\"ez-toc-link ez-toc-heading-1\" href=\"https:\/\/saphirsmaragd.com\/nl\/product\/beryll-7-48-karat-farbe-gelb\/#Gelber_Beryll_748_Karat_Farbe_Gelb_%E2%80%93_beeindruckende_Grose_eleganter_Glanz\" >Gelber Beryll 7.48 Karat Farbe Gelb \u2013 beeindruckende Gr\u00f6\u00dfe &amp; eleganter Glanz<\/a><\/li><li class='ez-toc-page-1 ez-toc-heading-level-4'><a class=\"ez-toc-link ez-toc-heading-2\" href=\"https:\/\/saphirsmaragd.com\/nl\/product\/beryll-7-48-karat-farbe-gelb\/#Merkmale_Herkunft\" >Kenmerken en herkomst<\/a><\/li><li class='ez-toc-page-1 ez-toc-heading-level-4'><a class=\"ez-toc-link ez-toc-heading-3\" href=\"https:\/\/saphirsmaragd.com\/nl\/product\/beryll-7-48-karat-farbe-gelb\/#Besonderheiten\" >Bijzondere kenmerken<\/a><\/li><li class='ez-toc-page-1 ez-toc-heading-level-4'><a class=\"ez-toc-link ez-toc-heading-4\" href=\"https:\/\/saphirsmaragd.com\/nl\/product\/beryll-7-48-karat-farbe-gelb\/#Mehr_uber_unsere_Edelsteine\" >Meer over onze edelstenen<\/a><\/li><li class='ez-toc-page-1 ez-toc-heading-level-4'><a class=\"ez-toc-link ez-toc-heading-5\" href=\"https:\/\/saphirsmaragd.com\/nl\/product\/beryll-7-48-karat-farbe-gelb\/#Weitere_Infos\" >Verdere informatie<\/a><\/li><\/ul><\/nav><\/div>\n<h4 data-start=\"1309\" data-end=\"1394\"><span class=\"ez-toc-section\" id=\"Gelber_Beryll_748_Karat_Farbe_Gelb_%E2%80%93_beeindruckende_Grose_eleganter_Glanz\"><\/span><strong data-start=\"1312\" data-end=\"1392\">Gelber Beryll 7.48 Karat Farbe Gelb \u2013 beeindruckende Gr\u00f6\u00dfe &amp; eleganter Glanz<\/strong><span class=\"ez-toc-section-end\"><\/span><\/h4>\n<p data-start=\"1395\" data-end=\"1778\">Dieser au\u00dfergew\u00f6hnlich gro\u00dfe <strong data-start=\"1424\" data-end=\"1463\">Gelber Beryll 7.48 Karat Farbe Gelb<\/strong> begeistert durch seinen intensiven, klaren Gelbton mit einem leicht gr\u00fcnlichen Schimmer. Der facettierte Ovalschnitt sorgt f\u00fcr ein elegantes Spiel aus Licht und Brillanz, w\u00e4hrend die beeindruckenden Ma\u00dfe diesen Edelstein zu einem idealen Zentrumst\u00fcck f\u00fcr hochwertigen Schmuck oder anspruchsvolle Sammlungen machen.<\/p>\n<p data-start=\"1780\" data-end=\"1916\">Der Stein wird mit einem Echtheitszertifikat von Val\u00e9rie Duraffourg (Gem-A) geliefert und garantiert h\u00f6chste Authentizit\u00e4t und Qualit\u00e4t.<\/p>\n<hr data-start=\"1918\" data-end=\"1921\" \/>\n<h4 data-start=\"1923\" data-end=\"1956\"><span class=\"ez-toc-section\" id=\"Merkmale_Herkunft\"><\/span><strong data-start=\"1928\" data-end=\"1954\">Kenmerken en herkomst<\/strong><span class=\"ez-toc-section-end\"><\/span><\/h4>\n<p data-start=\"1957\" data-end=\"2284\">Steinart: Beryll<br data-start=\"1973\" data-end=\"1976\" \/>Farbe: Gelb<br data-start=\"1987\" data-end=\"1990\" \/>Vorm: Ovaal<br data-start=\"2000\" data-end=\"2003\" \/>Gewicht: 7.48 Karat<br data-start=\"2022\" data-end=\"2025\" \/>Gr\u00f6\u00dfe: 16.13 \u00d7 13.05 mm<br data-start=\"2048\" data-end=\"2051\" \/>Reinheit: Kleine Einschl\u00fcsse (unter 10-facher Vergr\u00f6\u00dferung sichtbar)<br data-start=\"2119\" data-end=\"2122\" \/>Herkomst: Brazili\u00eb<br data-start=\"2141\" data-end=\"2144\" \/>Hardheid: 7 op de schaal van Mohs<br data-start=\"2171\" data-end=\"2174\" \/>Zertifikat: Ja (Val\u00e9rie Duraffourg, Gem-A)<br data-start=\"2267\" data-end=\"2270\" \/>Staat: Nieuw<\/p>\n<hr data-start=\"2286\" data-end=\"2289\" \/>\n<h4 data-start=\"2291\" data-end=\"2319\"><span class=\"ez-toc-section\" id=\"Besonderheiten\"><\/span><strong data-start=\"2296\" data-end=\"2317\">Bijzondere kenmerken<\/strong><span class=\"ez-toc-section-end\"><\/span><\/h4>\n<p data-start=\"2320\" data-end=\"2569\">Dieser <strong data-start=\"2327\" data-end=\"2366\">Gelber Beryll 7.48 Karat Farbe Gelb<\/strong> beeindruckt durch seine seltene Gr\u00f6\u00dfe. Edelsteine dieser Karatzahl sind bei Beryll besonders gefragt und werden h\u00e4ufig als Mittelstein in hochklassigen Anh\u00e4ngern oder luxuri\u00f6sen Ringdesigns verwendet.<\/p>\n<p data-start=\"2571\" data-end=\"2816\">Der leichte gr\u00fcnliche Unterton gibt dem Gelb eine feine Tiefe und macht die Farbnuance edler und vielseitiger. Die Reinheit mit nur wenigen, sehr kleinen Einschl\u00fcssen unter 10-facher Vergr\u00f6\u00dferung ist f\u00fcr einen Stein dieser Gr\u00f6\u00dfe bemerkenswert.<\/p>\n<p data-start=\"2818\" data-end=\"2987\">Dieser besondere Beryll geh\u00f6rt zur gleichen Mineralfamilie wie Heliodor und Morganit, wird jedoch aufgrund seines charakteristischen Gelbs als <strong data-start=\"2961\" data-end=\"2978\">Gelber Beryll<\/strong> gef\u00fchrt.<\/p>\n<hr data-start=\"2070\" data-end=\"2073\" \/>\n<h4 data-start=\"1931\" data-end=\"1971\"><span class=\"ez-toc-section\" id=\"Mehr_uber_unsere_Edelsteine\"><\/span>Meer over onze edelstenen<span class=\"ez-toc-section-end\"><\/span><\/h4>\n<p data-start=\"1972\" data-end=\"2069\"><a href=\"https:\/\/saphirsmaragd.com\/nl\/product-category\/edelsteine-kaufen\/\">Edelstenen<\/a><\/p>\n<hr data-start=\"2744\" data-end=\"2747\" \/>\n<h4 data-start=\"2665\" data-end=\"2688\"><span class=\"ez-toc-section\" id=\"Weitere_Infos\"><\/span>Verdere informatie<span class=\"ez-toc-section-end\"><\/span><\/h4>\n<p><a href=\"https:\/\/de.wikipedia.org\/wiki\/Beryll\" target=\"_blank\" rel=\"noopener\">Wikipedia: Beryll<\/a><\/p>","protected":false},"excerpt":{"rendered":"<p data-start=\"871\" data-end=\"1131\"><em>Gelber Beryll 7.48 Karat Farbe Gelb \u2013 ein gro\u00dfer, oval facettierter Edelstein mit intensivem Gelbton und einem zarten gr\u00fcnlichen Schimmer. Mit Zertifikat von Val\u00e9rie Duraffourg (Gem-A). Hervorragend geeignet f\u00fcr Anh\u00e4nger, Statement-Schmuck oder Sammlungen.<\/em><\/p>\n<h2 data-start=\"523\" data-end=\"548\"><\/h2>","protected":false},"featured_media":5130,"comment_status":"open","ping_status":"closed","template":"","meta":{"_glsr_average":0,"_glsr_ranking":0,"_glsr_reviews":0},"product_brand":[],"product_cat":[305],"product_tag":[],"class_list":{"0":"post-5126","1":"product","2":"type-product","3":"status-publish","4":"has-post-thumbnail","6":"product_cat-seltene-edelsteine","7":"pa_edelsteinart-seltene-edelsteine","8":"pa_farbe-gelb","9":"pa_form-oval","10":"pa_gewicht-karat-5-0-10-karat","11":"pa_herkunft-brasilien","12":"pa_reinheit-kleine-einschluesse","13":"pa_zertifikat-ja","14":"pa_zustand-neu","16":"first","17":"instock","18":"featured","19":"sold-individually","20":"shipping-taxable","21":"purchasable","22":"product-type-simple","23":"add-to-wishlist-before_image"},"jetpack_sharing_enabled":true,"_links":{"self":[{"href":"https:\/\/saphirsmaragd.com\/nl\/wp-json\/wp\/v2\/product\/5126","targetHints":{"allow":["GET"]}}],"collection":[{"href":"https:\/\/saphirsmaragd.com\/nl\/wp-json\/wp\/v2\/product"}],"about":[{"href":"https:\/\/saphirsmaragd.com\/nl\/wp-json\/wp\/v2\/types\/product"}],"replies":[{"embeddable":true,"href":"https:\/\/saphirsmaragd.com\/nl\/wp-json\/wp\/v2\/comments?post=5126"}],"version-history":[{"count":1,"href":"https:\/\/saphirsmaragd.com\/nl\/wp-json\/wp\/v2\/product\/5126\/revisions"}],"predecessor-version":[{"id":5131,"href":"https:\/\/saphirsmaragd.com\/nl\/wp-json\/wp\/v2\/product\/5126\/revisions\/5131"}],"wp:featuredmedia":[{"embeddable":true,"href":"https:\/\/saphirsmaragd.com\/nl\/wp-json\/wp\/v2\/media\/5130"}],"wp:attachment":[{"href":"https:\/\/saphirsmaragd.com\/nl\/wp-json\/wp\/v2\/media?parent=5126"}],"wp:term":[{"taxonomy":"product_brand","embeddable":true,"href":"https:\/\/saphirsmaragd.com\/nl\/wp-json\/wp\/v2\/product_brand?post=5126"},{"taxonomy":"product_cat","embeddable":true,"href":"https:\/\/saphirsmaragd.com\/nl\/wp-json\/wp\/v2\/product_cat?post=5126"},{"taxonomy":"product_tag","embeddable":true,"href":"https:\/\/saphirsmaragd.com\/nl\/wp-json\/wp\/v2\/product_tag?post=5126"}],"curies":[{"name":"wp","href":"https:\/\/api.w.org\/{rel}","templated":true}]}}