{"id":5146,"date":"2025-11-14T13:49:55","date_gmt":"2025-11-14T13:49:55","guid":{"rendered":"https:\/\/saphirsmaragd.com\/?post_type=product&#038;p=5146"},"modified":"2025-12-29T18:49:17","modified_gmt":"2025-12-29T18:49:17","slug":"zoisit-1-karat-farbe-gelb","status":"publish","type":"product","link":"https:\/\/saphirsmaragd.com\/nl\/product\/zoisit-1-karat-farbe-gelb\/","title":{"rendered":"Zoisit 1 Karat Farbe Gelb \u2013 Oval facettierter Naturstein mit leuchtender Farbe"},"content":{"rendered":"<div id=\"ez-toc-container\" class=\"ez-toc-v2_0_82_2 counter-hierarchy ez-toc-counter ez-toc-grey ez-toc-container-direction\">\n<div class=\"ez-toc-title-container\">\n<p class=\"ez-toc-title\" style=\"cursor:inherit\">Inhoudsopgave<\/p>\n<span class=\"ez-toc-title-toggle\"><a href=\"#\" class=\"ez-toc-pull-right ez-toc-btn ez-toc-btn-xs ez-toc-btn-default ez-toc-toggle\" aria-label=\"Toggle tabel met inhoud\"><span class=\"ez-toc-js-icon-con\"><span class=\"\"><span class=\"eztoc-hide\" style=\"display:none;\">Schakelaar<\/span><span class=\"ez-toc-icon-toggle-span\"><svg style=\"fill: #999;color:#999\" xmlns=\"http:\/\/www.w3.org\/2000\/svg\" class=\"list-377408\" width=\"20px\" height=\"20px\" viewbox=\"0 0 24 24\" fill=\"none\"><path d=\"M6 6H4v2h2V6zm14 0H8v2h12V6zM4 11h2v2H4v-2zm16 0H8v2h12v-2zM4 16h2v2H4v-2zm16 0H8v2h12v-2z\" fill=\"currentColor\"><\/path><\/svg><svg style=\"fill: #999;color:#999\" class=\"arrow-unsorted-368013\" xmlns=\"http:\/\/www.w3.org\/2000\/svg\" width=\"10px\" height=\"10px\" viewbox=\"0 0 24 24\" version=\"1.2\" baseprofile=\"tiny\"><path d=\"M18.2 9.3l-6.2-6.3-6.2 6.3c-.2.2-.3.4-.3.7s.1.5.3.7c.2.2.4.3.7.3h11c.3 0 .5-.1.7-.3.2-.2.3-.5.3-.7s-.1-.5-.3-.7zM5.8 14.7l6.2 6.3 6.2-6.3c.2-.2.3-.5.3-.7s-.1-.5-.3-.7c-.2-.2-.4-.3-.7-.3h-11c-.3 0-.5.1-.7.3-.2.2-.3.5-.3.7s.1.5.3.7z\"\/><\/svg><\/span><\/span><\/span><\/a><\/span><\/div>\n<nav><ul class='ez-toc-list ez-toc-list-level-1' ><li class='ez-toc-page-1 ez-toc-heading-level-4'><a class=\"ez-toc-link ez-toc-heading-1\" href=\"https:\/\/saphirsmaragd.com\/nl\/product\/zoisit-1-karat-farbe-gelb\/#Zoisit_1_Karat_Farbe_Gelb_%E2%80%93_seltener_klarer_Edelstein_im_ovalen_Facettenschliff\" >Zoisit 1 Karat Farbe Gelb \u2013 seltener, klarer Edelstein im ovalen Facettenschliff<\/a><\/li><li class='ez-toc-page-1 ez-toc-heading-level-4'><a class=\"ez-toc-link ez-toc-heading-2\" href=\"https:\/\/saphirsmaragd.com\/nl\/product\/zoisit-1-karat-farbe-gelb\/#Merkmale_Herkunft\" >Kenmerken en herkomst<\/a><\/li><li class='ez-toc-page-1 ez-toc-heading-level-4'><a class=\"ez-toc-link ez-toc-heading-3\" href=\"https:\/\/saphirsmaragd.com\/nl\/product\/zoisit-1-karat-farbe-gelb\/#Besonderheiten\" >Bijzondere kenmerken<\/a><\/li><li class='ez-toc-page-1 ez-toc-heading-level-4'><a class=\"ez-toc-link ez-toc-heading-4\" href=\"https:\/\/saphirsmaragd.com\/nl\/product\/zoisit-1-karat-farbe-gelb\/#Mehr_uber_unsere_Edelsteine\" >Meer over onze edelstenen<\/a><\/li><li class='ez-toc-page-1 ez-toc-heading-level-4'><a class=\"ez-toc-link ez-toc-heading-5\" href=\"https:\/\/saphirsmaragd.com\/nl\/product\/zoisit-1-karat-farbe-gelb\/#Weitere_Infos\" >Verdere informatie<\/a><\/li><\/ul><\/nav><\/div>\n<h4 data-start=\"1305\" data-end=\"1397\"><span class=\"ez-toc-section\" id=\"Zoisit_1_Karat_Farbe_Gelb_%E2%80%93_seltener_klarer_Edelstein_im_ovalen_Facettenschliff\"><\/span><strong data-start=\"1308\" data-end=\"1395\">Zoisit 1 Karat Farbe Gelb \u2013 seltener, klarer Edelstein im ovalen Facettenschliff<\/strong><span class=\"ez-toc-section-end\"><\/span><\/h4>\n<p data-start=\"1398\" data-end=\"1747\">Dieser elegante <strong data-start=\"1414\" data-end=\"1446\">Zoisit 1 Karat Farbe Gelb<\/strong> zeigt ein strahlendes, warmes Gelb mit feinen Naturnuancen. Die klare Transparenz und der professionelle Facettenschliff verleihen dem Stein eine beeindruckende Leuchtkraft. Mit seiner ovalen Form (8 \u00d7 6 mm) eignet sich dieser Zoisit ideal f\u00fcr die Schmuckherstellung oder als wertvolles Sammlerst\u00fcck.<\/p>\n<p data-start=\"1749\" data-end=\"1878\">Der Edelstein wird mit einem Zertifikat von Val\u00e9rie Duraffourg (Gem-A) geliefert, das Echtheit, Herkunft und Qualit\u00e4t garantiert.<\/p>\n<hr data-start=\"1880\" data-end=\"1883\" \/>\n<h4 data-start=\"1885\" data-end=\"1918\"><span class=\"ez-toc-section\" id=\"Merkmale_Herkunft\"><\/span><strong data-start=\"1890\" data-end=\"1916\">Kenmerken en herkomst<\/strong><span class=\"ez-toc-section-end\"><\/span><\/h4>\n<p data-start=\"1919\" data-end=\"2193\">Edelsteinart: Zoisit<br data-start=\"1939\" data-end=\"1942\" \/>Farbe: Gelb<br data-start=\"1953\" data-end=\"1956\" \/>Vorm: Ovaal<br data-start=\"1966\" data-end=\"1969\" \/>Gewicht: 1 Karat<br data-start=\"1988\" data-end=\"1991\" \/>Gr\u00f6\u00dfe: 8 \u00d7 6 mm<br data-start=\"2006\" data-end=\"2009\" \/>Reinheit: Rein unter 10-facher Vergr\u00f6\u00dferung<br data-start=\"2052\" data-end=\"2055\" \/>Hardheid: 6,5 op de schaal van Mohs<br data-start=\"2084\" data-end=\"2087\" \/>Behandeling: Onbehandeld<br data-start=\"2110\" data-end=\"2113\" \/>Herkomst: Tanzania<br data-start=\"2131\" data-end=\"2134\" \/>Zertifikat: Ja (Val\u00e9rie Duraffourg, Gem-A)<br data-start=\"2176\" data-end=\"2179\" \/>Staat: Nieuw<\/p>\n<hr data-start=\"2195\" data-end=\"2198\" \/>\n<h4 data-start=\"2200\" data-end=\"2228\"><span class=\"ez-toc-section\" id=\"Besonderheiten\"><\/span><strong data-start=\"2205\" data-end=\"2226\">Bijzondere kenmerken<\/strong><span class=\"ez-toc-section-end\"><\/span><\/h4>\n<p data-start=\"2229\" data-end=\"2490\">Dieser <strong data-start=\"2236\" data-end=\"2268\">Zoisit 1 Karat Farbe Gelb<\/strong> geh\u00f6rt zu den seltenen farbigen Zoisiten \u2013 deutlich seltener als die bekannte blaue Variet\u00e4t Tansanit. Sein leuchtendes Gelb entsteht durch nat\u00fcrliche Farbstoffe im Mineral und wirkt besonders lebendig bei direktem Licht.<\/p>\n<p data-start=\"2492\" data-end=\"2714\">Aufgrund seiner H\u00e4rte von 6.5 ist der Stein gut f\u00fcr Anh\u00e4nger, Ohrringe und feine Fassungen geeignet. Die Reinheit ist au\u00dfergew\u00f6hnlich gut: Der Stein bleibt sowohl mit blo\u00dfem Auge als auch unter 10-facher Vergr\u00f6\u00dferung klar.<\/p>\n<hr data-start=\"2070\" data-end=\"2073\" \/>\n<h4 data-start=\"1931\" data-end=\"1971\"><span class=\"ez-toc-section\" id=\"Mehr_uber_unsere_Edelsteine\"><\/span>Meer over onze edelstenen<span class=\"ez-toc-section-end\"><\/span><\/h4>\n<p data-start=\"1972\" data-end=\"2069\"><a href=\"https:\/\/saphirsmaragd.com\/nl\/product-category\/edelsteine-kaufen\/\">Edelstenen<\/a><\/p>\n<hr data-start=\"2744\" data-end=\"2747\" \/>\n<h4 data-start=\"2665\" data-end=\"2688\"><span class=\"ez-toc-section\" id=\"Weitere_Infos\"><\/span>Verdere informatie<span class=\"ez-toc-section-end\"><\/span><\/h4>\n<p data-start=\"2901\" data-end=\"2958\"><a class=\"decorated-link cursor-pointer\" href=\"https:\/\/de.wikipedia.org\/wiki\/Zoisit\" target=\"_new\" rel=\"noopener\" data-start=\"2901\" data-end=\"2958\">Wikipedia: Zoisit<\/a><\/p>","protected":false},"excerpt":{"rendered":"<p data-start=\"921\" data-end=\"1138\"><em>Zoisit 1 Karat Farbe Gelb \u2013 ein oval facettierter, transparenter Edelstein mit leuchtend gelber Farbe und 1.00 Karat. Zertifiziert durch Val\u00e9rie Duraffourg (Gem-A). Ideal f\u00fcr feine Schmuckst\u00fccke und Sammlungen.<\/em><\/p>\n<h2 data-start=\"523\" data-end=\"548\"><\/h2>","protected":false},"featured_media":5147,"comment_status":"open","ping_status":"closed","template":"","meta":{"_glsr_average":0,"_glsr_ranking":0,"_glsr_reviews":0},"product_brand":[],"product_cat":[305],"product_tag":[],"class_list":{"0":"post-5146","1":"product","2":"type-product","3":"status-publish","4":"has-post-thumbnail","6":"product_cat-seltene-edelsteine","7":"pa_edelsteinart-seltene-edelsteine","8":"pa_farbe-gelb","9":"pa_form-oval","10":"pa_gewicht-karat-1-0-3-0-karat","11":"pa_herkunft-tansania","12":"pa_reinheit-lupenrein","13":"pa_veredelung-behandlung-unbehandelt","14":"pa_zertifikat-ja","15":"pa_zustand-neu","17":"first","18":"instock","19":"featured","20":"sold-individually","21":"shipping-taxable","22":"purchasable","23":"product-type-simple","24":"add-to-wishlist-before_image"},"jetpack_sharing_enabled":true,"_links":{"self":[{"href":"https:\/\/saphirsmaragd.com\/nl\/wp-json\/wp\/v2\/product\/5146","targetHints":{"allow":["GET"]}}],"collection":[{"href":"https:\/\/saphirsmaragd.com\/nl\/wp-json\/wp\/v2\/product"}],"about":[{"href":"https:\/\/saphirsmaragd.com\/nl\/wp-json\/wp\/v2\/types\/product"}],"replies":[{"embeddable":true,"href":"https:\/\/saphirsmaragd.com\/nl\/wp-json\/wp\/v2\/comments?post=5146"}],"version-history":[{"count":2,"href":"https:\/\/saphirsmaragd.com\/nl\/wp-json\/wp\/v2\/product\/5146\/revisions"}],"predecessor-version":[{"id":5154,"href":"https:\/\/saphirsmaragd.com\/nl\/wp-json\/wp\/v2\/product\/5146\/revisions\/5154"}],"wp:featuredmedia":[{"embeddable":true,"href":"https:\/\/saphirsmaragd.com\/nl\/wp-json\/wp\/v2\/media\/5147"}],"wp:attachment":[{"href":"https:\/\/saphirsmaragd.com\/nl\/wp-json\/wp\/v2\/media?parent=5146"}],"wp:term":[{"taxonomy":"product_brand","embeddable":true,"href":"https:\/\/saphirsmaragd.com\/nl\/wp-json\/wp\/v2\/product_brand?post=5146"},{"taxonomy":"product_cat","embeddable":true,"href":"https:\/\/saphirsmaragd.com\/nl\/wp-json\/wp\/v2\/product_cat?post=5146"},{"taxonomy":"product_tag","embeddable":true,"href":"https:\/\/saphirsmaragd.com\/nl\/wp-json\/wp\/v2\/product_tag?post=5146"}],"curies":[{"name":"wp","href":"https:\/\/api.w.org\/{rel}","templated":true}]}}