{"id":5344,"date":"2025-11-18T02:03:01","date_gmt":"2025-11-18T02:03:01","guid":{"rendered":"https:\/\/saphirsmaragd.com\/?post_type=product&#038;p=5344"},"modified":"2025-12-05T10:20:57","modified_gmt":"2025-12-05T10:20:57","slug":"kristall-schamanenquarz-poliert","status":"publish","type":"product","link":"https:\/\/saphirsmaragd.com\/nl\/product\/kristall-schamanenquarz-poliert\/","title":{"rendered":"Kristall Schamanenquarz Poliert \u2013 373 g \u2013Spiritueller Visionenstein"},"content":{"rendered":"<div id=\"ez-toc-container\" class=\"ez-toc-v2_0_82_2 counter-hierarchy ez-toc-counter ez-toc-grey ez-toc-container-direction\">\n<div class=\"ez-toc-title-container\">\n<p class=\"ez-toc-title\" style=\"cursor:inherit\">Inhoudsopgave<\/p>\n<span class=\"ez-toc-title-toggle\"><a href=\"#\" class=\"ez-toc-pull-right ez-toc-btn ez-toc-btn-xs ez-toc-btn-default ez-toc-toggle\" aria-label=\"Toggle tabel met inhoud\"><span class=\"ez-toc-js-icon-con\"><span class=\"\"><span class=\"eztoc-hide\" style=\"display:none;\">Schakelaar<\/span><span class=\"ez-toc-icon-toggle-span\"><svg style=\"fill: #999;color:#999\" xmlns=\"http:\/\/www.w3.org\/2000\/svg\" class=\"list-377408\" width=\"20px\" height=\"20px\" viewbox=\"0 0 24 24\" fill=\"none\"><path d=\"M6 6H4v2h2V6zm14 0H8v2h12V6zM4 11h2v2H4v-2zm16 0H8v2h12v-2zM4 16h2v2H4v-2zm16 0H8v2h12v-2z\" fill=\"currentColor\"><\/path><\/svg><svg style=\"fill: #999;color:#999\" class=\"arrow-unsorted-368013\" xmlns=\"http:\/\/www.w3.org\/2000\/svg\" width=\"10px\" height=\"10px\" viewbox=\"0 0 24 24\" version=\"1.2\" baseprofile=\"tiny\"><path d=\"M18.2 9.3l-6.2-6.3-6.2 6.3c-.2.2-.3.4-.3.7s.1.5.3.7c.2.2.4.3.7.3h11c.3 0 .5-.1.7-.3.2-.2.3-.5.3-.7s-.1-.5-.3-.7zM5.8 14.7l6.2 6.3 6.2-6.3c.2-.2.3-.5.3-.7s-.1-.5-.3-.7c-.2-.2-.4-.3-.7-.3h-11c-.3 0-.5.1-.7.3-.2.2-.3.5-.3.7s.1.5.3.7z\"\/><\/svg><\/span><\/span><\/span><\/a><\/span><\/div>\n<nav><ul class='ez-toc-list ez-toc-list-level-1' ><li class='ez-toc-page-1 ez-toc-heading-level-4'><a class=\"ez-toc-link ez-toc-heading-1\" href=\"https:\/\/saphirsmaragd.com\/nl\/product\/kristall-schamanenquarz-poliert\/#Kristall_Schamanenquarz_Poliert_%E2%80%93_Spiritueller_Visionenstein_373_g\" >Kristall Schamanenquarz Poliert \u2013 Spiritueller Visionenstein | 373 g<\/a><\/li><li class='ez-toc-page-1 ez-toc-heading-level-4'><a class=\"ez-toc-link ez-toc-heading-2\" href=\"https:\/\/saphirsmaragd.com\/nl\/product\/kristall-schamanenquarz-poliert\/#Merkmale_Herkunft\" >Kenmerken en herkomst<\/a><\/li><li class='ez-toc-page-1 ez-toc-heading-level-4'><a class=\"ez-toc-link ez-toc-heading-3\" href=\"https:\/\/saphirsmaragd.com\/nl\/product\/kristall-schamanenquarz-poliert\/#Besonderheiten\" >Bijzondere kenmerken<\/a><\/li><li class='ez-toc-page-1 ez-toc-heading-level-4'><a class=\"ez-toc-link ez-toc-heading-4\" href=\"https:\/\/saphirsmaragd.com\/nl\/product\/kristall-schamanenquarz-poliert\/#Mehr_uber_Kristalle_Heilsteine\" >Mehr \u00fcber Kristalle &amp; Heilsteine<\/a><\/li><li class='ez-toc-page-1 ez-toc-heading-level-4'><a class=\"ez-toc-link ez-toc-heading-5\" href=\"https:\/\/saphirsmaragd.com\/nl\/product\/kristall-schamanenquarz-poliert\/#Weitere_Infos\" >Verdere informatie<\/a><\/li><\/ul><\/nav><\/div>\n<h4 data-start=\"953\" data-end=\"1027\"><span class=\"ez-toc-section\" id=\"Kristall_Schamanenquarz_Poliert_%E2%80%93_Spiritueller_Visionenstein_373_g\"><\/span><strong data-start=\"955\" data-end=\"1027\">Kristall Schamanenquarz Poliert \u2013 Spiritueller Visionenstein | 373 g<\/strong><span class=\"ez-toc-section-end\"><\/span><\/h4>\n<p data-start=\"1029\" data-end=\"1223\">Der Kristall Schamanenquarz Poliert ist ein einzigartiges Einzelst\u00fcck und ein kraftvoller Stein, der schamanische Arbeit, spirituelle Reisen und tiefe Bewusstseinsprozesse ideal unterst\u00fctzt.<\/p>\n<hr data-start=\"1225\" data-end=\"1228\" \/>\n<h4 data-start=\"1230\" data-end=\"1259\"><span class=\"ez-toc-section\" id=\"Merkmale_Herkunft\"><\/span><strong data-start=\"1236\" data-end=\"1259\">Kenmerken en herkomst<\/strong><span class=\"ez-toc-section-end\"><\/span><\/h4>\n<p data-start=\"1260\" data-end=\"1504\">Farbe: Transparent, leichte Einschl\u00fcsse<br data-start=\"1299\" data-end=\"1302\" \/>Form: Spitze (Point), Poliert<br data-start=\"1331\" data-end=\"1334\" \/>Herkomst: Brazili\u00eb<br data-start=\"1353\" data-end=\"1356\" \/>Gewicht: 373 g<br data-start=\"1370\" data-end=\"1373\" \/>Ma\u00dfe: 8.2 x 6.2 x 5.1 cm<br data-start=\"1397\" data-end=\"1400\" \/>Reinheit: Nat\u00fcrlich<br data-start=\"1419\" data-end=\"1422\" \/>Behandlung: Poliert<br data-start=\"1475\" data-end=\"1478\" \/>Steinart: Schamanenquarz<\/p>\n<hr data-start=\"1506\" data-end=\"1509\" \/>\n<h4 data-start=\"1511\" data-end=\"1535\"><span class=\"ez-toc-section\" id=\"Besonderheiten\"><\/span><strong data-start=\"1517\" data-end=\"1535\">Bijzondere kenmerken<\/strong><span class=\"ez-toc-section-end\"><\/span><\/h4>\n<p data-start=\"1536\" data-end=\"2007\">Schamanenquarz ist ein au\u00dfergew\u00f6hnlich spiritueller Stein, der besonders gut f\u00fcr schamanische Techniken geeignet ist. Er hilft Ihnen, tief zu entspannen, in ver\u00e4nderte Bewusstseinszust\u00e4nde einzutreten und eine klare Verbindung zu vergangenen Leben, anderen Dimensionen sowie der schamanischen Unter- und Oberwelt aufzubauen. Der Stein \u00f6ffnet den Geist f\u00fcr spirituelle Botschaften, Wissen und F\u00fchrung und unterst\u00fctzt dabei, diese Erkenntnisse in den Alltag zu integrieren.<\/p>\n<p data-start=\"2009\" data-end=\"2515\">Emotional und mental f\u00f6rdert Schamanenquarz Klarheit, Einsicht und die F\u00e4higkeit, den Kern einer Situation zu erkennen. Er hilft Ihnen, durch Unklarheiten, T\u00e4uschungen und schwierige Energien hindurchzusehen, sodass Sie klarere Entscheidungen treffen k\u00f6nnen. Gleichzeitig unterst\u00fctzt er innere Reflexion, das Loslassen alter Glaubenss\u00e4tze und die Befreiung von Energien, die pers\u00f6nliches Wachstum blockieren. Dadurch ist er ein wertvoller Begleiter f\u00fcr Bewusstseinsarbeit und pers\u00f6nliche Weiterentwicklung.<\/p>\n<hr data-start=\"2902\" data-end=\"2905\" \/>\n<h4 data-start=\"2907\" data-end=\"2949\"><span class=\"ez-toc-section\" id=\"Mehr_uber_Kristalle_Heilsteine\"><\/span><strong data-start=\"2913\" data-end=\"2949\">Mehr \u00fcber Kristalle &amp; Heilsteine<\/strong><span class=\"ez-toc-section-end\"><\/span><\/h4>\n<p data-start=\"2950\" data-end=\"3033\"><a href=\"https:\/\/saphirsmaragd.com\/nl\/product-category\/heilsteine-kristalle-kaufen\/\">Helende stenen en kristallen<\/a> | Saphir &amp; Smaragd<\/p>\n<hr data-start=\"3035\" data-end=\"3038\" \/>\n<h4 data-start=\"3040\" data-end=\"3063\"><span class=\"ez-toc-section\" id=\"Weitere_Infos\"><\/span><strong data-start=\"3046\" data-end=\"3063\">Verdere informatie<\/strong><span class=\"ez-toc-section-end\"><\/span><\/h4>\n<p data-start=\"3064\" data-end=\"3122\"><a href=\"https:\/\/de.wikipedia.org\/wiki\/Quarz\" target=\"_blank\" rel=\"noopener\">Wikipedia: <strong data-start=\"3075\" data-end=\"3084\">kwarts<\/strong><\/a><\/p>","protected":false},"excerpt":{"rendered":"<p><em>Der Kristall Schamanenquarz Poliert\u00a0 373 g aus Brasilien ist ein kraftvoller spiritueller Stein, der Meditation, schamanische Arbeit und Bewusstseinsreisen unterst\u00fctzt. Er f\u00f6rdert Einsicht, Visualisierung und pers\u00f6nliche Entwicklung.<\/em><\/p>","protected":false},"featured_media":5346,"comment_status":"open","ping_status":"closed","template":"","meta":{"_glsr_average":0,"_glsr_ranking":0,"_glsr_reviews":0},"product_brand":[],"product_cat":[84],"product_tag":[],"class_list":{"0":"post-5344","1":"product","2":"type-product","3":"status-publish","4":"has-post-thumbnail","6":"product_cat-rohsteine-kaufen","8":"first","9":"instock","10":"taxable","11":"shipping-taxable","12":"purchasable","13":"product-type-simple","14":"add-to-wishlist-before_image"},"jetpack_sharing_enabled":true,"_links":{"self":[{"href":"https:\/\/saphirsmaragd.com\/nl\/wp-json\/wp\/v2\/product\/5344","targetHints":{"allow":["GET"]}}],"collection":[{"href":"https:\/\/saphirsmaragd.com\/nl\/wp-json\/wp\/v2\/product"}],"about":[{"href":"https:\/\/saphirsmaragd.com\/nl\/wp-json\/wp\/v2\/types\/product"}],"replies":[{"embeddable":true,"href":"https:\/\/saphirsmaragd.com\/nl\/wp-json\/wp\/v2\/comments?post=5344"}],"version-history":[{"count":1,"href":"https:\/\/saphirsmaragd.com\/nl\/wp-json\/wp\/v2\/product\/5344\/revisions"}],"predecessor-version":[{"id":5350,"href":"https:\/\/saphirsmaragd.com\/nl\/wp-json\/wp\/v2\/product\/5344\/revisions\/5350"}],"wp:featuredmedia":[{"embeddable":true,"href":"https:\/\/saphirsmaragd.com\/nl\/wp-json\/wp\/v2\/media\/5346"}],"wp:attachment":[{"href":"https:\/\/saphirsmaragd.com\/nl\/wp-json\/wp\/v2\/media?parent=5344"}],"wp:term":[{"taxonomy":"product_brand","embeddable":true,"href":"https:\/\/saphirsmaragd.com\/nl\/wp-json\/wp\/v2\/product_brand?post=5344"},{"taxonomy":"product_cat","embeddable":true,"href":"https:\/\/saphirsmaragd.com\/nl\/wp-json\/wp\/v2\/product_cat?post=5344"},{"taxonomy":"product_tag","embeddable":true,"href":"https:\/\/saphirsmaragd.com\/nl\/wp-json\/wp\/v2\/product_tag?post=5344"}],"curies":[{"name":"wp","href":"https:\/\/api.w.org\/{rel}","templated":true}]}}