{"id":5418,"date":"2025-11-18T20:45:20","date_gmt":"2025-11-18T20:45:20","guid":{"rendered":"https:\/\/saphirsmaragd.com\/?post_type=product&#038;p=5418"},"modified":"2025-11-18T20:45:21","modified_gmt":"2025-11-18T20:45:21","slug":"labradorit-obelisk-schutz","status":"publish","type":"product","link":"https:\/\/saphirsmaragd.com\/nl\/product\/labradorit-obelisk-schutz\/","title":{"rendered":"Labradorit Obelisk Schutz \u2013 A-Qualit\u00e4t 1.520 g"},"content":{"rendered":"<div id=\"ez-toc-container\" class=\"ez-toc-v2_0_82_2 counter-hierarchy ez-toc-counter ez-toc-grey ez-toc-container-direction\">\n<div class=\"ez-toc-title-container\">\n<p class=\"ez-toc-title\" style=\"cursor:inherit\">Inhoudsopgave<\/p>\n<span class=\"ez-toc-title-toggle\"><a href=\"#\" class=\"ez-toc-pull-right ez-toc-btn ez-toc-btn-xs ez-toc-btn-default ez-toc-toggle\" aria-label=\"Toggle tabel met inhoud\"><span class=\"ez-toc-js-icon-con\"><span class=\"\"><span class=\"eztoc-hide\" style=\"display:none;\">Schakelaar<\/span><span class=\"ez-toc-icon-toggle-span\"><svg style=\"fill: #999;color:#999\" xmlns=\"http:\/\/www.w3.org\/2000\/svg\" class=\"list-377408\" width=\"20px\" height=\"20px\" viewbox=\"0 0 24 24\" fill=\"none\"><path d=\"M6 6H4v2h2V6zm14 0H8v2h12V6zM4 11h2v2H4v-2zm16 0H8v2h12v-2zM4 16h2v2H4v-2zm16 0H8v2h12v-2z\" fill=\"currentColor\"><\/path><\/svg><svg style=\"fill: #999;color:#999\" class=\"arrow-unsorted-368013\" xmlns=\"http:\/\/www.w3.org\/2000\/svg\" width=\"10px\" height=\"10px\" viewbox=\"0 0 24 24\" version=\"1.2\" baseprofile=\"tiny\"><path d=\"M18.2 9.3l-6.2-6.3-6.2 6.3c-.2.2-.3.4-.3.7s.1.5.3.7c.2.2.4.3.7.3h11c.3 0 .5-.1.7-.3.2-.2.3-.5.3-.7s-.1-.5-.3-.7zM5.8 14.7l6.2 6.3 6.2-6.3c.2-.2.3-.5.3-.7s-.1-.5-.3-.7c-.2-.2-.4-.3-.7-.3h-11c-.3 0-.5.1-.7.3-.2.2-.3.5-.3.7s.1.5.3.7z\"\/><\/svg><\/span><\/span><\/span><\/a><\/span><\/div>\n<nav><ul class='ez-toc-list ez-toc-list-level-1' ><li class='ez-toc-page-1 ez-toc-heading-level-4'><a class=\"ez-toc-link ez-toc-heading-1\" href=\"https:\/\/saphirsmaragd.com\/nl\/product\/labradorit-obelisk-schutz\/#Labradorit_Obelisk_Schutz_%E2%80%93_A-Qualitat_1520_g\" >Labradorit Obelisk Schutz \u2013 A-Qualit\u00e4t 1.520 g<\/a><\/li><li class='ez-toc-page-1 ez-toc-heading-level-4'><a class=\"ez-toc-link ez-toc-heading-2\" href=\"https:\/\/saphirsmaragd.com\/nl\/product\/labradorit-obelisk-schutz\/#_Merkmale_Herkunft\" >\u00a0Kenmerken en herkomst<\/a><\/li><li class='ez-toc-page-1 ez-toc-heading-level-4'><a class=\"ez-toc-link ez-toc-heading-3\" href=\"https:\/\/saphirsmaragd.com\/nl\/product\/labradorit-obelisk-schutz\/#_Besonderheiten\" >\u00a0Bijzondere kenmerken<\/a><\/li><li class='ez-toc-page-1 ez-toc-heading-level-4'><a class=\"ez-toc-link ez-toc-heading-4\" href=\"https:\/\/saphirsmaragd.com\/nl\/product\/labradorit-obelisk-schutz\/#_Mehr_uber_Labradorite_Heilsteine\" >\u00a0Mehr \u00fcber Labradorite &amp; Heilsteine<\/a><\/li><li class='ez-toc-page-1 ez-toc-heading-level-4'><a class=\"ez-toc-link ez-toc-heading-5\" href=\"https:\/\/saphirsmaragd.com\/nl\/product\/labradorit-obelisk-schutz\/#_Weitere_Infos\" >\u00a0Verdere informatie<\/a><\/li><\/ul><\/nav><\/div>\n<h4 data-start=\"138\" data-end=\"190\"><span class=\"ez-toc-section\" id=\"Labradorit_Obelisk_Schutz_%E2%80%93_A-Qualitat_1520_g\"><\/span><strong data-start=\"140\" data-end=\"190\">Labradorit Obelisk Schutz \u2013 A-Qualit\u00e4t 1.520 g<\/strong><span class=\"ez-toc-section-end\"><\/span><\/h4>\n<p data-start=\"192\" data-end=\"320\">Der Labradorit Obelisk Schutz ist ein einzigartiges, geschliffenes Einzelst\u00fcck \u2013 Sie erhalten genau das abgebildete Produkt.<\/p>\n<hr data-start=\"322\" data-end=\"325\" \/>\n<h4 data-start=\"327\" data-end=\"352\"><span class=\"ez-toc-section\" id=\"_Merkmale_Herkunft\"><\/span>\u00a0Kenmerken en herkomst<span class=\"ez-toc-section-end\"><\/span><\/h4>\n<p data-start=\"353\" data-end=\"656\">Farbe: Schillerndes Grau-Blau mit Irisierungen<br data-start=\"399\" data-end=\"402\" \/>Form: Obelisk, geschliffen<br data-start=\"472\" data-end=\"475\" \/>Gewicht: 1.520 g<br data-start=\"491\" data-end=\"494\" \/>Ma\u00dfe: 24 x 8 x 4 cm<br data-start=\"513\" data-end=\"516\" \/>Reinheit: A-Qualit\u00e4t, nat\u00fcrliche Einschl\u00fcsse<br data-start=\"560\" data-end=\"563\" \/>Behandeling: Onbehandeld<br data-start=\"631\" data-end=\"634\" \/>Steinart: Labradorit<\/p>\n<hr data-start=\"658\" data-end=\"661\" \/>\n<h4 data-start=\"663\" data-end=\"683\"><span class=\"ez-toc-section\" id=\"_Besonderheiten\"><\/span>\u00a0Bijzondere kenmerken<span class=\"ez-toc-section-end\"><\/span><\/h4>\n<p data-start=\"684\" data-end=\"1114\">Der Labradorit Obelisk Schutz ist ein kraftvoller Schutzstein und ein unverzichtbares Werkzeug f\u00fcr spirituelle Arbeit. Er bildet ein starkes energetisches Schutzschild gegen negative Einfl\u00fcsse, reinigt und st\u00e4rkt die Aura und bewahrt Sie vor \u00dcberstimulation, fremden Energien oder negativen Personen. Gleichzeitig unterst\u00fctzt Labradorit das Erdungsempfinden, sodass Sie sich sicher und stabil im Hier und Jetzt bewegen k\u00f6nnen.<\/p>\n<p data-start=\"1116\" data-end=\"1530\">Spirituell f\u00f6rdert dieser Obelisk Intuition und innere Kraft. Labradorit unterst\u00fctzt die Verbindung zu spirituellen F\u00fchrern, h\u00f6heren Energien, vergangenen Leben und anderen Dimensionen. Er stimuliert das dritte Auge und hilft, spirituelles Wissen in den Alltag zu integrieren. Der Stein eignet sich hervorragend f\u00fcr Meditation, Traumarbeit, Regressionstherapie, schamanische Reisen, Lightwork und medialen Kontakt.<\/p>\n<hr data-start=\"1893\" data-end=\"1896\" \/>\n<h4 data-start=\"1898\" data-end=\"1940\"><span class=\"ez-toc-section\" id=\"_Mehr_uber_Labradorite_Heilsteine\"><\/span>\u00a0Mehr \u00fcber Labradorite &amp; Heilsteine<span class=\"ez-toc-section-end\"><\/span><\/h4>\n<p data-start=\"1941\" data-end=\"2020\"><a href=\"https:\/\/saphirsmaragd.com\/nl\/product-category\/heilsteine-kristalle-kaufen\/\">Helende stenen en kristallen<\/a> | Labradorit &amp; Mondstein<br data-start=\"1988\" data-end=\"1991\" \/>\n<\/p>\n<hr data-start=\"2022\" data-end=\"2025\" \/>\n<h4 data-start=\"2027\" data-end=\"2048\"><span class=\"ez-toc-section\" id=\"_Weitere_Infos\"><\/span>\u00a0Verdere informatie<span class=\"ez-toc-section-end\"><\/span><\/h4>\n<p data-start=\"2049\" data-end=\"2145\"><a href=\"https:\/\/de.wikipedia.org\/wiki\/Labradorit\" target=\"_blank\" rel=\"noopener\">Wikipedia \u2013 Labradorit<\/a><br data-start=\"2113\" data-end=\"2116\" \/><\/p>","protected":false},"excerpt":{"rendered":"<p><em>Der Labradorit Obelisk Schutz ist ein 1.520 g schweres, geschliffenes Einzelst\u00fcck. Ein kraftvoller Schutz- und Heilstein, der Intuition, spirituelle Kraft, Erdung und innere St\u00e4rke f\u00f6rdert \u2013 ideal f\u00fcr Meditation, spirituelle Arbeit und energetische Reinigung.<\/em><\/p>","protected":false},"featured_media":5419,"comment_status":"open","ping_status":"closed","template":"","meta":{"_glsr_average":0,"_glsr_ranking":0,"_glsr_reviews":0},"product_brand":[],"product_cat":[84],"product_tag":[],"class_list":{"0":"post-5418","1":"product","2":"type-product","3":"status-publish","4":"has-post-thumbnail","6":"product_cat-rohsteine-kaufen","8":"first","9":"instock","10":"taxable","11":"shipping-taxable","12":"purchasable","13":"product-type-simple","14":"add-to-wishlist-before_image"},"jetpack_sharing_enabled":true,"_links":{"self":[{"href":"https:\/\/saphirsmaragd.com\/nl\/wp-json\/wp\/v2\/product\/5418","targetHints":{"allow":["GET"]}}],"collection":[{"href":"https:\/\/saphirsmaragd.com\/nl\/wp-json\/wp\/v2\/product"}],"about":[{"href":"https:\/\/saphirsmaragd.com\/nl\/wp-json\/wp\/v2\/types\/product"}],"replies":[{"embeddable":true,"href":"https:\/\/saphirsmaragd.com\/nl\/wp-json\/wp\/v2\/comments?post=5418"}],"version-history":[{"count":1,"href":"https:\/\/saphirsmaragd.com\/nl\/wp-json\/wp\/v2\/product\/5418\/revisions"}],"predecessor-version":[{"id":5423,"href":"https:\/\/saphirsmaragd.com\/nl\/wp-json\/wp\/v2\/product\/5418\/revisions\/5423"}],"wp:featuredmedia":[{"embeddable":true,"href":"https:\/\/saphirsmaragd.com\/nl\/wp-json\/wp\/v2\/media\/5419"}],"wp:attachment":[{"href":"https:\/\/saphirsmaragd.com\/nl\/wp-json\/wp\/v2\/media?parent=5418"}],"wp:term":[{"taxonomy":"product_brand","embeddable":true,"href":"https:\/\/saphirsmaragd.com\/nl\/wp-json\/wp\/v2\/product_brand?post=5418"},{"taxonomy":"product_cat","embeddable":true,"href":"https:\/\/saphirsmaragd.com\/nl\/wp-json\/wp\/v2\/product_cat?post=5418"},{"taxonomy":"product_tag","embeddable":true,"href":"https:\/\/saphirsmaragd.com\/nl\/wp-json\/wp\/v2\/product_tag?post=5418"}],"curies":[{"name":"wp","href":"https:\/\/api.w.org\/{rel}","templated":true}]}}